{"id":1218,"date":"2019-10-07T09:53:46","date_gmt":"2019-10-07T09:53:46","guid":{"rendered":"https:\/\/4valleyschaletrental.com\/why-stay-with-us\/"},"modified":"2019-11-10T12:33:23","modified_gmt":"2019-11-10T12:33:23","slug":"ferien-bei-uns","status":"publish","type":"page","link":"https:\/\/4valleyschaletrental.com\/de\/ferien-bei-uns\/","title":{"rendered":"Ferien bei uns, Warum?"},"content":{"rendered":"<p>[vc_row][vc_column][vc_single_image image=&#8220;1408&#8243; img_size=&#8220;full&#8220; alignment=&#8220;center&#8220;][\/vc_column][\/vc_row][vc_row][vc_column width=&#8220;1\/4&#8243;][vc_wp_custommenu nav_menu=&#8220;33&#8243;][\/vc_column][vc_column width=&#8220;3\/4&#8243;][vc_column_text]<\/p>\n<h3>Ferien bei uns, Warum ?<\/h3>\n<p>Alle G\u00e4ste, die in einem <a href=\"https:\/\/4valleyschaletrental.com\/luxury-chalets\/?lang=de\">Alpine Comfort Chalet<\/a> ihre Ferien verbringen, haben Zugang zu unserem hauseigenen Concierge-Team, das Ihnen bei jedem Aspekt Ihres Aufenthaltes so viel oder so wenig wie n\u00f6tig hilft.<\/p>\n<p>Von der ersten Buchungsanfrage bis zum Abreisetag k\u00f6nnen wir Ihnen mit vielen lokalen Informationen behilflich sein, hausinterne Services besprechen, Sehensw\u00fcrdigkeiten empfehlen, Restaurants zum Speisen reservieren und vieles mehr! Unser Concierge-Service ist automatisch Bestandteil unserer Pauschalangebote und Teil unseres au\u00dfergew\u00f6hnlichen G\u00e4steservice.<\/p>\n<h3>Wir leben hier!<\/h3>\n<p>Wir wissen, dass unsere Kunden mit jemandem sprechen m\u00f6chten, der mit der Lage und den Chalets vertraut ist, und nicht nur mit jemandem, der eine Buchung entgegennehmen kann. Unsere Kunden sch\u00e4tzen auch unser detailliertes lokales Wissen \u00fcber jeden Bereich, das f\u00fcr einen gro\u00dfartigen Aufenthalt hier in <a href=\"https:\/\/www.nendaz.ch\/en\/index.htm\" target=\"_blank\" rel=\"noopener\">Nendaz<\/a> unerl\u00e4sslich ist.<\/p>\n<p>Wir kennen jeden Fu\u00dfweg und jede Abk\u00fcrzung in <a href=\"https:\/\/www.nendaz.ch\/en\/activities-fun\/spring-summer-autumn\/theme-trails\/theme-trails-listingm-tsp66.html\" target=\"_blank\" rel=\"noopener\">Les 4 Vall\u00e9es<\/a>, haben in den meisten <a href=\"https:\/\/www.nendaz.ch\/de\/station-praktische-infos\/restaurants-nightlife\/restaurants\/restaurants-listingm-rs0.html\" target=\"_blank\" rel=\"noopener\">Restaurants<\/a> gegessen und kennen unsere Chalets wie unser Zuhause.<\/p>\n<p>Bitte fragen Sie uns was immer sie wissen wollen, und sollten wir die Antwort nicht kennen, werden wir es f\u00fcr Sie herausfinden!<\/p>\n<h3>Was wir anbieten!<\/h3>\n<ul>\n<li>Verpflegungsm\u00f6glichkeiten einschlie\u00dflich einem <a href=\"?page_id=1302&#038;lang=de\">Privater Koch<\/a><\/li>\n<li>Restaurantempfehlungen und Reservierungen<\/li>\n<li>Buchen von lokaler Freizeit und Aktivit\u00e4ten<\/li>\n<li><a href=\"?page_id=1227&#038;lang=de\">Transfers<\/a> und Transporthilfe<\/li>\n<li>Zus\u00e4tzliche <a href=\"?page_id=1242&#038;lang=de\">Reinigungsdienste\/Housekeeping<\/a><\/li>\n<li>Informationen zum Babysitting<\/li>\n<\/ul>\n<p>Viele unserer G\u00e4ste fanden, dass unser Concierge-Service sehr wertvoll ist, auch wenn es nur darum geht, Meinungen zu lokalen Restaurants zu \u00fcberpr\u00fcfen oder lokale Aktivit\u00e4ten oder Dienstleistungen zu empfehlen.<\/p>\n<h3>F\u00fcr was wir stehen<\/h3>\n<p>Wir m\u00f6chten sicherstellen, dass wir all unseren Kunden genau das bieten, was sie verdienen und was sie von einem Luxusurlaub in einem Alpine Chalet erwarten.<\/p>\n<p>Ihr Urlaub sollte so entspannt wie m\u00f6glich sein und bei Ihrer Ankunft sollten Sie genau das vorfinden, was Sie erwartet haben und mehr.<\/p>\n<p><strong>Unser Ethos ist einfach:<\/strong> Die Ferienzeit ist die wertvollste Zeit des Jahres, und wir werden daf\u00fcr sorgen, dass dies auch so bleibt. Wir m\u00f6chten, dass unsere Kunden ihre Zeit und ihr Vergn\u00fcgen durch unser umfassendes lokales Wissen und unseren Concierge-Service maximieren k\u00f6nnen.<\/p>\n<p>Alpine Comfort basiert auf einem soliden Fundament f\u00fcr au\u00dfergew\u00f6hnlichen Kundenservice. Wir haben dies erreicht, indem wir zugeh\u00f6rt und unser Gesch\u00e4ft und unsere Dienstleistungen angepasst haben und unseren Kunden das geboten haben, was sie wirklich wollen und verdienen.<\/p>\n<p>&nbsp;<\/p>\n<h3>Firmeninformation<\/h3>\n<p>Alpine Comfort S\u00e0rl ist eine in der Schweiz registrierte Firma mit der Nummer CHE-114.863.278.<\/p>\n<p>Unsere B\u00fcroadresse f\u00fcr die gesamte Kommunikation lautet: Chemin des R\u00e2ches 35, 1996 Saclentse[\/vc_column_text][\/vc_column][\/vc_row]<\/p>\n","protected":false},"excerpt":{"rendered":"<p>[vc_row][vc_column][vc_single_image image=&#8220;1408&#8243; img_size=&#8220;full&#8220; alignment=&#8220;center&#8220;][\/vc_column][\/vc_row][vc_row][vc_column width=&#8220;1\/4&#8243;][vc_wp_custommenu nav_menu=&#8220;33&#8243;][\/vc_column][vc_column width=&#8220;3\/4&#8243;][vc_column_text] Ferien bei uns, Warum ? Alle G\u00e4ste, die in einem Alpine Comfort Chalet ihre Ferien verbringen, haben Zugang zu unserem hauseigenen Concierge-Team, das Ihnen bei jedem Aspekt Ihres Aufenthaltes so viel oder so wenig wie n\u00f6tig hilft. Von der ersten Buchungsanfrage bis zum Abreisetag k\u00f6nnen wir Ihnen mit [&hellip;]<\/p>\n","protected":false},"author":1,"featured_media":0,"parent":0,"menu_order":0,"comment_status":"closed","ping_status":"closed","template":"","meta":{"rs_blank_template":"","rs_page_bg_color":"","slide_template_v7":"","_monsterinsights_skip_tracking":false,"_monsterinsights_sitenote_active":false,"_monsterinsights_sitenote_note":"","_monsterinsights_sitenote_category":0,"footnotes":""},"class_list":["post-1218","page","type-page","status-publish","hentry"],"acf":[],"yoast_head":"<!-- This site is optimized with the Yoast SEO plugin v27.2 - https:\/\/yoast.com\/product\/yoast-seo-wordpress\/ -->\n<title>Ferien bei uns in unseren Luxus Chalets :: Alpine Comfort<\/title>\n<meta name=\"description\" content=\"Ferien bei uns in unseren Luxus-Chalets in Nendaz ist einfach top. Wir bieten einen Pers\u00f6nlichen-Service an, bei dem uns nichts zu viel ist.\" \/>\n<meta name=\"robots\" content=\"index, follow, max-snippet:-1, max-image-preview:large, max-video-preview:-1\" \/>\n<link rel=\"canonical\" href=\"https:\/\/4valleyschaletrental.com\/de\/ferien-bei-uns\/\" \/>\n<meta property=\"og:locale\" content=\"de_DE\" \/>\n<meta property=\"og:type\" content=\"article\" \/>\n<meta property=\"og:title\" content=\"Ferien bei uns in unseren Luxus Chalets :: Alpine Comfort\" \/>\n<meta property=\"og:description\" content=\"Ferien bei uns in unseren Luxus-Chalets in Nendaz ist einfach top. Wir bieten einen Pers\u00f6nlichen-Service an, bei dem uns nichts zu viel ist.\" \/>\n<meta property=\"og:url\" content=\"https:\/\/4valleyschaletrental.com\/de\/ferien-bei-uns\/\" \/>\n<meta property=\"og:site_name\" content=\"4 Valleys Chalet Rental\" \/>\n<meta property=\"article:modified_time\" content=\"2019-11-10T12:33:23+00:00\" \/>\n<meta name=\"twitter:card\" content=\"summary_large_image\" \/>\n<meta name=\"twitter:label1\" content=\"Gesch\u00e4tzte Lesezeit\" \/>\n\t<meta name=\"twitter:data1\" content=\"2\u00a0Minuten\" \/>\n<script type=\"application\/ld+json\" class=\"yoast-schema-graph\">{\"@context\":\"https:\/\/schema.org\",\"@graph\":[{\"@type\":\"WebPage\",\"@id\":\"https:\/\/4valleyschaletrental.com\/de\/ferien-bei-uns\/\",\"url\":\"https:\/\/4valleyschaletrental.com\/de\/ferien-bei-uns\/\",\"name\":\"Ferien bei uns in unseren Luxus Chalets :: Alpine Comfort\",\"isPartOf\":{\"@id\":\"https:\/\/4valleyschaletrental.com\/de\/#website\"},\"datePublished\":\"2019-10-07T09:53:46+00:00\",\"dateModified\":\"2019-11-10T12:33:23+00:00\",\"description\":\"Ferien bei uns in unseren Luxus-Chalets in Nendaz ist einfach top. Wir bieten einen Pers\u00f6nlichen-Service an, bei dem uns nichts zu viel ist.\",\"breadcrumb\":{\"@id\":\"https:\/\/4valleyschaletrental.com\/de\/ferien-bei-uns\/#breadcrumb\"},\"inLanguage\":\"de\",\"potentialAction\":[{\"@type\":\"ReadAction\",\"target\":[\"https:\/\/4valleyschaletrental.com\/de\/ferien-bei-uns\/\"]}]},{\"@type\":\"BreadcrumbList\",\"@id\":\"https:\/\/4valleyschaletrental.com\/de\/ferien-bei-uns\/#breadcrumb\",\"itemListElement\":[{\"@type\":\"ListItem\",\"position\":1,\"name\":\"Home\",\"item\":\"https:\/\/4valleyschaletrental.com\/de\/\"},{\"@type\":\"ListItem\",\"position\":2,\"name\":\"Ferien bei uns, Warum?\"}]},{\"@type\":\"WebSite\",\"@id\":\"https:\/\/4valleyschaletrental.com\/de\/#website\",\"url\":\"https:\/\/4valleyschaletrental.com\/de\/\",\"name\":\"4 Valleys Chalet Rental\",\"description\":\"Luxury catered &amp; self catered Alpine Chalets\",\"potentialAction\":[{\"@type\":\"SearchAction\",\"target\":{\"@type\":\"EntryPoint\",\"urlTemplate\":\"https:\/\/4valleyschaletrental.com\/de\/?s={search_term_string}\"},\"query-input\":{\"@type\":\"PropertyValueSpecification\",\"valueRequired\":true,\"valueName\":\"search_term_string\"}}],\"inLanguage\":\"de\"}]}<\/script>\n<!-- \/ Yoast SEO plugin. -->","yoast_head_json":{"title":"Ferien bei uns in unseren Luxus Chalets :: Alpine Comfort","description":"Ferien bei uns in unseren Luxus-Chalets in Nendaz ist einfach top. Wir bieten einen Pers\u00f6nlichen-Service an, bei dem uns nichts zu viel ist.","robots":{"index":"index","follow":"follow","max-snippet":"max-snippet:-1","max-image-preview":"max-image-preview:large","max-video-preview":"max-video-preview:-1"},"canonical":"https:\/\/4valleyschaletrental.com\/de\/ferien-bei-uns\/","og_locale":"de_DE","og_type":"article","og_title":"Ferien bei uns in unseren Luxus Chalets :: Alpine Comfort","og_description":"Ferien bei uns in unseren Luxus-Chalets in Nendaz ist einfach top. Wir bieten einen Pers\u00f6nlichen-Service an, bei dem uns nichts zu viel ist.","og_url":"https:\/\/4valleyschaletrental.com\/de\/ferien-bei-uns\/","og_site_name":"4 Valleys Chalet Rental","article_modified_time":"2019-11-10T12:33:23+00:00","twitter_card":"summary_large_image","twitter_misc":{"Gesch\u00e4tzte Lesezeit":"2\u00a0Minuten"},"schema":{"@context":"https:\/\/schema.org","@graph":[{"@type":"WebPage","@id":"https:\/\/4valleyschaletrental.com\/de\/ferien-bei-uns\/","url":"https:\/\/4valleyschaletrental.com\/de\/ferien-bei-uns\/","name":"Ferien bei uns in unseren Luxus Chalets :: Alpine Comfort","isPartOf":{"@id":"https:\/\/4valleyschaletrental.com\/de\/#website"},"datePublished":"2019-10-07T09:53:46+00:00","dateModified":"2019-11-10T12:33:23+00:00","description":"Ferien bei uns in unseren Luxus-Chalets in Nendaz ist einfach top. Wir bieten einen Pers\u00f6nlichen-Service an, bei dem uns nichts zu viel ist.","breadcrumb":{"@id":"https:\/\/4valleyschaletrental.com\/de\/ferien-bei-uns\/#breadcrumb"},"inLanguage":"de","potentialAction":[{"@type":"ReadAction","target":["https:\/\/4valleyschaletrental.com\/de\/ferien-bei-uns\/"]}]},{"@type":"BreadcrumbList","@id":"https:\/\/4valleyschaletrental.com\/de\/ferien-bei-uns\/#breadcrumb","itemListElement":[{"@type":"ListItem","position":1,"name":"Home","item":"https:\/\/4valleyschaletrental.com\/de\/"},{"@type":"ListItem","position":2,"name":"Ferien bei uns, Warum?"}]},{"@type":"WebSite","@id":"https:\/\/4valleyschaletrental.com\/de\/#website","url":"https:\/\/4valleyschaletrental.com\/de\/","name":"4 Valleys Chalet Rental","description":"Luxury catered &amp; self catered Alpine Chalets","potentialAction":[{"@type":"SearchAction","target":{"@type":"EntryPoint","urlTemplate":"https:\/\/4valleyschaletrental.com\/de\/?s={search_term_string}"},"query-input":{"@type":"PropertyValueSpecification","valueRequired":true,"valueName":"search_term_string"}}],"inLanguage":"de"}]}},"_links":{"self":[{"href":"https:\/\/4valleyschaletrental.com\/de\/wp-json\/wp\/v2\/pages\/1218","targetHints":{"allow":["GET"]}}],"collection":[{"href":"https:\/\/4valleyschaletrental.com\/de\/wp-json\/wp\/v2\/pages"}],"about":[{"href":"https:\/\/4valleyschaletrental.com\/de\/wp-json\/wp\/v2\/types\/page"}],"author":[{"embeddable":true,"href":"https:\/\/4valleyschaletrental.com\/de\/wp-json\/wp\/v2\/users\/1"}],"replies":[{"embeddable":true,"href":"https:\/\/4valleyschaletrental.com\/de\/wp-json\/wp\/v2\/comments?post=1218"}],"version-history":[{"count":7,"href":"https:\/\/4valleyschaletrental.com\/de\/wp-json\/wp\/v2\/pages\/1218\/revisions"}],"predecessor-version":[{"id":2094,"href":"https:\/\/4valleyschaletrental.com\/de\/wp-json\/wp\/v2\/pages\/1218\/revisions\/2094"}],"wp:attachment":[{"href":"https:\/\/4valleyschaletrental.com\/de\/wp-json\/wp\/v2\/media?parent=1218"}],"curies":[{"name":"wp","href":"https:\/\/api.w.org\/{rel}","templated":true}]}}