{"id":1227,"date":"2019-09-26T08:47:06","date_gmt":"2019-09-26T08:47:06","guid":{"rendered":"https:\/\/4valleyschaletrental.com\/your-concierge\/transfers\/"},"modified":"2019-11-09T20:35:10","modified_gmt":"2019-11-09T20:35:10","slug":"transfers","status":"publish","type":"page","link":"https:\/\/4valleyschaletrental.com\/de\/your-concierge\/transfers\/","title":{"rendered":"Transfers"},"content":{"rendered":"<p>[vc_row][vc_column][vc_single_image image=&#8220;1228&#8243; img_size=&#8220;full&#8220; alignment=&#8220;center&#8220;][\/vc_column][\/vc_row][vc_row][vc_column width=&#8220;1\/4&#8243;][vc_wp_custommenu nav_menu=&#8220;23&#8243;][\/vc_column][vc_column width=&#8220;3\/4&#8243;][vc_column_text]<\/p>\n<h2>Transfers<\/h2>\n<p><strong>Taxi<\/strong><\/p>\n<p>Gerne sind wir Ihnen behilflich, einen privaten Taxi-Transfer vom Flughafen zu Ihrem Chalet zu organisieren.<\/p>\n<p><strong>Zug &amp; Taxi<\/strong><\/p>\n<p>Wenn Sie lieber mit dem <a href=\"https:\/\/www.sbb.ch\" target=\"_blank\" rel=\"noopener\">Zug reisen<\/a>, ist <a href=\"https:\/\/siontourisme.ch\/index.php\/de\/\" target=\"_blank\" rel=\"noopener\">SION<\/a> Ihre Endstation. Von Sion aus nehmen Sie entweder den lokalen Bus nach Haute-Nendaz und dann ein Taxi zum Chalet oder ein Taxi direkt vom Bahnhof zum Chalet.<\/p>\n<p><strong>Autovermietung<\/strong><\/p>\n<p>Es ist einfach, am Flughafen ein Auto zu mieten und direkt nach Nendaz und zu Ihrem Chalet zu fahren. Von Genf dauert es 2 Stunden. Wenn Ihr Ankunftsflughafen Z\u00fcrich ist, dann rechnen Sie mit einer 3 st\u00fcndigen Fahrt.<\/p>\n<p><strong>Innerhalb des Resorts<\/strong><\/p>\n<p>Da sich die meisten <a href=\"https:\/\/4valleyschaletrental.com\/luxury-chalets\/?lang=de\">unserer Chalets<\/a> oberhalb des Dorfes Nendaz befinden, haben Sie im Resort viel mehr Flexibilit\u00e4t, wenn Sie ein Auto haben. F\u00fcr einige Chalets empfehlen wir dringend, mit dem Auto anzureisen, da der \u00f6rtliche Busservice bestimmte Orte nicht oder nur selten abdeckt.<\/p>\n<p><strong>Schneepolaris-Transfer f\u00fcr alle Ski-In \/ Out-Chalets<\/strong><\/p>\n<p>Alle Ski-In \/Out-Chalets haben ein An- und Abreisetransfer vom Gep\u00e4ck und den Personen im Mietpreis enthaltenen. Dieser Transfer versteht sich vom Parkplatz Les Cleves zum Chalet.[\/vc_column_text][\/vc_column][\/vc_row]<\/p>\n","protected":false},"excerpt":{"rendered":"<p>[vc_row][vc_column][vc_single_image image=&#8220;1228&#8243; img_size=&#8220;full&#8220; alignment=&#8220;center&#8220;][\/vc_column][\/vc_row][vc_row][vc_column width=&#8220;1\/4&#8243;][vc_wp_custommenu nav_menu=&#8220;23&#8243;][\/vc_column][vc_column width=&#8220;3\/4&#8243;][vc_column_text] Transfers Taxi Gerne sind wir Ihnen behilflich, einen privaten Taxi-Transfer vom Flughafen zu Ihrem Chalet zu organisieren. Zug &amp; Taxi Wenn Sie lieber mit dem Zug reisen, ist SION Ihre Endstation. Von Sion aus nehmen Sie entweder den lokalen Bus nach Haute-Nendaz und dann ein Taxi zum Chalet [&hellip;]<\/p>\n","protected":false},"author":1,"featured_media":0,"parent":1222,"menu_order":0,"comment_status":"closed","ping_status":"closed","template":"","meta":{"rs_blank_template":"","rs_page_bg_color":"","slide_template_v7":"","_monsterinsights_skip_tracking":false,"_monsterinsights_sitenote_active":false,"_monsterinsights_sitenote_note":"","_monsterinsights_sitenote_category":0,"footnotes":""},"class_list":["post-1227","page","type-page","status-publish","hentry"],"acf":[],"yoast_head":"<!-- This site is optimized with the Yoast SEO plugin v27.2 - https:\/\/yoast.com\/product\/yoast-seo-wordpress\/ -->\n<title>Transfers nach Nendaz zu den Luxus Ski Chalets :: Alpine Comfort<\/title>\n<meta name=\"description\" content=\"Transfers vom Flughafen nach Nendaz und zu unseren Luxus-Ski Chalets k\u00f6nnen f\u00fcr Sie organisiert werden. In Nendaz ben\u00f6tigen Sie ein Auto f\u00fcr mehr Komfort.\" \/>\n<meta name=\"robots\" content=\"index, follow, max-snippet:-1, max-image-preview:large, max-video-preview:-1\" \/>\n<link rel=\"canonical\" href=\"https:\/\/4valleyschaletrental.com\/de\/your-concierge\/transfers\/\" \/>\n<meta property=\"og:locale\" content=\"de_DE\" \/>\n<meta property=\"og:type\" content=\"article\" \/>\n<meta property=\"og:title\" content=\"Transfers nach Nendaz zu den Luxus Ski Chalets :: Alpine Comfort\" \/>\n<meta property=\"og:description\" content=\"Transfers vom Flughafen nach Nendaz und zu unseren Luxus-Ski Chalets k\u00f6nnen f\u00fcr Sie organisiert werden. In Nendaz ben\u00f6tigen Sie ein Auto f\u00fcr mehr Komfort.\" \/>\n<meta property=\"og:url\" content=\"https:\/\/4valleyschaletrental.com\/de\/your-concierge\/transfers\/\" \/>\n<meta property=\"og:site_name\" content=\"4 Valleys Chalet Rental\" \/>\n<meta property=\"article:modified_time\" content=\"2019-11-09T20:35:10+00:00\" \/>\n<meta name=\"twitter:card\" content=\"summary_large_image\" \/>\n<meta name=\"twitter:label1\" content=\"Gesch\u00e4tzte Lesezeit\" \/>\n\t<meta name=\"twitter:data1\" content=\"1\u00a0Minute\" \/>\n<script type=\"application\/ld+json\" class=\"yoast-schema-graph\">{\"@context\":\"https:\/\/schema.org\",\"@graph\":[{\"@type\":\"WebPage\",\"@id\":\"https:\/\/4valleyschaletrental.com\/de\/your-concierge\/transfers\/\",\"url\":\"https:\/\/4valleyschaletrental.com\/de\/your-concierge\/transfers\/\",\"name\":\"Transfers nach Nendaz zu den Luxus Ski Chalets :: Alpine Comfort\",\"isPartOf\":{\"@id\":\"https:\/\/4valleyschaletrental.com\/de\/#website\"},\"datePublished\":\"2019-09-26T08:47:06+00:00\",\"dateModified\":\"2019-11-09T20:35:10+00:00\",\"description\":\"Transfers vom Flughafen nach Nendaz und zu unseren Luxus-Ski Chalets k\u00f6nnen f\u00fcr Sie organisiert werden. In Nendaz ben\u00f6tigen Sie ein Auto f\u00fcr mehr Komfort.\",\"breadcrumb\":{\"@id\":\"https:\/\/4valleyschaletrental.com\/de\/your-concierge\/transfers\/#breadcrumb\"},\"inLanguage\":\"de\",\"potentialAction\":[{\"@type\":\"ReadAction\",\"target\":[\"https:\/\/4valleyschaletrental.com\/de\/your-concierge\/transfers\/\"]}]},{\"@type\":\"BreadcrumbList\",\"@id\":\"https:\/\/4valleyschaletrental.com\/de\/your-concierge\/transfers\/#breadcrumb\",\"itemListElement\":[{\"@type\":\"ListItem\",\"position\":1,\"name\":\"Home\",\"item\":\"https:\/\/4valleyschaletrental.com\/de\/\"},{\"@type\":\"ListItem\",\"position\":2,\"name\":\"Ihr Concierge\",\"item\":\"https:\/\/4valleyschaletrental.com\/de\/your-concierge\/\"},{\"@type\":\"ListItem\",\"position\":3,\"name\":\"Transfers\"}]},{\"@type\":\"WebSite\",\"@id\":\"https:\/\/4valleyschaletrental.com\/de\/#website\",\"url\":\"https:\/\/4valleyschaletrental.com\/de\/\",\"name\":\"4 Valleys Chalet Rental\",\"description\":\"Luxury catered &amp; self catered Alpine Chalets\",\"potentialAction\":[{\"@type\":\"SearchAction\",\"target\":{\"@type\":\"EntryPoint\",\"urlTemplate\":\"https:\/\/4valleyschaletrental.com\/de\/?s={search_term_string}\"},\"query-input\":{\"@type\":\"PropertyValueSpecification\",\"valueRequired\":true,\"valueName\":\"search_term_string\"}}],\"inLanguage\":\"de\"}]}<\/script>\n<!-- \/ Yoast SEO plugin. -->","yoast_head_json":{"title":"Transfers nach Nendaz zu den Luxus Ski Chalets :: Alpine Comfort","description":"Transfers vom Flughafen nach Nendaz und zu unseren Luxus-Ski Chalets k\u00f6nnen f\u00fcr Sie organisiert werden. In Nendaz ben\u00f6tigen Sie ein Auto f\u00fcr mehr Komfort.","robots":{"index":"index","follow":"follow","max-snippet":"max-snippet:-1","max-image-preview":"max-image-preview:large","max-video-preview":"max-video-preview:-1"},"canonical":"https:\/\/4valleyschaletrental.com\/de\/your-concierge\/transfers\/","og_locale":"de_DE","og_type":"article","og_title":"Transfers nach Nendaz zu den Luxus Ski Chalets :: Alpine Comfort","og_description":"Transfers vom Flughafen nach Nendaz und zu unseren Luxus-Ski Chalets k\u00f6nnen f\u00fcr Sie organisiert werden. In Nendaz ben\u00f6tigen Sie ein Auto f\u00fcr mehr Komfort.","og_url":"https:\/\/4valleyschaletrental.com\/de\/your-concierge\/transfers\/","og_site_name":"4 Valleys Chalet Rental","article_modified_time":"2019-11-09T20:35:10+00:00","twitter_card":"summary_large_image","twitter_misc":{"Gesch\u00e4tzte Lesezeit":"1\u00a0Minute"},"schema":{"@context":"https:\/\/schema.org","@graph":[{"@type":"WebPage","@id":"https:\/\/4valleyschaletrental.com\/de\/your-concierge\/transfers\/","url":"https:\/\/4valleyschaletrental.com\/de\/your-concierge\/transfers\/","name":"Transfers nach Nendaz zu den Luxus Ski Chalets :: Alpine Comfort","isPartOf":{"@id":"https:\/\/4valleyschaletrental.com\/de\/#website"},"datePublished":"2019-09-26T08:47:06+00:00","dateModified":"2019-11-09T20:35:10+00:00","description":"Transfers vom Flughafen nach Nendaz und zu unseren Luxus-Ski Chalets k\u00f6nnen f\u00fcr Sie organisiert werden. In Nendaz ben\u00f6tigen Sie ein Auto f\u00fcr mehr Komfort.","breadcrumb":{"@id":"https:\/\/4valleyschaletrental.com\/de\/your-concierge\/transfers\/#breadcrumb"},"inLanguage":"de","potentialAction":[{"@type":"ReadAction","target":["https:\/\/4valleyschaletrental.com\/de\/your-concierge\/transfers\/"]}]},{"@type":"BreadcrumbList","@id":"https:\/\/4valleyschaletrental.com\/de\/your-concierge\/transfers\/#breadcrumb","itemListElement":[{"@type":"ListItem","position":1,"name":"Home","item":"https:\/\/4valleyschaletrental.com\/de\/"},{"@type":"ListItem","position":2,"name":"Ihr Concierge","item":"https:\/\/4valleyschaletrental.com\/de\/your-concierge\/"},{"@type":"ListItem","position":3,"name":"Transfers"}]},{"@type":"WebSite","@id":"https:\/\/4valleyschaletrental.com\/de\/#website","url":"https:\/\/4valleyschaletrental.com\/de\/","name":"4 Valleys Chalet Rental","description":"Luxury catered &amp; self catered Alpine Chalets","potentialAction":[{"@type":"SearchAction","target":{"@type":"EntryPoint","urlTemplate":"https:\/\/4valleyschaletrental.com\/de\/?s={search_term_string}"},"query-input":{"@type":"PropertyValueSpecification","valueRequired":true,"valueName":"search_term_string"}}],"inLanguage":"de"}]}},"_links":{"self":[{"href":"https:\/\/4valleyschaletrental.com\/de\/wp-json\/wp\/v2\/pages\/1227","targetHints":{"allow":["GET"]}}],"collection":[{"href":"https:\/\/4valleyschaletrental.com\/de\/wp-json\/wp\/v2\/pages"}],"about":[{"href":"https:\/\/4valleyschaletrental.com\/de\/wp-json\/wp\/v2\/types\/page"}],"author":[{"embeddable":true,"href":"https:\/\/4valleyschaletrental.com\/de\/wp-json\/wp\/v2\/users\/1"}],"replies":[{"embeddable":true,"href":"https:\/\/4valleyschaletrental.com\/de\/wp-json\/wp\/v2\/comments?post=1227"}],"version-history":[{"count":4,"href":"https:\/\/4valleyschaletrental.com\/de\/wp-json\/wp\/v2\/pages\/1227\/revisions"}],"predecessor-version":[{"id":2074,"href":"https:\/\/4valleyschaletrental.com\/de\/wp-json\/wp\/v2\/pages\/1227\/revisions\/2074"}],"up":[{"embeddable":true,"href":"https:\/\/4valleyschaletrental.com\/de\/wp-json\/wp\/v2\/pages\/1222"}],"wp:attachment":[{"href":"https:\/\/4valleyschaletrental.com\/de\/wp-json\/wp\/v2\/media?parent=1227"}],"curies":[{"name":"wp","href":"https:\/\/api.w.org\/{rel}","templated":true}]}}