{"id":1233,"date":"2019-09-26T08:47:04","date_gmt":"2019-09-26T08:47:04","guid":{"rendered":"https:\/\/4valleyschaletrental.com\/your-concierge\/ski-equipment\/"},"modified":"2019-11-28T20:50:01","modified_gmt":"2019-11-28T20:50:01","slug":"ski-ausruestung","status":"publish","type":"page","link":"https:\/\/4valleyschaletrental.com\/de\/your-concierge\/ski-ausruestung\/","title":{"rendered":"Ski-Ausr\u00fcstung"},"content":{"rendered":"<p>[vc_row][vc_column][vc_single_image image=&#8220;1234&#8243; img_size=&#8220;full&#8220; alignment=&#8220;center&#8220;][\/vc_column][\/vc_row][vc_row][vc_column width=&#8220;1\/4&#8243;][vc_wp_custommenu nav_menu=&#8220;23&#8243;][\/vc_column][vc_column width=&#8220;3\/4&#8243;][vc_column_text]<\/p>\n<h3>Ski-Ausr\u00fcstung<\/h3>\n<p>Mit unserem lokalen Partner und einem der f\u00fchrenden Sportgesch\u00e4fte von Nendaz, Mariethoz Sports, garantieren wir, dass Ihre Leihausr\u00fcstung perfekt auf Ihre Skif\u00e4higkeiten abgestimmt ist.<\/p>\n<p>Das Personal verf\u00fcgt \u00fcber langj\u00e4hrige Erfahrung in diesem Bereich und wei\u00df genau, was gut ist und was nicht.<\/p>\n<p>Und wenn Sie sich entschieden haben in diesem Jahr Skischuhe zu kaufen, dann sind Sie hier genau richtig. Experten f\u00fcr personalisierte Schuhanpassungen sorgen daf\u00fcr, dass Sie den bestm\u00f6glichen Komfort haben.<\/p>\n<p><strong>Alle Kunden erhalten 20% Rabatt auf Skiausr\u00fcstung<\/strong>, wenn sie \u00fcber uns gebucht haben. Kontaktieren Sie uns, damit wir Ihnen den entsprechenden Online-Link senden k\u00f6nnen, nachdem eine best\u00e4tigte Reservierung vorliegt.<\/p>\n<h3>Wie es funktioniert?<\/h3>\n<p>Ihre gesamte Ausr\u00fcstung kann vorbestellt und im Voraus bezahlt werden, so dass Ihr erster oder zweiter Tag in Nendaz problemlos verl\u00e4uft. Die Preise variieren enorm je nach Art der Ausr\u00fcstung, die Sie ben\u00f6tigen oder w\u00fcnschen. Rechnen Sie mit einer w\u00f6chentlichen Zahlung von CHF 250.- f\u00fcr ein komplettes Set. Bitte beachten Sie, dass die neueste technische Ausstattung teurer sein wird.<\/p>\n<p>Nachdem eine best\u00e4tigte Chalet-Reservierung vorliegt, senden wir Ihnen einen Link, \u00fcber den Sie Ihre gesamte Ausr\u00fcstung vorbestellen k\u00f6nnen.<\/p>\n<h3>Ski Schlie\u00dff\u00e4cher<\/h3>\n<p>F\u00fcr G\u00e4ste, die im Chalet <a href=\"?p=1920&amp;lang=de\">Condor<\/a> oder <a href=\"?p=1873\">La Bise<\/a> ihren Skiurlaub verbringen, empfehlen wir die Anmietung von Skischr\u00e4nken, die sich direkt an der T\u00e9l\u00e9cabine befinden. Das bedeutet, dass Sie Ihre Schuhe, Skier und Boards in diesen beheizten Schlie\u00dff\u00e4chern lassen und mit Ihren normalen Winterschuhen zum Chalet zur\u00fcckgehen k\u00f6nnen.<\/p>\n<p>Diese Schlie\u00dff\u00e4cher k\u00f6nnen \u00fcber denselben Link wie die Ausr\u00fcstung bei unserem Partner Mariethoz Sports reserviert werden.<\/p>\n<p><strong>\u00a0<\/strong>[\/vc_column_text][\/vc_column][\/vc_row]<\/p>\n","protected":false},"excerpt":{"rendered":"<p>[vc_row][vc_column][vc_single_image image=&#8220;1234&#8243; img_size=&#8220;full&#8220; alignment=&#8220;center&#8220;][\/vc_column][\/vc_row][vc_row][vc_column width=&#8220;1\/4&#8243;][vc_wp_custommenu nav_menu=&#8220;23&#8243;][\/vc_column][vc_column width=&#8220;3\/4&#8243;][vc_column_text] Ski-Ausr\u00fcstung Mit unserem lokalen Partner und einem der f\u00fchrenden Sportgesch\u00e4fte von Nendaz, Mariethoz Sports, garantieren wir, dass Ihre Leihausr\u00fcstung perfekt auf Ihre Skif\u00e4higkeiten abgestimmt ist. Das Personal verf\u00fcgt \u00fcber langj\u00e4hrige Erfahrung in diesem Bereich und wei\u00df genau, was gut ist und was nicht. Und wenn Sie sich entschieden [&hellip;]<\/p>\n","protected":false},"author":1,"featured_media":0,"parent":1222,"menu_order":0,"comment_status":"closed","ping_status":"closed","template":"","meta":{"rs_blank_template":"","rs_page_bg_color":"","slide_template_v7":"","_monsterinsights_skip_tracking":false,"_monsterinsights_sitenote_active":false,"_monsterinsights_sitenote_note":"","_monsterinsights_sitenote_category":0,"footnotes":""},"class_list":["post-1233","page","type-page","status-publish","hentry"],"acf":[],"yoast_head":"<!-- This site is optimized with the Yoast SEO plugin v27.2 - https:\/\/yoast.com\/product\/yoast-seo-wordpress\/ -->\n<title>Ski Ausr\u00fcstung verleih bei Mariethoz Sports :: Alpine Comfort<\/title>\n<meta name=\"description\" content=\"Der Verleih von Skiausr\u00fcstung kann \u00fcber Alpine Comfort mit einer Erm\u00e4\u00dfigung von 20% f\u00fcr alle Kunden von Mariethoz Sports in Nendaz erfolgen.\" \/>\n<meta name=\"robots\" content=\"index, follow, max-snippet:-1, max-image-preview:large, max-video-preview:-1\" \/>\n<link rel=\"canonical\" href=\"https:\/\/4valleyschaletrental.com\/de\/your-concierge\/ski-ausruestung\/\" \/>\n<meta property=\"og:locale\" content=\"de_DE\" \/>\n<meta property=\"og:type\" content=\"article\" \/>\n<meta property=\"og:title\" content=\"Ski Ausr\u00fcstung verleih bei Mariethoz Sports :: Alpine Comfort\" \/>\n<meta property=\"og:description\" content=\"Der Verleih von Skiausr\u00fcstung kann \u00fcber Alpine Comfort mit einer Erm\u00e4\u00dfigung von 20% f\u00fcr alle Kunden von Mariethoz Sports in Nendaz erfolgen.\" \/>\n<meta property=\"og:url\" content=\"https:\/\/4valleyschaletrental.com\/de\/your-concierge\/ski-ausruestung\/\" \/>\n<meta property=\"og:site_name\" content=\"4 Valleys Chalet Rental\" \/>\n<meta property=\"article:modified_time\" content=\"2019-11-28T20:50:01+00:00\" \/>\n<meta name=\"twitter:card\" content=\"summary_large_image\" \/>\n<meta name=\"twitter:label1\" content=\"Gesch\u00e4tzte Lesezeit\" \/>\n\t<meta name=\"twitter:data1\" content=\"2\u00a0Minuten\" \/>\n<script type=\"application\/ld+json\" class=\"yoast-schema-graph\">{\"@context\":\"https:\/\/schema.org\",\"@graph\":[{\"@type\":\"WebPage\",\"@id\":\"https:\/\/4valleyschaletrental.com\/de\/your-concierge\/ski-ausruestung\/\",\"url\":\"https:\/\/4valleyschaletrental.com\/de\/your-concierge\/ski-ausruestung\/\",\"name\":\"Ski Ausr\u00fcstung verleih bei Mariethoz Sports :: Alpine Comfort\",\"isPartOf\":{\"@id\":\"https:\/\/4valleyschaletrental.com\/de\/#website\"},\"datePublished\":\"2019-09-26T08:47:04+00:00\",\"dateModified\":\"2019-11-28T20:50:01+00:00\",\"description\":\"Der Verleih von Skiausr\u00fcstung kann \u00fcber Alpine Comfort mit einer Erm\u00e4\u00dfigung von 20% f\u00fcr alle Kunden von Mariethoz Sports in Nendaz erfolgen.\",\"breadcrumb\":{\"@id\":\"https:\/\/4valleyschaletrental.com\/de\/your-concierge\/ski-ausruestung\/#breadcrumb\"},\"inLanguage\":\"de\",\"potentialAction\":[{\"@type\":\"ReadAction\",\"target\":[\"https:\/\/4valleyschaletrental.com\/de\/your-concierge\/ski-ausruestung\/\"]}]},{\"@type\":\"BreadcrumbList\",\"@id\":\"https:\/\/4valleyschaletrental.com\/de\/your-concierge\/ski-ausruestung\/#breadcrumb\",\"itemListElement\":[{\"@type\":\"ListItem\",\"position\":1,\"name\":\"Home\",\"item\":\"https:\/\/4valleyschaletrental.com\/de\/\"},{\"@type\":\"ListItem\",\"position\":2,\"name\":\"Ihr Concierge\",\"item\":\"https:\/\/4valleyschaletrental.com\/de\/your-concierge\/\"},{\"@type\":\"ListItem\",\"position\":3,\"name\":\"Ski-Ausr\u00fcstung\"}]},{\"@type\":\"WebSite\",\"@id\":\"https:\/\/4valleyschaletrental.com\/de\/#website\",\"url\":\"https:\/\/4valleyschaletrental.com\/de\/\",\"name\":\"4 Valleys Chalet Rental\",\"description\":\"Luxury catered &amp; self catered Alpine Chalets\",\"potentialAction\":[{\"@type\":\"SearchAction\",\"target\":{\"@type\":\"EntryPoint\",\"urlTemplate\":\"https:\/\/4valleyschaletrental.com\/de\/?s={search_term_string}\"},\"query-input\":{\"@type\":\"PropertyValueSpecification\",\"valueRequired\":true,\"valueName\":\"search_term_string\"}}],\"inLanguage\":\"de\"}]}<\/script>\n<!-- \/ Yoast SEO plugin. -->","yoast_head_json":{"title":"Ski Ausr\u00fcstung verleih bei Mariethoz Sports :: Alpine Comfort","description":"Der Verleih von Skiausr\u00fcstung kann \u00fcber Alpine Comfort mit einer Erm\u00e4\u00dfigung von 20% f\u00fcr alle Kunden von Mariethoz Sports in Nendaz erfolgen.","robots":{"index":"index","follow":"follow","max-snippet":"max-snippet:-1","max-image-preview":"max-image-preview:large","max-video-preview":"max-video-preview:-1"},"canonical":"https:\/\/4valleyschaletrental.com\/de\/your-concierge\/ski-ausruestung\/","og_locale":"de_DE","og_type":"article","og_title":"Ski Ausr\u00fcstung verleih bei Mariethoz Sports :: Alpine Comfort","og_description":"Der Verleih von Skiausr\u00fcstung kann \u00fcber Alpine Comfort mit einer Erm\u00e4\u00dfigung von 20% f\u00fcr alle Kunden von Mariethoz Sports in Nendaz erfolgen.","og_url":"https:\/\/4valleyschaletrental.com\/de\/your-concierge\/ski-ausruestung\/","og_site_name":"4 Valleys Chalet Rental","article_modified_time":"2019-11-28T20:50:01+00:00","twitter_card":"summary_large_image","twitter_misc":{"Gesch\u00e4tzte Lesezeit":"2\u00a0Minuten"},"schema":{"@context":"https:\/\/schema.org","@graph":[{"@type":"WebPage","@id":"https:\/\/4valleyschaletrental.com\/de\/your-concierge\/ski-ausruestung\/","url":"https:\/\/4valleyschaletrental.com\/de\/your-concierge\/ski-ausruestung\/","name":"Ski Ausr\u00fcstung verleih bei Mariethoz Sports :: Alpine Comfort","isPartOf":{"@id":"https:\/\/4valleyschaletrental.com\/de\/#website"},"datePublished":"2019-09-26T08:47:04+00:00","dateModified":"2019-11-28T20:50:01+00:00","description":"Der Verleih von Skiausr\u00fcstung kann \u00fcber Alpine Comfort mit einer Erm\u00e4\u00dfigung von 20% f\u00fcr alle Kunden von Mariethoz Sports in Nendaz erfolgen.","breadcrumb":{"@id":"https:\/\/4valleyschaletrental.com\/de\/your-concierge\/ski-ausruestung\/#breadcrumb"},"inLanguage":"de","potentialAction":[{"@type":"ReadAction","target":["https:\/\/4valleyschaletrental.com\/de\/your-concierge\/ski-ausruestung\/"]}]},{"@type":"BreadcrumbList","@id":"https:\/\/4valleyschaletrental.com\/de\/your-concierge\/ski-ausruestung\/#breadcrumb","itemListElement":[{"@type":"ListItem","position":1,"name":"Home","item":"https:\/\/4valleyschaletrental.com\/de\/"},{"@type":"ListItem","position":2,"name":"Ihr Concierge","item":"https:\/\/4valleyschaletrental.com\/de\/your-concierge\/"},{"@type":"ListItem","position":3,"name":"Ski-Ausr\u00fcstung"}]},{"@type":"WebSite","@id":"https:\/\/4valleyschaletrental.com\/de\/#website","url":"https:\/\/4valleyschaletrental.com\/de\/","name":"4 Valleys Chalet Rental","description":"Luxury catered &amp; self catered Alpine Chalets","potentialAction":[{"@type":"SearchAction","target":{"@type":"EntryPoint","urlTemplate":"https:\/\/4valleyschaletrental.com\/de\/?s={search_term_string}"},"query-input":{"@type":"PropertyValueSpecification","valueRequired":true,"valueName":"search_term_string"}}],"inLanguage":"de"}]}},"_links":{"self":[{"href":"https:\/\/4valleyschaletrental.com\/de\/wp-json\/wp\/v2\/pages\/1233","targetHints":{"allow":["GET"]}}],"collection":[{"href":"https:\/\/4valleyschaletrental.com\/de\/wp-json\/wp\/v2\/pages"}],"about":[{"href":"https:\/\/4valleyschaletrental.com\/de\/wp-json\/wp\/v2\/types\/page"}],"author":[{"embeddable":true,"href":"https:\/\/4valleyschaletrental.com\/de\/wp-json\/wp\/v2\/users\/1"}],"replies":[{"embeddable":true,"href":"https:\/\/4valleyschaletrental.com\/de\/wp-json\/wp\/v2\/comments?post=1233"}],"version-history":[{"count":7,"href":"https:\/\/4valleyschaletrental.com\/de\/wp-json\/wp\/v2\/pages\/1233\/revisions"}],"predecessor-version":[{"id":2574,"href":"https:\/\/4valleyschaletrental.com\/de\/wp-json\/wp\/v2\/pages\/1233\/revisions\/2574"}],"up":[{"embeddable":true,"href":"https:\/\/4valleyschaletrental.com\/de\/wp-json\/wp\/v2\/pages\/1222"}],"wp:attachment":[{"href":"https:\/\/4valleyschaletrental.com\/de\/wp-json\/wp\/v2\/media?parent=1233"}],"curies":[{"name":"wp","href":"https:\/\/api.w.org\/{rel}","templated":true}]}}