{"id":1242,"date":"2019-09-26T08:46:57","date_gmt":"2019-09-26T08:46:57","guid":{"rendered":"https:\/\/4valleyschaletrental.com\/your-concierge\/housekeeping\/"},"modified":"2019-11-07T12:43:17","modified_gmt":"2019-11-07T12:43:17","slug":"housekeeping-chalet","status":"publish","type":"page","link":"https:\/\/4valleyschaletrental.com\/de\/your-concierge\/housekeeping-chalet\/","title":{"rendered":"Housekeeping"},"content":{"rendered":"<p>[vc_row][vc_column][vc_single_image image=&#8220;1243&#8243; img_size=&#8220;full&#8220; alignment=&#8220;center&#8220;][\/vc_column][\/vc_row][vc_row][vc_column width=&#8220;1\/4&#8243;][vc_wp_custommenu nav_menu=&#8220;23&#8243;][\/vc_column][vc_column width=&#8220;3\/4&#8243;][vc_column_text]<\/p>\n<h3>Housekeeping<\/h3>\n<p>Wenn Sie das Chalet verlassen und auf die Piste oder einen der vielen Wanderwege gehen, wird unsere Putzfee das Chalet f\u00fcr Sie aufr\u00e4umen.<\/p>\n<p>Unser Housekeeping Team kann so viel oder so wenig putzen, es ist Ihre Wahl, jedoch muss es f\u00fcr mindestens 2 Stunden pro Einsatz sein. Die Kosten f\u00fcr diesen Service m\u00fcssen vor Ort bezahlt werden und betragen Chf 45 .- \/ h<\/p>\n<p>Bitte buchen Sie nach M\u00f6glichkeit im Voraus, um sicherzustellen, dass ausreichend Personal zur Verf\u00fcgung steht.<\/p>\n<p>Bitte beachten Sie, dass einige unserer <a href=\"https:\/\/4valleyschaletrental.com\/luxury-chalets\/\" target=\"_blank\" rel=\"noopener\">Chalets<\/a> bereits eine 2-3-st\u00fcndige Reinigung in der Mitte der Woche, im Mietpreis enthalten.<\/p>\n<h3>Handtuchwechsel<\/h3>\n<p>Wenn Sie m\u00f6chten, dass Ihre Handt\u00fccher t\u00e4glich oder in der Mitte Ihres Aufenthalts gewechselt werden, teilen Sie uns dies mit und wir sorgen daf\u00fcr, dass im Chalet gen\u00fcgend Vorr\u00e4te f\u00fcr Sie vorhanden sind. Unser Housekeeping-Team holt sie zur Wochenmitte f\u00fcr Sie ab.<\/p>\n<p>Kompletter Satz extra Handt\u00fccher Chf 20.- pro Person und Tag.<\/p>\n<h3>Bettw\u00e4schewechsel<\/h3>\n<p>Wir k\u00f6nnen daf\u00fcr sorgen, dass Ihre Bettw\u00e4sche in der Mitte Ihres w\u00f6chentlichen Aufenthalts gewechselt wird. Kosten f\u00fcr einen kompletten Bettw\u00e4schewechsel CHF 50.- pro Person.<\/p>\n<p>(Z\u00e4hlen Sie 2 Personen f\u00fcr ein Doppelbett).[\/vc_column_text][\/vc_column][\/vc_row]<\/p>\n","protected":false},"excerpt":{"rendered":"<p>[vc_row][vc_column][vc_single_image image=&#8220;1243&#8243; img_size=&#8220;full&#8220; alignment=&#8220;center&#8220;][\/vc_column][\/vc_row][vc_row][vc_column width=&#8220;1\/4&#8243;][vc_wp_custommenu nav_menu=&#8220;23&#8243;][\/vc_column][vc_column width=&#8220;3\/4&#8243;][vc_column_text] Housekeeping Wenn Sie das Chalet verlassen und auf die Piste oder einen der vielen Wanderwege gehen, wird unsere Putzfee das Chalet f\u00fcr Sie aufr\u00e4umen. Unser Housekeeping Team kann so viel oder so wenig putzen, es ist Ihre Wahl, jedoch muss es f\u00fcr mindestens 2 Stunden pro Einsatz sein. [&hellip;]<\/p>\n","protected":false},"author":1,"featured_media":0,"parent":1222,"menu_order":0,"comment_status":"closed","ping_status":"closed","template":"","meta":{"rs_blank_template":"","rs_page_bg_color":"","slide_template_v7":"","_monsterinsights_skip_tracking":false,"_monsterinsights_sitenote_active":false,"_monsterinsights_sitenote_note":"","_monsterinsights_sitenote_category":0,"footnotes":""},"class_list":["post-1242","page","type-page","status-publish","hentry"],"acf":[],"yoast_head":"<!-- This site is optimized with the Yoast SEO plugin v27.2 - https:\/\/yoast.com\/product\/yoast-seo-wordpress\/ -->\n<title>Housekeeping in allen Luxus Swiss Chalets :: Alpine Comfort<\/title>\n<meta name=\"description\" content=\"Unser Housekeeping Team kann so viel oder so wenig putzen, es ist Ihre Wahl, jedoch muss es f\u00fcr mindestens 2 Stunden pro Einsatz sein.\" \/>\n<meta name=\"robots\" content=\"index, follow, max-snippet:-1, max-image-preview:large, max-video-preview:-1\" \/>\n<link rel=\"canonical\" href=\"https:\/\/4valleyschaletrental.com\/de\/your-concierge\/housekeeping-chalet\/\" \/>\n<meta property=\"og:locale\" content=\"de_DE\" \/>\n<meta property=\"og:type\" content=\"article\" \/>\n<meta property=\"og:title\" content=\"Housekeeping in allen Luxus Swiss Chalets :: Alpine Comfort\" \/>\n<meta property=\"og:description\" content=\"Unser Housekeeping Team kann so viel oder so wenig putzen, es ist Ihre Wahl, jedoch muss es f\u00fcr mindestens 2 Stunden pro Einsatz sein.\" \/>\n<meta property=\"og:url\" content=\"https:\/\/4valleyschaletrental.com\/de\/your-concierge\/housekeeping-chalet\/\" \/>\n<meta property=\"og:site_name\" content=\"4 Valleys Chalet Rental\" \/>\n<meta property=\"article:modified_time\" content=\"2019-11-07T12:43:17+00:00\" \/>\n<meta name=\"twitter:card\" content=\"summary_large_image\" \/>\n<meta name=\"twitter:label1\" content=\"Gesch\u00e4tzte Lesezeit\" \/>\n\t<meta name=\"twitter:data1\" content=\"1\u00a0Minute\" \/>\n<script type=\"application\/ld+json\" class=\"yoast-schema-graph\">{\"@context\":\"https:\/\/schema.org\",\"@graph\":[{\"@type\":\"WebPage\",\"@id\":\"https:\/\/4valleyschaletrental.com\/de\/your-concierge\/housekeeping-chalet\/\",\"url\":\"https:\/\/4valleyschaletrental.com\/de\/your-concierge\/housekeeping-chalet\/\",\"name\":\"Housekeeping in allen Luxus Swiss Chalets :: Alpine Comfort\",\"isPartOf\":{\"@id\":\"https:\/\/4valleyschaletrental.com\/de\/#website\"},\"datePublished\":\"2019-09-26T08:46:57+00:00\",\"dateModified\":\"2019-11-07T12:43:17+00:00\",\"description\":\"Unser Housekeeping Team kann so viel oder so wenig putzen, es ist Ihre Wahl, jedoch muss es f\u00fcr mindestens 2 Stunden pro Einsatz sein.\",\"breadcrumb\":{\"@id\":\"https:\/\/4valleyschaletrental.com\/de\/your-concierge\/housekeeping-chalet\/#breadcrumb\"},\"inLanguage\":\"de\",\"potentialAction\":[{\"@type\":\"ReadAction\",\"target\":[\"https:\/\/4valleyschaletrental.com\/de\/your-concierge\/housekeeping-chalet\/\"]}]},{\"@type\":\"BreadcrumbList\",\"@id\":\"https:\/\/4valleyschaletrental.com\/de\/your-concierge\/housekeeping-chalet\/#breadcrumb\",\"itemListElement\":[{\"@type\":\"ListItem\",\"position\":1,\"name\":\"Home\",\"item\":\"https:\/\/4valleyschaletrental.com\/de\/\"},{\"@type\":\"ListItem\",\"position\":2,\"name\":\"Ihr Concierge\",\"item\":\"https:\/\/4valleyschaletrental.com\/de\/your-concierge\/\"},{\"@type\":\"ListItem\",\"position\":3,\"name\":\"Housekeeping\"}]},{\"@type\":\"WebSite\",\"@id\":\"https:\/\/4valleyschaletrental.com\/de\/#website\",\"url\":\"https:\/\/4valleyschaletrental.com\/de\/\",\"name\":\"4 Valleys Chalet Rental\",\"description\":\"Luxury catered &amp; self catered Alpine Chalets\",\"potentialAction\":[{\"@type\":\"SearchAction\",\"target\":{\"@type\":\"EntryPoint\",\"urlTemplate\":\"https:\/\/4valleyschaletrental.com\/de\/?s={search_term_string}\"},\"query-input\":{\"@type\":\"PropertyValueSpecification\",\"valueRequired\":true,\"valueName\":\"search_term_string\"}}],\"inLanguage\":\"de\"}]}<\/script>\n<!-- \/ Yoast SEO plugin. -->","yoast_head_json":{"title":"Housekeeping in allen Luxus Swiss Chalets :: Alpine Comfort","description":"Unser Housekeeping Team kann so viel oder so wenig putzen, es ist Ihre Wahl, jedoch muss es f\u00fcr mindestens 2 Stunden pro Einsatz sein.","robots":{"index":"index","follow":"follow","max-snippet":"max-snippet:-1","max-image-preview":"max-image-preview:large","max-video-preview":"max-video-preview:-1"},"canonical":"https:\/\/4valleyschaletrental.com\/de\/your-concierge\/housekeeping-chalet\/","og_locale":"de_DE","og_type":"article","og_title":"Housekeeping in allen Luxus Swiss Chalets :: Alpine Comfort","og_description":"Unser Housekeeping Team kann so viel oder so wenig putzen, es ist Ihre Wahl, jedoch muss es f\u00fcr mindestens 2 Stunden pro Einsatz sein.","og_url":"https:\/\/4valleyschaletrental.com\/de\/your-concierge\/housekeeping-chalet\/","og_site_name":"4 Valleys Chalet Rental","article_modified_time":"2019-11-07T12:43:17+00:00","twitter_card":"summary_large_image","twitter_misc":{"Gesch\u00e4tzte Lesezeit":"1\u00a0Minute"},"schema":{"@context":"https:\/\/schema.org","@graph":[{"@type":"WebPage","@id":"https:\/\/4valleyschaletrental.com\/de\/your-concierge\/housekeeping-chalet\/","url":"https:\/\/4valleyschaletrental.com\/de\/your-concierge\/housekeeping-chalet\/","name":"Housekeeping in allen Luxus Swiss Chalets :: Alpine Comfort","isPartOf":{"@id":"https:\/\/4valleyschaletrental.com\/de\/#website"},"datePublished":"2019-09-26T08:46:57+00:00","dateModified":"2019-11-07T12:43:17+00:00","description":"Unser Housekeeping Team kann so viel oder so wenig putzen, es ist Ihre Wahl, jedoch muss es f\u00fcr mindestens 2 Stunden pro Einsatz sein.","breadcrumb":{"@id":"https:\/\/4valleyschaletrental.com\/de\/your-concierge\/housekeeping-chalet\/#breadcrumb"},"inLanguage":"de","potentialAction":[{"@type":"ReadAction","target":["https:\/\/4valleyschaletrental.com\/de\/your-concierge\/housekeeping-chalet\/"]}]},{"@type":"BreadcrumbList","@id":"https:\/\/4valleyschaletrental.com\/de\/your-concierge\/housekeeping-chalet\/#breadcrumb","itemListElement":[{"@type":"ListItem","position":1,"name":"Home","item":"https:\/\/4valleyschaletrental.com\/de\/"},{"@type":"ListItem","position":2,"name":"Ihr Concierge","item":"https:\/\/4valleyschaletrental.com\/de\/your-concierge\/"},{"@type":"ListItem","position":3,"name":"Housekeeping"}]},{"@type":"WebSite","@id":"https:\/\/4valleyschaletrental.com\/de\/#website","url":"https:\/\/4valleyschaletrental.com\/de\/","name":"4 Valleys Chalet Rental","description":"Luxury catered &amp; self catered Alpine Chalets","potentialAction":[{"@type":"SearchAction","target":{"@type":"EntryPoint","urlTemplate":"https:\/\/4valleyschaletrental.com\/de\/?s={search_term_string}"},"query-input":{"@type":"PropertyValueSpecification","valueRequired":true,"valueName":"search_term_string"}}],"inLanguage":"de"}]}},"_links":{"self":[{"href":"https:\/\/4valleyschaletrental.com\/de\/wp-json\/wp\/v2\/pages\/1242","targetHints":{"allow":["GET"]}}],"collection":[{"href":"https:\/\/4valleyschaletrental.com\/de\/wp-json\/wp\/v2\/pages"}],"about":[{"href":"https:\/\/4valleyschaletrental.com\/de\/wp-json\/wp\/v2\/types\/page"}],"author":[{"embeddable":true,"href":"https:\/\/4valleyschaletrental.com\/de\/wp-json\/wp\/v2\/users\/1"}],"replies":[{"embeddable":true,"href":"https:\/\/4valleyschaletrental.com\/de\/wp-json\/wp\/v2\/comments?post=1242"}],"version-history":[{"count":4,"href":"https:\/\/4valleyschaletrental.com\/de\/wp-json\/wp\/v2\/pages\/1242\/revisions"}],"predecessor-version":[{"id":2036,"href":"https:\/\/4valleyschaletrental.com\/de\/wp-json\/wp\/v2\/pages\/1242\/revisions\/2036"}],"up":[{"embeddable":true,"href":"https:\/\/4valleyschaletrental.com\/de\/wp-json\/wp\/v2\/pages\/1222"}],"wp:attachment":[{"href":"https:\/\/4valleyschaletrental.com\/de\/wp-json\/wp\/v2\/media?parent=1242"}],"curies":[{"name":"wp","href":"https:\/\/api.w.org\/{rel}","templated":true}]}}