{"id":1248,"date":"2019-09-26T08:46:54","date_gmt":"2019-09-26T08:46:54","guid":{"rendered":"https:\/\/4valleyschaletrental.com\/your-concierge\/pre-arrival-shopping\/"},"modified":"2024-07-16T10:56:22","modified_gmt":"2024-07-16T10:56:22","slug":"einkaeufe-vor-ankunft-alpine-comfort","status":"publish","type":"page","link":"https:\/\/4valleyschaletrental.com\/de\/your-concierge\/einkaeufe-vor-ankunft-alpine-comfort\/","title":{"rendered":"Eink\u00e4ufe vor Ihrer Ankunft"},"content":{"rendered":"<p>[vc_row][vc_column][vc_single_image image=&#8220;1249&#8243; img_size=&#8220;full&#8220; alignment=&#8220;center&#8220;][\/vc_column][\/vc_row][vc_row][vc_column width=&#8220;1\/4&#8243;][vc_wp_custommenu nav_menu=&#8220;23&#8243;][\/vc_column][vc_column width=&#8220;3\/4&#8243;][vc_column_text]<\/p>\n<h3>Eink\u00e4ufe vor Ihrer Ankunft<\/h3>\n<p>Wir wissen, dass Sie nach einem langen Reisetag gerne im Chalet ankommen und alle Ihre Eink\u00e4ufe bereits im Chalet finden w\u00fcrden.<\/p>\n<p>Wir k\u00f6nnen Ihnen zwei M\u00f6glichkeiten anbieten.<\/p>\n<ul>\n<li>Sie k\u00f6nnen \u00fcber einen lokalen Internet-Lebensmittelh\u00e4ndler bestellen und an unsere Firmenadresse liefern lassen. Wir liefern es Ihnen dann vor Ihrer Ankunft zu einem Preis von CHF \u00a070.- zu Ihrem Chalet.<\/li>\n<\/ul>\n<p>F\u00fcr beide Optionen <a href=\"?page_id=1411&amp;lang=de\">kontaktieren Sie uns<\/a> bitte direkt, damit wir Ihnen die verschiedenen Links zusenden und einen perfekten Liefertermin organisieren k\u00f6nnen.[\/vc_column_text][\/vc_column][\/vc_row]<\/p>\n","protected":false},"excerpt":{"rendered":"<p>[vc_row][vc_column][vc_single_image image=&#8220;1249&#8243; img_size=&#8220;full&#8220; alignment=&#8220;center&#8220;][\/vc_column][\/vc_row][vc_row][vc_column width=&#8220;1\/4&#8243;][vc_wp_custommenu nav_menu=&#8220;23&#8243;][\/vc_column][vc_column width=&#8220;3\/4&#8243;][vc_column_text] Eink\u00e4ufe vor Ihrer Ankunft Wir wissen, dass Sie nach einem langen Reisetag gerne im Chalet ankommen und alle Ihre Eink\u00e4ufe bereits im Chalet finden w\u00fcrden. Wir k\u00f6nnen Ihnen zwei M\u00f6glichkeiten anbieten. Sie k\u00f6nnen \u00fcber einen lokalen Internet-Lebensmittelh\u00e4ndler bestellen und an unsere Firmenadresse liefern lassen. Wir liefern es Ihnen [&hellip;]<\/p>\n","protected":false},"author":1,"featured_media":0,"parent":1222,"menu_order":0,"comment_status":"closed","ping_status":"closed","template":"","meta":{"rs_blank_template":"","rs_page_bg_color":"#ffffff","slide_template_v7":"","_monsterinsights_skip_tracking":false,"_monsterinsights_sitenote_active":false,"_monsterinsights_sitenote_note":"","_monsterinsights_sitenote_category":0,"footnotes":""},"class_list":["post-1248","page","type-page","status-publish","hentry"],"acf":[],"yoast_head":"<!-- This site is optimized with the Yoast SEO plugin v27.2 - https:\/\/yoast.com\/product\/yoast-seo-wordpress\/ -->\n<title>Eink\u00e4ufe vor Ihrer Ankunft in unseren Luxus-Chalets :: Alpine Comfort<\/title>\n<meta name=\"description\" content=\"In all unseren Luxus-Chalets in Nendaz k\u00f6nnen Sie jetzt online einkaufen, bevor Sie ankommen. Ein Urlaubsbeginn so entspannt wie m\u00f6glich.\" \/>\n<meta name=\"robots\" content=\"index, follow, max-snippet:-1, max-image-preview:large, max-video-preview:-1\" \/>\n<link rel=\"canonical\" href=\"https:\/\/4valleyschaletrental.com\/de\/your-concierge\/einkaeufe-vor-ankunft-alpine-comfort\/\" \/>\n<meta property=\"og:locale\" content=\"de_DE\" \/>\n<meta property=\"og:type\" content=\"article\" \/>\n<meta property=\"og:title\" content=\"Eink\u00e4ufe vor Ihrer Ankunft in unseren Luxus-Chalets :: Alpine Comfort\" \/>\n<meta property=\"og:description\" content=\"In all unseren Luxus-Chalets in Nendaz k\u00f6nnen Sie jetzt online einkaufen, bevor Sie ankommen. Ein Urlaubsbeginn so entspannt wie m\u00f6glich.\" \/>\n<meta property=\"og:url\" content=\"https:\/\/4valleyschaletrental.com\/de\/your-concierge\/einkaeufe-vor-ankunft-alpine-comfort\/\" \/>\n<meta property=\"og:site_name\" content=\"4 Valleys Chalet Rental\" \/>\n<meta property=\"article:modified_time\" content=\"2024-07-16T10:56:22+00:00\" \/>\n<meta name=\"twitter:card\" content=\"summary_large_image\" \/>\n<meta name=\"twitter:label1\" content=\"Gesch\u00e4tzte Lesezeit\" \/>\n\t<meta name=\"twitter:data1\" content=\"1\u00a0Minute\" \/>\n<script type=\"application\/ld+json\" class=\"yoast-schema-graph\">{\"@context\":\"https:\/\/schema.org\",\"@graph\":[{\"@type\":\"WebPage\",\"@id\":\"https:\/\/4valleyschaletrental.com\/de\/your-concierge\/einkaeufe-vor-ankunft-alpine-comfort\/\",\"url\":\"https:\/\/4valleyschaletrental.com\/de\/your-concierge\/einkaeufe-vor-ankunft-alpine-comfort\/\",\"name\":\"Eink\u00e4ufe vor Ihrer Ankunft in unseren Luxus-Chalets :: Alpine Comfort\",\"isPartOf\":{\"@id\":\"https:\/\/4valleyschaletrental.com\/de\/#website\"},\"datePublished\":\"2019-09-26T08:46:54+00:00\",\"dateModified\":\"2024-07-16T10:56:22+00:00\",\"description\":\"In all unseren Luxus-Chalets in Nendaz k\u00f6nnen Sie jetzt online einkaufen, bevor Sie ankommen. Ein Urlaubsbeginn so entspannt wie m\u00f6glich.\",\"breadcrumb\":{\"@id\":\"https:\/\/4valleyschaletrental.com\/de\/your-concierge\/einkaeufe-vor-ankunft-alpine-comfort\/#breadcrumb\"},\"inLanguage\":\"de\",\"potentialAction\":[{\"@type\":\"ReadAction\",\"target\":[\"https:\/\/4valleyschaletrental.com\/de\/your-concierge\/einkaeufe-vor-ankunft-alpine-comfort\/\"]}]},{\"@type\":\"BreadcrumbList\",\"@id\":\"https:\/\/4valleyschaletrental.com\/de\/your-concierge\/einkaeufe-vor-ankunft-alpine-comfort\/#breadcrumb\",\"itemListElement\":[{\"@type\":\"ListItem\",\"position\":1,\"name\":\"Home\",\"item\":\"https:\/\/4valleyschaletrental.com\/de\/\"},{\"@type\":\"ListItem\",\"position\":2,\"name\":\"Ihr Concierge\",\"item\":\"https:\/\/4valleyschaletrental.com\/de\/your-concierge\/\"},{\"@type\":\"ListItem\",\"position\":3,\"name\":\"Eink\u00e4ufe vor Ihrer Ankunft\"}]},{\"@type\":\"WebSite\",\"@id\":\"https:\/\/4valleyschaletrental.com\/de\/#website\",\"url\":\"https:\/\/4valleyschaletrental.com\/de\/\",\"name\":\"4 Valleys Chalet Rental\",\"description\":\"Luxury catered &amp; self catered Alpine Chalets\",\"potentialAction\":[{\"@type\":\"SearchAction\",\"target\":{\"@type\":\"EntryPoint\",\"urlTemplate\":\"https:\/\/4valleyschaletrental.com\/de\/?s={search_term_string}\"},\"query-input\":{\"@type\":\"PropertyValueSpecification\",\"valueRequired\":true,\"valueName\":\"search_term_string\"}}],\"inLanguage\":\"de\"}]}<\/script>\n<!-- \/ Yoast SEO plugin. -->","yoast_head_json":{"title":"Eink\u00e4ufe vor Ihrer Ankunft in unseren Luxus-Chalets :: Alpine Comfort","description":"In all unseren Luxus-Chalets in Nendaz k\u00f6nnen Sie jetzt online einkaufen, bevor Sie ankommen. Ein Urlaubsbeginn so entspannt wie m\u00f6glich.","robots":{"index":"index","follow":"follow","max-snippet":"max-snippet:-1","max-image-preview":"max-image-preview:large","max-video-preview":"max-video-preview:-1"},"canonical":"https:\/\/4valleyschaletrental.com\/de\/your-concierge\/einkaeufe-vor-ankunft-alpine-comfort\/","og_locale":"de_DE","og_type":"article","og_title":"Eink\u00e4ufe vor Ihrer Ankunft in unseren Luxus-Chalets :: Alpine Comfort","og_description":"In all unseren Luxus-Chalets in Nendaz k\u00f6nnen Sie jetzt online einkaufen, bevor Sie ankommen. Ein Urlaubsbeginn so entspannt wie m\u00f6glich.","og_url":"https:\/\/4valleyschaletrental.com\/de\/your-concierge\/einkaeufe-vor-ankunft-alpine-comfort\/","og_site_name":"4 Valleys Chalet Rental","article_modified_time":"2024-07-16T10:56:22+00:00","twitter_card":"summary_large_image","twitter_misc":{"Gesch\u00e4tzte Lesezeit":"1\u00a0Minute"},"schema":{"@context":"https:\/\/schema.org","@graph":[{"@type":"WebPage","@id":"https:\/\/4valleyschaletrental.com\/de\/your-concierge\/einkaeufe-vor-ankunft-alpine-comfort\/","url":"https:\/\/4valleyschaletrental.com\/de\/your-concierge\/einkaeufe-vor-ankunft-alpine-comfort\/","name":"Eink\u00e4ufe vor Ihrer Ankunft in unseren Luxus-Chalets :: Alpine Comfort","isPartOf":{"@id":"https:\/\/4valleyschaletrental.com\/de\/#website"},"datePublished":"2019-09-26T08:46:54+00:00","dateModified":"2024-07-16T10:56:22+00:00","description":"In all unseren Luxus-Chalets in Nendaz k\u00f6nnen Sie jetzt online einkaufen, bevor Sie ankommen. Ein Urlaubsbeginn so entspannt wie m\u00f6glich.","breadcrumb":{"@id":"https:\/\/4valleyschaletrental.com\/de\/your-concierge\/einkaeufe-vor-ankunft-alpine-comfort\/#breadcrumb"},"inLanguage":"de","potentialAction":[{"@type":"ReadAction","target":["https:\/\/4valleyschaletrental.com\/de\/your-concierge\/einkaeufe-vor-ankunft-alpine-comfort\/"]}]},{"@type":"BreadcrumbList","@id":"https:\/\/4valleyschaletrental.com\/de\/your-concierge\/einkaeufe-vor-ankunft-alpine-comfort\/#breadcrumb","itemListElement":[{"@type":"ListItem","position":1,"name":"Home","item":"https:\/\/4valleyschaletrental.com\/de\/"},{"@type":"ListItem","position":2,"name":"Ihr Concierge","item":"https:\/\/4valleyschaletrental.com\/de\/your-concierge\/"},{"@type":"ListItem","position":3,"name":"Eink\u00e4ufe vor Ihrer Ankunft"}]},{"@type":"WebSite","@id":"https:\/\/4valleyschaletrental.com\/de\/#website","url":"https:\/\/4valleyschaletrental.com\/de\/","name":"4 Valleys Chalet Rental","description":"Luxury catered &amp; self catered Alpine Chalets","potentialAction":[{"@type":"SearchAction","target":{"@type":"EntryPoint","urlTemplate":"https:\/\/4valleyschaletrental.com\/de\/?s={search_term_string}"},"query-input":{"@type":"PropertyValueSpecification","valueRequired":true,"valueName":"search_term_string"}}],"inLanguage":"de"}]}},"_links":{"self":[{"href":"https:\/\/4valleyschaletrental.com\/de\/wp-json\/wp\/v2\/pages\/1248","targetHints":{"allow":["GET"]}}],"collection":[{"href":"https:\/\/4valleyschaletrental.com\/de\/wp-json\/wp\/v2\/pages"}],"about":[{"href":"https:\/\/4valleyschaletrental.com\/de\/wp-json\/wp\/v2\/types\/page"}],"author":[{"embeddable":true,"href":"https:\/\/4valleyschaletrental.com\/de\/wp-json\/wp\/v2\/users\/1"}],"replies":[{"embeddable":true,"href":"https:\/\/4valleyschaletrental.com\/de\/wp-json\/wp\/v2\/comments?post=1248"}],"version-history":[{"count":17,"href":"https:\/\/4valleyschaletrental.com\/de\/wp-json\/wp\/v2\/pages\/1248\/revisions"}],"predecessor-version":[{"id":3596,"href":"https:\/\/4valleyschaletrental.com\/de\/wp-json\/wp\/v2\/pages\/1248\/revisions\/3596"}],"up":[{"embeddable":true,"href":"https:\/\/4valleyschaletrental.com\/de\/wp-json\/wp\/v2\/pages\/1222"}],"wp:attachment":[{"href":"https:\/\/4valleyschaletrental.com\/de\/wp-json\/wp\/v2\/media?parent=1248"}],"curies":[{"name":"wp","href":"https:\/\/api.w.org\/{rel}","templated":true}]}}