{"id":1251,"date":"2019-09-26T08:47:01","date_gmt":"2019-09-26T08:47:01","guid":{"rendered":"https:\/\/4valleyschaletrental.com\/your-concierge\/ski-school-bookings\/"},"modified":"2019-11-11T09:40:47","modified_gmt":"2019-11-11T09:40:47","slug":"ski-schule","status":"publish","type":"page","link":"https:\/\/4valleyschaletrental.com\/de\/your-concierge\/ski-schule\/","title":{"rendered":"Skischule"},"content":{"rendered":"<p>[vc_row][vc_column][vc_single_image image=&#8220;1252&#8243; img_size=&#8220;full&#8220; alignment=&#8220;center&#8220;][\/vc_column][\/vc_row][vc_row][vc_column width=&#8220;1\/4&#8243;][vc_wp_custommenu nav_menu=&#8220;23&#8243;][\/vc_column][vc_column width=&#8220;3\/4&#8243;][vc_column_text]<\/p>\n<h2>Skischule<\/h2>\n<p><a href=\"?page_id=1403&#038;lang=de\">Les 4 Vall\u00e9es<\/a> ist sowohl f\u00fcr Anf\u00e4nger als auch f\u00fcr erfahrene Skifahrer das bevorzugte Reiseziel in den Schweizer Alpen. Hochprofessionelle und leidenschaftliche Instruktoren und Guides sorgen daf\u00fcr, dass Sie das Beste aus Ihrem Unterricht oder Ihren gef\u00fchrten Skitagen im <a href=\"http:\/\/www.4vallees.ch\/de\/index.htm\" target=\"_blank\" rel=\"noopener\">Skigebiet 4 Vall\u00e9es<\/a>, zu dem auch die Region Verbier in den Schweizer Alpen geh\u00f6rt, herausholen.<\/p>\n<p>Ihre Zufriedenheit ist uns sehr wichtig und wir glauben, dass die Verbesserung Ihrer F\u00e4higkeiten auf der Piste stressfrei sein sollte. Deshalb pflegen wir eine gute Beziehung zu den \u00f6rtlichen <a href=\"https:\/\/arcenciel-siviez.ch\/en\/\" target=\"_blank\" rel=\"noopener\">Skischulen<\/a>.<\/p>\n<p>Um sicherzustellen, dass Sie das Beste aus Ihrem Urlaub machen, empfehlen wir Ihnen dringend, <strong>alle 4 Vall\u00e9es Skikurse und Bergf\u00fchrer im Voraus zu buchen.<\/strong> Teilen Sie uns einfach Ihre W\u00fcnsche mit und wir werden unser Bestes tun, um diese mit der \u00f6rtlichen Skischule zu organisieren oder Sie direkt mit ihnen in Verbindung zu setzen.<\/p>\n<p>Wir freuen uns, Ihnen mitteilen zu k\u00f6nnen, dass Sie 10% Rabatt auf alle Gruppenstunden erhalten, wenn Sie \u00fcber uns gebucht werden.<\/p>\n<p>Bitte <a href=\"?page_id=1411&#038;lang=de\">kontaktieren Sie uns<\/a> f\u00fcr weitere Informationen zur Buchung von Skischulen.[\/vc_column_text][\/vc_column][\/vc_row]<\/p>\n","protected":false},"excerpt":{"rendered":"<p>[vc_row][vc_column][vc_single_image image=&#8220;1252&#8243; img_size=&#8220;full&#8220; alignment=&#8220;center&#8220;][\/vc_column][\/vc_row][vc_row][vc_column width=&#8220;1\/4&#8243;][vc_wp_custommenu nav_menu=&#8220;23&#8243;][\/vc_column][vc_column width=&#8220;3\/4&#8243;][vc_column_text] Skischule Les 4 Vall\u00e9es ist sowohl f\u00fcr Anf\u00e4nger als auch f\u00fcr erfahrene Skifahrer das bevorzugte Reiseziel in den Schweizer Alpen. Hochprofessionelle und leidenschaftliche Instruktoren und Guides sorgen daf\u00fcr, dass Sie das Beste aus Ihrem Unterricht oder Ihren gef\u00fchrten Skitagen im Skigebiet 4 Vall\u00e9es, zu dem auch die Region [&hellip;]<\/p>\n","protected":false},"author":1,"featured_media":0,"parent":1222,"menu_order":0,"comment_status":"closed","ping_status":"closed","template":"","meta":{"rs_blank_template":"","rs_page_bg_color":"","slide_template_v7":"","_monsterinsights_skip_tracking":false,"_monsterinsights_sitenote_active":false,"_monsterinsights_sitenote_note":"","_monsterinsights_sitenote_category":0,"footnotes":""},"class_list":["post-1251","page","type-page","status-publish","hentry"],"acf":[],"yoast_head":"<!-- This site is optimized with the Yoast SEO plugin v27.2 - https:\/\/yoast.com\/product\/yoast-seo-wordpress\/ -->\n<title>Ski Schule Buchungen in Nendaz :: Les 4 Vall\u00e9es Schweiz<\/title>\n<meta name=\"description\" content=\"Skischulbuchungen mit 10% Rabatt bei Buchungen \u00fcber Alpine Comfort in Nendaz Schweiz. Les 4 Vall\u00e9es ski domain mit Rabatt geniessen\" \/>\n<meta name=\"robots\" content=\"index, follow, max-snippet:-1, max-image-preview:large, max-video-preview:-1\" \/>\n<link rel=\"canonical\" href=\"https:\/\/4valleyschaletrental.com\/de\/your-concierge\/ski-schule\/\" \/>\n<meta property=\"og:locale\" content=\"de_DE\" \/>\n<meta property=\"og:type\" content=\"article\" \/>\n<meta property=\"og:title\" content=\"Ski Schule Buchungen in Nendaz :: Les 4 Vall\u00e9es Schweiz\" \/>\n<meta property=\"og:description\" content=\"Skischulbuchungen mit 10% Rabatt bei Buchungen \u00fcber Alpine Comfort in Nendaz Schweiz. Les 4 Vall\u00e9es ski domain mit Rabatt geniessen\" \/>\n<meta property=\"og:url\" content=\"https:\/\/4valleyschaletrental.com\/de\/your-concierge\/ski-schule\/\" \/>\n<meta property=\"og:site_name\" content=\"4 Valleys Chalet Rental\" \/>\n<meta property=\"article:modified_time\" content=\"2019-11-11T09:40:47+00:00\" \/>\n<meta name=\"twitter:card\" content=\"summary_large_image\" \/>\n<meta name=\"twitter:label1\" content=\"Gesch\u00e4tzte Lesezeit\" \/>\n\t<meta name=\"twitter:data1\" content=\"1\u00a0Minute\" \/>\n<script type=\"application\/ld+json\" class=\"yoast-schema-graph\">{\"@context\":\"https:\/\/schema.org\",\"@graph\":[{\"@type\":\"WebPage\",\"@id\":\"https:\/\/4valleyschaletrental.com\/de\/your-concierge\/ski-schule\/\",\"url\":\"https:\/\/4valleyschaletrental.com\/de\/your-concierge\/ski-schule\/\",\"name\":\"Ski Schule Buchungen in Nendaz :: Les 4 Vall\u00e9es Schweiz\",\"isPartOf\":{\"@id\":\"https:\/\/4valleyschaletrental.com\/de\/#website\"},\"datePublished\":\"2019-09-26T08:47:01+00:00\",\"dateModified\":\"2019-11-11T09:40:47+00:00\",\"description\":\"Skischulbuchungen mit 10% Rabatt bei Buchungen \u00fcber Alpine Comfort in Nendaz Schweiz. Les 4 Vall\u00e9es ski domain mit Rabatt geniessen\",\"breadcrumb\":{\"@id\":\"https:\/\/4valleyschaletrental.com\/de\/your-concierge\/ski-schule\/#breadcrumb\"},\"inLanguage\":\"de\",\"potentialAction\":[{\"@type\":\"ReadAction\",\"target\":[\"https:\/\/4valleyschaletrental.com\/de\/your-concierge\/ski-schule\/\"]}]},{\"@type\":\"BreadcrumbList\",\"@id\":\"https:\/\/4valleyschaletrental.com\/de\/your-concierge\/ski-schule\/#breadcrumb\",\"itemListElement\":[{\"@type\":\"ListItem\",\"position\":1,\"name\":\"Home\",\"item\":\"https:\/\/4valleyschaletrental.com\/de\/\"},{\"@type\":\"ListItem\",\"position\":2,\"name\":\"Ihr Concierge\",\"item\":\"https:\/\/4valleyschaletrental.com\/de\/your-concierge\/\"},{\"@type\":\"ListItem\",\"position\":3,\"name\":\"Skischule\"}]},{\"@type\":\"WebSite\",\"@id\":\"https:\/\/4valleyschaletrental.com\/de\/#website\",\"url\":\"https:\/\/4valleyschaletrental.com\/de\/\",\"name\":\"4 Valleys Chalet Rental\",\"description\":\"Luxury catered &amp; self catered Alpine Chalets\",\"potentialAction\":[{\"@type\":\"SearchAction\",\"target\":{\"@type\":\"EntryPoint\",\"urlTemplate\":\"https:\/\/4valleyschaletrental.com\/de\/?s={search_term_string}\"},\"query-input\":{\"@type\":\"PropertyValueSpecification\",\"valueRequired\":true,\"valueName\":\"search_term_string\"}}],\"inLanguage\":\"de\"}]}<\/script>\n<!-- \/ Yoast SEO plugin. -->","yoast_head_json":{"title":"Ski Schule Buchungen in Nendaz :: Les 4 Vall\u00e9es Schweiz","description":"Skischulbuchungen mit 10% Rabatt bei Buchungen \u00fcber Alpine Comfort in Nendaz Schweiz. Les 4 Vall\u00e9es ski domain mit Rabatt geniessen","robots":{"index":"index","follow":"follow","max-snippet":"max-snippet:-1","max-image-preview":"max-image-preview:large","max-video-preview":"max-video-preview:-1"},"canonical":"https:\/\/4valleyschaletrental.com\/de\/your-concierge\/ski-schule\/","og_locale":"de_DE","og_type":"article","og_title":"Ski Schule Buchungen in Nendaz :: Les 4 Vall\u00e9es Schweiz","og_description":"Skischulbuchungen mit 10% Rabatt bei Buchungen \u00fcber Alpine Comfort in Nendaz Schweiz. Les 4 Vall\u00e9es ski domain mit Rabatt geniessen","og_url":"https:\/\/4valleyschaletrental.com\/de\/your-concierge\/ski-schule\/","og_site_name":"4 Valleys Chalet Rental","article_modified_time":"2019-11-11T09:40:47+00:00","twitter_card":"summary_large_image","twitter_misc":{"Gesch\u00e4tzte Lesezeit":"1\u00a0Minute"},"schema":{"@context":"https:\/\/schema.org","@graph":[{"@type":"WebPage","@id":"https:\/\/4valleyschaletrental.com\/de\/your-concierge\/ski-schule\/","url":"https:\/\/4valleyschaletrental.com\/de\/your-concierge\/ski-schule\/","name":"Ski Schule Buchungen in Nendaz :: Les 4 Vall\u00e9es Schweiz","isPartOf":{"@id":"https:\/\/4valleyschaletrental.com\/de\/#website"},"datePublished":"2019-09-26T08:47:01+00:00","dateModified":"2019-11-11T09:40:47+00:00","description":"Skischulbuchungen mit 10% Rabatt bei Buchungen \u00fcber Alpine Comfort in Nendaz Schweiz. Les 4 Vall\u00e9es ski domain mit Rabatt geniessen","breadcrumb":{"@id":"https:\/\/4valleyschaletrental.com\/de\/your-concierge\/ski-schule\/#breadcrumb"},"inLanguage":"de","potentialAction":[{"@type":"ReadAction","target":["https:\/\/4valleyschaletrental.com\/de\/your-concierge\/ski-schule\/"]}]},{"@type":"BreadcrumbList","@id":"https:\/\/4valleyschaletrental.com\/de\/your-concierge\/ski-schule\/#breadcrumb","itemListElement":[{"@type":"ListItem","position":1,"name":"Home","item":"https:\/\/4valleyschaletrental.com\/de\/"},{"@type":"ListItem","position":2,"name":"Ihr Concierge","item":"https:\/\/4valleyschaletrental.com\/de\/your-concierge\/"},{"@type":"ListItem","position":3,"name":"Skischule"}]},{"@type":"WebSite","@id":"https:\/\/4valleyschaletrental.com\/de\/#website","url":"https:\/\/4valleyschaletrental.com\/de\/","name":"4 Valleys Chalet Rental","description":"Luxury catered &amp; self catered Alpine Chalets","potentialAction":[{"@type":"SearchAction","target":{"@type":"EntryPoint","urlTemplate":"https:\/\/4valleyschaletrental.com\/de\/?s={search_term_string}"},"query-input":{"@type":"PropertyValueSpecification","valueRequired":true,"valueName":"search_term_string"}}],"inLanguage":"de"}]}},"_links":{"self":[{"href":"https:\/\/4valleyschaletrental.com\/de\/wp-json\/wp\/v2\/pages\/1251","targetHints":{"allow":["GET"]}}],"collection":[{"href":"https:\/\/4valleyschaletrental.com\/de\/wp-json\/wp\/v2\/pages"}],"about":[{"href":"https:\/\/4valleyschaletrental.com\/de\/wp-json\/wp\/v2\/types\/page"}],"author":[{"embeddable":true,"href":"https:\/\/4valleyschaletrental.com\/de\/wp-json\/wp\/v2\/users\/1"}],"replies":[{"embeddable":true,"href":"https:\/\/4valleyschaletrental.com\/de\/wp-json\/wp\/v2\/comments?post=1251"}],"version-history":[{"count":4,"href":"https:\/\/4valleyschaletrental.com\/de\/wp-json\/wp\/v2\/pages\/1251\/revisions"}],"predecessor-version":[{"id":2100,"href":"https:\/\/4valleyschaletrental.com\/de\/wp-json\/wp\/v2\/pages\/1251\/revisions\/2100"}],"up":[{"embeddable":true,"href":"https:\/\/4valleyschaletrental.com\/de\/wp-json\/wp\/v2\/pages\/1222"}],"wp:attachment":[{"href":"https:\/\/4valleyschaletrental.com\/de\/wp-json\/wp\/v2\/media?parent=1251"}],"curies":[{"name":"wp","href":"https:\/\/api.w.org\/{rel}","templated":true}]}}