{"id":1256,"date":"2019-10-07T09:53:51","date_gmt":"2019-10-07T09:53:51","guid":{"rendered":"https:\/\/4valleyschaletrental.com\/frequently-ask-questions\/"},"modified":"2019-11-07T10:06:33","modified_gmt":"2019-11-07T10:06:33","slug":"haeufig-gestellte-fragen","status":"publish","type":"page","link":"https:\/\/4valleyschaletrental.com\/de\/haeufig-gestellte-fragen\/","title":{"rendered":"H\u00e4ufig gestellte Fragen"},"content":{"rendered":"<p>[vc_row][vc_column][vc_single_image image=&#8220;1183&#8243; img_size=&#8220;full&#8220; alignment=&#8220;center&#8220;][\/vc_column][\/vc_row][vc_row][vc_column width=&#8220;1\/4&#8243;][vc_wp_custommenu nav_menu=&#8220;33&#8243;][\/vc_column][vc_column width=&#8220;3\/4&#8243;][vc_column_text]<\/p>\n<h2>H\u00e4ufig gestellte Fragen<\/h2>\n<p><strong>Warum ben\u00f6tigen Sie die Namen und das Alter aller G\u00e4ste?<\/strong><\/p>\n<p>Aus Sicherheitsgr\u00fcnden fragen wir nach den Namen und dem Alter aller G\u00e4ste. Dies wird von der \u00f6rtlichen Tourismusbeh\u00f6rde und der Polizei verlangt. Au\u00dferdem d\u00fcrfen nur G\u00e4ste, die bei der Buchung vom Hauptgast angegeben wurden, in der Unterkunft \u00fcbernachten. Dies sollte ebenfalls alle G\u00e4ste einschlie\u00dfen, die w\u00e4hrend der Mietperiode individuell an-und abreisen. Weiter helfen uns die Geburtsdaten um die exakte Tourismus-Kurtaxe in Rechnung zu stellen.<\/p>\n<p><strong>Kann ich meinen Urlaub per \u00dcberweisung bezahlen?<\/strong><\/p>\n<p>Ja, Zahlungen k\u00f6nnen per Bank-\u00dcberweisung erfolgen. Alle unsere Bankdaten werden nach einer best\u00e4tigten Reservierung mitgeteilt. Die Bankgeb\u00fchren werden von den G\u00e4sten getragen. Es liegt in der Verantwortung des Kunden, sicherzustellen, dass der genaue Betrag in Schweizer Franken auf unserem Konto eingeht. Einige Banken \u00fcberweisen das Geld \u00fcber eine Dritt-Person, der eine Provision f\u00fcr Ihre \u00dcberweisung erhebt. <u>Unsere Bank erhebt keine Provision f\u00fcr den Erhalt einer Zahlung<\/u>.<\/p>\n<p><strong>Kann ich mit Kreditkarte bezahlen?<\/strong><\/p>\n<p>Ja, Sie k\u00f6nnen Ihren Urlaub mit den folgenden Karten, Master Card und Visa bezahlen. Bei allen Kreditkartenzahlungen wird ein Zuschlag von 3% erhoben.<\/p>\n<p><strong>Was ist eine r\u00fcckzahlbare Kaution?<\/strong><\/p>\n<p>Bei der erstattbaren Kaution handelt es sich um einen Betrag, der auf Ihrer Kreditkarte gesperrt ist, um eventuelle Br\u00fcche oder Sch\u00e4den an der Unterkunft w\u00e4hrend Ihres Aufenthalts zu decken. Dieser Betrag wird sp\u00e4testens 7 Tage nach der Abreise freigegeben, wenn das Chalet in einwandfreiem Zustand \u00fcbergeben wurde. Die Kaution schr\u00e4nkt die Schadenshaftung nicht ein. Solch eine Kaution ist mindestens CHGF 1000.- je nach Chalet<\/p>\n<p><strong>Was ist eine Haftung gegen\u00fcber Dritten? (Rechtsschutz)<\/strong><\/p>\n<p>Wir bitten alle unsere Kunden, bei Unterzeichnung unserer AGB eine Haftpflichtversicherung abzuschlie\u00dfen. Dies ist eine Versicherung f\u00fcr gr\u00f6\u00dfere Sachsch\u00e4den. Sollten Sie Schwierigkeiten haben, eine solche Versicherung zu finden, setzen Sie sich bitte mit uns in Verbindung und wir k\u00f6nnen Sie in die richtige Richtung leiten.<\/p>\n<p><strong>Kann ich meinen Hund mitbringen?<\/strong><\/p>\n<p>Im Allgemeinen sind <a href=\"https:\/\/4valleyschaletrental.com\/luxury-chalets\/\">alle unsere Chalets<\/a> nicht tierfreundlich. In einigen F\u00e4llen k\u00f6nnen wir jedoch eine Ausnahme machen. Bitte setzen Sie sich mit uns in Verbindung und wir k\u00f6nnen sehen, was wir f\u00fcr Sie tun k\u00f6nnen. Falls wir einen Hund im Chalet erlauben, wird die Kaution erhoben und es k\u00f6nnen zus\u00e4tzliche Kosten anfallen.<\/p>\n<p><strong>Unsere Gruppe \u00fcberschreitet die maximale Personen-Anzahl f\u00fcr das Chalet. K\u00f6nnen wir ein aufblasbares Bett mitbringen oder auf dem Sofa schlafen?<\/strong><\/p>\n<p>In der Beschreibung jedes Chalets ist die genaue Anzahl der erlaubten Personen angegeben. In der Regel erlauben wir keinen zus\u00e4tzlichen Personenaufenthalt. Sollten Sie jedoch einen zus\u00e4tzlichen Gast haben, setzen Sie sich bitte mit uns in Verbindung und wir werden sehen, ob wir Ihnen helfen k\u00f6nnen. Bitte haben Sie Verst\u00e4ndnis daf\u00fcr, dass Strafzahlungen f\u00e4llig werden, wenn Sie ohne unsere Zustimmung mehr Personen als erlaubt in das Chalet bringen.<\/p>\n<p><strong>Ein Teil unserer Gruppe ist ausgeschieden, aber wir haben bereits die \u00f6rtliche Kurtaxe bezahlt?<\/strong><\/p>\n<p>Kein Problem, wir erstatten Ihnen den \u00fcberbezahlten Kurtaxenbetrag vor Ort.<\/p>\n<p><strong>K\u00f6nnen wir unsere Buchung auf ein anderes Datum oder eine andere Unterkunft verschieben?<\/strong><\/p>\n<p>Nach Zahlung der nicht erstattbaren Anzahlung von 30% wird die Buchung best\u00e4tigt. Das \u00c4ndern einer Buchung innerhalb desselben Chalets ist manchmal sogar ohne zus\u00e4tzliche Kosten m\u00f6glich. Ein Umtausch einer best\u00e4tigten Buchung in ein anderes Chalet ist jedoch nicht m\u00f6glich, ohne dass die nicht erstattbare Anzahlung von 30% verf\u00e4llt und eine neue Reservierung ausgestellt werden muss.<\/p>\n<p>\u00c4nderungsw\u00fcnsche werden jedoch gemeinsam mit dem Eigent\u00fcmer sorgf\u00e4ltig gepr\u00fcft. Wir werden unser Bestes tun damit so wenig extrakosten wie m\u00f6glich dazukommen.<\/p>\n<p><strong>Akzeptieren Sie American Express?<\/strong><\/p>\n<p>Leider akzeptiert Alpine Comfort keine Kreditkarten von American Express.<\/p>\n<p><strong>Wir sind eine Gruppe von Freunden, die zusammen Urlaub machen. K\u00f6nnen wir die Mietkosten separat bezahlen?<\/strong><\/p>\n<p>Ja, Sie k\u00f6nnen, aber wir bevorzugen diese Methode nicht.<\/p>\n<p>Wenn dies jedoch der einzige Weg ist, beachten Sie, dass der Hauptgast daf\u00fcr verantwortlich ist, dass alle Parteien ihren Anteil p\u00fcnktlich zahlen. Sie m\u00fcssen uns auch die Namen der anderen Parteimitglieder mitteilen, damit wir die Zahlungen \u00fcberpr\u00fcfen k\u00f6nnen. Wir empfehlen jedoch allen zahlenden Parteien, das entsprechende Guthaben an den nominierten Hauptgast zu \u00fcberweisen, bevor Zahlungen an Alpine Comfort erfolgen.<\/p>\n<p><strong>Ist mein Geld sicher?<\/strong><\/p>\n<p>Wenn Sie Ihren Urlaub und \/ oder Ihre Kaution mit Kredit- oder Debitkarte bezahlen, wird Ihr Geld auf einem sicheren Bankkonto verwahrt, das vom Six-Zahlungsdienst reguliert wird.<\/p>\n<p>Wenn Sie Ihren Urlaub und \/ oder Ihre Kaution per Bank\u00fcberweisung bezahlen, wird das Geld auf unserem sicheren Gesch\u00e4ftskonto aufbewahrt.<\/p>\n<p>In dem unwahrscheinlichen Fall, dass das Unternehmen den Handel einstellt, werden alle Betr\u00e4ge auf unserem sicheren Six-Zahlungskonto dem Gast erstattet &#8211; dies wird von Six verwaltet.<\/p>\n<p>Alle Betr\u00e4ge auf unserem sicheren Gesch\u00e4ftskonto werden zur\u00fcckerstattet &#8211; dies wird von unserer Bank, der Credit Suisse, verwaltet.<\/p>\n<p><strong>\u00a0<\/strong>[\/vc_column_text][\/vc_column][\/vc_row]<\/p>\n","protected":false},"excerpt":{"rendered":"<p>[vc_row][vc_column][vc_single_image image=&#8220;1183&#8243; img_size=&#8220;full&#8220; alignment=&#8220;center&#8220;][\/vc_column][\/vc_row][vc_row][vc_column width=&#8220;1\/4&#8243;][vc_wp_custommenu nav_menu=&#8220;33&#8243;][\/vc_column][vc_column width=&#8220;3\/4&#8243;][vc_column_text] H\u00e4ufig gestellte Fragen Warum ben\u00f6tigen Sie die Namen und das Alter aller G\u00e4ste? Aus Sicherheitsgr\u00fcnden fragen wir nach den Namen und dem Alter aller G\u00e4ste. Dies wird von der \u00f6rtlichen Tourismusbeh\u00f6rde und der Polizei verlangt. Au\u00dferdem d\u00fcrfen nur G\u00e4ste, die bei der Buchung vom Hauptgast angegeben wurden, in [&hellip;]<\/p>\n","protected":false},"author":1,"featured_media":0,"parent":0,"menu_order":0,"comment_status":"closed","ping_status":"closed","template":"","meta":{"rs_blank_template":"","rs_page_bg_color":"","slide_template_v7":"","_monsterinsights_skip_tracking":false,"_monsterinsights_sitenote_active":false,"_monsterinsights_sitenote_note":"","_monsterinsights_sitenote_category":0,"footnotes":""},"class_list":["post-1256","page","type-page","status-publish","hentry"],"acf":[],"yoast_head":"<!-- This site is optimized with the Yoast SEO plugin v27.2 - https:\/\/yoast.com\/product\/yoast-seo-wordpress\/ -->\n<title>H\u00e4ufig gestellte Fragen :: 4 Valleys Chalet Rental<\/title>\n<meta name=\"description\" content=\"H\u00e4ufig gestellte Fragen werden hier beantwortet um Ihre Reservierung mit 4 Valleys Chalet Rental zu erleichtern. Kontaktieren sie uns auch direkt\" \/>\n<meta name=\"robots\" content=\"index, follow, max-snippet:-1, max-image-preview:large, max-video-preview:-1\" \/>\n<link rel=\"canonical\" href=\"https:\/\/4valleyschaletrental.com\/de\/haeufig-gestellte-fragen\/\" \/>\n<meta property=\"og:locale\" content=\"de_DE\" \/>\n<meta property=\"og:type\" content=\"article\" \/>\n<meta property=\"og:title\" content=\"H\u00e4ufig gestellte Fragen :: 4 Valleys Chalet Rental\" \/>\n<meta property=\"og:description\" content=\"H\u00e4ufig gestellte Fragen werden hier beantwortet um Ihre Reservierung mit 4 Valleys Chalet Rental zu erleichtern. Kontaktieren sie uns auch direkt\" \/>\n<meta property=\"og:url\" content=\"https:\/\/4valleyschaletrental.com\/de\/haeufig-gestellte-fragen\/\" \/>\n<meta property=\"og:site_name\" content=\"4 Valleys Chalet Rental\" \/>\n<meta property=\"article:modified_time\" content=\"2019-11-07T10:06:33+00:00\" \/>\n<meta name=\"twitter:card\" content=\"summary_large_image\" \/>\n<meta name=\"twitter:label1\" content=\"Gesch\u00e4tzte Lesezeit\" \/>\n\t<meta name=\"twitter:data1\" content=\"4\u00a0Minuten\" \/>\n<script type=\"application\/ld+json\" class=\"yoast-schema-graph\">{\"@context\":\"https:\/\/schema.org\",\"@graph\":[{\"@type\":\"WebPage\",\"@id\":\"https:\/\/4valleyschaletrental.com\/de\/haeufig-gestellte-fragen\/\",\"url\":\"https:\/\/4valleyschaletrental.com\/de\/haeufig-gestellte-fragen\/\",\"name\":\"H\u00e4ufig gestellte Fragen :: 4 Valleys Chalet Rental\",\"isPartOf\":{\"@id\":\"https:\/\/4valleyschaletrental.com\/de\/#website\"},\"datePublished\":\"2019-10-07T09:53:51+00:00\",\"dateModified\":\"2019-11-07T10:06:33+00:00\",\"description\":\"H\u00e4ufig gestellte Fragen werden hier beantwortet um Ihre Reservierung mit 4 Valleys Chalet Rental zu erleichtern. Kontaktieren sie uns auch direkt\",\"breadcrumb\":{\"@id\":\"https:\/\/4valleyschaletrental.com\/de\/haeufig-gestellte-fragen\/#breadcrumb\"},\"inLanguage\":\"de\",\"potentialAction\":[{\"@type\":\"ReadAction\",\"target\":[\"https:\/\/4valleyschaletrental.com\/de\/haeufig-gestellte-fragen\/\"]}]},{\"@type\":\"BreadcrumbList\",\"@id\":\"https:\/\/4valleyschaletrental.com\/de\/haeufig-gestellte-fragen\/#breadcrumb\",\"itemListElement\":[{\"@type\":\"ListItem\",\"position\":1,\"name\":\"Home\",\"item\":\"https:\/\/4valleyschaletrental.com\/de\/\"},{\"@type\":\"ListItem\",\"position\":2,\"name\":\"H\u00e4ufig gestellte Fragen\"}]},{\"@type\":\"WebSite\",\"@id\":\"https:\/\/4valleyschaletrental.com\/de\/#website\",\"url\":\"https:\/\/4valleyschaletrental.com\/de\/\",\"name\":\"4 Valleys Chalet Rental\",\"description\":\"Luxury catered &amp; self catered Alpine Chalets\",\"potentialAction\":[{\"@type\":\"SearchAction\",\"target\":{\"@type\":\"EntryPoint\",\"urlTemplate\":\"https:\/\/4valleyschaletrental.com\/de\/?s={search_term_string}\"},\"query-input\":{\"@type\":\"PropertyValueSpecification\",\"valueRequired\":true,\"valueName\":\"search_term_string\"}}],\"inLanguage\":\"de\"}]}<\/script>\n<!-- \/ Yoast SEO plugin. -->","yoast_head_json":{"title":"H\u00e4ufig gestellte Fragen :: 4 Valleys Chalet Rental","description":"H\u00e4ufig gestellte Fragen werden hier beantwortet um Ihre Reservierung mit 4 Valleys Chalet Rental zu erleichtern. Kontaktieren sie uns auch direkt","robots":{"index":"index","follow":"follow","max-snippet":"max-snippet:-1","max-image-preview":"max-image-preview:large","max-video-preview":"max-video-preview:-1"},"canonical":"https:\/\/4valleyschaletrental.com\/de\/haeufig-gestellte-fragen\/","og_locale":"de_DE","og_type":"article","og_title":"H\u00e4ufig gestellte Fragen :: 4 Valleys Chalet Rental","og_description":"H\u00e4ufig gestellte Fragen werden hier beantwortet um Ihre Reservierung mit 4 Valleys Chalet Rental zu erleichtern. Kontaktieren sie uns auch direkt","og_url":"https:\/\/4valleyschaletrental.com\/de\/haeufig-gestellte-fragen\/","og_site_name":"4 Valleys Chalet Rental","article_modified_time":"2019-11-07T10:06:33+00:00","twitter_card":"summary_large_image","twitter_misc":{"Gesch\u00e4tzte Lesezeit":"4\u00a0Minuten"},"schema":{"@context":"https:\/\/schema.org","@graph":[{"@type":"WebPage","@id":"https:\/\/4valleyschaletrental.com\/de\/haeufig-gestellte-fragen\/","url":"https:\/\/4valleyschaletrental.com\/de\/haeufig-gestellte-fragen\/","name":"H\u00e4ufig gestellte Fragen :: 4 Valleys Chalet Rental","isPartOf":{"@id":"https:\/\/4valleyschaletrental.com\/de\/#website"},"datePublished":"2019-10-07T09:53:51+00:00","dateModified":"2019-11-07T10:06:33+00:00","description":"H\u00e4ufig gestellte Fragen werden hier beantwortet um Ihre Reservierung mit 4 Valleys Chalet Rental zu erleichtern. Kontaktieren sie uns auch direkt","breadcrumb":{"@id":"https:\/\/4valleyschaletrental.com\/de\/haeufig-gestellte-fragen\/#breadcrumb"},"inLanguage":"de","potentialAction":[{"@type":"ReadAction","target":["https:\/\/4valleyschaletrental.com\/de\/haeufig-gestellte-fragen\/"]}]},{"@type":"BreadcrumbList","@id":"https:\/\/4valleyschaletrental.com\/de\/haeufig-gestellte-fragen\/#breadcrumb","itemListElement":[{"@type":"ListItem","position":1,"name":"Home","item":"https:\/\/4valleyschaletrental.com\/de\/"},{"@type":"ListItem","position":2,"name":"H\u00e4ufig gestellte Fragen"}]},{"@type":"WebSite","@id":"https:\/\/4valleyschaletrental.com\/de\/#website","url":"https:\/\/4valleyschaletrental.com\/de\/","name":"4 Valleys Chalet Rental","description":"Luxury catered &amp; self catered Alpine Chalets","potentialAction":[{"@type":"SearchAction","target":{"@type":"EntryPoint","urlTemplate":"https:\/\/4valleyschaletrental.com\/de\/?s={search_term_string}"},"query-input":{"@type":"PropertyValueSpecification","valueRequired":true,"valueName":"search_term_string"}}],"inLanguage":"de"}]}},"_links":{"self":[{"href":"https:\/\/4valleyschaletrental.com\/de\/wp-json\/wp\/v2\/pages\/1256","targetHints":{"allow":["GET"]}}],"collection":[{"href":"https:\/\/4valleyschaletrental.com\/de\/wp-json\/wp\/v2\/pages"}],"about":[{"href":"https:\/\/4valleyschaletrental.com\/de\/wp-json\/wp\/v2\/types\/page"}],"author":[{"embeddable":true,"href":"https:\/\/4valleyschaletrental.com\/de\/wp-json\/wp\/v2\/users\/1"}],"replies":[{"embeddable":true,"href":"https:\/\/4valleyschaletrental.com\/de\/wp-json\/wp\/v2\/comments?post=1256"}],"version-history":[{"count":4,"href":"https:\/\/4valleyschaletrental.com\/de\/wp-json\/wp\/v2\/pages\/1256\/revisions"}],"predecessor-version":[{"id":1987,"href":"https:\/\/4valleyschaletrental.com\/de\/wp-json\/wp\/v2\/pages\/1256\/revisions\/1987"}],"wp:attachment":[{"href":"https:\/\/4valleyschaletrental.com\/de\/wp-json\/wp\/v2\/media?parent=1256"}],"curies":[{"name":"wp","href":"https:\/\/api.w.org\/{rel}","templated":true}]}}