{"id":1307,"date":"2019-09-26T08:40:31","date_gmt":"2019-09-26T08:40:31","guid":{"rendered":"https:\/\/4valleyschaletrental.com\/food-drinks\/breakfast-service\/"},"modified":"2023-01-24T14:30:29","modified_gmt":"2023-01-24T14:30:29","slug":"chalet-fruehstuecksservice","status":"publish","type":"page","link":"https:\/\/4valleyschaletrental.com\/de\/food-drinks\/chalet-fruehstuecksservice\/","title":{"rendered":"Catering-service"},"content":{"rendered":"<p>[vc_row][vc_column][vc_single_image image=&#8220;1308&#8243; img_size=&#8220;full&#8220; alignment=&#8220;center&#8220;][\/vc_column][\/vc_row][vc_row][vc_column width=&#8220;1\/4&#8243;][vc_wp_custommenu nav_menu=&#8220;22&#8243;][\/vc_column][vc_column width=&#8220;3\/4&#8243;][vc_column_text]<\/p>\n<h3>Catering-service<\/h3>\n<p>Wir arbeiten eng mit ausgezeichneten lokalen Unternehmen zusammen, die Fr\u00fchst\u00fcck, Abendessen und Aufw\u00e4rmoptionen f\u00fcr <strong>unsere Kunden<\/strong> anbieten.<\/p>\n<p>Bitte <a href=\"?page_id=1411&amp;lang=de\">kontaktieren Sie uns<\/a> Ihre W\u00fcnsche mit, damit wir Ihnen weitere Einzelheiten zusenden k\u00f6nnen.[\/vc_column_text][\/vc_column][\/vc_row]<\/p>\n","protected":false},"excerpt":{"rendered":"<p>[vc_row][vc_column][vc_single_image image=&#8220;1308&#8243; img_size=&#8220;full&#8220; alignment=&#8220;center&#8220;][\/vc_column][\/vc_row][vc_row][vc_column width=&#8220;1\/4&#8243;][vc_wp_custommenu nav_menu=&#8220;22&#8243;][\/vc_column][vc_column width=&#8220;3\/4&#8243;][vc_column_text] Catering-service Wir arbeiten eng mit ausgezeichneten lokalen Unternehmen zusammen, die Fr\u00fchst\u00fcck, Abendessen und Aufw\u00e4rmoptionen f\u00fcr unsere Kunden anbieten. Bitte kontaktieren Sie uns Ihre W\u00fcnsche mit, damit wir Ihnen weitere Einzelheiten zusenden k\u00f6nnen.[\/vc_column_text][\/vc_column][\/vc_row]<\/p>\n","protected":false},"author":1,"featured_media":0,"parent":1295,"menu_order":0,"comment_status":"closed","ping_status":"closed","template":"","meta":{"rs_blank_template":"","rs_page_bg_color":"#ffffff","slide_template_v7":"","_monsterinsights_skip_tracking":false,"_monsterinsights_sitenote_active":false,"_monsterinsights_sitenote_note":"","_monsterinsights_sitenote_category":0,"footnotes":""},"class_list":["post-1307","page","type-page","status-publish","hentry"],"acf":[],"yoast_head":"<!-- This site is optimized with the Yoast SEO plugin v27.2 - https:\/\/yoast.com\/product\/yoast-seo-wordpress\/ -->\n<title>Chalet Fr\u00fchst\u00fccksservice :: Luxus Chalet Servcie :: Schweizer Alpen<\/title>\n<meta name=\"description\" content=\"Fr\u00fchst\u00fccksservice im Chalet w\u00e4hrend Ihres Skiurlaubs ist ein Muss. Wachen Sie in Ihrem Ski-Chalet auf zum Aroma von frisch aufgebr\u00fchten Kaffee\" \/>\n<meta name=\"robots\" content=\"index, follow, max-snippet:-1, max-image-preview:large, max-video-preview:-1\" \/>\n<link rel=\"canonical\" href=\"https:\/\/4valleyschaletrental.com\/de\/food-drinks\/chalet-fruehstuecksservice\/\" \/>\n<meta property=\"og:locale\" content=\"de_DE\" \/>\n<meta property=\"og:type\" content=\"article\" \/>\n<meta property=\"og:title\" content=\"Chalet Fr\u00fchst\u00fccksservice :: Luxus Chalet Servcie :: Schweizer Alpen\" \/>\n<meta property=\"og:description\" content=\"Fr\u00fchst\u00fccksservice im Chalet w\u00e4hrend Ihres Skiurlaubs ist ein Muss. Wachen Sie in Ihrem Ski-Chalet auf zum Aroma von frisch aufgebr\u00fchten Kaffee\" \/>\n<meta property=\"og:url\" content=\"https:\/\/4valleyschaletrental.com\/de\/food-drinks\/chalet-fruehstuecksservice\/\" \/>\n<meta property=\"og:site_name\" content=\"4 Valleys Chalet Rental\" \/>\n<meta property=\"article:modified_time\" content=\"2023-01-24T14:30:29+00:00\" \/>\n<meta name=\"twitter:card\" content=\"summary_large_image\" \/>\n<meta name=\"twitter:label1\" content=\"Gesch\u00e4tzte Lesezeit\" \/>\n\t<meta name=\"twitter:data1\" content=\"1\u00a0Minute\" \/>\n<script type=\"application\/ld+json\" class=\"yoast-schema-graph\">{\"@context\":\"https:\/\/schema.org\",\"@graph\":[{\"@type\":\"WebPage\",\"@id\":\"https:\/\/4valleyschaletrental.com\/de\/food-drinks\/chalet-fruehstuecksservice\/\",\"url\":\"https:\/\/4valleyschaletrental.com\/de\/food-drinks\/chalet-fruehstuecksservice\/\",\"name\":\"Chalet Fr\u00fchst\u00fccksservice :: Luxus Chalet Servcie :: Schweizer Alpen\",\"isPartOf\":{\"@id\":\"https:\/\/4valleyschaletrental.com\/de\/#website\"},\"datePublished\":\"2019-09-26T08:40:31+00:00\",\"dateModified\":\"2023-01-24T14:30:29+00:00\",\"description\":\"Fr\u00fchst\u00fccksservice im Chalet w\u00e4hrend Ihres Skiurlaubs ist ein Muss. Wachen Sie in Ihrem Ski-Chalet auf zum Aroma von frisch aufgebr\u00fchten Kaffee\",\"breadcrumb\":{\"@id\":\"https:\/\/4valleyschaletrental.com\/de\/food-drinks\/chalet-fruehstuecksservice\/#breadcrumb\"},\"inLanguage\":\"de\",\"potentialAction\":[{\"@type\":\"ReadAction\",\"target\":[\"https:\/\/4valleyschaletrental.com\/de\/food-drinks\/chalet-fruehstuecksservice\/\"]}]},{\"@type\":\"BreadcrumbList\",\"@id\":\"https:\/\/4valleyschaletrental.com\/de\/food-drinks\/chalet-fruehstuecksservice\/#breadcrumb\",\"itemListElement\":[{\"@type\":\"ListItem\",\"position\":1,\"name\":\"Home\",\"item\":\"https:\/\/4valleyschaletrental.com\/de\/\"},{\"@type\":\"ListItem\",\"position\":2,\"name\":\"Essen &#038; Getr\u00e4nke\",\"item\":\"https:\/\/4valleyschaletrental.com\/de\/food-drinks\/\"},{\"@type\":\"ListItem\",\"position\":3,\"name\":\"Catering-service\"}]},{\"@type\":\"WebSite\",\"@id\":\"https:\/\/4valleyschaletrental.com\/de\/#website\",\"url\":\"https:\/\/4valleyschaletrental.com\/de\/\",\"name\":\"4 Valleys Chalet Rental\",\"description\":\"Luxury catered &amp; self catered Alpine Chalets\",\"potentialAction\":[{\"@type\":\"SearchAction\",\"target\":{\"@type\":\"EntryPoint\",\"urlTemplate\":\"https:\/\/4valleyschaletrental.com\/de\/?s={search_term_string}\"},\"query-input\":{\"@type\":\"PropertyValueSpecification\",\"valueRequired\":true,\"valueName\":\"search_term_string\"}}],\"inLanguage\":\"de\"}]}<\/script>\n<!-- \/ Yoast SEO plugin. -->","yoast_head_json":{"title":"Chalet Fr\u00fchst\u00fccksservice :: Luxus Chalet Servcie :: Schweizer Alpen","description":"Fr\u00fchst\u00fccksservice im Chalet w\u00e4hrend Ihres Skiurlaubs ist ein Muss. Wachen Sie in Ihrem Ski-Chalet auf zum Aroma von frisch aufgebr\u00fchten Kaffee","robots":{"index":"index","follow":"follow","max-snippet":"max-snippet:-1","max-image-preview":"max-image-preview:large","max-video-preview":"max-video-preview:-1"},"canonical":"https:\/\/4valleyschaletrental.com\/de\/food-drinks\/chalet-fruehstuecksservice\/","og_locale":"de_DE","og_type":"article","og_title":"Chalet Fr\u00fchst\u00fccksservice :: Luxus Chalet Servcie :: Schweizer Alpen","og_description":"Fr\u00fchst\u00fccksservice im Chalet w\u00e4hrend Ihres Skiurlaubs ist ein Muss. Wachen Sie in Ihrem Ski-Chalet auf zum Aroma von frisch aufgebr\u00fchten Kaffee","og_url":"https:\/\/4valleyschaletrental.com\/de\/food-drinks\/chalet-fruehstuecksservice\/","og_site_name":"4 Valleys Chalet Rental","article_modified_time":"2023-01-24T14:30:29+00:00","twitter_card":"summary_large_image","twitter_misc":{"Gesch\u00e4tzte Lesezeit":"1\u00a0Minute"},"schema":{"@context":"https:\/\/schema.org","@graph":[{"@type":"WebPage","@id":"https:\/\/4valleyschaletrental.com\/de\/food-drinks\/chalet-fruehstuecksservice\/","url":"https:\/\/4valleyschaletrental.com\/de\/food-drinks\/chalet-fruehstuecksservice\/","name":"Chalet Fr\u00fchst\u00fccksservice :: Luxus Chalet Servcie :: Schweizer Alpen","isPartOf":{"@id":"https:\/\/4valleyschaletrental.com\/de\/#website"},"datePublished":"2019-09-26T08:40:31+00:00","dateModified":"2023-01-24T14:30:29+00:00","description":"Fr\u00fchst\u00fccksservice im Chalet w\u00e4hrend Ihres Skiurlaubs ist ein Muss. Wachen Sie in Ihrem Ski-Chalet auf zum Aroma von frisch aufgebr\u00fchten Kaffee","breadcrumb":{"@id":"https:\/\/4valleyschaletrental.com\/de\/food-drinks\/chalet-fruehstuecksservice\/#breadcrumb"},"inLanguage":"de","potentialAction":[{"@type":"ReadAction","target":["https:\/\/4valleyschaletrental.com\/de\/food-drinks\/chalet-fruehstuecksservice\/"]}]},{"@type":"BreadcrumbList","@id":"https:\/\/4valleyschaletrental.com\/de\/food-drinks\/chalet-fruehstuecksservice\/#breadcrumb","itemListElement":[{"@type":"ListItem","position":1,"name":"Home","item":"https:\/\/4valleyschaletrental.com\/de\/"},{"@type":"ListItem","position":2,"name":"Essen &#038; Getr\u00e4nke","item":"https:\/\/4valleyschaletrental.com\/de\/food-drinks\/"},{"@type":"ListItem","position":3,"name":"Catering-service"}]},{"@type":"WebSite","@id":"https:\/\/4valleyschaletrental.com\/de\/#website","url":"https:\/\/4valleyschaletrental.com\/de\/","name":"4 Valleys Chalet Rental","description":"Luxury catered &amp; self catered Alpine Chalets","potentialAction":[{"@type":"SearchAction","target":{"@type":"EntryPoint","urlTemplate":"https:\/\/4valleyschaletrental.com\/de\/?s={search_term_string}"},"query-input":{"@type":"PropertyValueSpecification","valueRequired":true,"valueName":"search_term_string"}}],"inLanguage":"de"}]}},"_links":{"self":[{"href":"https:\/\/4valleyschaletrental.com\/de\/wp-json\/wp\/v2\/pages\/1307","targetHints":{"allow":["GET"]}}],"collection":[{"href":"https:\/\/4valleyschaletrental.com\/de\/wp-json\/wp\/v2\/pages"}],"about":[{"href":"https:\/\/4valleyschaletrental.com\/de\/wp-json\/wp\/v2\/types\/page"}],"author":[{"embeddable":true,"href":"https:\/\/4valleyschaletrental.com\/de\/wp-json\/wp\/v2\/users\/1"}],"replies":[{"embeddable":true,"href":"https:\/\/4valleyschaletrental.com\/de\/wp-json\/wp\/v2\/comments?post=1307"}],"version-history":[{"count":5,"href":"https:\/\/4valleyschaletrental.com\/de\/wp-json\/wp\/v2\/pages\/1307\/revisions"}],"predecessor-version":[{"id":3146,"href":"https:\/\/4valleyschaletrental.com\/de\/wp-json\/wp\/v2\/pages\/1307\/revisions\/3146"}],"up":[{"embeddable":true,"href":"https:\/\/4valleyschaletrental.com\/de\/wp-json\/wp\/v2\/pages\/1295"}],"wp:attachment":[{"href":"https:\/\/4valleyschaletrental.com\/de\/wp-json\/wp\/v2\/media?parent=1307"}],"curies":[{"name":"wp","href":"https:\/\/api.w.org\/{rel}","templated":true}]}}