{"id":1316,"date":"2019-09-26T08:40:16","date_gmt":"2019-09-26T08:40:16","guid":{"rendered":"https:\/\/4valleyschaletrental.com\/food-drinks\/fully-catered-chalet\/"},"modified":"2019-11-07T10:46:27","modified_gmt":"2019-11-07T10:46:27","slug":"catering-service-chalet","status":"publish","type":"page","link":"https:\/\/4valleyschaletrental.com\/de\/food-drinks\/catering-service-chalet\/","title":{"rendered":"Catering Service im Chalet"},"content":{"rendered":"<p>[vc_row][vc_column][vc_single_image image=&#8220;1320&#8243; img_size=&#8220;full&#8220; alignment=&#8220;center&#8220;][\/vc_column][\/vc_row][vc_row][vc_column width=&#8220;1\/4&#8243;][vc_wp_custommenu nav_menu=&#8220;22&#8243;][\/vc_column][vc_column width=&#8220;3\/4&#8243;][vc_column_text]<\/p>\n<h2>Catering Service im Chalet<\/h2>\n<p>Der ultimative Luxus-Chalet-Urlaub wird komplett, wenn alle Mitglieder Ihrer Gruppe sich wirklich entspannen k\u00f6nnen. Lassen Sie sich von uns verw\u00f6hnen wir k\u00fcmmern uns um die t\u00e4gliche Reinigung der Chalets und das gesamte Catering.<\/p>\n<p>Unser <strong>Alpine Package<\/strong> beinhaltet<\/p>\n<ul>\n<li>6 x kontinentales Fr\u00fchst\u00fcck mit Wahl eines warmen Fr\u00fchst\u00fccks (Eier, Speck)<\/li>\n<li>1 x kontinentales Selbstbedienungsfr\u00fchst\u00fcck am freien Tag des Personals<\/li>\n<li>7 x Nachmittags Tee\/Kaffee und Kuchen<\/li>\n<li>6 x 3-G\u00e4nge-Men\u00fc mit lokalem Hauswein<\/li>\n<li>Chalet Reinigung an 6 Tagen<\/li>\n<\/ul>\n<p>Wenn Sie sich noch mehr verw\u00f6hnen lassen wollen, und das Beste aus Ihrem Chalet-Erlebnis machen wollen, dann upgraden Sie zu unserem Gourmet-Catering-Chalet-Paket.<\/p>\n<p>Upgrade auf das <strong>Gourmet-Paket<\/strong> und f\u00fcge es hinzu;<\/p>\n<ul>\n<li>Canap\u00e9s und Champagner bei der Ankunft und letzte Nacht<\/li>\n<li>Upgrade auf ein 4-G\u00e4nge-Men\u00fc mit Premium-Lokal-Hauswein<\/li>\n<\/ul>\n<p>F\u00fcr jedes Chalet-Paket mit Vollverpflegung kann der 7. Tag auf Wunsch gegen Aufpreis hinzugef\u00fcgt werden.<\/p>\n<h3>Catering Service im Chalet Preise<\/h3>\n<p>Unsere Preise f\u00fcr Catering Service im Chalet richten sich nach der Anzahl der Personen in Ihrer Gruppe (Kleinkinder, Kinder und Erwachsene), aber auch danach, ob Sie sich eine ganze Woche lang verw\u00f6hnen lassen oder ob Sie nur eine halbe Woche lang unseren Chalet Service mit Vollverpflegung ben\u00f6tigen.<\/p>\n<p>Spezielle di\u00e4tetische Anforderungen k\u00f6nnen ebenfalls den Preis erh\u00f6hen.<\/p>\n<p>Bitte kontaktieren Sie uns mit Ihren W\u00fcnschen, damit wir Ihren Catering Service im Chalet f\u00fcr Sie berechnen k\u00f6nnen.[\/vc_column_text][\/vc_column][\/vc_row]<\/p>\n","protected":false},"excerpt":{"rendered":"<p>[vc_row][vc_column][vc_single_image image=&#8220;1320&#8243; img_size=&#8220;full&#8220; alignment=&#8220;center&#8220;][\/vc_column][\/vc_row][vc_row][vc_column width=&#8220;1\/4&#8243;][vc_wp_custommenu nav_menu=&#8220;22&#8243;][\/vc_column][vc_column width=&#8220;3\/4&#8243;][vc_column_text] Catering Service im Chalet Der ultimative Luxus-Chalet-Urlaub wird komplett, wenn alle Mitglieder Ihrer Gruppe sich wirklich entspannen k\u00f6nnen. Lassen Sie sich von uns verw\u00f6hnen wir k\u00fcmmern uns um die t\u00e4gliche Reinigung der Chalets und das gesamte Catering. Unser Alpine Package beinhaltet 6 x kontinentales Fr\u00fchst\u00fcck mit Wahl eines [&hellip;]<\/p>\n","protected":false},"author":1,"featured_media":0,"parent":1295,"menu_order":0,"comment_status":"closed","ping_status":"closed","template":"","meta":{"rs_blank_template":"","rs_page_bg_color":"","slide_template_v7":"","_monsterinsights_skip_tracking":false,"_monsterinsights_sitenote_active":false,"_monsterinsights_sitenote_note":"","_monsterinsights_sitenote_category":0,"footnotes":""},"class_list":["post-1316","page","type-page","status-publish","hentry"],"acf":[],"yoast_head":"<!-- This site is optimized with the Yoast SEO plugin v27.2 - https:\/\/yoast.com\/product\/yoast-seo-wordpress\/ -->\n<title>Catering Service im Chalet | Luxury Alpine Chalet Service<\/title>\n<meta name=\"description\" content=\"Catering Service im Chalet ist ein ma\u00dfgeschneiderter Service. Wir machen die ganze Arbeit, w\u00e4hrend Sie die sch\u00f6nenn4 Vall\u00e9es genie\u00dfen.\" \/>\n<meta name=\"robots\" content=\"index, follow, max-snippet:-1, max-image-preview:large, max-video-preview:-1\" \/>\n<link rel=\"canonical\" href=\"https:\/\/4valleyschaletrental.com\/de\/food-drinks\/catering-service-chalet\/\" \/>\n<meta property=\"og:locale\" content=\"de_DE\" \/>\n<meta property=\"og:type\" content=\"article\" \/>\n<meta property=\"og:title\" content=\"Catering Service im Chalet | Luxury Alpine Chalet Service\" \/>\n<meta property=\"og:description\" content=\"Catering Service im Chalet ist ein ma\u00dfgeschneiderter Service. Wir machen die ganze Arbeit, w\u00e4hrend Sie die sch\u00f6nenn4 Vall\u00e9es genie\u00dfen.\" \/>\n<meta property=\"og:url\" content=\"https:\/\/4valleyschaletrental.com\/de\/food-drinks\/catering-service-chalet\/\" \/>\n<meta property=\"og:site_name\" content=\"4 Valleys Chalet Rental\" \/>\n<meta property=\"article:modified_time\" content=\"2019-11-07T10:46:27+00:00\" \/>\n<meta name=\"twitter:card\" content=\"summary_large_image\" \/>\n<meta name=\"twitter:label1\" content=\"Gesch\u00e4tzte Lesezeit\" \/>\n\t<meta name=\"twitter:data1\" content=\"1\u00a0Minute\" \/>\n<script type=\"application\/ld+json\" class=\"yoast-schema-graph\">{\"@context\":\"https:\/\/schema.org\",\"@graph\":[{\"@type\":\"WebPage\",\"@id\":\"https:\/\/4valleyschaletrental.com\/de\/food-drinks\/catering-service-chalet\/\",\"url\":\"https:\/\/4valleyschaletrental.com\/de\/food-drinks\/catering-service-chalet\/\",\"name\":\"Catering Service im Chalet | Luxury Alpine Chalet Service\",\"isPartOf\":{\"@id\":\"https:\/\/4valleyschaletrental.com\/de\/#website\"},\"datePublished\":\"2019-09-26T08:40:16+00:00\",\"dateModified\":\"2019-11-07T10:46:27+00:00\",\"description\":\"Catering Service im Chalet ist ein ma\u00dfgeschneiderter Service. Wir machen die ganze Arbeit, w\u00e4hrend Sie die sch\u00f6nenn4 Vall\u00e9es genie\u00dfen.\",\"breadcrumb\":{\"@id\":\"https:\/\/4valleyschaletrental.com\/de\/food-drinks\/catering-service-chalet\/#breadcrumb\"},\"inLanguage\":\"de\",\"potentialAction\":[{\"@type\":\"ReadAction\",\"target\":[\"https:\/\/4valleyschaletrental.com\/de\/food-drinks\/catering-service-chalet\/\"]}]},{\"@type\":\"BreadcrumbList\",\"@id\":\"https:\/\/4valleyschaletrental.com\/de\/food-drinks\/catering-service-chalet\/#breadcrumb\",\"itemListElement\":[{\"@type\":\"ListItem\",\"position\":1,\"name\":\"Home\",\"item\":\"https:\/\/4valleyschaletrental.com\/de\/\"},{\"@type\":\"ListItem\",\"position\":2,\"name\":\"Essen &#038; Getr\u00e4nke\",\"item\":\"https:\/\/4valleyschaletrental.com\/de\/food-drinks\/\"},{\"@type\":\"ListItem\",\"position\":3,\"name\":\"Catering Service im Chalet\"}]},{\"@type\":\"WebSite\",\"@id\":\"https:\/\/4valleyschaletrental.com\/de\/#website\",\"url\":\"https:\/\/4valleyschaletrental.com\/de\/\",\"name\":\"4 Valleys Chalet Rental\",\"description\":\"Luxury catered &amp; self catered Alpine Chalets\",\"potentialAction\":[{\"@type\":\"SearchAction\",\"target\":{\"@type\":\"EntryPoint\",\"urlTemplate\":\"https:\/\/4valleyschaletrental.com\/de\/?s={search_term_string}\"},\"query-input\":{\"@type\":\"PropertyValueSpecification\",\"valueRequired\":true,\"valueName\":\"search_term_string\"}}],\"inLanguage\":\"de\"}]}<\/script>\n<!-- \/ Yoast SEO plugin. -->","yoast_head_json":{"title":"Catering Service im Chalet | Luxury Alpine Chalet Service","description":"Catering Service im Chalet ist ein ma\u00dfgeschneiderter Service. Wir machen die ganze Arbeit, w\u00e4hrend Sie die sch\u00f6nenn4 Vall\u00e9es genie\u00dfen.","robots":{"index":"index","follow":"follow","max-snippet":"max-snippet:-1","max-image-preview":"max-image-preview:large","max-video-preview":"max-video-preview:-1"},"canonical":"https:\/\/4valleyschaletrental.com\/de\/food-drinks\/catering-service-chalet\/","og_locale":"de_DE","og_type":"article","og_title":"Catering Service im Chalet | Luxury Alpine Chalet Service","og_description":"Catering Service im Chalet ist ein ma\u00dfgeschneiderter Service. Wir machen die ganze Arbeit, w\u00e4hrend Sie die sch\u00f6nenn4 Vall\u00e9es genie\u00dfen.","og_url":"https:\/\/4valleyschaletrental.com\/de\/food-drinks\/catering-service-chalet\/","og_site_name":"4 Valleys Chalet Rental","article_modified_time":"2019-11-07T10:46:27+00:00","twitter_card":"summary_large_image","twitter_misc":{"Gesch\u00e4tzte Lesezeit":"1\u00a0Minute"},"schema":{"@context":"https:\/\/schema.org","@graph":[{"@type":"WebPage","@id":"https:\/\/4valleyschaletrental.com\/de\/food-drinks\/catering-service-chalet\/","url":"https:\/\/4valleyschaletrental.com\/de\/food-drinks\/catering-service-chalet\/","name":"Catering Service im Chalet | Luxury Alpine Chalet Service","isPartOf":{"@id":"https:\/\/4valleyschaletrental.com\/de\/#website"},"datePublished":"2019-09-26T08:40:16+00:00","dateModified":"2019-11-07T10:46:27+00:00","description":"Catering Service im Chalet ist ein ma\u00dfgeschneiderter Service. Wir machen die ganze Arbeit, w\u00e4hrend Sie die sch\u00f6nenn4 Vall\u00e9es genie\u00dfen.","breadcrumb":{"@id":"https:\/\/4valleyschaletrental.com\/de\/food-drinks\/catering-service-chalet\/#breadcrumb"},"inLanguage":"de","potentialAction":[{"@type":"ReadAction","target":["https:\/\/4valleyschaletrental.com\/de\/food-drinks\/catering-service-chalet\/"]}]},{"@type":"BreadcrumbList","@id":"https:\/\/4valleyschaletrental.com\/de\/food-drinks\/catering-service-chalet\/#breadcrumb","itemListElement":[{"@type":"ListItem","position":1,"name":"Home","item":"https:\/\/4valleyschaletrental.com\/de\/"},{"@type":"ListItem","position":2,"name":"Essen &#038; Getr\u00e4nke","item":"https:\/\/4valleyschaletrental.com\/de\/food-drinks\/"},{"@type":"ListItem","position":3,"name":"Catering Service im Chalet"}]},{"@type":"WebSite","@id":"https:\/\/4valleyschaletrental.com\/de\/#website","url":"https:\/\/4valleyschaletrental.com\/de\/","name":"4 Valleys Chalet Rental","description":"Luxury catered &amp; self catered Alpine Chalets","potentialAction":[{"@type":"SearchAction","target":{"@type":"EntryPoint","urlTemplate":"https:\/\/4valleyschaletrental.com\/de\/?s={search_term_string}"},"query-input":{"@type":"PropertyValueSpecification","valueRequired":true,"valueName":"search_term_string"}}],"inLanguage":"de"}]}},"_links":{"self":[{"href":"https:\/\/4valleyschaletrental.com\/de\/wp-json\/wp\/v2\/pages\/1316","targetHints":{"allow":["GET"]}}],"collection":[{"href":"https:\/\/4valleyschaletrental.com\/de\/wp-json\/wp\/v2\/pages"}],"about":[{"href":"https:\/\/4valleyschaletrental.com\/de\/wp-json\/wp\/v2\/types\/page"}],"author":[{"embeddable":true,"href":"https:\/\/4valleyschaletrental.com\/de\/wp-json\/wp\/v2\/users\/1"}],"replies":[{"embeddable":true,"href":"https:\/\/4valleyschaletrental.com\/de\/wp-json\/wp\/v2\/comments?post=1316"}],"version-history":[{"count":4,"href":"https:\/\/4valleyschaletrental.com\/de\/wp-json\/wp\/v2\/pages\/1316\/revisions"}],"predecessor-version":[{"id":1994,"href":"https:\/\/4valleyschaletrental.com\/de\/wp-json\/wp\/v2\/pages\/1316\/revisions\/1994"}],"up":[{"embeddable":true,"href":"https:\/\/4valleyschaletrental.com\/de\/wp-json\/wp\/v2\/pages\/1295"}],"wp:attachment":[{"href":"https:\/\/4valleyschaletrental.com\/de\/wp-json\/wp\/v2\/media?parent=1316"}],"curies":[{"name":"wp","href":"https:\/\/api.w.org\/{rel}","templated":true}]}}