{"id":1326,"date":"2018-09-12T09:44:02","date_gmt":"2018-09-12T09:44:02","guid":{"rendered":"https:\/\/4valleyschaletrental.com\/activities\/winter-activities-skiing\/"},"modified":"2019-11-11T19:25:47","modified_gmt":"2019-11-11T19:25:47","slug":"les-4-vallees-winter-aktivitaten","status":"publish","type":"page","link":"https:\/\/4valleyschaletrental.com\/de\/activities\/les-4-vallees-winter-aktivitaten\/","title":{"rendered":"Winter Aktivit\u00e4ten"},"content":{"rendered":"<p>[vc_row][vc_column][vc_text_separator title=&#8220;Winter Aktivit\u00e4ten&#8220;][vc_column_text]<span lang=\"DE\"><a href=\"https:\/\/www.nendaz.ch\/de\/index.htm\" target=\"_blank\" rel=\"noopener\">Nendaz<\/a> ist eines der bestgeh\u00fcteten Geheimnisse im Skigebiet des <a href=\"?page_id=1403\">4 Valleys Switzerland- Les 4 Vall\u00e9es<\/a>. Es liegt im Zentrum <a href=\"https:\/\/www.nendaz.ch\/en\/ski-area-lifts\/useful-information\/interactive-ski-map\/live-map-opening-nvrm.htm\" target=\"_blank\" rel=\"noopener\">des Skigebiets Mont Fort 4 Vall\u00e9es<\/a> und ist der perfekte Ausgangspunkt, um dieses Skigebiet in den gro\u00dfen Bergen zu erkunden.<\/span><\/p>\n<p><span lang=\"DE\">Sie haben die M\u00f6glichkeit, zu einem g\u00fcnstigeren Preis Ski zu fahren, indem Sie nur den <strong>lokalen Printse-Pass<\/strong> erwerben, der auch Veysonnaz und Thyon umfasst. Oder Sie erweitern Ihren Pass und greifen auf das gro\u00dfe Skigebiet von Les 4 Vall\u00e9es zu, das sich direkt mit den Liftsystemen Mont Fort und Verbier verbindet.<\/span>[\/vc_column_text][vc_separator][\/vc_column][\/vc_row][vc_row][vc_column width=&#8220;1\/2&#8243;][vc_column_text]<\/p>\n<div>\n<h3><span lang=\"DE\">Skifahren und Snowboarden<\/span><\/h3>\n<p><span lang=\"DE\">Der Mont-Fort auf 3330 m symbolisiert den Gipfel des Skigebiets les 4 Vall\u00e9es, dass immer hervorragende Skibedingungen bieten. Der Skipass besteht aus zwei Sektoren: dem Gebiet Printse, das Nendaz, Siviez, Thyon 2000 und Veysonnaz abdeckt, und dem Skipass les 4 Vall\u00e9es, der f\u00fcr die Mont Fort-Seilbahn und f\u00fcr den Verbier Bereich erforderlich ist. Insgesamt gibt es \u00fcber 400 km markierte Skipisten.<\/span><\/p>\n<\/div>\n<p><a href=\"https:\/\/www.nendaz.ch\/en\/ski-area-lifts\/useful-information\/interactive-ski-map\/live-map-opening-nvrm.htm\" target=\"_blank\" rel=\"noopener\"><span style=\"color: #800000;\">Ski domain Les 4 Vall\u00e9es<\/span><\/a>\u00a0&amp; <a href=\"https:\/\/nvrm.skipass-4vallees.ch\/en\/\" target=\"_blank\" rel=\"noopener\"><span style=\"color: #800000;\">Ski ABO Preise<\/span><\/a><\/p>\n<div><\/div>\n<div>\n<div><\/div>\n<\/div>\n<p>[\/vc_column_text][\/vc_column][vc_column width=&#8220;1\/2&#8243;][vc_single_image image=&#8220;1331&#8243; img_size=&#8220;full&#8220; alignment=&#8220;right&#8220;][\/vc_column][\/vc_row][vc_row][vc_column width=&#8220;1\/2&#8243;][vc_single_image image=&#8220;1334&#8243; img_size=&#8220;full&#8220;][\/vc_column][vc_column width=&#8220;1\/2&#8243;][vc_column_text]<\/p>\n<div>\n<h3><span lang=\"DE\">Kinder im Schnee<\/span><\/h3>\n<p><span lang=\"DE\">Nendaz bietet eine gro\u00dfe Auswahl an verschiedenen Schneeaktivit\u00e4ten, die Kinder entdecken k\u00f6nnen. Oben beim gefrorenen Lac Noir &#8211; Tracouet finden sie ein Sonnenparadis f\u00fcr gross und klein. Kinder jeden Alters k\u00f6nnen die kostenfreien Einrichtungen wie den Tubbe-Schlauch, den Schlepp-teppichlift und das Schneekarussell nutzen. \u00c4hnliche Einrichtungen gibt es auch in Siviez.<\/span><\/p>\n<\/div>\n<p><a href=\"https:\/\/www.nendaz.ch\/en\/ski-area-lifts\/winter-activities\/snow-gardens\/snow-gardens-listingm-isp64-isp66.html\" target=\"_blank\" rel=\"noopener\">Kinder Schneeaktivit\u00e4ten<\/a>[\/vc_column_text][\/vc_column][\/vc_row][vc_row][vc_column width=&#8220;1\/2&#8243;][vc_column_text]<\/p>\n<h3><span lang=\"DE\">Skischule Kids &amp; Adults<\/span><\/h3>\n<p><span lang=\"DE\">Wir haben uns mit einer gro\u00dfartigen \u00f6rtlichen <a href=\"https:\/\/arcenciel-siviez.ch\/en\/\" target=\"_blank\" rel=\"noopener\">Skischule<\/a> zusammengeschlossen, die unseren G\u00e4sten professionellen, unterhaltsamen und preisg\u00fcnstigen Unterricht garantiert. Bei Gruppenunterricht erhalten Sie bei Buchung \u00fcber uns 10% Rabatt.<\/span><\/p>\n<p><span lang=\"DE\">Die Skischulen haben Skilehrer, die in verschiedenen Sprachen unterrichten. Es wird empfohlen, fr\u00fchzeitig einen Skilehrer in einer Sprache Ihrer Wahl zu buchen.<\/span><\/p>\n<p><span lang=\"DE\">Privatstunden in der Hauptsaison M\u00dcSSEN im Voraus gebucht werden.<\/span><\/p>\n<p><span lang=\"DE\">Gut zu wissen ist, dass der Nachmittagsunterricht weniger voll ist und oft in letzter Minute angeboten wird.<\/span>[\/vc_column_text][\/vc_column][vc_column width=&#8220;1\/2&#8243;][vc_single_image image=&#8220;1335&#8243; img_size=&#8220;full&#8220; alignment=&#8220;right&#8220;][\/vc_column][\/vc_row][vc_row][vc_column width=&#8220;1\/2&#8243;][vc_single_image image=&#8220;1329&#8243; img_size=&#8220;full&#8220;][\/vc_column][vc_column width=&#8220;1\/2&#8243;][vc_column_text]<\/p>\n<div>\n<h3>Freeride<\/h3>\n<p>Wenn Sie auf der Suche nach Freiheit, unber\u00fchrter Natur und Pulverschnee sind, dann sind Sie im perfekten Skigebiet und werden finden, wonach Sie suchen. Les 4 Vall\u00e9es ist das gr\u00f6\u00dfte Skigebiet der Schweiz und bietet zahlreiche Off-Pisten (unkontrollierte Pisten) und Gel\u00e4ndem\u00f6glichkeiten.<\/p>\n<\/div>\n<p><a href=\"https:\/\/www.nendaz.ch\/fr\/domaine-skiable\/activites-hiver\/freeride\/freeride-listingm-tps16.html\" target=\"_blank\" rel=\"noopener\"><span style=\"color: #800000;\">Freeride information<\/span><\/a>[\/vc_column_text][\/vc_column][\/vc_row][vc_row][vc_column width=&#8220;1\/2&#8243;][vc_column_text]<\/p>\n<div>\n<h3>Rodeln \/ Schlittenfahren<\/h3>\n<p>Wahrscheinlich eine der lustigsten Aktivit\u00e4ten f\u00fcr alle Altersgruppen. Nendaz bietet in Tortin neben der Skipiste eine 3 km lange Rodelbahn, die zu Fu\u00df oder noch besser mit dem Sessellift erreichbar ist. Ein guter Abschluss eines Skitages ist eine lustige Fahrt mit dem Schlitten.<\/p>\n<p>Im Dorf Nendaz gibt es einen gro\u00dfen kostenlosen Lernh\u00fcgel. Ideal zum Rodeln f\u00fcr die kleinen und zum ersten Anprobieren vom Skifahren.<\/p>\n<p>Schlitten k\u00f6nnen im \u00f6rtlichen Sportgesch\u00e4ft gemietet werden.<\/p>\n<\/div>\n<p><span style=\"color: #800000;\"><a style=\"color: #800000;\" href=\"https:\/\/www.nendaz.ch\/en\/fppoi-sledge-run-39727.html\" target=\"_blank\" rel=\"noopener\">Schlitten Vermietung \u00a0&amp; Informationen<\/a><\/span>[\/vc_column_text][\/vc_column][vc_column width=&#8220;1\/2&#8243;][vc_single_image image=&#8220;1330&#8243; img_size=&#8220;full&#8220; alignment=&#8220;right&#8220;][\/vc_column][\/vc_row][vc_row][vc_column width=&#8220;1\/2&#8243;][vc_single_image image=&#8220;1332&#8243; img_size=&#8220;full&#8220;][\/vc_column][vc_column width=&#8220;1\/2&#8243;][vc_column_text]<\/p>\n<div>\n<h3>Skitouren und Schneeschuhwandern<\/h3>\n<p>Ein einmaliges Erlebnis ist es, das Winterwunderland zu Fu\u00df zu entdecken. Ausgewiesene und markierte Skitouren und Schneeschuhpfade f\u00fchren Sie durch die W\u00e4lder und entlang atemberaubender Landschaften.<\/p>\n<p>Bergf\u00fchrer bieten fortgeschrittener Touren an, die auf Anfrage gebucht werden k\u00f6nnen. Fr\u00fchzeitige Reservierungen w\u00e4hrend der Hochsaison sind empfohlen.<\/p>\n<\/div>\n<p><span style=\"color: #800000;\"><a style=\"color: #800000;\" title=\"Guide valais\" href=\"http:\/\/www.guidesvalais.com\/\" target=\"_blank\" rel=\"noopener noreferrer\">Professionelle Bergf\u00fchrer<\/a>\u00a0<a style=\"color: #800000;\" href=\"https:\/\/www.nendaz.ch\/en\/ski-area-lifts\/winter-activities\/snowshoe-trails\/snowshoe-trails-listingm-trr0.html\" target=\"_blank\" rel=\"noopener\">Schneeschuhwandern<\/a><\/span>[\/vc_column_text][\/vc_column][\/vc_row][vc_row][vc_column width=&#8220;1\/2&#8243;][vc_column_text]<\/p>\n<div>\n<h3>Skilanglauf<\/h3>\n<p>Es gibt zwei Wege im Wald: Einer ist f\u00fcr Anf\u00e4nger gedacht (4 km), der andere f\u00fcr erfahrene Langl\u00e4ufer (6 km). Diese Strecken sind abh\u00e4ngig von den Schneeverh\u00e4ltnissen und nicht immer benutzbar.<\/p>\n<\/div>\n<p><span style=\"color: #800000;\"><a style=\"color: #800000;\" href=\"https:\/\/www.nendaz.ch\/en\/ski-area-lifts\/winter-activities\/cross-country-skiing\/cross-country-skiing-listingm-tsf0.html\" target=\"_blank\" rel=\"noopener\">Mehr Info hier<\/a><\/span>[\/vc_column_text][\/vc_column][vc_column width=&#8220;1\/2&#8243;][vc_single_image image=&#8220;1333&#8243; img_size=&#8220;full&#8220; alignment=&#8220;right&#8220;][\/vc_column][\/vc_row]<\/p>\n","protected":false},"excerpt":{"rendered":"<p>[vc_row][vc_column][vc_text_separator title=&#8220;Winter Aktivit\u00e4ten&#8220;][vc_column_text]Nendaz ist eines der bestgeh\u00fcteten Geheimnisse im Skigebiet des 4 Valleys Switzerland- Les 4 Vall\u00e9es. Es liegt im Zentrum des Skigebiets Mont Fort 4 Vall\u00e9es und ist der perfekte Ausgangspunkt, um dieses Skigebiet in den gro\u00dfen Bergen zu erkunden. Sie haben die M\u00f6glichkeit, zu einem g\u00fcnstigeren Preis Ski zu fahren, indem Sie nur [&hellip;]<\/p>\n","protected":false},"author":1,"featured_media":0,"parent":1324,"menu_order":0,"comment_status":"closed","ping_status":"closed","template":"","meta":{"rs_blank_template":"","rs_page_bg_color":"","slide_template_v7":"","_monsterinsights_skip_tracking":false,"_monsterinsights_sitenote_active":false,"_monsterinsights_sitenote_note":"","_monsterinsights_sitenote_category":0,"footnotes":""},"class_list":["post-1326","page","type-page","status-publish","hentry"],"acf":[],"yoast_head":"<!-- This site is optimized with the Yoast SEO plugin v27.2 - https:\/\/yoast.com\/product\/yoast-seo-wordpress\/ -->\n<title>Les 4 Vall\u00e9es Winter Aktivit\u00e4ten in Luxurious Swiss Alps<\/title>\n<meta name=\"description\" content=\"Les 4 Vall\u00e9es winter Aktivit\u00e4ten ist endlos. Entdecken Sie eine Vielzahl von Winteraktivit\u00e4ten in Les 4 Vall\u00e9es \/ Verbier - Skifahren, Freeriden\" \/>\n<meta name=\"robots\" content=\"index, follow, max-snippet:-1, max-image-preview:large, max-video-preview:-1\" \/>\n<link rel=\"canonical\" href=\"https:\/\/4valleyschaletrental.com\/de\/activities\/les-4-vallees-winter-aktivitaten\/\" \/>\n<meta property=\"og:locale\" content=\"de_DE\" \/>\n<meta property=\"og:type\" content=\"article\" \/>\n<meta property=\"og:title\" content=\"Les 4 Vall\u00e9es Winter Aktivit\u00e4ten in Luxurious Swiss Alps\" \/>\n<meta property=\"og:description\" content=\"Les 4 Vall\u00e9es winter Aktivit\u00e4ten ist endlos. Entdecken Sie eine Vielzahl von Winteraktivit\u00e4ten in Les 4 Vall\u00e9es \/ Verbier - Skifahren, Freeriden\" \/>\n<meta property=\"og:url\" content=\"https:\/\/4valleyschaletrental.com\/de\/activities\/les-4-vallees-winter-aktivitaten\/\" \/>\n<meta property=\"og:site_name\" content=\"4 Valleys Chalet Rental\" \/>\n<meta property=\"article:modified_time\" content=\"2019-11-11T19:25:47+00:00\" \/>\n<meta name=\"twitter:card\" content=\"summary_large_image\" \/>\n<meta name=\"twitter:label1\" content=\"Gesch\u00e4tzte Lesezeit\" \/>\n\t<meta name=\"twitter:data1\" content=\"4\u00a0Minuten\" \/>\n<script type=\"application\/ld+json\" class=\"yoast-schema-graph\">{\"@context\":\"https:\/\/schema.org\",\"@graph\":[{\"@type\":\"WebPage\",\"@id\":\"https:\/\/4valleyschaletrental.com\/de\/activities\/les-4-vallees-winter-aktivitaten\/\",\"url\":\"https:\/\/4valleyschaletrental.com\/de\/activities\/les-4-vallees-winter-aktivitaten\/\",\"name\":\"Les 4 Vall\u00e9es Winter Aktivit\u00e4ten in Luxurious Swiss Alps\",\"isPartOf\":{\"@id\":\"https:\/\/4valleyschaletrental.com\/de\/#website\"},\"datePublished\":\"2018-09-12T09:44:02+00:00\",\"dateModified\":\"2019-11-11T19:25:47+00:00\",\"description\":\"Les 4 Vall\u00e9es winter Aktivit\u00e4ten ist endlos. Entdecken Sie eine Vielzahl von Winteraktivit\u00e4ten in Les 4 Vall\u00e9es \/ Verbier - Skifahren, Freeriden\",\"breadcrumb\":{\"@id\":\"https:\/\/4valleyschaletrental.com\/de\/activities\/les-4-vallees-winter-aktivitaten\/#breadcrumb\"},\"inLanguage\":\"de\",\"potentialAction\":[{\"@type\":\"ReadAction\",\"target\":[\"https:\/\/4valleyschaletrental.com\/de\/activities\/les-4-vallees-winter-aktivitaten\/\"]}]},{\"@type\":\"BreadcrumbList\",\"@id\":\"https:\/\/4valleyschaletrental.com\/de\/activities\/les-4-vallees-winter-aktivitaten\/#breadcrumb\",\"itemListElement\":[{\"@type\":\"ListItem\",\"position\":1,\"name\":\"Home\",\"item\":\"https:\/\/4valleyschaletrental.com\/de\/\"},{\"@type\":\"ListItem\",\"position\":2,\"name\":\"Aktivit\u00e4ten\",\"item\":\"https:\/\/4valleyschaletrental.com\/de\/activities\/\"},{\"@type\":\"ListItem\",\"position\":3,\"name\":\"Winter Aktivit\u00e4ten\"}]},{\"@type\":\"WebSite\",\"@id\":\"https:\/\/4valleyschaletrental.com\/de\/#website\",\"url\":\"https:\/\/4valleyschaletrental.com\/de\/\",\"name\":\"4 Valleys Chalet Rental\",\"description\":\"Luxury catered &amp; self catered Alpine Chalets\",\"potentialAction\":[{\"@type\":\"SearchAction\",\"target\":{\"@type\":\"EntryPoint\",\"urlTemplate\":\"https:\/\/4valleyschaletrental.com\/de\/?s={search_term_string}\"},\"query-input\":{\"@type\":\"PropertyValueSpecification\",\"valueRequired\":true,\"valueName\":\"search_term_string\"}}],\"inLanguage\":\"de\"}]}<\/script>\n<!-- \/ Yoast SEO plugin. -->","yoast_head_json":{"title":"Les 4 Vall\u00e9es Winter Aktivit\u00e4ten in Luxurious Swiss Alps","description":"Les 4 Vall\u00e9es winter Aktivit\u00e4ten ist endlos. Entdecken Sie eine Vielzahl von Winteraktivit\u00e4ten in Les 4 Vall\u00e9es \/ Verbier - Skifahren, Freeriden","robots":{"index":"index","follow":"follow","max-snippet":"max-snippet:-1","max-image-preview":"max-image-preview:large","max-video-preview":"max-video-preview:-1"},"canonical":"https:\/\/4valleyschaletrental.com\/de\/activities\/les-4-vallees-winter-aktivitaten\/","og_locale":"de_DE","og_type":"article","og_title":"Les 4 Vall\u00e9es Winter Aktivit\u00e4ten in Luxurious Swiss Alps","og_description":"Les 4 Vall\u00e9es winter Aktivit\u00e4ten ist endlos. Entdecken Sie eine Vielzahl von Winteraktivit\u00e4ten in Les 4 Vall\u00e9es \/ Verbier - Skifahren, Freeriden","og_url":"https:\/\/4valleyschaletrental.com\/de\/activities\/les-4-vallees-winter-aktivitaten\/","og_site_name":"4 Valleys Chalet Rental","article_modified_time":"2019-11-11T19:25:47+00:00","twitter_card":"summary_large_image","twitter_misc":{"Gesch\u00e4tzte Lesezeit":"4\u00a0Minuten"},"schema":{"@context":"https:\/\/schema.org","@graph":[{"@type":"WebPage","@id":"https:\/\/4valleyschaletrental.com\/de\/activities\/les-4-vallees-winter-aktivitaten\/","url":"https:\/\/4valleyschaletrental.com\/de\/activities\/les-4-vallees-winter-aktivitaten\/","name":"Les 4 Vall\u00e9es Winter Aktivit\u00e4ten in Luxurious Swiss Alps","isPartOf":{"@id":"https:\/\/4valleyschaletrental.com\/de\/#website"},"datePublished":"2018-09-12T09:44:02+00:00","dateModified":"2019-11-11T19:25:47+00:00","description":"Les 4 Vall\u00e9es winter Aktivit\u00e4ten ist endlos. Entdecken Sie eine Vielzahl von Winteraktivit\u00e4ten in Les 4 Vall\u00e9es \/ Verbier - Skifahren, Freeriden","breadcrumb":{"@id":"https:\/\/4valleyschaletrental.com\/de\/activities\/les-4-vallees-winter-aktivitaten\/#breadcrumb"},"inLanguage":"de","potentialAction":[{"@type":"ReadAction","target":["https:\/\/4valleyschaletrental.com\/de\/activities\/les-4-vallees-winter-aktivitaten\/"]}]},{"@type":"BreadcrumbList","@id":"https:\/\/4valleyschaletrental.com\/de\/activities\/les-4-vallees-winter-aktivitaten\/#breadcrumb","itemListElement":[{"@type":"ListItem","position":1,"name":"Home","item":"https:\/\/4valleyschaletrental.com\/de\/"},{"@type":"ListItem","position":2,"name":"Aktivit\u00e4ten","item":"https:\/\/4valleyschaletrental.com\/de\/activities\/"},{"@type":"ListItem","position":3,"name":"Winter Aktivit\u00e4ten"}]},{"@type":"WebSite","@id":"https:\/\/4valleyschaletrental.com\/de\/#website","url":"https:\/\/4valleyschaletrental.com\/de\/","name":"4 Valleys Chalet Rental","description":"Luxury catered &amp; self catered Alpine Chalets","potentialAction":[{"@type":"SearchAction","target":{"@type":"EntryPoint","urlTemplate":"https:\/\/4valleyschaletrental.com\/de\/?s={search_term_string}"},"query-input":{"@type":"PropertyValueSpecification","valueRequired":true,"valueName":"search_term_string"}}],"inLanguage":"de"}]}},"_links":{"self":[{"href":"https:\/\/4valleyschaletrental.com\/de\/wp-json\/wp\/v2\/pages\/1326","targetHints":{"allow":["GET"]}}],"collection":[{"href":"https:\/\/4valleyschaletrental.com\/de\/wp-json\/wp\/v2\/pages"}],"about":[{"href":"https:\/\/4valleyschaletrental.com\/de\/wp-json\/wp\/v2\/types\/page"}],"author":[{"embeddable":true,"href":"https:\/\/4valleyschaletrental.com\/de\/wp-json\/wp\/v2\/users\/1"}],"replies":[{"embeddable":true,"href":"https:\/\/4valleyschaletrental.com\/de\/wp-json\/wp\/v2\/comments?post=1326"}],"version-history":[{"count":7,"href":"https:\/\/4valleyschaletrental.com\/de\/wp-json\/wp\/v2\/pages\/1326\/revisions"}],"predecessor-version":[{"id":2119,"href":"https:\/\/4valleyschaletrental.com\/de\/wp-json\/wp\/v2\/pages\/1326\/revisions\/2119"}],"up":[{"embeddable":true,"href":"https:\/\/4valleyschaletrental.com\/de\/wp-json\/wp\/v2\/pages\/1324"}],"wp:attachment":[{"href":"https:\/\/4valleyschaletrental.com\/de\/wp-json\/wp\/v2\/media?parent=1326"}],"curies":[{"name":"wp","href":"https:\/\/api.w.org\/{rel}","templated":true}]}}