{"id":1355,"date":"2018-11-21T14:42:11","date_gmt":"2018-11-21T14:42:11","guid":{"rendered":"https:\/\/4valleyschaletrental.com\/owners\/"},"modified":"2019-11-07T13:02:29","modified_gmt":"2019-11-07T13:02:29","slug":"chalet-eigentuemer","status":"publish","type":"page","link":"https:\/\/4valleyschaletrental.com\/de\/chalet-eigentuemer\/","title":{"rendered":"Eigent\u00fcmer"},"content":{"rendered":"<p>[vc_row][vc_column][vc_single_image image=&#8220;1354&#8243; img_size=&#8220;full&#8220; alignment=&#8220;center&#8220;][\/vc_column][\/vc_row][vc_row][vc_column width=&#8220;1\/4&#8243;][vc_wp_custommenu nav_menu=&#8220;52&#8243;][\/vc_column][vc_column width=&#8220;3\/4&#8243;][vc_column_text]<\/p>\n<h3>EIGENT\u00dcMER<\/h3>\n<p>Ohne unsere Chalet Eigent\u00fcmer haben wir kein Gesch\u00e4ft! Es ist eine einfache Tatsache!<\/p>\n<p>Aus diesem Grund widmen wir unsere Leidenschaft, Liebe und Sorgfalt dem Chalet oder der Wohnung jedes Eigent\u00fcmers, als ob es unser eigenes w\u00e4re.<\/p>\n<p>Unsere Beziehungen zu unseren Eigent\u00fcmern sind sehr pers\u00f6nlich und wir stehen jederzeit zur Verf\u00fcgung, um alle Aspekte des Betriebs und nat\u00fcrlich der Vermietung eines hochwertigen Ferienhauses zu besprechen.<\/p>\n<p>In diesem Abschnitt unserer Website m\u00f6chten wir potenziellen Eigent\u00fcmern einige grundlegende Informationen zur Verf\u00fcgung stellen, die erw\u00e4gen, ihr Chalet oder ihr Apartment mit <strong>Alpine Comfort &#8211; 4 Valleys Chalet Rental<\/strong> zu vermieten. Wenn Sie die Antwort in den angegebenen Informationen nicht finden, <a href=\"?page_id=1411\">rufen Sie uns bitte an.<\/a><\/p>\n<p>Danke, wir freuen uns sie kennenzulernen!<\/p>\n<p>&nbsp;<\/p>\n<p>[\/vc_column_text][\/vc_column][\/vc_row]<\/p>\n","protected":false},"excerpt":{"rendered":"<p>[vc_row][vc_column][vc_single_image image=&#8220;1354&#8243; img_size=&#8220;full&#8220; alignment=&#8220;center&#8220;][\/vc_column][\/vc_row][vc_row][vc_column width=&#8220;1\/4&#8243;][vc_wp_custommenu nav_menu=&#8220;52&#8243;][\/vc_column][vc_column width=&#8220;3\/4&#8243;][vc_column_text] EIGENT\u00dcMER Ohne unsere Chalet Eigent\u00fcmer haben wir kein Gesch\u00e4ft! Es ist eine einfache Tatsache! Aus diesem Grund widmen wir unsere Leidenschaft, Liebe und Sorgfalt dem Chalet oder der Wohnung jedes Eigent\u00fcmers, als ob es unser eigenes w\u00e4re. Unsere Beziehungen zu unseren Eigent\u00fcmern sind sehr pers\u00f6nlich und wir stehen [&hellip;]<\/p>\n","protected":false},"author":1,"featured_media":0,"parent":0,"menu_order":0,"comment_status":"closed","ping_status":"closed","template":"","meta":{"rs_blank_template":"","rs_page_bg_color":"","slide_template_v7":"","_monsterinsights_skip_tracking":false,"_monsterinsights_sitenote_active":false,"_monsterinsights_sitenote_note":"","_monsterinsights_sitenote_category":0,"footnotes":""},"class_list":["post-1355","page","type-page","status-publish","hentry"],"acf":[],"yoast_head":"<!-- This site is optimized with the Yoast SEO plugin v27.2 - https:\/\/yoast.com\/product\/yoast-seo-wordpress\/ -->\n<title>Luxury Chalet Eigent\u00fcmer :: Chalet Managment :: Alpine Comfort<\/title>\n<meta name=\"description\" content=\"Chalet Eigent\u00fcmer in Nendaz ? Haben Sie ein Luxus-Chalet in den Nendaz zu vermieten? Alpine Comfort - 4 Valleys Chalet Rental ist ihr perfekte Partner.\" \/>\n<meta name=\"robots\" content=\"index, follow, max-snippet:-1, max-image-preview:large, max-video-preview:-1\" \/>\n<link rel=\"canonical\" href=\"https:\/\/4valleyschaletrental.com\/de\/chalet-eigentuemer\/\" \/>\n<meta property=\"og:locale\" content=\"de_DE\" \/>\n<meta property=\"og:type\" content=\"article\" \/>\n<meta property=\"og:title\" content=\"Luxury Chalet Eigent\u00fcmer :: Chalet Managment :: Alpine Comfort\" \/>\n<meta property=\"og:description\" content=\"Chalet Eigent\u00fcmer in Nendaz ? Haben Sie ein Luxus-Chalet in den Nendaz zu vermieten? Alpine Comfort - 4 Valleys Chalet Rental ist ihr perfekte Partner.\" \/>\n<meta property=\"og:url\" content=\"https:\/\/4valleyschaletrental.com\/de\/chalet-eigentuemer\/\" \/>\n<meta property=\"og:site_name\" content=\"4 Valleys Chalet Rental\" \/>\n<meta property=\"article:modified_time\" content=\"2019-11-07T13:02:29+00:00\" \/>\n<meta name=\"twitter:card\" content=\"summary_large_image\" \/>\n<meta name=\"twitter:label1\" content=\"Gesch\u00e4tzte Lesezeit\" \/>\n\t<meta name=\"twitter:data1\" content=\"1\u00a0Minute\" \/>\n<script type=\"application\/ld+json\" class=\"yoast-schema-graph\">{\"@context\":\"https:\/\/schema.org\",\"@graph\":[{\"@type\":\"WebPage\",\"@id\":\"https:\/\/4valleyschaletrental.com\/de\/chalet-eigentuemer\/\",\"url\":\"https:\/\/4valleyschaletrental.com\/de\/chalet-eigentuemer\/\",\"name\":\"Luxury Chalet Eigent\u00fcmer :: Chalet Managment :: Alpine Comfort\",\"isPartOf\":{\"@id\":\"https:\/\/4valleyschaletrental.com\/de\/#website\"},\"datePublished\":\"2018-11-21T14:42:11+00:00\",\"dateModified\":\"2019-11-07T13:02:29+00:00\",\"description\":\"Chalet Eigent\u00fcmer in Nendaz ? Haben Sie ein Luxus-Chalet in den Nendaz zu vermieten? Alpine Comfort - 4 Valleys Chalet Rental ist ihr perfekte Partner.\",\"breadcrumb\":{\"@id\":\"https:\/\/4valleyschaletrental.com\/de\/chalet-eigentuemer\/#breadcrumb\"},\"inLanguage\":\"de\",\"potentialAction\":[{\"@type\":\"ReadAction\",\"target\":[\"https:\/\/4valleyschaletrental.com\/de\/chalet-eigentuemer\/\"]}]},{\"@type\":\"BreadcrumbList\",\"@id\":\"https:\/\/4valleyschaletrental.com\/de\/chalet-eigentuemer\/#breadcrumb\",\"itemListElement\":[{\"@type\":\"ListItem\",\"position\":1,\"name\":\"Home\",\"item\":\"https:\/\/4valleyschaletrental.com\/de\/\"},{\"@type\":\"ListItem\",\"position\":2,\"name\":\"Eigent\u00fcmer\"}]},{\"@type\":\"WebSite\",\"@id\":\"https:\/\/4valleyschaletrental.com\/de\/#website\",\"url\":\"https:\/\/4valleyschaletrental.com\/de\/\",\"name\":\"4 Valleys Chalet Rental\",\"description\":\"Luxury catered &amp; self catered Alpine Chalets\",\"potentialAction\":[{\"@type\":\"SearchAction\",\"target\":{\"@type\":\"EntryPoint\",\"urlTemplate\":\"https:\/\/4valleyschaletrental.com\/de\/?s={search_term_string}\"},\"query-input\":{\"@type\":\"PropertyValueSpecification\",\"valueRequired\":true,\"valueName\":\"search_term_string\"}}],\"inLanguage\":\"de\"}]}<\/script>\n<!-- \/ Yoast SEO plugin. -->","yoast_head_json":{"title":"Luxury Chalet Eigent\u00fcmer :: Chalet Managment :: Alpine Comfort","description":"Chalet Eigent\u00fcmer in Nendaz ? Haben Sie ein Luxus-Chalet in den Nendaz zu vermieten? Alpine Comfort - 4 Valleys Chalet Rental ist ihr perfekte Partner.","robots":{"index":"index","follow":"follow","max-snippet":"max-snippet:-1","max-image-preview":"max-image-preview:large","max-video-preview":"max-video-preview:-1"},"canonical":"https:\/\/4valleyschaletrental.com\/de\/chalet-eigentuemer\/","og_locale":"de_DE","og_type":"article","og_title":"Luxury Chalet Eigent\u00fcmer :: Chalet Managment :: Alpine Comfort","og_description":"Chalet Eigent\u00fcmer in Nendaz ? Haben Sie ein Luxus-Chalet in den Nendaz zu vermieten? Alpine Comfort - 4 Valleys Chalet Rental ist ihr perfekte Partner.","og_url":"https:\/\/4valleyschaletrental.com\/de\/chalet-eigentuemer\/","og_site_name":"4 Valleys Chalet Rental","article_modified_time":"2019-11-07T13:02:29+00:00","twitter_card":"summary_large_image","twitter_misc":{"Gesch\u00e4tzte Lesezeit":"1\u00a0Minute"},"schema":{"@context":"https:\/\/schema.org","@graph":[{"@type":"WebPage","@id":"https:\/\/4valleyschaletrental.com\/de\/chalet-eigentuemer\/","url":"https:\/\/4valleyschaletrental.com\/de\/chalet-eigentuemer\/","name":"Luxury Chalet Eigent\u00fcmer :: Chalet Managment :: Alpine Comfort","isPartOf":{"@id":"https:\/\/4valleyschaletrental.com\/de\/#website"},"datePublished":"2018-11-21T14:42:11+00:00","dateModified":"2019-11-07T13:02:29+00:00","description":"Chalet Eigent\u00fcmer in Nendaz ? Haben Sie ein Luxus-Chalet in den Nendaz zu vermieten? Alpine Comfort - 4 Valleys Chalet Rental ist ihr perfekte Partner.","breadcrumb":{"@id":"https:\/\/4valleyschaletrental.com\/de\/chalet-eigentuemer\/#breadcrumb"},"inLanguage":"de","potentialAction":[{"@type":"ReadAction","target":["https:\/\/4valleyschaletrental.com\/de\/chalet-eigentuemer\/"]}]},{"@type":"BreadcrumbList","@id":"https:\/\/4valleyschaletrental.com\/de\/chalet-eigentuemer\/#breadcrumb","itemListElement":[{"@type":"ListItem","position":1,"name":"Home","item":"https:\/\/4valleyschaletrental.com\/de\/"},{"@type":"ListItem","position":2,"name":"Eigent\u00fcmer"}]},{"@type":"WebSite","@id":"https:\/\/4valleyschaletrental.com\/de\/#website","url":"https:\/\/4valleyschaletrental.com\/de\/","name":"4 Valleys Chalet Rental","description":"Luxury catered &amp; self catered Alpine Chalets","potentialAction":[{"@type":"SearchAction","target":{"@type":"EntryPoint","urlTemplate":"https:\/\/4valleyschaletrental.com\/de\/?s={search_term_string}"},"query-input":{"@type":"PropertyValueSpecification","valueRequired":true,"valueName":"search_term_string"}}],"inLanguage":"de"}]}},"_links":{"self":[{"href":"https:\/\/4valleyschaletrental.com\/de\/wp-json\/wp\/v2\/pages\/1355","targetHints":{"allow":["GET"]}}],"collection":[{"href":"https:\/\/4valleyschaletrental.com\/de\/wp-json\/wp\/v2\/pages"}],"about":[{"href":"https:\/\/4valleyschaletrental.com\/de\/wp-json\/wp\/v2\/types\/page"}],"author":[{"embeddable":true,"href":"https:\/\/4valleyschaletrental.com\/de\/wp-json\/wp\/v2\/users\/1"}],"replies":[{"embeddable":true,"href":"https:\/\/4valleyschaletrental.com\/de\/wp-json\/wp\/v2\/comments?post=1355"}],"version-history":[{"count":7,"href":"https:\/\/4valleyschaletrental.com\/de\/wp-json\/wp\/v2\/pages\/1355\/revisions"}],"predecessor-version":[{"id":2039,"href":"https:\/\/4valleyschaletrental.com\/de\/wp-json\/wp\/v2\/pages\/1355\/revisions\/2039"}],"wp:attachment":[{"href":"https:\/\/4valleyschaletrental.com\/de\/wp-json\/wp\/v2\/media?parent=1355"}],"curies":[{"name":"wp","href":"https:\/\/api.w.org\/{rel}","templated":true}]}}