{"id":1360,"date":"2019-09-26T08:40:24","date_gmt":"2019-09-26T08:40:24","guid":{"rendered":"https:\/\/4valleyschaletrental.com\/food-drinks\/re-heat-menu-option\/"},"modified":"2019-11-11T11:42:46","modified_gmt":"2019-11-11T11:42:46","slug":"menus-aufwaermen","status":"publish","type":"page","link":"https:\/\/4valleyschaletrental.com\/de\/food-drinks\/menus-aufwaermen\/","title":{"rendered":"Men\u00fcs zum Aufw\u00e4rmen"},"content":{"rendered":"<p>[vc_row][vc_column][vc_single_image image=&#8220;1361&#8243; img_size=&#8220;full&#8220; alignment=&#8220;center&#8220;][\/vc_column][\/vc_row][vc_row][vc_column width=&#8220;1\/4&#8243;][vc_wp_custommenu nav_menu=&#8220;22&#8243;][\/vc_column][vc_column width=&#8220;3\/4&#8243;][vc_column_text]<\/p>\n<h3>Re-Heat Men\u00fcoptionen<\/h3>\n<p>Wir verstehen, dass nicht jeder gerne \u201ePersonal\u201c im Chalet hat, w\u00e4hrend er im Urlaub ist, aber wir verstehen auch, dass das Kochen immer ein Kampf ist, um sich zu organisieren und ehrlich zu sein, wer m\u00f6chte w\u00e4hrend eines luxuri\u00f6sen Aufenthaltes in den Schweizer Alpen in der K\u00fcche stehen?<\/p>\n<p>Deshalb haben wir die perfekte Option f\u00fcr Sie gefunden. Wir haben uns mit einem lokalen Unternehmen zusammengetan, um Ihnen Zeit zu sparen und Ihren Urlaub optimal zu gestalten. Unser Catering-Partner kann im Voraus k\u00f6stliche Mahlzeiten zubereiten und diese mit einfachen Kochanweisungen (Erw\u00e4rmung) zu Ihrem Chalet liefern.<\/p>\n<p>Diese praktische Option erspart Ihnen Stress und Zeit bei der Zubereitung von Speisen. So k\u00f6nnen Sie problemlos spezielle Mahlzeiten f\u00fcr Ihre Urlaubsfeier zubereiten.<\/p>\n<p>Diese Option muss im Voraus gebucht und vereinbart werden, mindestens jedoch 2 Tage im Voraus.<\/p>\n<p>Sprechen Sie mit uns, um mehr zu erfahren und die Verf\u00fcgbarkeit zu pr\u00fcfen.<\/p>\n<p>&nbsp;<\/p>\n<h3>Re-Heat Men\u00fcoptionen &#8211; Preise<\/h3>\n<p>Die Preise k\u00f6nnen nach Ermessen des Catering-Unternehmens ge\u00e4ndert werden.<\/p>\n<p><a href=\"?page_id=1411&amp;lang=de\">Kontaktieren Sie uns<\/a> und wir k\u00f6nnen Ihnen helfen, die beste Option f\u00fcr Ihre Gruppe zu finden und sie direkt mit dem Cateringservice in Verbindung setzen.[\/vc_column_text][\/vc_column][\/vc_row]<\/p>\n","protected":false},"excerpt":{"rendered":"<p>[vc_row][vc_column][vc_single_image image=&#8220;1361&#8243; img_size=&#8220;full&#8220; alignment=&#8220;center&#8220;][\/vc_column][\/vc_row][vc_row][vc_column width=&#8220;1\/4&#8243;][vc_wp_custommenu nav_menu=&#8220;22&#8243;][\/vc_column][vc_column width=&#8220;3\/4&#8243;][vc_column_text] Re-Heat Men\u00fcoptionen Wir verstehen, dass nicht jeder gerne \u201ePersonal\u201c im Chalet hat, w\u00e4hrend er im Urlaub ist, aber wir verstehen auch, dass das Kochen immer ein Kampf ist, um sich zu organisieren und ehrlich zu sein, wer m\u00f6chte w\u00e4hrend eines luxuri\u00f6sen Aufenthaltes in den Schweizer Alpen in der [&hellip;]<\/p>\n","protected":false},"author":1,"featured_media":0,"parent":1295,"menu_order":0,"comment_status":"closed","ping_status":"closed","template":"","meta":{"rs_blank_template":"","rs_page_bg_color":"","slide_template_v7":"","_monsterinsights_skip_tracking":false,"_monsterinsights_sitenote_active":false,"_monsterinsights_sitenote_note":"","_monsterinsights_sitenote_category":0,"footnotes":""},"class_list":["post-1360","page","type-page","status-publish","hentry"],"acf":[],"yoast_head":"<!-- This site is optimized with the Yoast SEO plugin v27.2 - https:\/\/yoast.com\/product\/yoast-seo-wordpress\/ -->\n<title>Men\u00fcs zum Aufw\u00e4rmen f\u00fcr alle Chalets in Nendaz :: Alpine Comfort<\/title>\n<meta name=\"description\" content=\"Men\u00fcs zum Aufw\u00e4rmen f\u00fcr alle Chalets in Nendaz :: Alpine Comfort. Dies bedeutet mehr Zeit, um die Nendaz Chalets zu genie\u00dfen\" \/>\n<meta name=\"robots\" content=\"index, follow, max-snippet:-1, max-image-preview:large, max-video-preview:-1\" \/>\n<link rel=\"canonical\" href=\"https:\/\/4valleyschaletrental.com\/de\/food-drinks\/menus-aufwaermen\/\" \/>\n<meta property=\"og:locale\" content=\"de_DE\" \/>\n<meta property=\"og:type\" content=\"article\" \/>\n<meta property=\"og:title\" content=\"Men\u00fcs zum Aufw\u00e4rmen f\u00fcr alle Chalets in Nendaz :: Alpine Comfort\" \/>\n<meta property=\"og:description\" content=\"Men\u00fcs zum Aufw\u00e4rmen f\u00fcr alle Chalets in Nendaz :: Alpine Comfort. Dies bedeutet mehr Zeit, um die Nendaz Chalets zu genie\u00dfen\" \/>\n<meta property=\"og:url\" content=\"https:\/\/4valleyschaletrental.com\/de\/food-drinks\/menus-aufwaermen\/\" \/>\n<meta property=\"og:site_name\" content=\"4 Valleys Chalet Rental\" \/>\n<meta property=\"article:modified_time\" content=\"2019-11-11T11:42:46+00:00\" \/>\n<meta name=\"twitter:card\" content=\"summary_large_image\" \/>\n<meta name=\"twitter:label1\" content=\"Gesch\u00e4tzte Lesezeit\" \/>\n\t<meta name=\"twitter:data1\" content=\"1\u00a0Minute\" \/>\n<script type=\"application\/ld+json\" class=\"yoast-schema-graph\">{\"@context\":\"https:\/\/schema.org\",\"@graph\":[{\"@type\":\"WebPage\",\"@id\":\"https:\/\/4valleyschaletrental.com\/de\/food-drinks\/menus-aufwaermen\/\",\"url\":\"https:\/\/4valleyschaletrental.com\/de\/food-drinks\/menus-aufwaermen\/\",\"name\":\"Men\u00fcs zum Aufw\u00e4rmen f\u00fcr alle Chalets in Nendaz :: Alpine Comfort\",\"isPartOf\":{\"@id\":\"https:\/\/4valleyschaletrental.com\/de\/#website\"},\"datePublished\":\"2019-09-26T08:40:24+00:00\",\"dateModified\":\"2019-11-11T11:42:46+00:00\",\"description\":\"Men\u00fcs zum Aufw\u00e4rmen f\u00fcr alle Chalets in Nendaz :: Alpine Comfort. Dies bedeutet mehr Zeit, um die Nendaz Chalets zu genie\u00dfen\",\"breadcrumb\":{\"@id\":\"https:\/\/4valleyschaletrental.com\/de\/food-drinks\/menus-aufwaermen\/#breadcrumb\"},\"inLanguage\":\"de\",\"potentialAction\":[{\"@type\":\"ReadAction\",\"target\":[\"https:\/\/4valleyschaletrental.com\/de\/food-drinks\/menus-aufwaermen\/\"]}]},{\"@type\":\"BreadcrumbList\",\"@id\":\"https:\/\/4valleyschaletrental.com\/de\/food-drinks\/menus-aufwaermen\/#breadcrumb\",\"itemListElement\":[{\"@type\":\"ListItem\",\"position\":1,\"name\":\"Home\",\"item\":\"https:\/\/4valleyschaletrental.com\/de\/\"},{\"@type\":\"ListItem\",\"position\":2,\"name\":\"Essen &#038; Getr\u00e4nke\",\"item\":\"https:\/\/4valleyschaletrental.com\/de\/food-drinks\/\"},{\"@type\":\"ListItem\",\"position\":3,\"name\":\"Men\u00fcs zum Aufw\u00e4rmen\"}]},{\"@type\":\"WebSite\",\"@id\":\"https:\/\/4valleyschaletrental.com\/de\/#website\",\"url\":\"https:\/\/4valleyschaletrental.com\/de\/\",\"name\":\"4 Valleys Chalet Rental\",\"description\":\"Luxury catered &amp; self catered Alpine Chalets\",\"potentialAction\":[{\"@type\":\"SearchAction\",\"target\":{\"@type\":\"EntryPoint\",\"urlTemplate\":\"https:\/\/4valleyschaletrental.com\/de\/?s={search_term_string}\"},\"query-input\":{\"@type\":\"PropertyValueSpecification\",\"valueRequired\":true,\"valueName\":\"search_term_string\"}}],\"inLanguage\":\"de\"}]}<\/script>\n<!-- \/ Yoast SEO plugin. -->","yoast_head_json":{"title":"Men\u00fcs zum Aufw\u00e4rmen f\u00fcr alle Chalets in Nendaz :: Alpine Comfort","description":"Men\u00fcs zum Aufw\u00e4rmen f\u00fcr alle Chalets in Nendaz :: Alpine Comfort. Dies bedeutet mehr Zeit, um die Nendaz Chalets zu genie\u00dfen","robots":{"index":"index","follow":"follow","max-snippet":"max-snippet:-1","max-image-preview":"max-image-preview:large","max-video-preview":"max-video-preview:-1"},"canonical":"https:\/\/4valleyschaletrental.com\/de\/food-drinks\/menus-aufwaermen\/","og_locale":"de_DE","og_type":"article","og_title":"Men\u00fcs zum Aufw\u00e4rmen f\u00fcr alle Chalets in Nendaz :: Alpine Comfort","og_description":"Men\u00fcs zum Aufw\u00e4rmen f\u00fcr alle Chalets in Nendaz :: Alpine Comfort. Dies bedeutet mehr Zeit, um die Nendaz Chalets zu genie\u00dfen","og_url":"https:\/\/4valleyschaletrental.com\/de\/food-drinks\/menus-aufwaermen\/","og_site_name":"4 Valleys Chalet Rental","article_modified_time":"2019-11-11T11:42:46+00:00","twitter_card":"summary_large_image","twitter_misc":{"Gesch\u00e4tzte Lesezeit":"1\u00a0Minute"},"schema":{"@context":"https:\/\/schema.org","@graph":[{"@type":"WebPage","@id":"https:\/\/4valleyschaletrental.com\/de\/food-drinks\/menus-aufwaermen\/","url":"https:\/\/4valleyschaletrental.com\/de\/food-drinks\/menus-aufwaermen\/","name":"Men\u00fcs zum Aufw\u00e4rmen f\u00fcr alle Chalets in Nendaz :: Alpine Comfort","isPartOf":{"@id":"https:\/\/4valleyschaletrental.com\/de\/#website"},"datePublished":"2019-09-26T08:40:24+00:00","dateModified":"2019-11-11T11:42:46+00:00","description":"Men\u00fcs zum Aufw\u00e4rmen f\u00fcr alle Chalets in Nendaz :: Alpine Comfort. Dies bedeutet mehr Zeit, um die Nendaz Chalets zu genie\u00dfen","breadcrumb":{"@id":"https:\/\/4valleyschaletrental.com\/de\/food-drinks\/menus-aufwaermen\/#breadcrumb"},"inLanguage":"de","potentialAction":[{"@type":"ReadAction","target":["https:\/\/4valleyschaletrental.com\/de\/food-drinks\/menus-aufwaermen\/"]}]},{"@type":"BreadcrumbList","@id":"https:\/\/4valleyschaletrental.com\/de\/food-drinks\/menus-aufwaermen\/#breadcrumb","itemListElement":[{"@type":"ListItem","position":1,"name":"Home","item":"https:\/\/4valleyschaletrental.com\/de\/"},{"@type":"ListItem","position":2,"name":"Essen &#038; Getr\u00e4nke","item":"https:\/\/4valleyschaletrental.com\/de\/food-drinks\/"},{"@type":"ListItem","position":3,"name":"Men\u00fcs zum Aufw\u00e4rmen"}]},{"@type":"WebSite","@id":"https:\/\/4valleyschaletrental.com\/de\/#website","url":"https:\/\/4valleyschaletrental.com\/de\/","name":"4 Valleys Chalet Rental","description":"Luxury catered &amp; self catered Alpine Chalets","potentialAction":[{"@type":"SearchAction","target":{"@type":"EntryPoint","urlTemplate":"https:\/\/4valleyschaletrental.com\/de\/?s={search_term_string}"},"query-input":{"@type":"PropertyValueSpecification","valueRequired":true,"valueName":"search_term_string"}}],"inLanguage":"de"}]}},"_links":{"self":[{"href":"https:\/\/4valleyschaletrental.com\/de\/wp-json\/wp\/v2\/pages\/1360","targetHints":{"allow":["GET"]}}],"collection":[{"href":"https:\/\/4valleyschaletrental.com\/de\/wp-json\/wp\/v2\/pages"}],"about":[{"href":"https:\/\/4valleyschaletrental.com\/de\/wp-json\/wp\/v2\/types\/page"}],"author":[{"embeddable":true,"href":"https:\/\/4valleyschaletrental.com\/de\/wp-json\/wp\/v2\/users\/1"}],"replies":[{"embeddable":true,"href":"https:\/\/4valleyschaletrental.com\/de\/wp-json\/wp\/v2\/comments?post=1360"}],"version-history":[{"count":5,"href":"https:\/\/4valleyschaletrental.com\/de\/wp-json\/wp\/v2\/pages\/1360\/revisions"}],"predecessor-version":[{"id":2113,"href":"https:\/\/4valleyschaletrental.com\/de\/wp-json\/wp\/v2\/pages\/1360\/revisions\/2113"}],"up":[{"embeddable":true,"href":"https:\/\/4valleyschaletrental.com\/de\/wp-json\/wp\/v2\/pages\/1295"}],"wp:attachment":[{"href":"https:\/\/4valleyschaletrental.com\/de\/wp-json\/wp\/v2\/media?parent=1360"}],"curies":[{"name":"wp","href":"https:\/\/api.w.org\/{rel}","templated":true}]}}