{"id":1380,"date":"2018-09-12T09:43:36","date_gmt":"2018-09-12T09:43:36","guid":{"rendered":"https:\/\/4valleyschaletrental.com\/activities\/summer-activities\/"},"modified":"2019-11-28T19:56:43","modified_gmt":"2019-11-28T19:56:43","slug":"sommer-aktivitaeten","status":"publish","type":"page","link":"https:\/\/4valleyschaletrental.com\/de\/activities\/sommer-aktivitaeten\/","title":{"rendered":"Sommer Aktivit\u00e4ten"},"content":{"rendered":"<p>[vc_row][vc_column][vc_text_separator title=&#8220;Sommer Aktivit\u00e4ten&#8220;][vc_column_text]Das Les 4 Vall\u00e9es Domain den Schweizer Alpen bietet hervorragende M\u00f6glichkeiten zum Wandern und Mountainbike. Unser Aktivit\u00e4tsangebot bietet jedoch noch viel mehr, um Ihren Aufenthalt in Nendaz unvergesslich zu machen.<\/p>\n<p>Unternehmen Sie Tagesausfl\u00fcge zu den h\u00f6chsten Gipfeln der Schweiz, die \u00fcber 4000 m hochragen, oder besuchen Sie die Gletscherspalten des ber\u00fchmten Aletschgletschers. Nicht zu vergessen die vielen Klettersteige und W\u00e4nde, die nur eine kurze Autofahrt von Nendaz entfernt sind.<\/p>\n<p>Kindererlebnis- und andere Aktivit\u00e4tsparks sind ebenfalls innerhalb von 30 Autominuten von den Chalets erreichbar.<\/p>\n<p>Wir arbeiten eng mit den besten professionellen Bergf\u00fchrern der Schweiz zusammen und haben schon mit einigen auf einem 4000m Gipfel gestanden, geklettert und gesichert, wobei die Sicherheit immer die oberste Priorit\u00e4t hat.<\/p>\n<p>Wir freuen uns, Ihnen Informationen und Unterst\u00fctzung zu bieten, damit Sie einen abenteuerlicheren und unvergesslicheren Urlaub planen k\u00f6nnen. Es ist unsere Leidenschaft und es ist das, was wir lieben. Warum also nicht teilen![\/vc_column_text][vc_separator][\/vc_column][\/vc_row][vc_row][vc_column width=&#8220;1\/2&#8243;][vc_column_text]<\/p>\n<h3>WANDERN &amp; WANDERN<\/h3>\n<p>Die M\u00f6glichkeiten sind riesig. Und wir sind so ziemlich jeden Weg in der Gegend gewandert. Mit vielen Informationen, Karten und Vorschl\u00e4gen, die in den Chalets auf Sie warten, wird Ihr Wanderurlaub mit Sicherheit zum Erfolg.<\/p>\n<p>Gerne stellen wir auch einige der Wanderungen mit Ihnen zusammen und unterbreiten Ihnen Vorschl\u00e4ge, wie Sie die normalen Routen an Ihre Anforderungen anpassen k\u00f6nnen, wenn Sie beispielsweise steile Abstiege vermeiden m\u00f6chten.<\/p>\n<p><strong>Beispiel f\u00fcr <a href=\"https:\/\/www.nendaz.ch\/de\/aktivitaten-freizeit\/sommer-herbst\/wanderungen\/wanderungen-listingm-trp0-ttt0-tvi0.html\" target=\"_blank\" rel=\"noopener\">lokale Wanderungen<\/a><\/strong><\/p>\n<ul>\n<li>Besteigen Sie die La Dent de Nendaz von Tracouet aus in 45 Minuten bergauf<\/li>\n<li>Wanderung zum Cleuson Dam und zur Cabana St Laurent 2,5 Stunden<\/li>\n<li>La Dent de Nendaz, entlang des Berg-Grates zum Plan de Fou, Abstieg nach Siviez. 5h mit Abholung in Siviez<\/li>\n<li>Siviez, Col de Louvie, Col de la Chaux, Gentianes, Siviez. 6 &#8211; 7 Stunden. Nur w\u00e4hrend der Saison m\u00f6glich, wenn die Liftanlagen in Betrieb sind, da sonst die Wanderung sich auf\u00a0 8 bis 10 Stunden Verl\u00e4ngert.<\/li>\n<\/ul>\n<p>[\/vc_column_text][\/vc_column][vc_column width=&#8220;1\/2&#8243;][vc_single_image image=&#8220;1381&#8243; img_size=&#8220;full&#8220; alignment=&#8220;right&#8220;][\/vc_column][\/vc_row][vc_row][vc_column width=&#8220;1\/2&#8243;][vc_single_image image=&#8220;1384&#8243; img_size=&#8220;full&#8220;][\/vc_column][vc_column width=&#8220;1\/2&#8243;][vc_column_text]<\/p>\n<h3>Familien- und Freizeitspazierg\u00e4nge<\/h3>\n<p>Die uralten Suonen (Bew\u00e4sserungskan\u00e4le) f\u00fchren Sie durch Natur und wundersch\u00f6ne Landschaften. Es handelt sich meistens um flache und leichte Spazierg\u00e4nge, die sich ideal f\u00fcr Familien mit j\u00fcngeren Kindern eignen, oder um nach einem guten Mittagessen etwas frische Luft zu schnappen. Die Wanderungen dauern zwischen 45 Minuten und 3-5 Stunden.<\/p>\n<p><strong>Beispiele f\u00fcr Wanderungen entlang den <a href=\"https:\/\/www.nendaz.ch\/de\/portail-suonen-nendaz.htm?respp=9\" target=\"_blank\" rel=\"noopener\">Nendaz Bissen<\/a>\u00a0<\/strong><\/p>\n<ul>\n<li>Bisse d&#8217;en Bas und Bisse de Milieu, Hin- und R\u00fcckfahrt 2,5 bis 3 Stunden<\/li>\n<li>Vieux Bisse kombiniert mit Bisse d&#8217;en Bas oder Bisse du Milieu, Hin- und R\u00fcckfahrt 3,5 bis 4 Stunden<\/li>\n<li>Alte Bisse de Ch\u00e8vre zum Cleuson Dam, 3h mit Sessellift-Zugang<\/li>\n<li>Sch\u00f6ne Bisse de Levron 4 Vall\u00e9es, mit Seilbahnen von Siviez<\/li>\n<\/ul>\n<p><a href=\"https:\/\/packedagain.com\/easy-hikes-kids-valais-switzerland\/\" target=\"_blank\" rel=\"noopener\">Andere Familen Hikes im Wallis\u00a0<\/a>[\/vc_column_text][\/vc_column][\/vc_row][vc_row][vc_column width=&#8220;1\/2&#8243;][vc_column_text]<\/p>\n<h3>Bergwanderungen<\/h3>\n<p>Bei einem ganzt\u00e4gigen Abenteuer haben Sie die M\u00f6glichkeit, einige der sch\u00f6nsten Bergpfade zu entdecken. Einige beginnen von Ihrem Chalet, andere innerhalb einer Autostunde. Die Auswahl ist endlos. F\u00fcr diese Wanderungen ist es sehr wichtig, die Wetter-Vorhersage zu \u00fcberpr\u00fcfen, bevor Sie sich in das Herz der 4-Vall\u00e9es-Berge wagen, um eine sichere R\u00fcckkehr in die Zivilisation zu gew\u00e4hrleisten.<\/p>\n<p>Alles von einer 4 &#8211; 8 st\u00fcndigen Wanderung mit oder ohne Liftanlagen, einige vorbei an wundersch\u00f6nen blauen Bergseen. Es gibt Routen mit Ketten f\u00fcr Abenteurer und wir k\u00f6nnen Ihnen zeigen, wo Sie das Edelweiss finden und wo die anmutigen Steinb\u00f6cke mit ihren gro\u00dfen H\u00f6rnern gesichtet werden k\u00f6nnen.<\/p>\n<p><strong>Beispiele f\u00fcr <a href=\"https:\/\/www.nendaz.ch\/de\/portail-nendaz-trekking.htm\" target=\"_blank\" rel=\"noopener\">Bergwanderungen<\/a> in der Umgebung<\/strong><\/p>\n<ul>\n<li>Aufstieg zum Lac de Salanfe, 2h bergauf<\/li>\n<li>Blatten, Riederfurka, Aletschgletscher, Belalp 5-6,5 h Wanderung<\/li>\n<li>Zermatt, 5-Seen-Wanderung, kann verk\u00fcrzt werden, 5-st\u00fcndige Rundfahrt<\/li>\n<li>Verbier, Pierre Avoi Circle, 3h Hin- und R\u00fcckfahrt<\/li>\n<\/ul>\n<p>[\/vc_column_text][\/vc_column][vc_column width=&#8220;1\/2&#8243;][vc_single_image image=&#8220;1385&#8243; img_size=&#8220;full&#8220; alignment=&#8220;right&#8220;][\/vc_column][\/vc_row][vc_row][vc_column width=&#8220;1\/2&#8243;][vc_single_image image=&#8220;1389&#8243; img_size=&#8220;full&#8220;][\/vc_column][vc_column width=&#8220;1\/2&#8243;][vc_column_text]<\/p>\n<h3>Klettern<\/h3>\n<p>Mehr als 28 Standorte mit mehr als 1211 ausgestatteten Routen von 3c &#8211; 8c stehen f\u00fcr Sie bereit. Das Wallis ist das gr\u00f6\u00dfte Klettergebiet der Schweiz. Die meisten dieser Orte liegen zwischen 5 und 90 Autominuten von den Chalets entfernt. Wenn Sie Anf\u00e4nger sind oder lernen, eine Mehrseill\u00e4ngenroute genie\u00dfen oder eine Expedition unternehmen m\u00f6chten, haben wir die Informationen und einen perfekten F\u00fchrer f\u00fcr Sie.<\/p>\n<p>Bei schlechtem Wetter und nur 30 Autominuten von den Chalets entfernt befindet sich Wallis &#8218;gr\u00f6\u00dfte <a href=\"https:\/\/www.vertic-halle.ch\/en\" target=\"_blank\" rel=\"noopener\">Indoor-Kletterhalle<\/a> mit \u00fcber 120 Routen auf einer Fl\u00e4che von 1500m2. Bouldern ist ebenfalls m\u00f6glich und viele Auto-Assureur-Kabel sorgen f\u00fcr einen perfekten Tag mit Freunden oder der Familie.<\/p>\n<p>Ausr\u00fcstungsverleih im \u00f6rtlichen Klettergesch\u00e4ft m\u00f6glich.[\/vc_column_text][\/vc_column][\/vc_row][vc_row][vc_column width=&#8220;1\/2&#8243;][vc_column_text]<\/p>\n<h3>Ein Tag am Gletscher<\/h3>\n<p>Haben Sie sich jemals gefragt, wie es sich anf\u00fchlt, in der N\u00e4he einer Gletscherspalte zu sein oder wollten Sie schon immer einen Gletscher \u00fcberqueren und einen Blick in das endlose Eis werfen?<\/p>\n<p>Gemeinsam mit einem professionellen Guide lernen Sie die Gefahren und die Sch\u00f6nheit eines der ber\u00fchmtesten Gletscher der Welt, <a href=\"https:\/\/www.aletscharena.ch\/nature-en\/the-great-aletsch-glacier\/\" target=\"_blank\" rel=\"noopener\">den Aletsch<\/a>, kennen. Diese Aktivit\u00e4t richtet sich an alle und an Kinder im Alter von 5 bis 6 Jahren, je nach Wanderkompetenz und Erfahrung.<\/p>\n<p>Dies ist eine Ganztagesaktivit\u00e4t und der Gletscher ist ca. 1 Stunde und 15 Minuten Fahrt von den <a href=\"https:\/\/4valleyschaletrental.com\/luxury-chalets\/?lang=de\">Chalets<\/a> entfernt.[\/vc_column_text][\/vc_column][vc_column width=&#8220;1\/2&#8243;][vc_single_image image=&#8220;1388&#8243; img_size=&#8220;full&#8220; alignment=&#8220;right&#8220;][\/vc_column][\/vc_row][vc_row][vc_column width=&#8220;1\/2&#8243;][vc_single_image image=&#8220;1387&#8243; img_size=&#8220;full&#8220;][\/vc_column][vc_column width=&#8220;1\/2&#8243;][vc_column_text]<\/p>\n<h3>Bergsteigen auf den 4000er Gipfel<\/h3>\n<p>Wie oft hast du Dir gew\u00fcnscht, dass du eines Tages auf einem 4000er Gipfel stehst? Warum nicht einfach machen? Von den Chalets aus sind mehrere leichte Viertausender zu erreichen. Verwirklichen Sie diesen Traum.<\/p>\n<p>Zusammen mit einem professionellen Bergf\u00fchrer haben Sie und Ihre Familie oder Freunde die M\u00f6glichkeit, einige der sch\u00f6nsten Viertausender der Schweiz zu besteigen. Abh\u00e4ngig von Ihrer Erfahrung ist die Auswahl riesig, aber ob es sich um einen leichten, mittelschweren oder schwierigen Gipfel handelt, alle haben das besondere \u201eEtwas\u201c, das man nur erkl\u00e4ren kann, wenn man den Gipfel erreicht hat. Ein Abenteuer, das Sie nie vergessen werden.<\/p>\n<p>F\u00fcr Fortgeschrittene Gipfelst\u00fcrmer ist etwas Erfahrung im Bergsteigen notwendig und die Anstiege sind l\u00e4nger und schwerer.<\/p>\n<p>Normalerweise kehren Sie am Nachmittag zum Ausgangspunkt zur\u00fcck. <a href=\"?page_id=1411&amp;lang=de\">Kontaktieren Sie uns<\/a> f\u00fcr weitere Informationen und um einen Leitfaden zu finden.[\/vc_column_text][\/vc_column][\/vc_row][vc_row][vc_column width=&#8220;1\/2&#8243;][vc_column_text]<\/p>\n<h3>Klettersteig \u2013 Via Ferrata<\/h3>\n<p>Wenn Sie auf der Suche nach einer etwas extremeren Bergwanderung sind, sich aber nicht f\u00fcr richtiges Klettern interessieren, ist der Klettersteig oder die <a href=\"https:\/\/www.nendaz.ch\/de\/winter\/aktivitaten-freizeit\/sommer-herbst\/via-cordata-via-ferrata\/via-cordata-via-ferrata-listingm-as51-as21-tvc0-tvf0.html\" target=\"_blank\" rel=\"noopener\">&#8222;Via Ferrata&#8220;<\/a> die perfekte Aktivit\u00e4t f\u00fcr Sie.<\/p>\n<p>Es handelt sich um eine gesch\u00fctzte Kletterroute, die es relativ unerfahrenen Personen erm\u00f6glicht, die dramatischen Aussichten zu genie\u00dfen und schwierige Gipfel und Routen zu erreichen, f\u00fcr die normalerweise das Fachwissen eines Bergf\u00fchrers erforderlich ist.<\/p>\n<p>In der N\u00e4he der Chalets befinden sich mehrere Klettersteige, die Sie innerhalb von maximal 1 Autostunde entdecken k\u00f6nnen.<\/p>\n<p>Obwohl keine Vorkenntnisse erforderlich sind, sind f\u00fcr eine Via Ferrata-Route ein guter Schwindel, Grundkenntnisse und etwas Kraft erforderlich. Es kann als ein deutlicher Unterschied zum gew\u00f6hnlichen Bergwandern gesehen werden.<\/p>\n<p>Wenn Sie es noch nie probiert haben, genie\u00dfen Sie einen Klettersteig zusammen mit unseren empfohlenen professionellen Bergf\u00fchrern.[\/vc_column_text][\/vc_column][vc_column width=&#8220;1\/2&#8243;][vc_single_image image=&#8220;1386&#8243; img_size=&#8220;full&#8220; alignment=&#8220;right&#8220;][\/vc_column][\/vc_row][vc_row][vc_column width=&#8220;1\/2&#8243;][vc_single_image image=&#8220;1390&#8243; img_size=&#8220;full&#8220;][\/vc_column][vc_column width=&#8220;1\/2&#8243;][vc_column_text]<\/p>\n<h3>Mountainbiking<\/h3>\n<p>Nendaz und seine Umgebung bieten eine Vielzahl von Strecken mit \u00fcber 200 km abwechslungsreichen Routen f\u00fcr alle Mountainbiker. W\u00e4hrend der Saison, in der die Lifte ge\u00f6ffnet sind, fahren die Fahrr\u00e4der kostenlos, sodass Sie Energie sparen und mit etwas Hilfe die erste Etappe Ihrer Tour zur\u00fccklegen k\u00f6nnen.<\/p>\n<p>Es gibt auch mehrere Abfahrten hier in Nendaz, in Verbier oder sogar bei Crans Montana.<\/p>\n<p>Ein hochwertiger Fahrradverleih ist in Nendaz verf\u00fcgbar.<\/p>\n<p><a href=\"https:\/\/www.nendaz.ch\/de\/aktivitaten-freizeit\/fruhling-sommer-herbst\/mtb-ebike\/\/de\/portail-vtt-ebike.htm\" target=\"_blank\" rel=\"noopener\">PLUS E-Mountainbikes<\/a> !! Mit Sicherheit keine Spielerei, aber Hilfe f\u00fcr diejenigen, die das Mountainbiken aufgrund von Schwierigkeiten eingestellt haben. F\u00fcr einige von uns ist es einfach zu schwer und es macht keinen Spa\u00df mehr. Mit den brandneuen Elektro-Mountainbikes haben Sie die M\u00f6glichkeit, diese sehr harten Anstiege mit etwas Hilfe zu \u00fcberwinden. Kontaktieren Sie uns f\u00fcr weitere Details.[\/vc_column_text][\/vc_column][\/vc_row][vc_row][vc_column width=&#8220;1\/2&#8243;][vc_column_text]<\/p>\n<h3>Wein \u00a0Degustieren<\/h3>\n<p>Unsere Chalets befinden sich inmitten von \u00fcber hunderten von Weinbergen, die sich vom Genfersee bis nach Salgesch, der Hauptstadt des Walliser Weinbaus, erstrecken.<\/p>\n<p>Besuchen Sie einen der Weinberge und lassen Sie sich die Schweizer Geheimnisse der Herstellung einiger der besten Weine erkl\u00e4ren. Nat\u00fcrlich ist kein Besuch ohne Verkostung komplett.<\/p>\n<p>Jedes Jahr im September organisieren \u00fcber 35 Winzer aus der Region eine <a href=\"https:\/\/salgesch.ch\/erlebnis\/wanderungen\/\" target=\"_blank\" rel=\"noopener\">Wanderroute durch die Weinberge<\/a>, die Weinproben, Raclette-Grillgerichte und Walliser Spezialit\u00e4ten anbietet. Die Strecke ist 6 km lang und f\u00fcr jedermann zug\u00e4nglich. Kontaktieren Sie uns f\u00fcr die genauen Daten und Verf\u00fcgbarkeit.[\/vc_column_text][\/vc_column][vc_column width=&#8220;1\/2&#8243;][vc_single_image image=&#8220;1391&#8243; img_size=&#8220;full&#8220; alignment=&#8220;right&#8220;][\/vc_column][\/vc_row]<\/p>\n","protected":false},"excerpt":{"rendered":"<p>[vc_row][vc_column][vc_text_separator title=&#8220;Sommer Aktivit\u00e4ten&#8220;][vc_column_text]Das Les 4 Vall\u00e9es Domain den Schweizer Alpen bietet hervorragende M\u00f6glichkeiten zum Wandern und Mountainbike. Unser Aktivit\u00e4tsangebot bietet jedoch noch viel mehr, um Ihren Aufenthalt in Nendaz unvergesslich zu machen. Unternehmen Sie Tagesausfl\u00fcge zu den h\u00f6chsten Gipfeln der Schweiz, die \u00fcber 4000 m hochragen, oder besuchen Sie die Gletscherspalten des ber\u00fchmten Aletschgletschers. Nicht [&hellip;]<\/p>\n","protected":false},"author":1,"featured_media":0,"parent":1324,"menu_order":0,"comment_status":"closed","ping_status":"closed","template":"","meta":{"rs_blank_template":"","rs_page_bg_color":"","slide_template_v7":"","_monsterinsights_skip_tracking":false,"_monsterinsights_sitenote_active":false,"_monsterinsights_sitenote_note":"","_monsterinsights_sitenote_category":0,"footnotes":""},"class_list":["post-1380","page","type-page","status-publish","hentry"],"acf":[],"yoast_head":"<!-- This site is optimized with the Yoast SEO plugin v27.2 - https:\/\/yoast.com\/product\/yoast-seo-wordpress\/ -->\n<title>Sommer Alpine Aktivit\u00e4ten in 4 Valleys - 4 Vall\u00e9es Switzerland<\/title>\n<meta name=\"description\" content=\"Sommer Aktivit\u00e4ten in Les 4 Vall\u00e9es domain. Das Wanderparadies liegt inmitten unserer Chalets . Alpine Comfort 4 Valleys Chalet Rental\" \/>\n<meta name=\"robots\" content=\"index, follow, max-snippet:-1, max-image-preview:large, max-video-preview:-1\" \/>\n<link rel=\"canonical\" href=\"https:\/\/4valleyschaletrental.com\/de\/activities\/sommer-aktivitaeten\/\" \/>\n<meta property=\"og:locale\" content=\"de_DE\" \/>\n<meta property=\"og:type\" content=\"article\" \/>\n<meta property=\"og:title\" content=\"Sommer Alpine Aktivit\u00e4ten in 4 Valleys - 4 Vall\u00e9es Switzerland\" \/>\n<meta property=\"og:description\" content=\"Sommer Aktivit\u00e4ten in Les 4 Vall\u00e9es domain. Das Wanderparadies liegt inmitten unserer Chalets . Alpine Comfort 4 Valleys Chalet Rental\" \/>\n<meta property=\"og:url\" content=\"https:\/\/4valleyschaletrental.com\/de\/activities\/sommer-aktivitaeten\/\" \/>\n<meta property=\"og:site_name\" content=\"4 Valleys Chalet Rental\" \/>\n<meta property=\"article:modified_time\" content=\"2019-11-28T19:56:43+00:00\" \/>\n<meta name=\"twitter:card\" content=\"summary_large_image\" \/>\n<meta name=\"twitter:label1\" content=\"Gesch\u00e4tzte Lesezeit\" \/>\n\t<meta name=\"twitter:data1\" content=\"8\u00a0Minuten\" \/>\n<script type=\"application\/ld+json\" class=\"yoast-schema-graph\">{\"@context\":\"https:\/\/schema.org\",\"@graph\":[{\"@type\":\"WebPage\",\"@id\":\"https:\/\/4valleyschaletrental.com\/de\/activities\/sommer-aktivitaeten\/\",\"url\":\"https:\/\/4valleyschaletrental.com\/de\/activities\/sommer-aktivitaeten\/\",\"name\":\"Sommer Alpine Aktivit\u00e4ten in 4 Valleys - 4 Vall\u00e9es Switzerland\",\"isPartOf\":{\"@id\":\"https:\/\/4valleyschaletrental.com\/de\/#website\"},\"datePublished\":\"2018-09-12T09:43:36+00:00\",\"dateModified\":\"2019-11-28T19:56:43+00:00\",\"description\":\"Sommer Aktivit\u00e4ten in Les 4 Vall\u00e9es domain. Das Wanderparadies liegt inmitten unserer Chalets . Alpine Comfort 4 Valleys Chalet Rental\",\"breadcrumb\":{\"@id\":\"https:\/\/4valleyschaletrental.com\/de\/activities\/sommer-aktivitaeten\/#breadcrumb\"},\"inLanguage\":\"de\",\"potentialAction\":[{\"@type\":\"ReadAction\",\"target\":[\"https:\/\/4valleyschaletrental.com\/de\/activities\/sommer-aktivitaeten\/\"]}]},{\"@type\":\"BreadcrumbList\",\"@id\":\"https:\/\/4valleyschaletrental.com\/de\/activities\/sommer-aktivitaeten\/#breadcrumb\",\"itemListElement\":[{\"@type\":\"ListItem\",\"position\":1,\"name\":\"Home\",\"item\":\"https:\/\/4valleyschaletrental.com\/de\/\"},{\"@type\":\"ListItem\",\"position\":2,\"name\":\"Aktivit\u00e4ten\",\"item\":\"https:\/\/4valleyschaletrental.com\/de\/activities\/\"},{\"@type\":\"ListItem\",\"position\":3,\"name\":\"Sommer Aktivit\u00e4ten\"}]},{\"@type\":\"WebSite\",\"@id\":\"https:\/\/4valleyschaletrental.com\/de\/#website\",\"url\":\"https:\/\/4valleyschaletrental.com\/de\/\",\"name\":\"4 Valleys Chalet Rental\",\"description\":\"Luxury catered &amp; self catered Alpine Chalets\",\"potentialAction\":[{\"@type\":\"SearchAction\",\"target\":{\"@type\":\"EntryPoint\",\"urlTemplate\":\"https:\/\/4valleyschaletrental.com\/de\/?s={search_term_string}\"},\"query-input\":{\"@type\":\"PropertyValueSpecification\",\"valueRequired\":true,\"valueName\":\"search_term_string\"}}],\"inLanguage\":\"de\"}]}<\/script>\n<!-- \/ Yoast SEO plugin. -->","yoast_head_json":{"title":"Sommer Alpine Aktivit\u00e4ten in 4 Valleys - 4 Vall\u00e9es Switzerland","description":"Sommer Aktivit\u00e4ten in Les 4 Vall\u00e9es domain. Das Wanderparadies liegt inmitten unserer Chalets . Alpine Comfort 4 Valleys Chalet Rental","robots":{"index":"index","follow":"follow","max-snippet":"max-snippet:-1","max-image-preview":"max-image-preview:large","max-video-preview":"max-video-preview:-1"},"canonical":"https:\/\/4valleyschaletrental.com\/de\/activities\/sommer-aktivitaeten\/","og_locale":"de_DE","og_type":"article","og_title":"Sommer Alpine Aktivit\u00e4ten in 4 Valleys - 4 Vall\u00e9es Switzerland","og_description":"Sommer Aktivit\u00e4ten in Les 4 Vall\u00e9es domain. Das Wanderparadies liegt inmitten unserer Chalets . Alpine Comfort 4 Valleys Chalet Rental","og_url":"https:\/\/4valleyschaletrental.com\/de\/activities\/sommer-aktivitaeten\/","og_site_name":"4 Valleys Chalet Rental","article_modified_time":"2019-11-28T19:56:43+00:00","twitter_card":"summary_large_image","twitter_misc":{"Gesch\u00e4tzte Lesezeit":"8\u00a0Minuten"},"schema":{"@context":"https:\/\/schema.org","@graph":[{"@type":"WebPage","@id":"https:\/\/4valleyschaletrental.com\/de\/activities\/sommer-aktivitaeten\/","url":"https:\/\/4valleyschaletrental.com\/de\/activities\/sommer-aktivitaeten\/","name":"Sommer Alpine Aktivit\u00e4ten in 4 Valleys - 4 Vall\u00e9es Switzerland","isPartOf":{"@id":"https:\/\/4valleyschaletrental.com\/de\/#website"},"datePublished":"2018-09-12T09:43:36+00:00","dateModified":"2019-11-28T19:56:43+00:00","description":"Sommer Aktivit\u00e4ten in Les 4 Vall\u00e9es domain. Das Wanderparadies liegt inmitten unserer Chalets . Alpine Comfort 4 Valleys Chalet Rental","breadcrumb":{"@id":"https:\/\/4valleyschaletrental.com\/de\/activities\/sommer-aktivitaeten\/#breadcrumb"},"inLanguage":"de","potentialAction":[{"@type":"ReadAction","target":["https:\/\/4valleyschaletrental.com\/de\/activities\/sommer-aktivitaeten\/"]}]},{"@type":"BreadcrumbList","@id":"https:\/\/4valleyschaletrental.com\/de\/activities\/sommer-aktivitaeten\/#breadcrumb","itemListElement":[{"@type":"ListItem","position":1,"name":"Home","item":"https:\/\/4valleyschaletrental.com\/de\/"},{"@type":"ListItem","position":2,"name":"Aktivit\u00e4ten","item":"https:\/\/4valleyschaletrental.com\/de\/activities\/"},{"@type":"ListItem","position":3,"name":"Sommer Aktivit\u00e4ten"}]},{"@type":"WebSite","@id":"https:\/\/4valleyschaletrental.com\/de\/#website","url":"https:\/\/4valleyschaletrental.com\/de\/","name":"4 Valleys Chalet Rental","description":"Luxury catered &amp; self catered Alpine Chalets","potentialAction":[{"@type":"SearchAction","target":{"@type":"EntryPoint","urlTemplate":"https:\/\/4valleyschaletrental.com\/de\/?s={search_term_string}"},"query-input":{"@type":"PropertyValueSpecification","valueRequired":true,"valueName":"search_term_string"}}],"inLanguage":"de"}]}},"_links":{"self":[{"href":"https:\/\/4valleyschaletrental.com\/de\/wp-json\/wp\/v2\/pages\/1380","targetHints":{"allow":["GET"]}}],"collection":[{"href":"https:\/\/4valleyschaletrental.com\/de\/wp-json\/wp\/v2\/pages"}],"about":[{"href":"https:\/\/4valleyschaletrental.com\/de\/wp-json\/wp\/v2\/types\/page"}],"author":[{"embeddable":true,"href":"https:\/\/4valleyschaletrental.com\/de\/wp-json\/wp\/v2\/users\/1"}],"replies":[{"embeddable":true,"href":"https:\/\/4valleyschaletrental.com\/de\/wp-json\/wp\/v2\/comments?post=1380"}],"version-history":[{"count":15,"href":"https:\/\/4valleyschaletrental.com\/de\/wp-json\/wp\/v2\/pages\/1380\/revisions"}],"predecessor-version":[{"id":2563,"href":"https:\/\/4valleyschaletrental.com\/de\/wp-json\/wp\/v2\/pages\/1380\/revisions\/2563"}],"up":[{"embeddable":true,"href":"https:\/\/4valleyschaletrental.com\/de\/wp-json\/wp\/v2\/pages\/1324"}],"wp:attachment":[{"href":"https:\/\/4valleyschaletrental.com\/de\/wp-json\/wp\/v2\/media?parent=1380"}],"curies":[{"name":"wp","href":"https:\/\/api.w.org\/{rel}","templated":true}]}}