{"id":1395,"date":"2019-09-26T08:45:14","date_gmt":"2019-09-26T08:45:14","guid":{"rendered":"https:\/\/4valleyschaletrental.com\/owners\/can-we-help\/"},"modified":"2019-11-16T21:25:46","modified_gmt":"2019-11-16T21:25:46","slug":"chalet-servcie-management","status":"publish","type":"page","link":"https:\/\/4valleyschaletrental.com\/de\/chalet-eigentuemer\/chalet-servcie-management\/","title":{"rendered":"Wie k\u00f6nnen wir behilflich sein?"},"content":{"rendered":"<p>[vc_row][vc_column][vc_single_image image=&#8220;1396&#8243; img_size=&#8220;full&#8220; alignment=&#8220;center&#8220;][\/vc_column][\/vc_row][vc_row][vc_column width=&#8220;1\/4&#8243;][vc_wp_custommenu nav_menu=&#8220;32&#8243;][\/vc_column][vc_column width=&#8220;3\/4&#8243;][vc_column_text]<\/p>\n<h3>Wie k\u00f6nnen wir behilflich sein?<\/h3>\n<p>Wir denken gerne, dass wir mehr als nur einen Vermietungsservice anbieten. Unser pers\u00f6nlicher Umgang mit jedem Chalet-Eigent\u00fcmer ist es, was unsere Beziehung zu den Eigent\u00fcmern, deren Immobilien in unserem <a href=\"https:\/\/4valleyschaletrental.com\/luxury-chalets\/?lang=de\">Portfolio<\/a> sind, so gro\u00dfartig macht.<\/p>\n<p>Sie sagen uns, was Sie von uns erwarten und wir passen uns an.<\/p>\n<p>&nbsp;<\/p>\n<h3>Mieteignung<\/h3>\n<p>Wenn Sie eine Immobilie gefunden haben, die Sie kaufen und dann m\u00f6glicherweise vermieten m\u00f6chten, k\u00f6nnen wir eine kostenlose Besichtigung durchf\u00fchren, um Sie bei Ihrer Entscheidung zu unterst\u00fctzen.<\/p>\n<p><strong>Bitte beachten Sie<\/strong>, dass wir diese unten genannten Dienstleistungen auch f\u00fcr Eigent\u00fcmer anbieten, die ihre Ferienh\u00e4user nicht vermieten. Abh\u00e4ngig von der Inanspruchnahme dieser Dienste werden eventuelle kosten verrechnet, nach dieser ersten Beurteilung. <a href=\"http:\/\/Wie k\u00f6nnen wir helfen? Wir denken gerne, dass wir mehr als nur einen Vermietungsservice anbieten. Unser pers\u00f6nlicher Umgang mit jedem Chalet-Eigent\u00fcmer ist es, was unsere Beziehung zu den Eigent\u00fcmern, deren Immobilien in unserem Portfolio sind, so gro\u00dfartig macht. Sie sagen uns, was Sie von uns erwarten und wir passen uns an. Mieteignung Wenn Sie eine Immobilie gefunden haben, die Sie kaufen und dann m\u00f6glicherweise vermieten m\u00f6chten, k\u00f6nnen wir eine kostenlose Besichtigung durchf\u00fchren, um Sie bei Ihrer Entscheidung zu unterst\u00fctzen. Bitte beachten Sie, dass wir diese unten genannten Dienstleistungen auch f\u00fcr Eigent\u00fcmer anbieten, die ihre Ferienh\u00e4user nicht vermieten. Abh\u00e4ngig von der Inanspruchnahme dieser Dienste werden eventuelle kosten verrechnet, nach dieser ersten Beurteilung. Kontaktieren Sie uns f\u00fcr weitere Informationen. HAUSHALTS-, W\u00c4SCHE- UND IMMOBILIENDIENSTLEISTUNGEN Ein sch\u00f6nes Zuhause ist nur so gut wie die Dienstleister, die es pflegen. Der Schl\u00fcssel zu einem reibungslosen Ablauf eines Chalets besteht darin, die richtige Firma f\u00fcr Ihre Haushaltsf\u00fchrung, Hausverwaltung und Instandhaltung zu finden. Und deshalb machen wir das selbst. Es ist ein gro\u00dfer Gewinn f\u00fcr einen Chalet Besitzer. NEUBAU &amp; RENOVIERUNGEN Neubauten und Renovierungen erfordern viel Zeit und finanzielle Ressourcen. Daher ist es wichtig, stets den besten Rat einzuholen. Mit unserer umfassenden Erfahrung wissen wir, was funktioniert und was nicht und k\u00f6nnen n\u00fctzliche Informationen zu allen Aspekten liefern, vom Layout-Design \u00fcber praktische Bodenbel\u00e4ge bis hin zu audiovisuellen Ger\u00e4ten und Inneneinrichtungen. SIE M\u00d6CHTEN KAUFEN? Bevor Sie eine geeignete Alpine Comfort - Qualit\u00e4tsimmobilie kaufen, k\u00f6nnen wir Ihnen einige Einblicke in die Vermietung geben, um Sie bei Ihrer Entscheidung zu unterst\u00fctzen. HAUSAUSSTATTUNG &amp; KAUFLISTEN Wenn Sie m\u00f6chten, dass beim Kauf von Gegenst\u00e4nden f\u00fcr Ihre neues Chalet eine Liste erstellt wird, und Sie einer unserer Eigent\u00fcmer sind, k\u00f6nnen wir hilfreiche Ressourcen wie Listen mit K\u00fcchenger\u00e4ten und vieles mehr bereitstellen. INNENAUSSTATTUNG Wir sind keine Innenarchitekten, aber wir haben viele hilfreiche Tipps und tolle Kontakte im Bereich Innenarchitektur, mit denen wir Sie in Kontakt bringen k\u00f6nnen. EMPFEHLUNGEN VERTRAUENER LIEFERANTEN Wir haben mit vielen hochwertigen und vertrauensw\u00fcrdigen Lieferanten und Auftragnehmern zusammengearbeitet und helfen Ihnen auch gerne bei allen Aspekten Ihres Projekts, unabh\u00e4ngig von Gr\u00f6\u00dfe und Umfang, oder verbinden Sie einfach mit einem dieser Auftragnehmer. RECHTLICHE EINHALTUNG Wir k\u00f6nnen Sie mit der richtigen Person in Verbindung setzen, um Sie in allen Aspekten der Rechtsberatung beim Bauen oder Kaufen zu unterst\u00fctzen.\">Kontaktieren Sie uns<\/a> f\u00fcr weitere Informationen.<\/p>\n<p>&nbsp;<\/p>\n<h3>HAUSHALTS-, W\u00c4SCHE- UND IMMOBILIENDIENSTLEISTUNGEN<\/h3>\n<p>Ein sch\u00f6nes Zuhause ist nur so gut wie die Dienstleister, die es pflegen. Der Schl\u00fcssel zu einem reibungslosen Ablauf eines Chalets besteht darin, die richtige Firma f\u00fcr Ihre Haushaltsf\u00fchrung, Hausverwaltung und Instandhaltung zu finden. <a href=\"?page_id=1407&amp;lang=de\">Und deshalb machen wir das selbst<\/a>. Es ist ein gro\u00dfer Gewinn f\u00fcr einen Chalet Besitzer.<\/p>\n<p>&nbsp;<\/p>\n<h3>NEUBAU &amp; RENOVIERUNGEN<\/h3>\n<p>Neubauten und Renovierungen erfordern viel Zeit und finanzielle Ressourcen. Daher ist es wichtig, stets den besten Rat einzuholen. Mit unserer umfassenden Erfahrung wissen wir, was funktioniert und was nicht und k\u00f6nnen n\u00fctzliche Informationen zu allen Aspekten liefern, vom Layout-Design \u00fcber praktische Bodenbel\u00e4ge bis hin zu audiovisuellen Ger\u00e4ten und Inneneinrichtungen.<\/p>\n<p>&nbsp;<\/p>\n<h3>SIE M\u00d6CHTEN KAUFEN?<\/h3>\n<p>Bevor Sie eine geeignete Alpine Comfort &#8211; Qualit\u00e4tsimmobilie kaufen, k\u00f6nnen wir Ihnen einige Einblicke in die Vermietung geben, um Sie bei Ihrer Entscheidung zu unterst\u00fctzen.<\/p>\n<p>&nbsp;<\/p>\n<h3>HAUSAUSSTATTUNG &amp; KAUFLISTEN<\/h3>\n<p>Wenn Sie m\u00f6chten, dass beim Kauf von Gegenst\u00e4nden f\u00fcr Ihre neues Chalet eine Liste erstellt wird, und Sie einer unserer Eigent\u00fcmer sind, k\u00f6nnen wir hilfreiche Ressourcen wie Listen mit K\u00fcchenger\u00e4ten und vieles mehr bereitstellen.<\/p>\n<p>&nbsp;<\/p>\n<h3>INNENAUSSTATTUNG<\/h3>\n<p>Wir sind keine Innenarchitekten, aber wir haben viele hilfreiche Tipps und tolle Kontakte im Bereich Innenarchitektur, mit denen wir Sie in Kontakt bringen k\u00f6nnen.<\/p>\n<p>&nbsp;<\/p>\n<h3>EMPFEHLUNGEN VERTRAUTER LIEFERANTEN<\/h3>\n<p>Wir haben mit vielen hochwertigen und vertrauensw\u00fcrdigen Lieferanten und Auftragnehmern zusammengearbeitet und helfen Ihnen auch gerne bei allen Aspekten Ihres Projekts, unabh\u00e4ngig von Gr\u00f6\u00dfe und Umfang, oder verbinden Sie einfach mit einem dieser Auftragnehmer.<\/p>\n<p>&nbsp;<\/p>\n<h3>RECHTLICHE EINHALTUNG<\/h3>\n<p>Wir k\u00f6nnen Sie mit der richtigen Person in Verbindung setzen, um Sie in allen Aspekten der Rechtsberatung beim Bauen oder Kaufen zu unterst\u00fctzen.[\/vc_column_text][\/vc_column][\/vc_row]<\/p>\n","protected":false},"excerpt":{"rendered":"<p>[vc_row][vc_column][vc_single_image image=&#8220;1396&#8243; img_size=&#8220;full&#8220; alignment=&#8220;center&#8220;][\/vc_column][\/vc_row][vc_row][vc_column width=&#8220;1\/4&#8243;][vc_wp_custommenu nav_menu=&#8220;32&#8243;][\/vc_column][vc_column width=&#8220;3\/4&#8243;][vc_column_text] Wie k\u00f6nnen wir behilflich sein? Wir denken gerne, dass wir mehr als nur einen Vermietungsservice anbieten. Unser pers\u00f6nlicher Umgang mit jedem Chalet-Eigent\u00fcmer ist es, was unsere Beziehung zu den Eigent\u00fcmern, deren Immobilien in unserem Portfolio sind, so gro\u00dfartig macht. Sie sagen uns, was Sie von uns erwarten und [&hellip;]<\/p>\n","protected":false},"author":1,"featured_media":0,"parent":1355,"menu_order":0,"comment_status":"closed","ping_status":"closed","template":"","meta":{"rs_blank_template":"","rs_page_bg_color":"","slide_template_v7":"","_monsterinsights_skip_tracking":false,"_monsterinsights_sitenote_active":false,"_monsterinsights_sitenote_note":"","_monsterinsights_sitenote_category":0,"footnotes":""},"class_list":["post-1395","page","type-page","status-publish","hentry"],"acf":[],"yoast_head":"<!-- This site is optimized with the Yoast SEO plugin v27.2 - https:\/\/yoast.com\/product\/yoast-seo-wordpress\/ -->\n<title>Chalet Servcie &amp; Management Nendaz Wie k\u00f6nnen wir behilflich sein?<\/title>\n<meta name=\"description\" content=\"Wie k\u00f6nnen wir Behilflich sein? Was Alpine Comfort, Chalet Service &amp; Management in Nendaz, 4 Vall\u00e9es bietet. DAS Luxus Chalet Unternehmen in Nendaz\" \/>\n<meta name=\"robots\" content=\"index, follow, max-snippet:-1, max-image-preview:large, max-video-preview:-1\" \/>\n<link rel=\"canonical\" href=\"https:\/\/4valleyschaletrental.com\/de\/chalet-eigentuemer\/chalet-servcie-management\/\" \/>\n<meta property=\"og:locale\" content=\"de_DE\" \/>\n<meta property=\"og:type\" content=\"article\" \/>\n<meta property=\"og:title\" content=\"Chalet Servcie &amp; Management Nendaz Wie k\u00f6nnen wir behilflich sein?\" \/>\n<meta property=\"og:description\" content=\"Wie k\u00f6nnen wir Behilflich sein? Was Alpine Comfort, Chalet Service &amp; Management in Nendaz, 4 Vall\u00e9es bietet. DAS Luxus Chalet Unternehmen in Nendaz\" \/>\n<meta property=\"og:url\" content=\"https:\/\/4valleyschaletrental.com\/de\/chalet-eigentuemer\/chalet-servcie-management\/\" \/>\n<meta property=\"og:site_name\" content=\"4 Valleys Chalet Rental\" \/>\n<meta property=\"article:modified_time\" content=\"2019-11-16T21:25:46+00:00\" \/>\n<meta name=\"twitter:card\" content=\"summary_large_image\" \/>\n<meta name=\"twitter:label1\" content=\"Gesch\u00e4tzte Lesezeit\" \/>\n\t<meta name=\"twitter:data1\" content=\"2\u00a0Minuten\" \/>\n<script type=\"application\/ld+json\" class=\"yoast-schema-graph\">{\"@context\":\"https:\/\/schema.org\",\"@graph\":[{\"@type\":\"WebPage\",\"@id\":\"https:\/\/4valleyschaletrental.com\/de\/chalet-eigentuemer\/chalet-servcie-management\/\",\"url\":\"https:\/\/4valleyschaletrental.com\/de\/chalet-eigentuemer\/chalet-servcie-management\/\",\"name\":\"Chalet Servcie & Management Nendaz Wie k\u00f6nnen wir behilflich sein?\",\"isPartOf\":{\"@id\":\"https:\/\/4valleyschaletrental.com\/de\/#website\"},\"datePublished\":\"2019-09-26T08:45:14+00:00\",\"dateModified\":\"2019-11-16T21:25:46+00:00\",\"description\":\"Wie k\u00f6nnen wir Behilflich sein? Was Alpine Comfort, Chalet Service & Management in Nendaz, 4 Vall\u00e9es bietet. DAS Luxus Chalet Unternehmen in Nendaz\",\"breadcrumb\":{\"@id\":\"https:\/\/4valleyschaletrental.com\/de\/chalet-eigentuemer\/chalet-servcie-management\/#breadcrumb\"},\"inLanguage\":\"de\",\"potentialAction\":[{\"@type\":\"ReadAction\",\"target\":[\"https:\/\/4valleyschaletrental.com\/de\/chalet-eigentuemer\/chalet-servcie-management\/\"]}]},{\"@type\":\"BreadcrumbList\",\"@id\":\"https:\/\/4valleyschaletrental.com\/de\/chalet-eigentuemer\/chalet-servcie-management\/#breadcrumb\",\"itemListElement\":[{\"@type\":\"ListItem\",\"position\":1,\"name\":\"Home\",\"item\":\"https:\/\/4valleyschaletrental.com\/de\/\"},{\"@type\":\"ListItem\",\"position\":2,\"name\":\"Eigent\u00fcmer\",\"item\":\"https:\/\/4valleyschaletrental.com\/de\/chalet-eigentuemer\/\"},{\"@type\":\"ListItem\",\"position\":3,\"name\":\"Wie k\u00f6nnen wir behilflich sein?\"}]},{\"@type\":\"WebSite\",\"@id\":\"https:\/\/4valleyschaletrental.com\/de\/#website\",\"url\":\"https:\/\/4valleyschaletrental.com\/de\/\",\"name\":\"4 Valleys Chalet Rental\",\"description\":\"Luxury catered &amp; self catered Alpine Chalets\",\"potentialAction\":[{\"@type\":\"SearchAction\",\"target\":{\"@type\":\"EntryPoint\",\"urlTemplate\":\"https:\/\/4valleyschaletrental.com\/de\/?s={search_term_string}\"},\"query-input\":{\"@type\":\"PropertyValueSpecification\",\"valueRequired\":true,\"valueName\":\"search_term_string\"}}],\"inLanguage\":\"de\"}]}<\/script>\n<!-- \/ Yoast SEO plugin. -->","yoast_head_json":{"title":"Chalet Servcie & Management Nendaz Wie k\u00f6nnen wir behilflich sein?","description":"Wie k\u00f6nnen wir Behilflich sein? Was Alpine Comfort, Chalet Service & Management in Nendaz, 4 Vall\u00e9es bietet. DAS Luxus Chalet Unternehmen in Nendaz","robots":{"index":"index","follow":"follow","max-snippet":"max-snippet:-1","max-image-preview":"max-image-preview:large","max-video-preview":"max-video-preview:-1"},"canonical":"https:\/\/4valleyschaletrental.com\/de\/chalet-eigentuemer\/chalet-servcie-management\/","og_locale":"de_DE","og_type":"article","og_title":"Chalet Servcie & Management Nendaz Wie k\u00f6nnen wir behilflich sein?","og_description":"Wie k\u00f6nnen wir Behilflich sein? Was Alpine Comfort, Chalet Service & Management in Nendaz, 4 Vall\u00e9es bietet. DAS Luxus Chalet Unternehmen in Nendaz","og_url":"https:\/\/4valleyschaletrental.com\/de\/chalet-eigentuemer\/chalet-servcie-management\/","og_site_name":"4 Valleys Chalet Rental","article_modified_time":"2019-11-16T21:25:46+00:00","twitter_card":"summary_large_image","twitter_misc":{"Gesch\u00e4tzte Lesezeit":"2\u00a0Minuten"},"schema":{"@context":"https:\/\/schema.org","@graph":[{"@type":"WebPage","@id":"https:\/\/4valleyschaletrental.com\/de\/chalet-eigentuemer\/chalet-servcie-management\/","url":"https:\/\/4valleyschaletrental.com\/de\/chalet-eigentuemer\/chalet-servcie-management\/","name":"Chalet Servcie & Management Nendaz Wie k\u00f6nnen wir behilflich sein?","isPartOf":{"@id":"https:\/\/4valleyschaletrental.com\/de\/#website"},"datePublished":"2019-09-26T08:45:14+00:00","dateModified":"2019-11-16T21:25:46+00:00","description":"Wie k\u00f6nnen wir Behilflich sein? Was Alpine Comfort, Chalet Service & Management in Nendaz, 4 Vall\u00e9es bietet. DAS Luxus Chalet Unternehmen in Nendaz","breadcrumb":{"@id":"https:\/\/4valleyschaletrental.com\/de\/chalet-eigentuemer\/chalet-servcie-management\/#breadcrumb"},"inLanguage":"de","potentialAction":[{"@type":"ReadAction","target":["https:\/\/4valleyschaletrental.com\/de\/chalet-eigentuemer\/chalet-servcie-management\/"]}]},{"@type":"BreadcrumbList","@id":"https:\/\/4valleyschaletrental.com\/de\/chalet-eigentuemer\/chalet-servcie-management\/#breadcrumb","itemListElement":[{"@type":"ListItem","position":1,"name":"Home","item":"https:\/\/4valleyschaletrental.com\/de\/"},{"@type":"ListItem","position":2,"name":"Eigent\u00fcmer","item":"https:\/\/4valleyschaletrental.com\/de\/chalet-eigentuemer\/"},{"@type":"ListItem","position":3,"name":"Wie k\u00f6nnen wir behilflich sein?"}]},{"@type":"WebSite","@id":"https:\/\/4valleyschaletrental.com\/de\/#website","url":"https:\/\/4valleyschaletrental.com\/de\/","name":"4 Valleys Chalet Rental","description":"Luxury catered &amp; self catered Alpine Chalets","potentialAction":[{"@type":"SearchAction","target":{"@type":"EntryPoint","urlTemplate":"https:\/\/4valleyschaletrental.com\/de\/?s={search_term_string}"},"query-input":{"@type":"PropertyValueSpecification","valueRequired":true,"valueName":"search_term_string"}}],"inLanguage":"de"}]}},"_links":{"self":[{"href":"https:\/\/4valleyschaletrental.com\/de\/wp-json\/wp\/v2\/pages\/1395","targetHints":{"allow":["GET"]}}],"collection":[{"href":"https:\/\/4valleyschaletrental.com\/de\/wp-json\/wp\/v2\/pages"}],"about":[{"href":"https:\/\/4valleyschaletrental.com\/de\/wp-json\/wp\/v2\/types\/page"}],"author":[{"embeddable":true,"href":"https:\/\/4valleyschaletrental.com\/de\/wp-json\/wp\/v2\/users\/1"}],"replies":[{"embeddable":true,"href":"https:\/\/4valleyschaletrental.com\/de\/wp-json\/wp\/v2\/comments?post=1395"}],"version-history":[{"count":7,"href":"https:\/\/4valleyschaletrental.com\/de\/wp-json\/wp\/v2\/pages\/1395\/revisions"}],"predecessor-version":[{"id":2149,"href":"https:\/\/4valleyschaletrental.com\/de\/wp-json\/wp\/v2\/pages\/1395\/revisions\/2149"}],"up":[{"embeddable":true,"href":"https:\/\/4valleyschaletrental.com\/de\/wp-json\/wp\/v2\/pages\/1355"}],"wp:attachment":[{"href":"https:\/\/4valleyschaletrental.com\/de\/wp-json\/wp\/v2\/media?parent=1395"}],"curies":[{"name":"wp","href":"https:\/\/api.w.org\/{rel}","templated":true}]}}