{"id":1403,"date":"2018-09-12T09:51:21","date_gmt":"2018-09-12T09:51:21","guid":{"rendered":"https:\/\/4valleyschaletrental.com\/regions\/"},"modified":"2019-11-21T10:29:10","modified_gmt":"2019-11-21T10:29:10","slug":"les-4-vallees-nendaz","status":"publish","type":"page","link":"https:\/\/4valleyschaletrental.com\/de\/les-4-vallees-nendaz\/","title":{"rendered":"Les 4 Vall\u00e9es"},"content":{"rendered":"<p>[vc_row][vc_column][vc_single_image image=&#8220;1401&#8243; img_size=&#8220;full&#8220; alignment=&#8220;right&#8220;][\/vc_column][\/vc_row][vc_row][vc_column][vc_column_text]<\/p>\n<h2>Nendaz :: Les 4 Vall\u00e9es<\/h2>\n<p><a href=\"https:\/\/www.nendaz.ch\" target=\"_blank\" rel=\"noopener\">Nendaz<\/a> ist eines der bestgeh\u00fcteten Geheimnisse in den <a href=\"http:\/\/www.4vallees.ch\/de\/index.htm\" target=\"_blank\" rel=\"noopener\">Les 4 Vall\u00e9es &#8211; 4 Valleys Schweiz.<\/a> Es liegt im Zentrum der Region Mont Fort &#8211; Les 4 Vall\u00e9es &#8211; 4 Valley und ist der perfekte Ausgangspunkt, um diese gro\u00dfe Ski- und Wanderregion zu erkunden.<\/p>\n<p>Das Gebiet von Nendaz erstreckt sich von der Rh\u00f4ne-Ebene bis zu schneebedeckten Gipfeln auf 3&#8217;330 m. Das Resort befindet sich auf einem Plateau in 1&#8217;450 m H\u00f6he und bietet einen Panoramablick auf die Berner und Waadtl\u00e4nder Alpen.<\/p>\n<p>Das charmante Dorf Nendaz bietet alles, was man sich von einem echten Schweizer Bergdorf vorstellen kann. Im Gegensatz zu vielen anderen Ferienorten lebt Nendaz das ganze Jahr \u00fcber. Hier finden Sie eine Auswahl lokaler Gesch\u00e4fte, Bars und Restaurants sowie einige der freundlichsten Einheimischen, auf die Sie hoffen k\u00f6nnen.<\/p>\n<p>Wenn Sie ein echtes Schweizer Feriendorf ohne Glamour, Publikum und High Society suchen, dann sind unsere <a href=\"https:\/\/4valleyschaletrental.com\/luxury-chalets\/?lang=de\">Alpine Comfort Chalets<\/a> genau das, was Sie suchen.<\/p>\n<p>Nendaz bietet ein abwechslungsreiches <a href=\"https:\/\/www.nendaz.ch\/de\/station-praktische-infos\/familien\/familien.htm\" target=\"_blank\" rel=\"noopener\">Kinderprogramm<\/a> und wurde mit dem G\u00fctesiegel <strong>\u201eFamilien Willkommen\u201c<\/strong> ausgezeichnet. Es gibt Kinderbetreuungseinrichtungen f\u00fcr Kleinkinder. Spielzeugverleih; Bastelprogramme; f\u00fcr Kinderwagen geeignete Gehwege; und Spielpl\u00e4tze: absolut alles f\u00fcr unsere kleineren Besucher.[\/vc_column_text][\/vc_column][\/vc_row][vc_row][vc_column][vc_separator][\/vc_column][\/vc_row][vc_row][vc_column width=&#8220;1\/2&#8243;][vc_column_text]<\/p>\n<h2>Sommerferien in Nendaz<\/h2>\n<p>Unsere <a href=\"https:\/\/4valleyschaletrental.com\/luxury-chalets\/?lang=de\">luxuri\u00f6sen Chalets<\/a> mit und ohne Verpflegung in Nendaz geh\u00f6ren zu den bestgeh\u00fcteten Geheimnissen der Schweiz und bieten alles, was Sie von einem Sommerurlaub in den Schweizer Alpen erwarten. Unsere Chalets befinden sich in idealer Lage zwischen zwei gro\u00dfen Liftanlagen, die einen einfachen Zugang zu allen lokalen Sommerattraktionen und -aktivit\u00e4ten in den Les 4 Vall\u00e9es &#8211; 4 Valleys und der nahe gelegenen Region Verbier bieten.<br \/>\n<a href=\"https:\/\/www.nendaz.ch\/de\/index.htm\" target=\"_blank\" rel=\"noopener\">Nendaz Tourismus<\/a> bietet eine breite Palette von Aktivit\u00e4ten, die sich hervorragend f\u00fcr Familien oder Aktivurlauber eignen.<br \/>\nSie befinden sich in einer der sch\u00f6nsten Wander- und Bikegebiete der Welt. Eine unglaubliche Aussicht auf das Matterhorn, den Grand Combin und den Mont-Blanc kann von mehreren erh\u00f6hten Aussichtspunkten aus gesehen werden. Es gibt zahlreiche Aktivit\u00e4ten, die Ihren Sommerurlaub in den Schweizer Alpen perfekt machen.<br \/>\nBesuchen Sie unsere <a href=\"?page_id=1380&#038;lang=de\">Sommeraktivit\u00e4tsseite<\/a> und teilen Sie uns mit, ob wir Ihnen bei der Organisation Ihres perfekten Sommerurlaubs in Nendaz behilflich sein k\u00f6nnen.<\/p>\n<p><a href=\"https:\/\/packedagain.com\/easy-hikes-kids-valais-switzerland\/\" target=\"_blank\" rel=\"noopener\">Familien freundlichen Wanderwege in der Umgebung<\/a>[\/vc_column_text][\/vc_column][vc_column width=&#8220;1\/2&#8243;][vc_single_image image=&#8220;1405&#8243; img_size=&#8220;full&#8220; alignment=&#8220;right&#8220;][\/vc_column][\/vc_row][vc_row][vc_column width=&#8220;1\/2&#8243;][vc_single_image image=&#8220;1331&#8243; img_size=&#8220;full&#8220;][\/vc_column][vc_column width=&#8220;1\/2&#8243;][vc_column_text]<\/p>\n<h2>Winter Skiurlaub in Nendaz<\/h2>\n<p>Willkommen im gr\u00f6\u00dften Skigebiet der Schweiz &#8211; Les 4 Vall\u00e9es.<\/p>\n<p>Das <a href=\"https:\/\/www.nendaz.ch\/de\/index.htm\" target=\"_blank\" rel=\"noopener\">Resort Nendaz<\/a> und die <a href=\"http:\/\/www.4vallees.ch\/de\/index.htm\" target=\"_blank\" rel=\"noopener\">Les 4 Vall\u00e9es &#8211; 4 Valleys<\/a> ist eines der bestgeh\u00fcteten Geheimnisse der Alpen und ein perfektes Ziel f\u00fcr einen luxuri\u00f6sen Ski-Chalet-Urlaub. Es liegt im Zentrum des Verbier &#8211; Mont Fort Les 4 Vall\u00e9es &#8211; 4-T\u00e4ler-Gebiets der Schweiz und ist eines von nur sieben Skigebieten weltweit, in denen 5 Sterne ausgezeichnet wurden.<\/p>\n<p>Ab Nendaz haben Sie die M\u00f6glichkeit, im lokalen Printse-Gebiet, zu dem auch die Gebiete Veysonnaz und Thyon geh\u00f6ren, g\u00fcnstiger Ski zu fahren, oder Ihren Pass zu erweitern und auf das <a href=\"https:\/\/www.nendaz.ch\/de\/aktivitaten-freizeit\/winter\/skitour\/skigebiet-seilbahnen.htm\" target=\"_blank\" rel=\"noopener\">4 Vall\u00e9es Skigebiet<\/a> mit direktem Zugang zum Mont Fort-Verbier-Liftsystem.<\/p>\n<p>Der Mont Fort in 3.330 m H\u00f6he \u00fcber Verbier ist eines der sch\u00f6nsten Skigebiete der Welt. Ein unglaublicher Blick auf das Matterhorn, den Grand Combin und den Mont-Blanc, der mit 4807 m der h\u00f6chste Gipfel Europas ist, erwartet Sie in Ihrem Luxusurlaub in den Schqeizer Bergen.<\/p>\n<p>Die gesamte Domain ist vollst\u00e4ndig miteinander verkn\u00fcpft.<\/p>\n<p><a href=\"?page_id=33\">Winteraktivit\u00e4ten in Nendaz Les 4 Vall\u00e9es<\/a>[\/vc_column_text][\/vc_column][\/vc_row]<\/p>\n","protected":false},"excerpt":{"rendered":"<p>[vc_row][vc_column][vc_single_image image=&#8220;1401&#8243; img_size=&#8220;full&#8220; alignment=&#8220;right&#8220;][\/vc_column][\/vc_row][vc_row][vc_column][vc_column_text] Nendaz :: Les 4 Vall\u00e9es Nendaz ist eines der bestgeh\u00fcteten Geheimnisse in den Les 4 Vall\u00e9es &#8211; 4 Valleys Schweiz. Es liegt im Zentrum der Region Mont Fort &#8211; Les 4 Vall\u00e9es &#8211; 4 Valley und ist der perfekte Ausgangspunkt, um diese gro\u00dfe Ski- und Wanderregion zu erkunden. Das Gebiet von [&hellip;]<\/p>\n","protected":false},"author":1,"featured_media":0,"parent":0,"menu_order":0,"comment_status":"closed","ping_status":"closed","template":"","meta":{"rs_blank_template":"","rs_page_bg_color":"","slide_template_v7":"","_monsterinsights_skip_tracking":false,"_monsterinsights_sitenote_active":false,"_monsterinsights_sitenote_note":"","_monsterinsights_sitenote_category":0,"footnotes":""},"class_list":["post-1403","page","type-page","status-publish","hentry"],"acf":[],"yoast_head":"<!-- This site is optimized with the Yoast SEO plugin v27.2 - https:\/\/yoast.com\/product\/yoast-seo-wordpress\/ -->\n<title>Les 4 Vall\u00e9es : 4 Valleys Ski und Wander Domain : Schweiz<\/title>\n<meta name=\"description\" content=\"Les 4 Vall\u00e9es, 4 Valleys ist das gr\u00f6sste Skigebiet der Schweiz. Bietet aber auch tolle Sommerwanderferien und Mountainbike touren und vieles mehr.\" \/>\n<meta name=\"robots\" content=\"index, follow, max-snippet:-1, max-image-preview:large, max-video-preview:-1\" \/>\n<link rel=\"canonical\" href=\"https:\/\/4valleyschaletrental.com\/de\/les-4-vallees-nendaz\/\" \/>\n<meta property=\"og:locale\" content=\"de_DE\" \/>\n<meta property=\"og:type\" content=\"article\" \/>\n<meta property=\"og:title\" content=\"Les 4 Vall\u00e9es : 4 Valleys Ski und Wander Domain : Schweiz\" \/>\n<meta property=\"og:description\" content=\"Les 4 Vall\u00e9es, 4 Valleys ist das gr\u00f6sste Skigebiet der Schweiz. Bietet aber auch tolle Sommerwanderferien und Mountainbike touren und vieles mehr.\" \/>\n<meta property=\"og:url\" content=\"https:\/\/4valleyschaletrental.com\/de\/les-4-vallees-nendaz\/\" \/>\n<meta property=\"og:site_name\" content=\"4 Valleys Chalet Rental\" \/>\n<meta property=\"article:modified_time\" content=\"2019-11-21T10:29:10+00:00\" \/>\n<meta name=\"twitter:card\" content=\"summary_large_image\" \/>\n<meta name=\"twitter:label1\" content=\"Gesch\u00e4tzte Lesezeit\" \/>\n\t<meta name=\"twitter:data1\" content=\"3\u00a0Minuten\" \/>\n<script type=\"application\/ld+json\" class=\"yoast-schema-graph\">{\"@context\":\"https:\/\/schema.org\",\"@graph\":[{\"@type\":\"WebPage\",\"@id\":\"https:\/\/4valleyschaletrental.com\/de\/les-4-vallees-nendaz\/\",\"url\":\"https:\/\/4valleyschaletrental.com\/de\/les-4-vallees-nendaz\/\",\"name\":\"Les 4 Vall\u00e9es : 4 Valleys Ski und Wander Domain : Schweiz\",\"isPartOf\":{\"@id\":\"https:\/\/4valleyschaletrental.com\/de\/#website\"},\"datePublished\":\"2018-09-12T09:51:21+00:00\",\"dateModified\":\"2019-11-21T10:29:10+00:00\",\"description\":\"Les 4 Vall\u00e9es, 4 Valleys ist das gr\u00f6sste Skigebiet der Schweiz. Bietet aber auch tolle Sommerwanderferien und Mountainbike touren und vieles mehr.\",\"breadcrumb\":{\"@id\":\"https:\/\/4valleyschaletrental.com\/de\/les-4-vallees-nendaz\/#breadcrumb\"},\"inLanguage\":\"de\",\"potentialAction\":[{\"@type\":\"ReadAction\",\"target\":[\"https:\/\/4valleyschaletrental.com\/de\/les-4-vallees-nendaz\/\"]}]},{\"@type\":\"BreadcrumbList\",\"@id\":\"https:\/\/4valleyschaletrental.com\/de\/les-4-vallees-nendaz\/#breadcrumb\",\"itemListElement\":[{\"@type\":\"ListItem\",\"position\":1,\"name\":\"Home\",\"item\":\"https:\/\/4valleyschaletrental.com\/de\/\"},{\"@type\":\"ListItem\",\"position\":2,\"name\":\"Les 4 Vall\u00e9es\"}]},{\"@type\":\"WebSite\",\"@id\":\"https:\/\/4valleyschaletrental.com\/de\/#website\",\"url\":\"https:\/\/4valleyschaletrental.com\/de\/\",\"name\":\"4 Valleys Chalet Rental\",\"description\":\"Luxury catered &amp; self catered Alpine Chalets\",\"potentialAction\":[{\"@type\":\"SearchAction\",\"target\":{\"@type\":\"EntryPoint\",\"urlTemplate\":\"https:\/\/4valleyschaletrental.com\/de\/?s={search_term_string}\"},\"query-input\":{\"@type\":\"PropertyValueSpecification\",\"valueRequired\":true,\"valueName\":\"search_term_string\"}}],\"inLanguage\":\"de\"}]}<\/script>\n<!-- \/ Yoast SEO plugin. -->","yoast_head_json":{"title":"Les 4 Vall\u00e9es : 4 Valleys Ski und Wander Domain : Schweiz","description":"Les 4 Vall\u00e9es, 4 Valleys ist das gr\u00f6sste Skigebiet der Schweiz. Bietet aber auch tolle Sommerwanderferien und Mountainbike touren und vieles mehr.","robots":{"index":"index","follow":"follow","max-snippet":"max-snippet:-1","max-image-preview":"max-image-preview:large","max-video-preview":"max-video-preview:-1"},"canonical":"https:\/\/4valleyschaletrental.com\/de\/les-4-vallees-nendaz\/","og_locale":"de_DE","og_type":"article","og_title":"Les 4 Vall\u00e9es : 4 Valleys Ski und Wander Domain : Schweiz","og_description":"Les 4 Vall\u00e9es, 4 Valleys ist das gr\u00f6sste Skigebiet der Schweiz. Bietet aber auch tolle Sommerwanderferien und Mountainbike touren und vieles mehr.","og_url":"https:\/\/4valleyschaletrental.com\/de\/les-4-vallees-nendaz\/","og_site_name":"4 Valleys Chalet Rental","article_modified_time":"2019-11-21T10:29:10+00:00","twitter_card":"summary_large_image","twitter_misc":{"Gesch\u00e4tzte Lesezeit":"3\u00a0Minuten"},"schema":{"@context":"https:\/\/schema.org","@graph":[{"@type":"WebPage","@id":"https:\/\/4valleyschaletrental.com\/de\/les-4-vallees-nendaz\/","url":"https:\/\/4valleyschaletrental.com\/de\/les-4-vallees-nendaz\/","name":"Les 4 Vall\u00e9es : 4 Valleys Ski und Wander Domain : Schweiz","isPartOf":{"@id":"https:\/\/4valleyschaletrental.com\/de\/#website"},"datePublished":"2018-09-12T09:51:21+00:00","dateModified":"2019-11-21T10:29:10+00:00","description":"Les 4 Vall\u00e9es, 4 Valleys ist das gr\u00f6sste Skigebiet der Schweiz. Bietet aber auch tolle Sommerwanderferien und Mountainbike touren und vieles mehr.","breadcrumb":{"@id":"https:\/\/4valleyschaletrental.com\/de\/les-4-vallees-nendaz\/#breadcrumb"},"inLanguage":"de","potentialAction":[{"@type":"ReadAction","target":["https:\/\/4valleyschaletrental.com\/de\/les-4-vallees-nendaz\/"]}]},{"@type":"BreadcrumbList","@id":"https:\/\/4valleyschaletrental.com\/de\/les-4-vallees-nendaz\/#breadcrumb","itemListElement":[{"@type":"ListItem","position":1,"name":"Home","item":"https:\/\/4valleyschaletrental.com\/de\/"},{"@type":"ListItem","position":2,"name":"Les 4 Vall\u00e9es"}]},{"@type":"WebSite","@id":"https:\/\/4valleyschaletrental.com\/de\/#website","url":"https:\/\/4valleyschaletrental.com\/de\/","name":"4 Valleys Chalet Rental","description":"Luxury catered &amp; self catered Alpine Chalets","potentialAction":[{"@type":"SearchAction","target":{"@type":"EntryPoint","urlTemplate":"https:\/\/4valleyschaletrental.com\/de\/?s={search_term_string}"},"query-input":{"@type":"PropertyValueSpecification","valueRequired":true,"valueName":"search_term_string"}}],"inLanguage":"de"}]}},"_links":{"self":[{"href":"https:\/\/4valleyschaletrental.com\/de\/wp-json\/wp\/v2\/pages\/1403","targetHints":{"allow":["GET"]}}],"collection":[{"href":"https:\/\/4valleyschaletrental.com\/de\/wp-json\/wp\/v2\/pages"}],"about":[{"href":"https:\/\/4valleyschaletrental.com\/de\/wp-json\/wp\/v2\/types\/page"}],"author":[{"embeddable":true,"href":"https:\/\/4valleyschaletrental.com\/de\/wp-json\/wp\/v2\/users\/1"}],"replies":[{"embeddable":true,"href":"https:\/\/4valleyschaletrental.com\/de\/wp-json\/wp\/v2\/comments?post=1403"}],"version-history":[{"count":8,"href":"https:\/\/4valleyschaletrental.com\/de\/wp-json\/wp\/v2\/pages\/1403\/revisions"}],"predecessor-version":[{"id":2206,"href":"https:\/\/4valleyschaletrental.com\/de\/wp-json\/wp\/v2\/pages\/1403\/revisions\/2206"}],"wp:attachment":[{"href":"https:\/\/4valleyschaletrental.com\/de\/wp-json\/wp\/v2\/media?parent=1403"}],"curies":[{"name":"wp","href":"https:\/\/api.w.org\/{rel}","templated":true}]}}