{"id":1407,"date":"2018-09-12T09:43:11","date_gmt":"2018-09-12T09:43:11","guid":{"rendered":"https:\/\/4valleyschaletrental.com\/about-us-luxury-chalet-rental\/"},"modified":"2019-11-16T21:44:28","modified_gmt":"2019-11-16T21:44:28","slug":"ueber-us-luxus-chalets-nendaz","status":"publish","type":"page","link":"https:\/\/4valleyschaletrental.com\/de\/ueber-us-luxus-chalets-nendaz\/","title":{"rendered":"\u00dcber uns"},"content":{"rendered":"<p>[vc_row][vc_column][vc_single_image image=&#8220;1408&#8243; img_size=&#8220;full&#8220; alignment=&#8220;center&#8220;][\/vc_column][\/vc_row][vc_row][vc_column width=&#8220;1\/4&#8243;][vc_wp_custommenu nav_menu=&#8220;33&#8243;][\/vc_column][vc_column width=&#8220;3\/4&#8243;][vc_column_text]<\/p>\n<h3>\u00dcber uns<\/h3>\n<p>Willkommen in unseren Luxus-Chalets<\/p>\n<p>Alpine Comfort &#8211; 4 Valleys Chalet Rental bietet <a href=\"https:\/\/4valleyschaletrental.com\/luxury-chalets\/\">luxuri\u00f6se Unterk\u00fcnfte mit oder ohne Catering<\/a> im Ski- und Wandergebiet <a href=\"?page_id=1403&#038;lang=de\">Les 4 Vall\u00e9es<\/a> in der Schweiz an. Bei uns finden Sie eine sorgf\u00e4ltig ausgew\u00e4hlte Auswahl an Chalets in Les 4 Vall\u00e9es <a href=\"https:\/\/www.nendaz.ch\" target=\"_blank\" rel=\"noopener\">Resort in Nendaz<\/a> in der N\u00e4he der benachbarten D\u00f6rfer Verbier, Veysonnaz, La Tzoumaz und Thyon. Einige der besten Chalets in Nendaz werden sie in unserem Portfolio finden. \u00a0Die Luxus-Chalets eignen sich f\u00fcr Familien, Gruppen von Freunden und Firmenveranstaltungen.<\/p>\n<p>Nutzen Sie unsere Suchfunktion, um Ihre Suche zu unterst\u00fctzen, oder kontaktieren Sie uns direkt bei Alpine Comfort &#8211; 4 Valleys Chalet Rental, um Ihren n\u00e4chsten Luxus Chalet-Aufenthalt mit oder ohne Verpflegung in den Schweizer Alpen zu sichern.<\/p>\n<h3>Unsere Geschichte<\/h3>\n<p>Im Jahr 2009 begannen das Ehepaar David und Corina mit <a href=\"?p=252\">Chalet Cygnet<\/a> ihr erstes Luxus-Chalet- mit Vollverpflegung. Bald wurde ihr Chalet zur Nummer eins der Unterk\u00fcnfte im Wallis und wurde von <a href=\"https:\/\/www.tripadvisor.com\/Hotel_Review-g658753-d1493407-Reviews-Alpine_Comfort-Nendaz_Canton_of_Valais_Swiss_Alps.html#REVIEWS\" target=\"_blank\" rel=\"noopener\">Trip Advisor<\/a> zum drittbesten B &amp; B der Schweiz gew\u00e4hlt.<\/p>\n<p>Es hat sich herumgesprochen und mehrere Chalet Besitzer suchten Kontakt mit dem Paar, da sie ihre Luxusimmobilie zum ersten Mal vermieten wollten, aber nur mit Fachleuten und jemandem, dem sie vertrauen k\u00f6nnen.<\/p>\n<p>Innerhalb k\u00fcrzester Zeit wuchs Alpine Comfort und ihr wundersch\u00f6nes Chalet Cygnet. Es entstand \u201e4 Valleys Chalet Rental\u201c mit einer kleinen Auswahl der sch\u00f6nsten Luxus-Chalets in Nendaz, das im Zentrum der <a href=\"?page_id=1380&#038;lang=de\">4 Vall\u00e9es Wander<\/a>&#8211; und <a href=\"?page_id=1326&#038;lang=de\">Ski-Domain<\/a> in der Schweiz liegt.[\/vc_column_text][vc_row_inner][vc_column_inner][vc_column_text][\/vc_column_text][\/vc_column_inner][\/vc_row_inner][\/vc_column][\/vc_row]<\/p>\n","protected":false},"excerpt":{"rendered":"<p>[vc_row][vc_column][vc_single_image image=&#8220;1408&#8243; img_size=&#8220;full&#8220; alignment=&#8220;center&#8220;][\/vc_column][\/vc_row][vc_row][vc_column width=&#8220;1\/4&#8243;][vc_wp_custommenu nav_menu=&#8220;33&#8243;][\/vc_column][vc_column width=&#8220;3\/4&#8243;][vc_column_text] \u00dcber uns Willkommen in unseren Luxus-Chalets Alpine Comfort &#8211; 4 Valleys Chalet Rental bietet luxuri\u00f6se Unterk\u00fcnfte mit oder ohne Catering im Ski- und Wandergebiet Les 4 Vall\u00e9es in der Schweiz an. Bei uns finden Sie eine sorgf\u00e4ltig ausgew\u00e4hlte Auswahl an Chalets in Les 4 Vall\u00e9es Resort in Nendaz [&hellip;]<\/p>\n","protected":false},"author":1,"featured_media":0,"parent":0,"menu_order":0,"comment_status":"closed","ping_status":"closed","template":"","meta":{"rs_blank_template":"","rs_page_bg_color":"","slide_template_v7":"","_monsterinsights_skip_tracking":false,"_monsterinsights_sitenote_active":false,"_monsterinsights_sitenote_note":"","_monsterinsights_sitenote_category":0,"footnotes":""},"class_list":["post-1407","page","type-page","status-publish","hentry"],"acf":[],"yoast_head":"<!-- This site is optimized with the Yoast SEO plugin v27.2 - https:\/\/yoast.com\/product\/yoast-seo-wordpress\/ -->\n<title>Alpine Comfort 4 Valleys Chalet Rental - Luxus Chalet in Nendaz<\/title>\n<meta name=\"description\" content=\"Auf der Suche nach der idealen Sommer- oder Winterpause? Entdecken Sie unsere Luxus- und Selbstversorger-Chalets im Ski- und Wandergebiet les 4 Vall\u00e9es\" \/>\n<meta name=\"robots\" content=\"index, follow, max-snippet:-1, max-image-preview:large, max-video-preview:-1\" \/>\n<link rel=\"canonical\" href=\"https:\/\/4valleyschaletrental.com\/de\/ueber-us-luxus-chalets-nendaz\/\" \/>\n<meta property=\"og:locale\" content=\"de_DE\" \/>\n<meta property=\"og:type\" content=\"article\" \/>\n<meta property=\"og:title\" content=\"Alpine Comfort 4 Valleys Chalet Rental - Luxus Chalet in Nendaz\" \/>\n<meta property=\"og:description\" content=\"Auf der Suche nach der idealen Sommer- oder Winterpause? Entdecken Sie unsere Luxus- und Selbstversorger-Chalets im Ski- und Wandergebiet les 4 Vall\u00e9es\" \/>\n<meta property=\"og:url\" content=\"https:\/\/4valleyschaletrental.com\/de\/ueber-us-luxus-chalets-nendaz\/\" \/>\n<meta property=\"og:site_name\" content=\"4 Valleys Chalet Rental\" \/>\n<meta property=\"article:modified_time\" content=\"2019-11-16T21:44:28+00:00\" \/>\n<meta name=\"twitter:card\" content=\"summary_large_image\" \/>\n<meta name=\"twitter:label1\" content=\"Gesch\u00e4tzte Lesezeit\" \/>\n\t<meta name=\"twitter:data1\" content=\"2\u00a0Minuten\" \/>\n<script type=\"application\/ld+json\" class=\"yoast-schema-graph\">{\"@context\":\"https:\/\/schema.org\",\"@graph\":[{\"@type\":\"WebPage\",\"@id\":\"https:\/\/4valleyschaletrental.com\/de\/ueber-us-luxus-chalets-nendaz\/\",\"url\":\"https:\/\/4valleyschaletrental.com\/de\/ueber-us-luxus-chalets-nendaz\/\",\"name\":\"Alpine Comfort 4 Valleys Chalet Rental - Luxus Chalet in Nendaz\",\"isPartOf\":{\"@id\":\"https:\/\/4valleyschaletrental.com\/de\/#website\"},\"datePublished\":\"2018-09-12T09:43:11+00:00\",\"dateModified\":\"2019-11-16T21:44:28+00:00\",\"description\":\"Auf der Suche nach der idealen Sommer- oder Winterpause? Entdecken Sie unsere Luxus- und Selbstversorger-Chalets im Ski- und Wandergebiet les 4 Vall\u00e9es\",\"breadcrumb\":{\"@id\":\"https:\/\/4valleyschaletrental.com\/de\/ueber-us-luxus-chalets-nendaz\/#breadcrumb\"},\"inLanguage\":\"de\",\"potentialAction\":[{\"@type\":\"ReadAction\",\"target\":[\"https:\/\/4valleyschaletrental.com\/de\/ueber-us-luxus-chalets-nendaz\/\"]}]},{\"@type\":\"BreadcrumbList\",\"@id\":\"https:\/\/4valleyschaletrental.com\/de\/ueber-us-luxus-chalets-nendaz\/#breadcrumb\",\"itemListElement\":[{\"@type\":\"ListItem\",\"position\":1,\"name\":\"Home\",\"item\":\"https:\/\/4valleyschaletrental.com\/de\/\"},{\"@type\":\"ListItem\",\"position\":2,\"name\":\"\u00dcber uns\"}]},{\"@type\":\"WebSite\",\"@id\":\"https:\/\/4valleyschaletrental.com\/de\/#website\",\"url\":\"https:\/\/4valleyschaletrental.com\/de\/\",\"name\":\"4 Valleys Chalet Rental\",\"description\":\"Luxury catered &amp; self catered Alpine Chalets\",\"potentialAction\":[{\"@type\":\"SearchAction\",\"target\":{\"@type\":\"EntryPoint\",\"urlTemplate\":\"https:\/\/4valleyschaletrental.com\/de\/?s={search_term_string}\"},\"query-input\":{\"@type\":\"PropertyValueSpecification\",\"valueRequired\":true,\"valueName\":\"search_term_string\"}}],\"inLanguage\":\"de\"}]}<\/script>\n<!-- \/ Yoast SEO plugin. -->","yoast_head_json":{"title":"Alpine Comfort 4 Valleys Chalet Rental - Luxus Chalet in Nendaz","description":"Auf der Suche nach der idealen Sommer- oder Winterpause? Entdecken Sie unsere Luxus- und Selbstversorger-Chalets im Ski- und Wandergebiet les 4 Vall\u00e9es","robots":{"index":"index","follow":"follow","max-snippet":"max-snippet:-1","max-image-preview":"max-image-preview:large","max-video-preview":"max-video-preview:-1"},"canonical":"https:\/\/4valleyschaletrental.com\/de\/ueber-us-luxus-chalets-nendaz\/","og_locale":"de_DE","og_type":"article","og_title":"Alpine Comfort 4 Valleys Chalet Rental - Luxus Chalet in Nendaz","og_description":"Auf der Suche nach der idealen Sommer- oder Winterpause? Entdecken Sie unsere Luxus- und Selbstversorger-Chalets im Ski- und Wandergebiet les 4 Vall\u00e9es","og_url":"https:\/\/4valleyschaletrental.com\/de\/ueber-us-luxus-chalets-nendaz\/","og_site_name":"4 Valleys Chalet Rental","article_modified_time":"2019-11-16T21:44:28+00:00","twitter_card":"summary_large_image","twitter_misc":{"Gesch\u00e4tzte Lesezeit":"2\u00a0Minuten"},"schema":{"@context":"https:\/\/schema.org","@graph":[{"@type":"WebPage","@id":"https:\/\/4valleyschaletrental.com\/de\/ueber-us-luxus-chalets-nendaz\/","url":"https:\/\/4valleyschaletrental.com\/de\/ueber-us-luxus-chalets-nendaz\/","name":"Alpine Comfort 4 Valleys Chalet Rental - Luxus Chalet in Nendaz","isPartOf":{"@id":"https:\/\/4valleyschaletrental.com\/de\/#website"},"datePublished":"2018-09-12T09:43:11+00:00","dateModified":"2019-11-16T21:44:28+00:00","description":"Auf der Suche nach der idealen Sommer- oder Winterpause? Entdecken Sie unsere Luxus- und Selbstversorger-Chalets im Ski- und Wandergebiet les 4 Vall\u00e9es","breadcrumb":{"@id":"https:\/\/4valleyschaletrental.com\/de\/ueber-us-luxus-chalets-nendaz\/#breadcrumb"},"inLanguage":"de","potentialAction":[{"@type":"ReadAction","target":["https:\/\/4valleyschaletrental.com\/de\/ueber-us-luxus-chalets-nendaz\/"]}]},{"@type":"BreadcrumbList","@id":"https:\/\/4valleyschaletrental.com\/de\/ueber-us-luxus-chalets-nendaz\/#breadcrumb","itemListElement":[{"@type":"ListItem","position":1,"name":"Home","item":"https:\/\/4valleyschaletrental.com\/de\/"},{"@type":"ListItem","position":2,"name":"\u00dcber uns"}]},{"@type":"WebSite","@id":"https:\/\/4valleyschaletrental.com\/de\/#website","url":"https:\/\/4valleyschaletrental.com\/de\/","name":"4 Valleys Chalet Rental","description":"Luxury catered &amp; self catered Alpine Chalets","potentialAction":[{"@type":"SearchAction","target":{"@type":"EntryPoint","urlTemplate":"https:\/\/4valleyschaletrental.com\/de\/?s={search_term_string}"},"query-input":{"@type":"PropertyValueSpecification","valueRequired":true,"valueName":"search_term_string"}}],"inLanguage":"de"}]}},"_links":{"self":[{"href":"https:\/\/4valleyschaletrental.com\/de\/wp-json\/wp\/v2\/pages\/1407","targetHints":{"allow":["GET"]}}],"collection":[{"href":"https:\/\/4valleyschaletrental.com\/de\/wp-json\/wp\/v2\/pages"}],"about":[{"href":"https:\/\/4valleyschaletrental.com\/de\/wp-json\/wp\/v2\/types\/page"}],"author":[{"embeddable":true,"href":"https:\/\/4valleyschaletrental.com\/de\/wp-json\/wp\/v2\/users\/1"}],"replies":[{"embeddable":true,"href":"https:\/\/4valleyschaletrental.com\/de\/wp-json\/wp\/v2\/comments?post=1407"}],"version-history":[{"count":5,"href":"https:\/\/4valleyschaletrental.com\/de\/wp-json\/wp\/v2\/pages\/1407\/revisions"}],"predecessor-version":[{"id":2151,"href":"https:\/\/4valleyschaletrental.com\/de\/wp-json\/wp\/v2\/pages\/1407\/revisions\/2151"}],"wp:attachment":[{"href":"https:\/\/4valleyschaletrental.com\/de\/wp-json\/wp\/v2\/media?parent=1407"}],"curies":[{"name":"wp","href":"https:\/\/api.w.org\/{rel}","templated":true}]}}