{"id":1424,"date":"2018-09-10T08:27:33","date_gmt":"2018-09-10T08:27:33","guid":{"rendered":"https:\/\/4valleyschaletrental.com\/4-valleys-luxury-swiss-ski-chalet\/"},"modified":"2023-01-24T14:43:11","modified_gmt":"2023-01-24T14:43:11","slug":"4-valleys-chalet-luxus-schweizer-chalets","status":"publish","type":"page","link":"https:\/\/4valleyschaletrental.com\/de\/","title":{"rendered":"Home"},"content":{"rendered":"<p>[vc_row][vc_column offset=&#8220;vc_hidden-sm vc_hidden-xs&#8220;]\t<script src=\"https:\/\/www.youtube.com\/iframe_api\"><\/script>\n\n\t\t\t\t<p class=\"rs-p-wp-fix\"><\/p>\n\t\t\t\t<sr7-module data-alias=\"home\" data-id=\"1\" id=\"SR7_1_1\" data-version=\"7.0.6\">\n\t\t\t\t\t<sr7-adjuster><\/sr7-adjuster>\n\t\t\t\t\t<sr7-content>\n\t\t\t\t\t\t<sr7-slide id=\"SR7_1_1-1\" data-key=\"1\">\n\t\t\t\t\t\t\t<sr7-txt id=\"SR7_1_1-1-1\" class=\"sr7-layer\">AN EXCLUSIVE COLLECTION OF<\/sr7-txt>\n\t\t\t\t\t\t\t<sr7-txt id=\"SR7_1_1-1-3\" class=\"sr7-layer\">Luxury Alpine Holiday Chalets<\/sr7-txt>\n\t\t\t\t\t\t<\/sr7-slide>\n\t\t\t\t\t\t<sr7-slide id=\"SR7_1_1-3\" data-key=\"3\">\n\t\t\t\t\t\t<\/sr7-slide>\n\t\t\t\t\t<\/sr7-content>\n\t\t\t\t\t<image_lists style=\"display:none\">\n\t\t\t\t\t\t<img data-src=\"\/\/img.youtube.com\/vi\/DbzRwB_eYxI\/maxresdefault.jpg\" width=\"0\" height=\"0\" data-dbsrc=\"Ly9pbWcueW91dHViZS5jb20vdmkvRGJ6UndCX2VZeEkvbWF4cmVzZGVmYXVsdC5qcGc=\"\/>\n\t\t\t\t\t<\/image_lists>\n\t\t\t\t<\/sr7-module>\n\t\t\t\t<script>\n\t\t\t\t\twindow.SR7??={}; SR7.PMH ??={}; SR7.PMH[\"SR7_1_1\"] = {cn:100,state:false,fn: function() { if (window._tpt!==undefined && window._tpt.prepareModuleHeight !== undefined) {  _tpt.prepareModuleHeight({id:\"SR7_1_1\",el:[620,620,635,960,720],type:'hero',gh:[700,700,768,960,720],gw:[1400,1400,1240,778,480],vpt:['-100px&#039;,&#039;-100px&#039;,&#039;-100px&#039;,&#039;-100px&#039;,&#039;-100px'],size:{fullWidth:true, fullHeight:false},mh:'0',onh:0,onw:0,bg:{color:'{\"orig\":\"transparent\",\"type\":\"solid\",\"string\":\"transparent\"}'},plType:'-1',plColor:'#FFFFFF'});   SR7.PMH[\"SR7_1_1\"].state=true;} else if(SR7.PMH[\"SR7_1_1\"].cn-->0)\tsetTimeout( SR7.PMH[\"SR7_1_1\"].fn,19);}};SR7.PMH[\"SR7_1_1\" ].fn();\n\t\t\t\t<\/script>\n[\/vc_column][\/vc_row][vc_row][vc_column offset=&#8220;vc_hidden-lg vc_hidden-md&#8220;]\n\t\t\t\t<p class=\"rs-p-wp-fix\"><\/p>\n\t\t\t\t<sr7-module data-alias=\"home-mobile\" data-id=\"2\" id=\"SR7_2_2\" data-version=\"7.0.6\">\n\t\t\t\t\t<sr7-adjuster><\/sr7-adjuster>\n\t\t\t\t\t<sr7-content>\n\t\t\t\t\t\t<sr7-slide id=\"SR7_2_2-2\" data-key=\"2\">\n\t\t\t\t\t\t\t<sr7-txt id=\"SR7_2_2-2-1\" class=\"sr7-layer\">AN EXCLUSIVE<\/sr7-txt>\n\t\t\t\t\t\t\t<sr7-txt id=\"SR7_2_2-2-3\" class=\"sr7-layer\">Holiday Chalets<\/sr7-txt>\n\t\t\t\t\t\t\t<sr7-txt id=\"SR7_2_2-2-5\" class=\"sr7-layer\">COLLECTION OF<\/sr7-txt>\n\t\t\t\t\t\t\t<sr7-txt id=\"SR7_2_2-2-6\" class=\"sr7-layer\">Luxury Alpine<\/sr7-txt>\n\t\t\t\t\t\t<\/sr7-slide>\n\t\t\t\t\t<\/sr7-content>\n\t\t\t\t<\/sr7-module>\n\t\t\t\t<script>\n\t\t\t\t\twindow.SR7??={}; SR7.PMH ??={}; SR7.PMH[\"SR7_2_2\"] = {cn:100,state:false,fn: function() { if (window._tpt!==undefined && window._tpt.prepareModuleHeight !== undefined) {  _tpt.prepareModuleHeight({id:\"SR7_2_2\",type:'hero',gh:[960,960,960,960,720],gw:[778,778,778,778,480],vpt:['-100px'],size:{fullWidth:true, fullHeight:false},mh:'0',onh:0,onw:0,bg:{color:'{\"orig\":\"transparent\",\"type\":\"solid\",\"string\":\"transparent\"}'},plType:'-1',plColor:'#FFFFFF'});   SR7.PMH[\"SR7_2_2\"].state=true;} else if(SR7.PMH[\"SR7_2_2\"].cn-->0)\tsetTimeout( SR7.PMH[\"SR7_2_2\"].fn,19);}};SR7.PMH[\"SR7_2_2\" ].fn();\n\t\t\t\t<\/script>\n[\/vc_column][\/vc_row][vc_row full_width=&#8220;stretch_row&#8220; css=&#8220;.vc_custom_1547387726698{padding-top: 20px !important;padding-bottom: 20px !important;background-color: #e6e6e7 !important;}&#8220;][vc_column css=&#8220;.vc_custom_1547387719027{margin-top: 0px !important;margin-bottom: 0px !important;padding-top: 0px !important;padding-bottom: 0px !important;}&#8220;][vc_column_text css=&#8220;.vc_custom_1573941736912{margin-top: 0px !important;margin-bottom: 0px !important;padding-top: 0px !important;padding-bottom: 0px !important;}&#8220;]<form action=\"https:\/\/4valleyschaletrental.com\/de\/luxury-chalets\/\" method=\"get\" autocomplete=\"off\">\n  <h2 class=\"text-center\">\u00dcberpr\u00fcfen Sie die aktuelle Verf\u00fcgbarkeit<\/h2>\n          <div class=\"form-inline justify-content-center\">\n              \n\n\n\n              <label class=\"sr-only\">Datum von<\/label>\n              <input type=\"text\" class=\"form-control mb-2 mr-sm-2\" placeholder=\"Datum\" name=\"date\" data-toggle=\"datepicker\">\n\n              <label class=\"sr-only\">N\u00e4chte<\/label>\n              <select placeholder=\"Nights\" name=\"nights\" class=\"form-control mb-2 mr-sm-2\">\n                <option value=\"\">Anzahl N\u00e4chte<\/option>\n                <option value=\"1\">1<\/option>\n                <option value=\"2\">2<\/option>\n                <option value=\"3\">3<\/option>\n                <option value=\"4\">4<\/option>\n                <option value=\"5\">5<\/option>\n                <option value=\"6\">6<\/option>\n                <option value=\"7\">7<\/option>\n                <option value=\"8\">8<\/option>\n                <option value=\"9\">9<\/option>\n                <option value=\"10\">10<\/option>\n                <option value=\"11\">11<\/option>\n                <option value=\"12\">12<\/option>\n                <option value=\"13\">13<\/option>\n                <option value=\"14\">14<\/option>\n            <\/select>\n\n              <label class=\"sr-only\">Personen<\/label>\n              <select placeholder=\"Sleeps\" name=\"sleeps\" class=\"form-control mb-2 mr-sm-2\">\n                <option value=\"\">Personen<\/option>\n                <option value=\"1\">1<\/option>\n                <option value=\"2\">2<\/option>\n                <option value=\"3\">3<\/option>\n                <option value=\"4\">4<\/option>\n                <option value=\"5\">5<\/option>\n                <option value=\"6\">6<\/option>\n                <option value=\"7\">7<\/option>\n                <option value=\"8\">8<\/option>\n                <option value=\"9\">9<\/option>\n                <option value=\"10\">10<\/option>\n                 <option value=\"11\">11<\/option>\n                  <option value=\"12\">12<\/option>\n                   <option value=\"13\">13<\/option>\n                    <option value=\"14\">14<\/option>\n                     <option value=\"15\">15<\/option>\n                      <option value=\"16\">16<\/option>\n            <\/select>\n\n              <button type=\"submit\" class=\"btn btn-dark mb-2 mr-sm-2\">Suche<\/button>\n\n          <\/div>\n         \n\n\n        <\/form>[\/vc_column_text][\/vc_column][\/vc_row][vc_row][vc_column][vc_custom_heading text=&#8220;Wir sind spezialisiert auf&#8220; font_container=&#8220;tag:h2|font_size:2em|text_align:center|color:%23474748&#8243; google_fonts=&#8220;font_family:Dancing%20Script%3Aregular%2C700|font_style:400%20regular%3A400%3Anormal&#8220;][vc_custom_heading text=&#8220;Luxus-Chalets mit einem au\u00dfergew\u00f6hnlichen Service&#8220; font_container=&#8220;tag:h2|font_size:3em|text_align:center|color:%232b3638&#8243; google_fonts=&#8220;font_family:Euphoria%20Script%3Aregular|font_style:400%20regular%3A400%3Anormal&#8220;][vc_custom_heading text=&#8220;In Nendaz, Les 4 Vall\u00e9es, Switzerland&#8220; font_container=&#8220;tag:h6|font_size:1.4em|text_align:center|color:%23474748&#8243; google_fonts=&#8220;font_family:Raleway%3A100%2C200%2C300%2Cregular%2C500%2C600%2C700%2C800%2C900|font_style:200%20light%20regular%3A200%3Anormal&#8220;][\/vc_column][\/vc_row][vc_row][vc_column][vc_separator style=&#8220;shadow&#8220;][\/vc_column][\/vc_row][vc_row][vc_column][vc_column_text]<\/p>\n<p align=\"center\"><span lang=\"DE\">Alpine Comfort &#8211; 4 Valleys Chalet Rental bietet luxuri\u00f6se Unterk\u00fcnfte im Ski- und Wandergebiet 4 Vall\u00e9es in der Schweiz an. Wir bieten eine sorgf\u00e4ltig ausgew\u00e4hlte Auswahl an Luxus Chalets zur in Les 4 Vall\u00e9es Resort in <a href=\"?page_id=1316&amp;lang=de\" target=\"_blank\" rel=\"noopener\">Nendaz<\/a> in der N\u00e4he der Nachbard\u00f6rfer Verbier, Veysonnaz, La Tzoumaz und Thyon. In unserem Portfolio finden Sie einige der besten <a href=\"https:\/\/4valleyschaletrental.com\/luxury-chalets\/\">Luxus-Chalets<\/a>, die f\u00fcr Familien, Gruppen von Freunden und Firmenveranstaltungen geeignet sind.<\/span><\/p>\n<p align=\"center\"><span lang=\"DE\">Nutzen Sie unsere Suchfunktion, um Ihre Suche zu unterst\u00fctzen, oder kontaktieren Sie uns direkt bei Alpine Comfort &#8211; 4 Valleys Chalet Rental, um Ihren n\u00e4chsten hochwertigen Chalet-Aufenthalt in den Schweizer Alpen zu sichern.<\/span><\/p>\n<p align=\"center\"><span lang=\"DE\">Wir freuen uns auf Ihren Besuch! <\/span><\/p>\n<p align=\"center\"><span lang=\"DE\">Bis bald<\/span><\/p>\n<p>[\/vc_column_text][\/vc_column][\/vc_row]<\/p>\n","protected":false},"excerpt":{"rendered":"<p>[vc_row][vc_column offset=&#8220;vc_hidden-sm vc_hidden-xs&#8220;][\/vc_column][\/vc_row][vc_row][vc_column offset=&#8220;vc_hidden-lg vc_hidden-md&#8220;][\/vc_column][\/vc_row][vc_row full_width=&#8220;stretch_row&#8220; css=&#8220;.vc_custom_1547387726698{padding-top: 20px !important;padding-bottom: 20px !important;background-color: #e6e6e7 !important;}&#8220;][vc_column css=&#8220;.vc_custom_1547387719027{margin-top: 0px !important;margin-bottom: 0px !important;padding-top: 0px !important;padding-bottom: 0px !important;}&#8220;][vc_column_text css=&#8220;.vc_custom_1573941736912{margin-top: 0px !important;margin-bottom: 0px !important;padding-top: 0px !important;padding-bottom: 0px !important;}&#8220;][\/vc_column_text][\/vc_column][\/vc_row][vc_row][vc_column][vc_custom_heading text=&#8220;Wir sind spezialisiert auf&#8220; font_container=&#8220;tag:h2|font_size:2em|text_align:center|color:%23474748&#8243; google_fonts=&#8220;font_family:Dancing%20Script%3Aregular%2C700|font_style:400%20regular%3A400%3Anormal&#8220;][vc_custom_heading text=&#8220;Luxus-Chalets mit einem au\u00dfergew\u00f6hnlichen Service&#8220; font_container=&#8220;tag:h2|font_size:3em|text_align:center|color:%232b3638&#8243; google_fonts=&#8220;font_family:Euphoria%20Script%3Aregular|font_style:400%20regular%3A400%3Anormal&#8220;][vc_custom_heading text=&#8220;In Nendaz, Les 4 Vall\u00e9es, Switzerland&#8220; font_container=&#8220;tag:h6|font_size:1.4em|text_align:center|color:%23474748&#8243; google_fonts=&#8220;font_family:Raleway%3A100%2C200%2C300%2Cregular%2C500%2C600%2C700%2C800%2C900|font_style:200%20light%20regular%3A200%3Anormal&#8220;][\/vc_column][\/vc_row][vc_row][vc_column][vc_separator style=&#8220;shadow&#8220;][\/vc_column][\/vc_row][vc_row][vc_column][vc_column_text] Alpine Comfort [&hellip;]<\/p>\n","protected":false},"author":1,"featured_media":0,"parent":0,"menu_order":0,"comment_status":"closed","ping_status":"closed","template":"page-home.php","meta":{"rs_blank_template":"","rs_page_bg_color":"#ffffff","slide_template_v7":"","_monsterinsights_skip_tracking":false,"_monsterinsights_sitenote_active":false,"_monsterinsights_sitenote_note":"","_monsterinsights_sitenote_category":0,"footnotes":""},"class_list":["post-1424","page","type-page","status-publish","hentry"],"acf":[],"yoast_head":"<!-- This site is optimized with the Yoast SEO plugin v27.2 - https:\/\/yoast.com\/product\/yoast-seo-wordpress\/ -->\n<title>4 Valleys Chalet - Luxus Schweizer Ski Chalets - Les 4 Vall\u00e9es<\/title>\n<meta name=\"description\" content=\"4 Valleys Chalet - Luxus Schweizer Ski Chalets - Les 4 Vall\u00e9es.Entdecken Sie unsere Luxus- und Chalets im Ski- und Wandergebiet 4 Vall\u00e9es.\" \/>\n<meta name=\"robots\" content=\"index, follow, max-snippet:-1, max-image-preview:large, max-video-preview:-1\" \/>\n<link rel=\"canonical\" href=\"https:\/\/4valleyschaletrental.com\/de\/\" \/>\n<meta property=\"og:locale\" content=\"de_DE\" \/>\n<meta property=\"og:type\" content=\"article\" \/>\n<meta property=\"og:title\" content=\"4 Valleys Chalet - Luxus Schweizer Ski Chalets - Les 4 Vall\u00e9es\" \/>\n<meta property=\"og:description\" content=\"4 Valleys Chalet - Luxus Schweizer Ski Chalets - Les 4 Vall\u00e9es.Entdecken Sie unsere Luxus- und Chalets im Ski- und Wandergebiet 4 Vall\u00e9es.\" \/>\n<meta property=\"og:url\" content=\"https:\/\/4valleyschaletrental.com\/de\/\" \/>\n<meta property=\"og:site_name\" content=\"4 Valleys Chalet Rental\" \/>\n<meta property=\"article:modified_time\" content=\"2023-01-24T14:43:11+00:00\" \/>\n<meta name=\"twitter:card\" content=\"summary_large_image\" \/>\n<meta name=\"twitter:label1\" content=\"Gesch\u00e4tzte Lesezeit\" \/>\n\t<meta name=\"twitter:data1\" content=\"1\u00a0Minute\" \/>\n<script type=\"application\/ld+json\" class=\"yoast-schema-graph\">{\"@context\":\"https:\/\/schema.org\",\"@graph\":[{\"@type\":\"WebPage\",\"@id\":\"https:\/\/4valleyschaletrental.com\/de\/\",\"url\":\"https:\/\/4valleyschaletrental.com\/de\/\",\"name\":\"4 Valleys Chalet - Luxus Schweizer Ski Chalets - Les 4 Vall\u00e9es\",\"isPartOf\":{\"@id\":\"https:\/\/4valleyschaletrental.com\/de\/#website\"},\"datePublished\":\"2018-09-10T08:27:33+00:00\",\"dateModified\":\"2023-01-24T14:43:11+00:00\",\"description\":\"4 Valleys Chalet - Luxus Schweizer Ski Chalets - Les 4 Vall\u00e9es.Entdecken Sie unsere Luxus- und Chalets im Ski- und Wandergebiet 4 Vall\u00e9es.\",\"breadcrumb\":{\"@id\":\"https:\/\/4valleyschaletrental.com\/de\/#breadcrumb\"},\"inLanguage\":\"de\",\"potentialAction\":[{\"@type\":\"ReadAction\",\"target\":[\"https:\/\/4valleyschaletrental.com\/de\/\"]}]},{\"@type\":\"BreadcrumbList\",\"@id\":\"https:\/\/4valleyschaletrental.com\/de\/#breadcrumb\",\"itemListElement\":[{\"@type\":\"ListItem\",\"position\":1,\"name\":\"Home\",\"item\":\"https:\/\/4valleyschaletrental.com\/de\/\"},{\"@type\":\"ListItem\",\"position\":2,\"name\":\"Home\"}]},{\"@type\":\"WebSite\",\"@id\":\"https:\/\/4valleyschaletrental.com\/de\/#website\",\"url\":\"https:\/\/4valleyschaletrental.com\/de\/\",\"name\":\"4 Valleys Chalet Rental\",\"description\":\"Luxury catered &amp; self catered Alpine Chalets\",\"potentialAction\":[{\"@type\":\"SearchAction\",\"target\":{\"@type\":\"EntryPoint\",\"urlTemplate\":\"https:\/\/4valleyschaletrental.com\/de\/?s={search_term_string}\"},\"query-input\":{\"@type\":\"PropertyValueSpecification\",\"valueRequired\":true,\"valueName\":\"search_term_string\"}}],\"inLanguage\":\"de\"}]}<\/script>\n<!-- \/ Yoast SEO plugin. -->","yoast_head_json":{"title":"4 Valleys Chalet - Luxus Schweizer Ski Chalets - Les 4 Vall\u00e9es","description":"4 Valleys Chalet - Luxus Schweizer Ski Chalets - Les 4 Vall\u00e9es.Entdecken Sie unsere Luxus- und Chalets im Ski- und Wandergebiet 4 Vall\u00e9es.","robots":{"index":"index","follow":"follow","max-snippet":"max-snippet:-1","max-image-preview":"max-image-preview:large","max-video-preview":"max-video-preview:-1"},"canonical":"https:\/\/4valleyschaletrental.com\/de\/","og_locale":"de_DE","og_type":"article","og_title":"4 Valleys Chalet - Luxus Schweizer Ski Chalets - Les 4 Vall\u00e9es","og_description":"4 Valleys Chalet - Luxus Schweizer Ski Chalets - Les 4 Vall\u00e9es.Entdecken Sie unsere Luxus- und Chalets im Ski- und Wandergebiet 4 Vall\u00e9es.","og_url":"https:\/\/4valleyschaletrental.com\/de\/","og_site_name":"4 Valleys Chalet Rental","article_modified_time":"2023-01-24T14:43:11+00:00","twitter_card":"summary_large_image","twitter_misc":{"Gesch\u00e4tzte Lesezeit":"1\u00a0Minute"},"schema":{"@context":"https:\/\/schema.org","@graph":[{"@type":"WebPage","@id":"https:\/\/4valleyschaletrental.com\/de\/","url":"https:\/\/4valleyschaletrental.com\/de\/","name":"4 Valleys Chalet - Luxus Schweizer Ski Chalets - Les 4 Vall\u00e9es","isPartOf":{"@id":"https:\/\/4valleyschaletrental.com\/de\/#website"},"datePublished":"2018-09-10T08:27:33+00:00","dateModified":"2023-01-24T14:43:11+00:00","description":"4 Valleys Chalet - Luxus Schweizer Ski Chalets - Les 4 Vall\u00e9es.Entdecken Sie unsere Luxus- und Chalets im Ski- und Wandergebiet 4 Vall\u00e9es.","breadcrumb":{"@id":"https:\/\/4valleyschaletrental.com\/de\/#breadcrumb"},"inLanguage":"de","potentialAction":[{"@type":"ReadAction","target":["https:\/\/4valleyschaletrental.com\/de\/"]}]},{"@type":"BreadcrumbList","@id":"https:\/\/4valleyschaletrental.com\/de\/#breadcrumb","itemListElement":[{"@type":"ListItem","position":1,"name":"Home","item":"https:\/\/4valleyschaletrental.com\/de\/"},{"@type":"ListItem","position":2,"name":"Home"}]},{"@type":"WebSite","@id":"https:\/\/4valleyschaletrental.com\/de\/#website","url":"https:\/\/4valleyschaletrental.com\/de\/","name":"4 Valleys Chalet Rental","description":"Luxury catered &amp; self catered Alpine Chalets","potentialAction":[{"@type":"SearchAction","target":{"@type":"EntryPoint","urlTemplate":"https:\/\/4valleyschaletrental.com\/de\/?s={search_term_string}"},"query-input":{"@type":"PropertyValueSpecification","valueRequired":true,"valueName":"search_term_string"}}],"inLanguage":"de"}]}},"_links":{"self":[{"href":"https:\/\/4valleyschaletrental.com\/de\/wp-json\/wp\/v2\/pages\/1424","targetHints":{"allow":["GET"]}}],"collection":[{"href":"https:\/\/4valleyschaletrental.com\/de\/wp-json\/wp\/v2\/pages"}],"about":[{"href":"https:\/\/4valleyschaletrental.com\/de\/wp-json\/wp\/v2\/types\/page"}],"author":[{"embeddable":true,"href":"https:\/\/4valleyschaletrental.com\/de\/wp-json\/wp\/v2\/users\/1"}],"replies":[{"embeddable":true,"href":"https:\/\/4valleyschaletrental.com\/de\/wp-json\/wp\/v2\/comments?post=1424"}],"version-history":[{"count":11,"href":"https:\/\/4valleyschaletrental.com\/de\/wp-json\/wp\/v2\/pages\/1424\/revisions"}],"predecessor-version":[{"id":3153,"href":"https:\/\/4valleyschaletrental.com\/de\/wp-json\/wp\/v2\/pages\/1424\/revisions\/3153"}],"wp:attachment":[{"href":"https:\/\/4valleyschaletrental.com\/de\/wp-json\/wp\/v2\/media?parent=1424"}],"curies":[{"name":"wp","href":"https:\/\/api.w.org\/{rel}","templated":true}]}}