{"id":1196,"date":"2019-10-07T09:53:57","date_gmt":"2019-10-07T09:53:57","guid":{"rendered":"https:\/\/4valleyschaletrental.com\/terms-conditions\/"},"modified":"2019-11-25T14:03:27","modified_gmt":"2019-11-25T14:03:27","slug":"conditions-location-chalets","status":"publish","type":"page","link":"https:\/\/4valleyschaletrental.com\/fr\/conditions-location-chalets\/","title":{"rendered":"Conditions de Location"},"content":{"rendered":"<p>[vc_row][vc_column][vc_single_image image=\u00a0\u00bb1199&Prime; img_size=\u00a0\u00bbfull\u00a0\u00bb alignment=\u00a0\u00bbcenter\u00a0\u00bb][\/vc_column][\/vc_row][vc_row][vc_column width=\u00a0\u00bb1\/4&Prime;][vc_wp_custommenu nav_menu=\u00a0\u00bb53&Prime;][\/vc_column][vc_column width=\u00a0\u00bb3\/4&Prime;][vc_column_text]<\/p>\n<div class=\"page\" title=\"Page 1\">\n<div class=\"layoutArea\">\n<div class=\"column\">\n<h2>Conditions de Location Des Chalets<\/h2>\n<p><strong>1.Accord<br \/>\n<\/strong>1.1 Ces conditions forment la base de l\u2019accord entre: Le propri\u00e9taire du Chalet Kalibu (propri\u00e9taire) et\u00a0le sous-sign\u00e9 (d\u00e8s cette ligne r\u00e9f\u00e9r\u00e9 comme \u201cvous\u201d) pour la location de vacance de la propri\u00e9t\u00e9.\u00a0Alpine Comfort S\u00e0rl &#8211; 4 Valleys Chalet Rental (ci-apr\u00e8s l\u2019agence) agit uniquement comme agent de location en faveur du propri\u00e9taire. Le contrat de location est conclu directement entre le propri\u00e9taire du chalet et le locataire.<\/p>\n<p>1.2 En signant le contrat de r\u00e9servation, vous confirmez \u00eatre \u00e2g\u00e9 de plus de 18 ans et vous acceptez la responsabilit\u00e9 totale pour tous les payements et pour les cons\u00e9quences des actes de toute personne qui utilisera la propri\u00e9t\u00e9 durant votre s\u00e9jour.<\/p>\n<p><strong>2.R\u00e9servations<br \/>\n<\/strong>2.1 L\u2019agence confirmera la r\u00e9servation d\u00e8s r\u00e9ception du contrat de r\u00e9servation et de l&rsquo;acompte non- remboursable pour la r\u00e9servation de la propri\u00e9t\u00e9 d\u00e9sign\u00e9e ci-avant.<\/p>\n<p>2.2 Lorsque l\u2019agence a re\u00e7u l\u2019acompte et confirm\u00e9 votre r\u00e9servation, le contrat de location est conclus entre les parties concern\u00e9es aux conditions de location n\u00e9goci\u00e9es et discut\u00e9es par l\u2019agence au nom et pour le compte du propri\u00e9taire.<\/p>\n<p>2.3 L\u2019agence accepte une r\u00e9servation provisoire et garantit la disponibilit\u00e9 de la propri\u00e9t\u00e9, pour autant que l\u2019acompte soit pay\u00e9 dans les 3 jours ouvrables suivant la r\u00e9servation provisoire.<\/p>\n<p>2.4 Si la p\u00e9riode de location commence moins de 56 jours apr\u00e8s la date de r\u00e9servation, la totalit\u00e9 du montant du contrat est enti\u00e8rement payable au moment de la r\u00e9servation.<\/p>\n<p>2.5 Aucuns changements ne peuvent \u00eatre apport\u00e9s \u00e0 la r\u00e9servation sans une demande \u00e9crite accept\u00e9e par l\u2019agence.<\/p>\n<p><strong>3. Paiement<br \/>\n<\/strong>3.1 Le paiement peut \u00eatre effectu\u00e9 par virement bancaire ou par carte de cr\u00e9dit. Tout paiement par carte de cr\u00e9dit induit une surtaxe de 3.0%.<\/p>\n<p>3.2 Paiement final<br \/>\nLe solde \u00e0 payer en plus de l\u2019acompte de r\u00e9servation devient d\u00fb\u00e0 partir de 56 jours avant le d\u00e9but du s\u00e9jour. Si ce solde n\u2019est pas re\u00e7u \u00e0 temps, l\u2019agence se r\u00e9serve le droit d\u2019annuler la r\u00e9servation du locataire et de conserver l\u2019acompte vers\u00e9 en compensation des frais g\u00e9n\u00e9r\u00e9s par l\u2019annulation.<\/p>\n<p><strong>4. Garantie pour la restitution des locaux sans d\u00e9g\u00e2ts \/caution<\/strong><br \/>\n4.1 Une garantie remboursable est demand\u00e9e au locataire. Cette caution va \u00eatre bloqu\u00e9 sur la carte de cr\u00e9dit de locataire en arrivant. Elle sera lib\u00e9r\u00e9e au plus tard 7 jours apr\u00e8s la p\u00e9riode de s\u00e9jour, dans le cas o\u00f9 la propri\u00e9t\u00e9 est restitu\u00e9e en \u00e9tat ad\u00e9quat. Tout d\u00e9g\u00e2t caus\u00e9 par les occupants de la propri\u00e9t\u00e9 seront\u00a0d\u00e9duits sur cette caution. Le montant de la caution d\u00e9pend du chalet lou\u00e9, mais s\u2019\u00e9l\u00e8ve \u00e0 un minimum de CHF 1000.-<\/p>\n<p><strong>5.Annulation<br \/>\n<\/strong>Toute annulation doit \u00eatre effectu\u00e9e sous forme \u00e9crite. Elle sera observ\u00e9e par l\u2019agence et un remboursement sera conform\u00e9ment au tableau ci-dessous. Le montant de l\u2019acompte de d\u00e9part ne peut en aucun cas \u00eatre rembours\u00e9. Une annulation par courrier recommand\u00e9 est fortement conseill\u00e9e.<\/p>\n<p>Nombre de jours avant l\u2019arriv\u00e9e Plus de 56 jours<br \/>\n56-29 jours<br \/>\n28 &#8211; 15 jours<\/p>\n<p>% du montant rembours\u00e9 70%<\/p>\n<p>50% 20% 0%<\/p>\n<p>5.2 Annulation par le propri\u00e9taire ou l\u2019agence<br \/>\n5.2.1 Dans tout les cas, l\u2019agence ou le propri\u00e9taire se r\u00e9servent le droite d\u2019annuler votre s\u00e9jour pour les dates r\u00e9serv\u00e9es. Cette d\u00e9cision doit n\u2019avoir lieu que dans des cas d\u2019impossibilit\u00e9 ou d\u2019extr\u00eame difficult\u00e9 \u00e0 fournir la prestation promis. Dans un tel cas, vous serez rembours\u00e9s int\u00e9gralement du montant re\u00e7u par l\u2019agence ou par le propri\u00e9taire, \u00e0 l\u2019exclusion de tous dommages suppl\u00e9mentaires susceptibles de vous avoir \u00e9t\u00e9 g\u00e9n\u00e9r\u00e9s du fait de cette annulation.<\/p>\n<p>5.2.2 Si vous ne payez pas le solde de la r\u00e9servation ou les autres co\u00fbts aff\u00e9rents \u00e0 votre r\u00e9servation avant la date limite, l\u2019agence se r\u00e9serve le droit d\u2019annuler votre r\u00e9servation sans remboursement quelconque.<\/p>\n<p>5.3 Par votre signature, vous annoncez \u00eatre couvert par une assurance voyage qui couvrira vos frais pour toute annulation ou tout d\u00e9g\u00e2ts commis \u00e0 la propri\u00e9t\u00e9.<\/p>\n<p><strong>6. Modifications<\/strong><\/p>\n<p>6.1 Modifications par le locataire<br \/>\n6.1.1 Les modifications doivent \u00eatre confirm\u00e9es par \u00e9crit et sign\u00e9e par vous ou l\u2019un des membres autoris\u00e9s de votre groupe. Ces derni\u00e8res deviendront effectives le jour ou elles sont re\u00e7ues par l\u2019agence. Vous acceptez d\u2019indemniser l\u2019agence pour toute d\u00e9pense raisonnable induites par vos modifications, que l\u2019agence parvienne ou non \u00e0 satisfaire \u00e0 votre demande.<\/p>\n<p>6.1.2 Sous r\u00e9serve de disponibilit\u00e9, tout changement de dates durant la m\u00eame saison plus de 56 jours avant votre d\u00e9part sera accept\u00e9 par l\u2019agence sans frais. Il pourrait y avoir un changement dans les tarifs de location, \u00e9tant donn\u00e9 que certains propri\u00e9taires ont des tarifs saisonniers. Un changement de date pour une autre saison ou \u00e0 moins de 56 jours du d\u00e9part engendre une annulation compl\u00e8te.<\/p>\n<p>10 &#8211; 0 jours<br \/>\nL\u2019agence tentera de re-louer la propri\u00e9t\u00e9 pour la dur\u00e9e totale du s\u00e9jour annul\u00e9. Si il y parvient, l\u2019agence vous remboursera le montant que vous avez pay\u00e9 : Une taxe administrative de CHF 200.- sera n\u00e9anmoins dans tous les cas per\u00e7ue.<\/p>\n<p>6.2 Modifications par le propri\u00e9taire ou l\u2019agence<\/p>\n<p>6.2.1 L\u2019agence se r\u00e9serve le droit de vous annoncer un changement sur votre s\u00e9jour avant ou apr\u00e8s votre r\u00e9servation. Une modification faite avant votre d\u00e9part (par exemple un changement de dates ou de standing d\u2019h\u00e9bergement) vous donne le droit d\u2019annuler votre s\u00e9jour si vous le souhaitez, ceci sans aucuns frais.<\/p>\n<p>6.2.2 Une fois que votre s\u00e9jour \u00e0 d\u00e9marr\u00e9, l\u2019agence vous payera un remboursement au pro-rata pour toute partie du s\u00e9jour qui, en raison d\u2019une modification faite par l\u2019agence, ne peut pas \u00eatre consomm\u00e9e.<\/p>\n<p>6.2.3 Veuillez noter que l\u2019agence ne peut pas payer de d\u00e9penses, co\u00fbts ou pertes induites de votre c\u00f4t\u00e9 par la modification ou l\u2019annulation du s\u00e9jour, et ne peut pas \u00eatre tenu responsable d\u2019un quelconque remboursement si les raisons de l\u2019annulation ou de la modification sont li\u00e9es \u00e0 un cas de force majeure. De telles circonstances incluent, sans se limiter \u00e0 celles-ci, un \u00e9tat de guerre, un danger de guerre, des \u00e9meutes, gr\u00e8ves, actes de terrorisme, interruption industrielle, catastrophe naturelle, feu, probl\u00e8mes techniques, m\u00e9t\u00e9o extr\u00eame, d\u00e9cisions gouvernementales et autres \u00e9v\u00e8nements similaires au-del\u00e0 de notre contr\u00f4le.<\/p>\n<p><strong>7. Occupation de la propri\u00e9t\u00e9<br \/>\n<\/strong>7.1 Vous n\u2019avez pas le droit d\u2019utiliser la propri\u00e9t\u00e9 pour autre chose qu\u2019un s\u00e9jour de vacances.<\/p>\n<p>7.2 Le nombre de personnes s\u00e9journant dans la propri\u00e9t\u00e9 ne doit pas exc\u00e9der le nombre maximum annonc\u00e9. L\u2019utilisation de tentes et camping-cars autour de la propri\u00e9t\u00e9 n\u2019est pas autoris\u00e9e.<\/p>\n<p>7.3 Vous ne pouvez pas utiliser la propri\u00e9t\u00e9 pour des activit\u00e9s g\u00e9n\u00e9ratrices d\u2019une nuisance ou d\u2019un d\u00e9rangement aux visiteurs ou \u00e0 leurs voisins.<\/p>\n<p>7.4 Vous et vos invit\u00e9s doivent avoir un comportement raisonnable et en accord avec les r\u00e8gles en rapport avec la propri\u00e9t\u00e9 ou le site o\u00f9 la propri\u00e9t\u00e9 est situ\u00e9e. Ces r\u00e8gles vous seront communiqu\u00e9es \u00e0 votre arriv\u00e9e \u00e0 la propri\u00e9t\u00e9.<\/p>\n<p><strong>8. Vos obligations<br \/>\n<\/strong>8.1 Vous acceptez de conserver cette propri\u00e9t\u00e9 et son contenu dans les m\u00eames conditions qu\u2019\u00e0 votre arriv\u00e9e, et de payer \u00e0 l\u2019agent en cas de demande \u00e9crite tout co\u00fbt induit part d\u2019\u00e9ventuels d\u00e9g\u00e2ts commis par vos actes ou omissions (ou celles de l\u2019un de vos invit\u00e9s) sur la propri\u00e9t\u00e9 ou son contenu.<\/p>\n<p>8.2 Aucun animal n\u2019est tol\u00e9r\u00e9 dans la propri\u00e9t\u00e9<\/p>\n<p>8.3 La propri\u00e9t\u00e9 est NON-FUMEUR dans toute circonstance et TOUS les invit\u00e9s doivent s\u2019y plier. Tout d\u00e9g\u00e2t ou odeur persistante caus\u00e9e par la fum\u00e9e \u00e0 l\u2019int\u00e9rieur de la propri\u00e9t\u00e9 engendrera une perte totale de la caution.<\/p>\n<p>8.4 Vous devez permettre \u00e0 l\u2019agence d\u2019entrer dans la propri\u00e9t\u00e9 durant le s\u00e9jour. Nous nous engageons \u00e0 vous avertir de notre passage moyennant un d\u00e9lai raisonnable, sauf en cas d\u2019urgence ou un acc\u00e8s imm\u00e9diat doit \u00eatre autoris\u00e9.<\/p>\n<p>8.5 Vous devez vous assurer que la propri\u00e9t\u00e9 est laiss\u00e9e dans un \u00e9tat propre et soign\u00e9 \u00e0 votre d\u00e9part. L\u2019agence se r\u00e9serve le droit de vous facturer une taxe de nettoyage additionnelle si celle-ci est consid\u00e9r\u00e9e n\u00e9cessaire.<\/p>\n<p><strong>9. Le droice de l\u2019agent de refuser la r\u00e9servation\/fin anticip\u00e9e du contrat<br \/>\n<\/strong>9.1 L\u2019agence se r\u00e9serve le droit de refuser toute r\u00e9servation.<\/p>\n<p>9.2 L\u2019agent se r\u00e9serve le droit de mettre fin de mani\u00e8re anticip\u00e9e au contrat et de vous demander, \u00e0 vous et vos invit\u00e9s, de quitter imm\u00e9diatement la propri\u00e9t\u00e9 si cela est jug\u00e9 n\u00e9cessaire en raison de votre comportement ou de d\u00e9g\u00e2ts mat\u00e9riels caus\u00e9s \u00e0 la chose lou\u00e9e en contrari\u00e9t\u00e9 avec les termes de cet accord.<\/p>\n<p><strong>10. Arriv\u00e9e et D\u00e9part<br \/>\n<\/strong>10.1 La p\u00e9riode de location d\u00e9marre \u00e0 16h30 le premier jour de la p\u00e9riode de r\u00e9servation, et termine \u00e0 10h00 le jour du d\u00e9part. Si votre s\u00e9jour se prolonge au-del\u00e0 de cette p\u00e9riode, vous devenez sujet \u00e0 une surtaxe pour les heures\/jours additionnels.<\/p>\n<p><strong>11. Descriptions et Caract\u00e9ristiques<br \/>\n<\/strong>11.1 L\u2019agence s\u2019engage \u00e0 vous informer au moment de la r\u00e9servation de tout changement par rapport aux brochures \/ site web, ainsi que de tout \u00e9v\u00e8nement susceptible d\u2019affecter la propri\u00e9t\u00e9 durant les dates de votre s\u00e9jour. Ni l\u2019agence ni le propri\u00e9taire ne peuvent \u00eatre tenus responsables pour les travaux m\u00eame g\u00e9n\u00e9rateurs de nuisances ou les activit\u00e9s de tout type ayant lieu sur les propri\u00e9t\u00e9s adjacentes ou dans le voisinage de la propri\u00e9t\u00e9.<\/p>\n<p><strong>12.Location<br \/>\n<\/strong>12.1 Le pr\u00e9sent accord porte sur la location d\u2019un logement de vacances seulement. En cons\u00e9quence les droits du locataire s\u2019y trouvent limit\u00e9s conform\u00e9ment aux dispositions l\u00e9gales de droit suisse y aff\u00e9rentes.<\/p>\n<p><strong>13. Plaintes<br \/>\n<\/strong>13.1 Si vous avez des plaintes durant votre s\u00e9jour dans la propri\u00e9t\u00e9, veuillez les transmettre imm\u00e9diatement \u00e0 l\u2019agence qui fera les efforts raisonnables n\u00e9cessaire \u00e0 r\u00e9soudre le probl\u00e8me. L\u2019agence n\u2019effectue normalement aucun remboursement ou compensation confront\u00e9 \u00e0 une plainte faite apr\u00e8s le d\u00e9part si cette plainte ne lui a pas \u00e9t\u00e9 manifest\u00e9e pendant la p\u00e9riode de s\u00e9jour.<\/p>\n<p><strong>14. Pertes<br \/>\n<\/strong>14.1 Ni l\u2019agence ni le propri\u00e9taire ne peut \u00eatre rendu responsable d\u2019un dommage subi par un bien des occupants contenu dans la propri\u00e9t\u00e9 ou par un occupant de la propri\u00e9t\u00e9. Cette exclusion de responsabilit\u00e9 ne s\u2019applique pas en cas de n\u00e9gligence grave ou de faute intentionnelle de l\u2019agence ou du propri\u00e9taire.<\/p>\n<p><strong>15. Sanctions<br \/>\n<\/strong>15.1 Si l&rsquo;une des situations suivantes se produit sans l&rsquo;approbation, les sanctions \u00e9num\u00e9r\u00e9es ci-dessous seront factur\u00e9s imm\u00e9diatement.<br \/>\n15.1 L\u2019occupation d\u00e9clar\u00e9 du chalet est d\u00e9pass\u00e9e, Chf 1000.- par personne suppl\u00e9mentaire<br \/>\n15.2 Les animaux sont amen\u00e9s au chalet Chf 1000.- par animal<br \/>\n15.3 fumer dans le chalet Chf 10&rsquo;000.-<\/p>\n<p>16. <strong>Protection des Donn\u00e9es<br \/>\n<\/strong>16.1 Toute donn\u00e9e personnelle donn\u00e9e \u00e0 l\u2019agence sera gard\u00e9e et utilis\u00e9e en conformit\u00e9 avec les r\u00e8gles du droit suisse concernant la protection des donn\u00e9es. L\u2019agent conservera vos donn\u00e9es en s\u00e9curit\u00e9.<br \/>\nL\u2019agence ne partagera pas vos donn\u00e9es avec d\u2019autres organisations sans votre consentement, sauf si la loi devait l\u2019y obliger.<\/p>\n<p><strong>17. G\u00e9n\u00e9ral<br \/>\n<\/strong>17.1 Les en-t\u00eates des conditions ci-dessus sont \u00e0 titre de r\u00e9f\u00e9rence seulement et les images n\u2019ont pour seul but de donner une impression g\u00e9n\u00e9rale.<\/p>\n<p>17.2 Les conditions de r\u00e9servation et tout \u00e9v\u00e8nement en d\u00e9coulant sont soumis au droit suisse. En cas de litige d\u2019interpr\u00e9tation y aff\u00e9rent, le for est fix\u00e9 au lieu de situation de l\u2019objet lou\u00e9<\/p>\n<p>17.3 L\u2019agence se r\u00e9serve le droit de modifier tout article des pr\u00e9sentes conditions \u00e0 ce \u00e0 tout moment. Tout changement aura un effet imm\u00e9diat et s\u2019appliquera \u00e0 toutes les r\u00e9servations, peu importe si celles-ci avaient \u00e9t\u00e9 effectu\u00e9es avant le changement. Vous serez inform\u00e9s imm\u00e9diatement de tout changement et avez le droit de annuler.<\/p>\n<p>17.4 L\u2019agence, Alpine Comfort S\u00e0rl, est inscrit au Registre du commerce du Valais central , Suisse, sous le No CH-626.4.012.269-9.<\/p>\n<p>&nbsp;<\/p>\n<p>&nbsp;<\/p>\n<\/div>\n<\/div>\n<\/div>\n<p>[\/vc_column_text][\/vc_column][\/vc_row]<\/p>\n","protected":false},"excerpt":{"rendered":"<p>[vc_row][vc_column][vc_single_image image=\u00a0\u00bb1199&Prime; img_size=\u00a0\u00bbfull\u00a0\u00bb alignment=\u00a0\u00bbcenter\u00a0\u00bb][\/vc_column][\/vc_row][vc_row][vc_column width=\u00a0\u00bb1\/4&Prime;][vc_wp_custommenu nav_menu=\u00a0\u00bb53&Prime;][\/vc_column][vc_column width=\u00a0\u00bb3\/4&Prime;][vc_column_text] Conditions de Location Des Chalets 1.Accord 1.1 Ces conditions forment la base de l\u2019accord entre: Le propri\u00e9taire du Chalet Kalibu (propri\u00e9taire) et\u00a0le sous-sign\u00e9 (d\u00e8s cette ligne r\u00e9f\u00e9r\u00e9 comme \u201cvous\u201d) pour la location de vacance de la propri\u00e9t\u00e9.\u00a0Alpine Comfort S\u00e0rl &#8211; 4 Valleys Chalet Rental (ci-apr\u00e8s l\u2019agence) agit uniquement [&hellip;]<\/p>\n","protected":false},"author":1,"featured_media":0,"parent":0,"menu_order":0,"comment_status":"closed","ping_status":"closed","template":"","meta":{"rs_blank_template":"","rs_page_bg_color":"","slide_template_v7":"","_monsterinsights_skip_tracking":false,"_monsterinsights_sitenote_active":false,"_monsterinsights_sitenote_note":"","_monsterinsights_sitenote_category":0,"footnotes":""},"class_list":["post-1196","page","type-page","status-publish","hentry"],"acf":[],"yoast_head":"<!-- This site is optimized with the Yoast SEO plugin v27.2 - https:\/\/yoast.com\/product\/yoast-seo-wordpress\/ -->\n<title>Conditions de Location des Chalets Nendaz :: Alpine Comfort<\/title>\n<meta name=\"description\" content=\"Conditions de Locationdes chalets \u00e0 Nendaz par l&#039;acence Alpine Comfort 4 Valleys Chalet Rental Agency:: Switzerland. tous que vous devez en savoir\" \/>\n<meta name=\"robots\" content=\"index, follow, max-snippet:-1, max-image-preview:large, max-video-preview:-1\" \/>\n<link rel=\"canonical\" href=\"https:\/\/4valleyschaletrental.com\/fr\/conditions-location-chalets\/\" \/>\n<meta property=\"og:locale\" content=\"fr_FR\" \/>\n<meta property=\"og:type\" content=\"article\" \/>\n<meta property=\"og:title\" content=\"Conditions de Location des Chalets Nendaz :: Alpine Comfort\" \/>\n<meta property=\"og:description\" content=\"Conditions de Locationdes chalets \u00e0 Nendaz par l&#039;acence Alpine Comfort 4 Valleys Chalet Rental Agency:: Switzerland. tous que vous devez en savoir\" \/>\n<meta property=\"og:url\" content=\"https:\/\/4valleyschaletrental.com\/fr\/conditions-location-chalets\/\" \/>\n<meta property=\"og:site_name\" content=\"4 Valleys Chalet Rental\" \/>\n<meta property=\"article:modified_time\" content=\"2019-11-25T14:03:27+00:00\" \/>\n<meta name=\"twitter:card\" content=\"summary_large_image\" \/>\n<meta name=\"twitter:label1\" content=\"Dur\u00e9e de lecture estim\u00e9e\" \/>\n\t<meta name=\"twitter:data1\" content=\"11 minutes\" \/>\n<script type=\"application\/ld+json\" class=\"yoast-schema-graph\">{\"@context\":\"https:\/\/schema.org\",\"@graph\":[{\"@type\":\"WebPage\",\"@id\":\"https:\/\/4valleyschaletrental.com\/fr\/conditions-location-chalets\/\",\"url\":\"https:\/\/4valleyschaletrental.com\/fr\/conditions-location-chalets\/\",\"name\":\"Conditions de Location des Chalets Nendaz :: Alpine Comfort\",\"isPartOf\":{\"@id\":\"https:\/\/4valleyschaletrental.com\/fr\/#website\"},\"datePublished\":\"2019-10-07T09:53:57+00:00\",\"dateModified\":\"2019-11-25T14:03:27+00:00\",\"description\":\"Conditions de Locationdes chalets \u00e0 Nendaz par l'acence Alpine Comfort 4 Valleys Chalet Rental Agency:: Switzerland. tous que vous devez en savoir\",\"breadcrumb\":{\"@id\":\"https:\/\/4valleyschaletrental.com\/fr\/conditions-location-chalets\/#breadcrumb\"},\"inLanguage\":\"fr-FR\",\"potentialAction\":[{\"@type\":\"ReadAction\",\"target\":[\"https:\/\/4valleyschaletrental.com\/fr\/conditions-location-chalets\/\"]}]},{\"@type\":\"BreadcrumbList\",\"@id\":\"https:\/\/4valleyschaletrental.com\/fr\/conditions-location-chalets\/#breadcrumb\",\"itemListElement\":[{\"@type\":\"ListItem\",\"position\":1,\"name\":\"Home\",\"item\":\"https:\/\/4valleyschaletrental.com\/fr\/\"},{\"@type\":\"ListItem\",\"position\":2,\"name\":\"Conditions de Location\"}]},{\"@type\":\"WebSite\",\"@id\":\"https:\/\/4valleyschaletrental.com\/fr\/#website\",\"url\":\"https:\/\/4valleyschaletrental.com\/fr\/\",\"name\":\"4 Valleys Chalet Rental\",\"description\":\"Luxury catered &amp; self catered Alpine Chalets\",\"potentialAction\":[{\"@type\":\"SearchAction\",\"target\":{\"@type\":\"EntryPoint\",\"urlTemplate\":\"https:\/\/4valleyschaletrental.com\/fr\/?s={search_term_string}\"},\"query-input\":{\"@type\":\"PropertyValueSpecification\",\"valueRequired\":true,\"valueName\":\"search_term_string\"}}],\"inLanguage\":\"fr-FR\"}]}<\/script>\n<!-- \/ Yoast SEO plugin. -->","yoast_head_json":{"title":"Conditions de Location des Chalets Nendaz :: Alpine Comfort","description":"Conditions de Locationdes chalets \u00e0 Nendaz par l'acence Alpine Comfort 4 Valleys Chalet Rental Agency:: Switzerland. tous que vous devez en savoir","robots":{"index":"index","follow":"follow","max-snippet":"max-snippet:-1","max-image-preview":"max-image-preview:large","max-video-preview":"max-video-preview:-1"},"canonical":"https:\/\/4valleyschaletrental.com\/fr\/conditions-location-chalets\/","og_locale":"fr_FR","og_type":"article","og_title":"Conditions de Location des Chalets Nendaz :: Alpine Comfort","og_description":"Conditions de Locationdes chalets \u00e0 Nendaz par l'acence Alpine Comfort 4 Valleys Chalet Rental Agency:: Switzerland. tous que vous devez en savoir","og_url":"https:\/\/4valleyschaletrental.com\/fr\/conditions-location-chalets\/","og_site_name":"4 Valleys Chalet Rental","article_modified_time":"2019-11-25T14:03:27+00:00","twitter_card":"summary_large_image","twitter_misc":{"Dur\u00e9e de lecture estim\u00e9e":"11 minutes"},"schema":{"@context":"https:\/\/schema.org","@graph":[{"@type":"WebPage","@id":"https:\/\/4valleyschaletrental.com\/fr\/conditions-location-chalets\/","url":"https:\/\/4valleyschaletrental.com\/fr\/conditions-location-chalets\/","name":"Conditions de Location des Chalets Nendaz :: Alpine Comfort","isPartOf":{"@id":"https:\/\/4valleyschaletrental.com\/fr\/#website"},"datePublished":"2019-10-07T09:53:57+00:00","dateModified":"2019-11-25T14:03:27+00:00","description":"Conditions de Locationdes chalets \u00e0 Nendaz par l'acence Alpine Comfort 4 Valleys Chalet Rental Agency:: Switzerland. tous que vous devez en savoir","breadcrumb":{"@id":"https:\/\/4valleyschaletrental.com\/fr\/conditions-location-chalets\/#breadcrumb"},"inLanguage":"fr-FR","potentialAction":[{"@type":"ReadAction","target":["https:\/\/4valleyschaletrental.com\/fr\/conditions-location-chalets\/"]}]},{"@type":"BreadcrumbList","@id":"https:\/\/4valleyschaletrental.com\/fr\/conditions-location-chalets\/#breadcrumb","itemListElement":[{"@type":"ListItem","position":1,"name":"Home","item":"https:\/\/4valleyschaletrental.com\/fr\/"},{"@type":"ListItem","position":2,"name":"Conditions de Location"}]},{"@type":"WebSite","@id":"https:\/\/4valleyschaletrental.com\/fr\/#website","url":"https:\/\/4valleyschaletrental.com\/fr\/","name":"4 Valleys Chalet Rental","description":"Luxury catered &amp; self catered Alpine Chalets","potentialAction":[{"@type":"SearchAction","target":{"@type":"EntryPoint","urlTemplate":"https:\/\/4valleyschaletrental.com\/fr\/?s={search_term_string}"},"query-input":{"@type":"PropertyValueSpecification","valueRequired":true,"valueName":"search_term_string"}}],"inLanguage":"fr-FR"}]}},"_links":{"self":[{"href":"https:\/\/4valleyschaletrental.com\/fr\/wp-json\/wp\/v2\/pages\/1196","targetHints":{"allow":["GET"]}}],"collection":[{"href":"https:\/\/4valleyschaletrental.com\/fr\/wp-json\/wp\/v2\/pages"}],"about":[{"href":"https:\/\/4valleyschaletrental.com\/fr\/wp-json\/wp\/v2\/types\/page"}],"author":[{"embeddable":true,"href":"https:\/\/4valleyschaletrental.com\/fr\/wp-json\/wp\/v2\/users\/1"}],"replies":[{"embeddable":true,"href":"https:\/\/4valleyschaletrental.com\/fr\/wp-json\/wp\/v2\/comments?post=1196"}],"version-history":[{"count":5,"href":"https:\/\/4valleyschaletrental.com\/fr\/wp-json\/wp\/v2\/pages\/1196\/revisions"}],"predecessor-version":[{"id":2459,"href":"https:\/\/4valleyschaletrental.com\/fr\/wp-json\/wp\/v2\/pages\/1196\/revisions\/2459"}],"wp:attachment":[{"href":"https:\/\/4valleyschaletrental.com\/fr\/wp-json\/wp\/v2\/media?parent=1196"}],"curies":[{"name":"wp","href":"https:\/\/api.w.org\/{rel}","templated":true}]}}