{"id":1216,"date":"2019-10-07T09:53:46","date_gmt":"2019-10-07T09:53:46","guid":{"rendered":"https:\/\/4valleyschaletrental.com\/why-stay-with-us\/"},"modified":"2019-11-28T17:27:12","modified_gmt":"2019-11-28T17:27:12","slug":"why-stay-with-us","status":"publish","type":"page","link":"https:\/\/4valleyschaletrental.com\/fr\/why-stay-with-us\/","title":{"rendered":"Pourquoi un s\u00e9jour avec Alpine Comfort\u00a0?"},"content":{"rendered":"<p>[vc_row][vc_column][vc_single_image image=\u00a0\u00bb1410&Prime; img_size=\u00a0\u00bbfull\u00a0\u00bb alignment=\u00a0\u00bbcenter\u00a0\u00bb][\/vc_column][\/vc_row][vc_row][vc_column width=\u00a0\u00bb1\/4&Prime;][vc_wp_custommenu nav_menu=\u00a0\u00bb33&Prime;][\/vc_column][vc_column width=\u00a0\u00bb3\/4&Prime;][vc_column_text]<\/p>\n<h3>Pourquoi un s\u00e9jour avec Alpine Comfort\u00a0?<\/h3>\n<p>Tous les clients louant un <a href=\"https:\/\/4valleyschaletrental.com\/luxury-chalets\/?lang=fr\">chalet Alpine Comfort<\/a> ont acc\u00e8s \u00e0 notre service de conciergerie, et notre \u00e9quipe pourra vous aider autant que vous le d\u00e9sirez tout le long de votre s\u00e9jour.<\/p>\n<p>Depuis votre demande de r\u00e9servation jusqu\u2019au jour de votre d\u00e9part de Nendaz, nous pouvons vous aider avec de nombreuses informations locales, discuter des diff\u00e9rents \u00e9quipements pr\u00e9sents dans les chalets, vous recommander les endroits \u00e0 visiter, dans quels restaurants d\u00eener et plus encore\u00a0! Notre service de conciergerie est automatiquement compris dans nos diff\u00e9rents \u00ab\u00a0package\u00a0\u00bb, car pour nous c\u2019est une base indispensable pour notre service client\u00e8le de qualit\u00e9.<\/p>\n<h3>Nous habitons ici\u00a0!<\/h3>\n<p>Nous savons que nos clients veulent parler avec quelqu\u2019un qui soit familier avec l\u2019endroit et les chalets, et pas seulement avec quelqu\u2019un qui sache prendre une r\u00e9servation. Nos clients appr\u00e9cient grandement\u00a0 notre connaissance d\u00e9taill\u00e9e de chaque endroit, ce qui est important pour que chaque s\u00e9jour soit r\u00e9ussi.<\/p>\n<p>Nous connaissons chaque recoin et chaque raccourci dans <a href=\"?page_id=1398&amp;lang=fr\">les 4 Vall\u00e9es<\/a>, avons d\u00een\u00e9 dans la plupart des <a href=\"https:\/\/www.nendaz.ch\/fr\/destination-infos-pratiques\/restaurants-vie-nocturne\/restaurants-vie-nocturne.htm\" target=\"_blank\" rel=\"noopener\">restaurants<\/a> et connaissons les chalets comme notre maison.<\/p>\n<p>N\u2019h\u00e9sitez pas \u00e0 nous demander quoique ce soit et si nous ne connaissons pas la r\u00e9ponse, nous la rechercherons\u00a0!<\/p>\n<h3>Ce que nous proposons\u00a0!<\/h3>\n<ul>\n<li><a href=\"?page_id=1346&amp;lang=fr\">Diff\u00e9rentes options de service h\u00f4telier (chefs priv\u00e9s inclus)<\/a><\/li>\n<li><a href=\"https:\/\/www.nendaz.ch\/fr\/destination-infos-pratiques\/restaurants-vie-nocturne\/restaurants-vie-nocturne.htm\" target=\"_blank\" rel=\"noopener\">Recommandations de restaurants et r\u00e9servations<\/a><\/li>\n<li><a href=\"?page_id=1336&amp;lang=fr\">R\u00e9servations d\u2019activit\u00e9s locales<\/a><\/li>\n<li><a href=\"?page_id=1224&amp;lang=fr\">Aide pour l\u2019organisation du transport et transferts<\/a><\/li>\n<li><a href=\"?page_id=1239&amp;lang=fr\">Services de m\u00e9nage additionnels<\/a><\/li>\n<li><a href=\"https:\/\/www.nendaz.ch\/fr\/destination-infos-pratiques\/famille\/creche-baby-sitters\/creche-baby-sitters-listingm-cp25-cp24-vde7.html\" target=\"_blank\" rel=\"noopener\">Informations pour du babysitting<\/a><\/li>\n<\/ul>\n<p>De nombreux clients ont trouv\u00e9 notre service de conciergerie extr\u00eamement utile et important, m\u00eame si c\u2019\u00e9tait juste pour avoir nos opinions sur un restaurant ou pour recommander une activit\u00e9 ou service local.<\/p>\n<h3>Nous en sommes persuad\u00e9s<\/h3>\n<p>Nous voulons nous assurer que nous offrons \u00e0 notre client\u00e8le ce qu\u2019elle m\u00e9rite et ce qu\u2019elle recherche en louant un chalet de luxe Alpine Comfort.<br \/>\nVos vacances devraient \u00eatre aussi relaxantes que possible et lorsque vous arrivez, vous devez trouver exactement ce \u00e0 quoi vous vous attendiez.<\/p>\n<p><strong>Notre philosophie est simple:<\/strong> les vacances sont le temps le plus pr\u00e9cieux de l\u2019ann\u00e9e et c\u2019est \u00e0 nous de tout faire pour que cela reste ainsi. Nous voulons que notre client\u00e8le arrive \u00e0 profiter de chaque instant gr\u00e2ce \u00e0 notre connaissance locale et notre service de conciergerie.<\/p>\n<p>La compagnie Alpine Comfort est bas\u00e9e sur une volont\u00e9 et une croyance en un service client\u00e8le exceptionnel. Nous y arrivons en \u00e9coutant et en r\u00e9ajustant nos services sur mesure, offrant \u00e0 nos clients ce qu\u2019ils m\u00e9ritent et d\u00e9sirent.<\/p>\n<h3>A propos de l\u2019entreprise<\/h3>\n<p>Alpine Comfort S\u00e0rl est une compagnie enregistr\u00e9e en Suisse, num\u00e9ro d\u2019entreprise CHE-114.863.278.<br \/>\nNotre si\u00e8ge social pour tout courrier est\u00a0: Chemin des R\u00e2ches 35, 1996 Saclentse[\/vc_column_text][\/vc_column][\/vc_row]<\/p>\n","protected":false},"excerpt":{"rendered":"<p>[vc_row][vc_column][vc_single_image image=\u00a0\u00bb1410&Prime; img_size=\u00a0\u00bbfull\u00a0\u00bb alignment=\u00a0\u00bbcenter\u00a0\u00bb][\/vc_column][\/vc_row][vc_row][vc_column width=\u00a0\u00bb1\/4&Prime;][vc_wp_custommenu nav_menu=\u00a0\u00bb33&Prime;][\/vc_column][vc_column width=\u00a0\u00bb3\/4&Prime;][vc_column_text] Pourquoi un s\u00e9jour avec Alpine Comfort\u00a0? Tous les clients louant un chalet Alpine Comfort ont acc\u00e8s \u00e0 notre service de conciergerie, et notre \u00e9quipe pourra vous aider autant que vous le d\u00e9sirez tout le long de votre s\u00e9jour. Depuis votre demande de r\u00e9servation jusqu\u2019au jour de votre d\u00e9part [&hellip;]<\/p>\n","protected":false},"author":1,"featured_media":0,"parent":0,"menu_order":0,"comment_status":"closed","ping_status":"closed","template":"","meta":{"rs_blank_template":"","rs_page_bg_color":"","slide_template_v7":"","_monsterinsights_skip_tracking":false,"_monsterinsights_sitenote_active":false,"_monsterinsights_sitenote_note":"","_monsterinsights_sitenote_category":0,"footnotes":""},"class_list":["post-1216","page","type-page","status-publish","hentry"],"acf":[],"yoast_head":"<!-- This site is optimized with the Yoast SEO plugin v27.2 - https:\/\/yoast.com\/product\/yoast-seo-wordpress\/ -->\n<title>Pourquoi choisir un de nos chalets \u00e0 Nendaz :: Alpine Comfort<\/title>\n<meta name=\"description\" content=\"Pourquoi choisir un de nos chalets de luxe \u00e0 Nendaz Suisse est simple. Nous offrons un service franc o\u00f9 rien n&#039;est trop pour nous.\" \/>\n<meta name=\"robots\" content=\"index, follow, max-snippet:-1, max-image-preview:large, max-video-preview:-1\" \/>\n<link rel=\"canonical\" href=\"https:\/\/4valleyschaletrental.com\/fr\/why-stay-with-us\/\" \/>\n<meta property=\"og:locale\" content=\"fr_FR\" \/>\n<meta property=\"og:type\" content=\"article\" \/>\n<meta property=\"og:title\" content=\"Pourquoi choisir un de nos chalets \u00e0 Nendaz :: Alpine Comfort\" \/>\n<meta property=\"og:description\" content=\"Pourquoi choisir un de nos chalets de luxe \u00e0 Nendaz Suisse est simple. Nous offrons un service franc o\u00f9 rien n&#039;est trop pour nous.\" \/>\n<meta property=\"og:url\" content=\"https:\/\/4valleyschaletrental.com\/fr\/why-stay-with-us\/\" \/>\n<meta property=\"og:site_name\" content=\"4 Valleys Chalet Rental\" \/>\n<meta property=\"article:modified_time\" content=\"2019-11-28T17:27:12+00:00\" \/>\n<meta name=\"twitter:card\" content=\"summary_large_image\" \/>\n<meta name=\"twitter:label1\" content=\"Dur\u00e9e de lecture estim\u00e9e\" \/>\n\t<meta name=\"twitter:data1\" content=\"3 minutes\" \/>\n<script type=\"application\/ld+json\" class=\"yoast-schema-graph\">{\"@context\":\"https:\/\/schema.org\",\"@graph\":[{\"@type\":\"WebPage\",\"@id\":\"https:\/\/4valleyschaletrental.com\/fr\/why-stay-with-us\/\",\"url\":\"https:\/\/4valleyschaletrental.com\/fr\/why-stay-with-us\/\",\"name\":\"Pourquoi choisir un de nos chalets \u00e0 Nendaz :: Alpine Comfort\",\"isPartOf\":{\"@id\":\"https:\/\/4valleyschaletrental.com\/fr\/#website\"},\"datePublished\":\"2019-10-07T09:53:46+00:00\",\"dateModified\":\"2019-11-28T17:27:12+00:00\",\"description\":\"Pourquoi choisir un de nos chalets de luxe \u00e0 Nendaz Suisse est simple. Nous offrons un service franc o\u00f9 rien n'est trop pour nous.\",\"breadcrumb\":{\"@id\":\"https:\/\/4valleyschaletrental.com\/fr\/why-stay-with-us\/#breadcrumb\"},\"inLanguage\":\"fr-FR\",\"potentialAction\":[{\"@type\":\"ReadAction\",\"target\":[\"https:\/\/4valleyschaletrental.com\/fr\/why-stay-with-us\/\"]}]},{\"@type\":\"BreadcrumbList\",\"@id\":\"https:\/\/4valleyschaletrental.com\/fr\/why-stay-with-us\/#breadcrumb\",\"itemListElement\":[{\"@type\":\"ListItem\",\"position\":1,\"name\":\"Home\",\"item\":\"https:\/\/4valleyschaletrental.com\/fr\/\"},{\"@type\":\"ListItem\",\"position\":2,\"name\":\"Pourquoi un s\u00e9jour avec Alpine Comfort\u00a0?\"}]},{\"@type\":\"WebSite\",\"@id\":\"https:\/\/4valleyschaletrental.com\/fr\/#website\",\"url\":\"https:\/\/4valleyschaletrental.com\/fr\/\",\"name\":\"4 Valleys Chalet Rental\",\"description\":\"Luxury catered &amp; self catered Alpine Chalets\",\"potentialAction\":[{\"@type\":\"SearchAction\",\"target\":{\"@type\":\"EntryPoint\",\"urlTemplate\":\"https:\/\/4valleyschaletrental.com\/fr\/?s={search_term_string}\"},\"query-input\":{\"@type\":\"PropertyValueSpecification\",\"valueRequired\":true,\"valueName\":\"search_term_string\"}}],\"inLanguage\":\"fr-FR\"}]}<\/script>\n<!-- \/ Yoast SEO plugin. -->","yoast_head_json":{"title":"Pourquoi choisir un de nos chalets \u00e0 Nendaz :: Alpine Comfort","description":"Pourquoi choisir un de nos chalets de luxe \u00e0 Nendaz Suisse est simple. Nous offrons un service franc o\u00f9 rien n'est trop pour nous.","robots":{"index":"index","follow":"follow","max-snippet":"max-snippet:-1","max-image-preview":"max-image-preview:large","max-video-preview":"max-video-preview:-1"},"canonical":"https:\/\/4valleyschaletrental.com\/fr\/why-stay-with-us\/","og_locale":"fr_FR","og_type":"article","og_title":"Pourquoi choisir un de nos chalets \u00e0 Nendaz :: Alpine Comfort","og_description":"Pourquoi choisir un de nos chalets de luxe \u00e0 Nendaz Suisse est simple. Nous offrons un service franc o\u00f9 rien n'est trop pour nous.","og_url":"https:\/\/4valleyschaletrental.com\/fr\/why-stay-with-us\/","og_site_name":"4 Valleys Chalet Rental","article_modified_time":"2019-11-28T17:27:12+00:00","twitter_card":"summary_large_image","twitter_misc":{"Dur\u00e9e de lecture estim\u00e9e":"3 minutes"},"schema":{"@context":"https:\/\/schema.org","@graph":[{"@type":"WebPage","@id":"https:\/\/4valleyschaletrental.com\/fr\/why-stay-with-us\/","url":"https:\/\/4valleyschaletrental.com\/fr\/why-stay-with-us\/","name":"Pourquoi choisir un de nos chalets \u00e0 Nendaz :: Alpine Comfort","isPartOf":{"@id":"https:\/\/4valleyschaletrental.com\/fr\/#website"},"datePublished":"2019-10-07T09:53:46+00:00","dateModified":"2019-11-28T17:27:12+00:00","description":"Pourquoi choisir un de nos chalets de luxe \u00e0 Nendaz Suisse est simple. Nous offrons un service franc o\u00f9 rien n'est trop pour nous.","breadcrumb":{"@id":"https:\/\/4valleyschaletrental.com\/fr\/why-stay-with-us\/#breadcrumb"},"inLanguage":"fr-FR","potentialAction":[{"@type":"ReadAction","target":["https:\/\/4valleyschaletrental.com\/fr\/why-stay-with-us\/"]}]},{"@type":"BreadcrumbList","@id":"https:\/\/4valleyschaletrental.com\/fr\/why-stay-with-us\/#breadcrumb","itemListElement":[{"@type":"ListItem","position":1,"name":"Home","item":"https:\/\/4valleyschaletrental.com\/fr\/"},{"@type":"ListItem","position":2,"name":"Pourquoi un s\u00e9jour avec Alpine Comfort\u00a0?"}]},{"@type":"WebSite","@id":"https:\/\/4valleyschaletrental.com\/fr\/#website","url":"https:\/\/4valleyschaletrental.com\/fr\/","name":"4 Valleys Chalet Rental","description":"Luxury catered &amp; self catered Alpine Chalets","potentialAction":[{"@type":"SearchAction","target":{"@type":"EntryPoint","urlTemplate":"https:\/\/4valleyschaletrental.com\/fr\/?s={search_term_string}"},"query-input":{"@type":"PropertyValueSpecification","valueRequired":true,"valueName":"search_term_string"}}],"inLanguage":"fr-FR"}]}},"_links":{"self":[{"href":"https:\/\/4valleyschaletrental.com\/fr\/wp-json\/wp\/v2\/pages\/1216","targetHints":{"allow":["GET"]}}],"collection":[{"href":"https:\/\/4valleyschaletrental.com\/fr\/wp-json\/wp\/v2\/pages"}],"about":[{"href":"https:\/\/4valleyschaletrental.com\/fr\/wp-json\/wp\/v2\/types\/page"}],"author":[{"embeddable":true,"href":"https:\/\/4valleyschaletrental.com\/fr\/wp-json\/wp\/v2\/users\/1"}],"replies":[{"embeddable":true,"href":"https:\/\/4valleyschaletrental.com\/fr\/wp-json\/wp\/v2\/comments?post=1216"}],"version-history":[{"count":5,"href":"https:\/\/4valleyschaletrental.com\/fr\/wp-json\/wp\/v2\/pages\/1216\/revisions"}],"predecessor-version":[{"id":2553,"href":"https:\/\/4valleyschaletrental.com\/fr\/wp-json\/wp\/v2\/pages\/1216\/revisions\/2553"}],"wp:attachment":[{"href":"https:\/\/4valleyschaletrental.com\/fr\/wp-json\/wp\/v2\/media?parent=1216"}],"curies":[{"name":"wp","href":"https:\/\/api.w.org\/{rel}","templated":true}]}}