{"id":1224,"date":"2019-09-26T08:47:06","date_gmt":"2019-09-26T08:47:06","guid":{"rendered":"https:\/\/4valleyschaletrental.com\/your-concierge\/transfers\/"},"modified":"2019-11-22T21:52:27","modified_gmt":"2019-11-22T21:52:27","slug":"transports-nendaz-chalet-luxe","status":"publish","type":"page","link":"https:\/\/4valleyschaletrental.com\/fr\/your-concierge\/transports-nendaz-chalet-luxe\/","title":{"rendered":"Transports"},"content":{"rendered":"<p>[vc_row][vc_column][vc_single_image image=\u00a0\u00bb1225&Prime; img_size=\u00a0\u00bbfull\u00a0\u00bb alignment=\u00a0\u00bbcenter\u00a0\u00bb][\/vc_column][\/vc_row][vc_row][vc_column width=\u00a0\u00bb1\/4&Prime;][vc_wp_custommenu nav_menu=\u00a0\u00bb23&Prime;][\/vc_column][vc_column width=\u00a0\u00bb3\/4&Prime;][vc_column_text]<\/p>\n<h3>Transports<\/h3>\n<p><strong>Taxi<\/strong><\/p>\n<p>Nous pouvons vous aider \u00e0 organiser un taxi priv\u00e9 depuis l\u2019a\u00e9roport jusqu\u2019\u00e0 votre chalet.<\/p>\n<p><strong>Train et taxi<\/strong><\/p>\n<p>Si vous pr\u00e9f\u00e9rez voyager en <a href=\"https:\/\/www.sbb.ch\" target=\"_blank\" rel=\"noopener\">train,<\/a> SION sera votre arr\u00eat. Depuis <a href=\"https:\/\/siontourisme.ch\/index.php\/fr\/\" target=\"_blank\" rel=\"noopener\">Sion<\/a>, vous pouvez prendre le Car Postal jusqu\u2019\u00e0 Haute-Nendaz et ensuite un taxi jusqu\u2019au chalet, ou bien un taxi directement depuis la gare de Sion jusqu\u2019\u00e0 votre chalet.<\/p>\n<p><strong>Location de voiture<\/strong><\/p>\n<p>Il est facile de louer une voiture \u00e0 l\u2019a\u00e9roport et de conduire directement \u00e0 votre chalet. Il faudra compter 2h environ de route depuis Gen\u00e8ve et 3 \u00e0 4h depuis Zurich.<\/p>\n<p><strong>Dans la station<\/strong><\/p>\n<p>La plupart de <a href=\"https:\/\/4valleyschaletrental.com\/luxury-chalets\/?lang=fr\">nos chalets<\/a> \u00e9tant dans les hauteurs de Nendaz, il vous sera plus confortable d\u2019avoir une voiture pour vous d\u00e9placer dans la station et ses environs. Nous recommandons vivement d\u2019arriver avec une voiture lorsque vous louez certains des chalets, le service de bus ne couvrant pas toutes les zones du village.<\/p>\n<p><strong>Transferts en moto-neige Polaris pour les chalets accessibles en ski<\/strong><\/p>\n<p>Tous nos chalets d\u2019o\u00f9 il est possible d\u2019aller et venir en ski ont des transferts compris dans le prix de location. Ces transferts comprennent les d\u00e9placements depuis \/ vers le parking des Cl\u00e8ves, depuis \/vers le chalet les jours d\u2019arriv\u00e9e et de d\u00e9part, pour les personnes et leurs bagages.[\/vc_column_text][\/vc_column][\/vc_row]<\/p>\n","protected":false},"excerpt":{"rendered":"<p>[vc_row][vc_column][vc_single_image image=\u00a0\u00bb1225&Prime; img_size=\u00a0\u00bbfull\u00a0\u00bb alignment=\u00a0\u00bbcenter\u00a0\u00bb][\/vc_column][\/vc_row][vc_row][vc_column width=\u00a0\u00bb1\/4&Prime;][vc_wp_custommenu nav_menu=\u00a0\u00bb23&Prime;][\/vc_column][vc_column width=\u00a0\u00bb3\/4&Prime;][vc_column_text] Transports Taxi Nous pouvons vous aider \u00e0 organiser un taxi priv\u00e9 depuis l\u2019a\u00e9roport jusqu\u2019\u00e0 votre chalet. Train et taxi Si vous pr\u00e9f\u00e9rez voyager en train, SION sera votre arr\u00eat. Depuis Sion, vous pouvez prendre le Car Postal jusqu\u2019\u00e0 Haute-Nendaz et ensuite un taxi jusqu\u2019au chalet, ou bien un [&hellip;]<\/p>\n","protected":false},"author":1,"featured_media":0,"parent":1220,"menu_order":0,"comment_status":"closed","ping_status":"closed","template":"","meta":{"rs_blank_template":"","rs_page_bg_color":"","slide_template_v7":"","_monsterinsights_skip_tracking":false,"_monsterinsights_sitenote_active":false,"_monsterinsights_sitenote_note":"","_monsterinsights_sitenote_category":0,"footnotes":""},"class_list":["post-1224","page","type-page","status-publish","hentry"],"acf":[],"yoast_head":"<!-- This site is optimized with the Yoast SEO plugin v27.2 - https:\/\/yoast.com\/product\/yoast-seo-wordpress\/ -->\n<title>Transports vers Nendaz :: Chalets luxe :: Alpine Comfort<\/title>\n<meta name=\"description\" content=\"Des transports de l&#039;a\u00e9roport \u00e0 Nendaz pour arriv\u00e9e au chalets peuvent \u00eatre organis\u00e9r. A Nendaz, vous aurez besoin d\u2019une voiture pour plus de confort.\" \/>\n<meta name=\"robots\" content=\"index, follow, max-snippet:-1, max-image-preview:large, max-video-preview:-1\" \/>\n<link rel=\"canonical\" href=\"https:\/\/4valleyschaletrental.com\/fr\/your-concierge\/transports-nendaz-chalet-luxe\/\" \/>\n<meta property=\"og:locale\" content=\"fr_FR\" \/>\n<meta property=\"og:type\" content=\"article\" \/>\n<meta property=\"og:title\" content=\"Transports vers Nendaz :: Chalets luxe :: Alpine Comfort\" \/>\n<meta property=\"og:description\" content=\"Des transports de l&#039;a\u00e9roport \u00e0 Nendaz pour arriv\u00e9e au chalets peuvent \u00eatre organis\u00e9r. A Nendaz, vous aurez besoin d\u2019une voiture pour plus de confort.\" \/>\n<meta property=\"og:url\" content=\"https:\/\/4valleyschaletrental.com\/fr\/your-concierge\/transports-nendaz-chalet-luxe\/\" \/>\n<meta property=\"og:site_name\" content=\"4 Valleys Chalet Rental\" \/>\n<meta property=\"article:modified_time\" content=\"2019-11-22T21:52:27+00:00\" \/>\n<meta name=\"twitter:card\" content=\"summary_large_image\" \/>\n<meta name=\"twitter:label1\" content=\"Dur\u00e9e de lecture estim\u00e9e\" \/>\n\t<meta name=\"twitter:data1\" content=\"1 minute\" \/>\n<script type=\"application\/ld+json\" class=\"yoast-schema-graph\">{\"@context\":\"https:\/\/schema.org\",\"@graph\":[{\"@type\":\"WebPage\",\"@id\":\"https:\/\/4valleyschaletrental.com\/fr\/your-concierge\/transports-nendaz-chalet-luxe\/\",\"url\":\"https:\/\/4valleyschaletrental.com\/fr\/your-concierge\/transports-nendaz-chalet-luxe\/\",\"name\":\"Transports vers Nendaz :: Chalets luxe :: Alpine Comfort\",\"isPartOf\":{\"@id\":\"https:\/\/4valleyschaletrental.com\/fr\/#website\"},\"datePublished\":\"2019-09-26T08:47:06+00:00\",\"dateModified\":\"2019-11-22T21:52:27+00:00\",\"description\":\"Des transports de l'a\u00e9roport \u00e0 Nendaz pour arriv\u00e9e au chalets peuvent \u00eatre organis\u00e9r. A Nendaz, vous aurez besoin d\u2019une voiture pour plus de confort.\",\"breadcrumb\":{\"@id\":\"https:\/\/4valleyschaletrental.com\/fr\/your-concierge\/transports-nendaz-chalet-luxe\/#breadcrumb\"},\"inLanguage\":\"fr-FR\",\"potentialAction\":[{\"@type\":\"ReadAction\",\"target\":[\"https:\/\/4valleyschaletrental.com\/fr\/your-concierge\/transports-nendaz-chalet-luxe\/\"]}]},{\"@type\":\"BreadcrumbList\",\"@id\":\"https:\/\/4valleyschaletrental.com\/fr\/your-concierge\/transports-nendaz-chalet-luxe\/#breadcrumb\",\"itemListElement\":[{\"@type\":\"ListItem\",\"position\":1,\"name\":\"Home\",\"item\":\"https:\/\/4valleyschaletrental.com\/fr\/\"},{\"@type\":\"ListItem\",\"position\":2,\"name\":\"Votre Concierge\",\"item\":\"https:\/\/4valleyschaletrental.com\/fr\/your-concierge\/\"},{\"@type\":\"ListItem\",\"position\":3,\"name\":\"Transports\"}]},{\"@type\":\"WebSite\",\"@id\":\"https:\/\/4valleyschaletrental.com\/fr\/#website\",\"url\":\"https:\/\/4valleyschaletrental.com\/fr\/\",\"name\":\"4 Valleys Chalet Rental\",\"description\":\"Luxury catered &amp; self catered Alpine Chalets\",\"potentialAction\":[{\"@type\":\"SearchAction\",\"target\":{\"@type\":\"EntryPoint\",\"urlTemplate\":\"https:\/\/4valleyschaletrental.com\/fr\/?s={search_term_string}\"},\"query-input\":{\"@type\":\"PropertyValueSpecification\",\"valueRequired\":true,\"valueName\":\"search_term_string\"}}],\"inLanguage\":\"fr-FR\"}]}<\/script>\n<!-- \/ Yoast SEO plugin. -->","yoast_head_json":{"title":"Transports vers Nendaz :: Chalets luxe :: Alpine Comfort","description":"Des transports de l'a\u00e9roport \u00e0 Nendaz pour arriv\u00e9e au chalets peuvent \u00eatre organis\u00e9r. A Nendaz, vous aurez besoin d\u2019une voiture pour plus de confort.","robots":{"index":"index","follow":"follow","max-snippet":"max-snippet:-1","max-image-preview":"max-image-preview:large","max-video-preview":"max-video-preview:-1"},"canonical":"https:\/\/4valleyschaletrental.com\/fr\/your-concierge\/transports-nendaz-chalet-luxe\/","og_locale":"fr_FR","og_type":"article","og_title":"Transports vers Nendaz :: Chalets luxe :: Alpine Comfort","og_description":"Des transports de l'a\u00e9roport \u00e0 Nendaz pour arriv\u00e9e au chalets peuvent \u00eatre organis\u00e9r. A Nendaz, vous aurez besoin d\u2019une voiture pour plus de confort.","og_url":"https:\/\/4valleyschaletrental.com\/fr\/your-concierge\/transports-nendaz-chalet-luxe\/","og_site_name":"4 Valleys Chalet Rental","article_modified_time":"2019-11-22T21:52:27+00:00","twitter_card":"summary_large_image","twitter_misc":{"Dur\u00e9e de lecture estim\u00e9e":"1 minute"},"schema":{"@context":"https:\/\/schema.org","@graph":[{"@type":"WebPage","@id":"https:\/\/4valleyschaletrental.com\/fr\/your-concierge\/transports-nendaz-chalet-luxe\/","url":"https:\/\/4valleyschaletrental.com\/fr\/your-concierge\/transports-nendaz-chalet-luxe\/","name":"Transports vers Nendaz :: Chalets luxe :: Alpine Comfort","isPartOf":{"@id":"https:\/\/4valleyschaletrental.com\/fr\/#website"},"datePublished":"2019-09-26T08:47:06+00:00","dateModified":"2019-11-22T21:52:27+00:00","description":"Des transports de l'a\u00e9roport \u00e0 Nendaz pour arriv\u00e9e au chalets peuvent \u00eatre organis\u00e9r. A Nendaz, vous aurez besoin d\u2019une voiture pour plus de confort.","breadcrumb":{"@id":"https:\/\/4valleyschaletrental.com\/fr\/your-concierge\/transports-nendaz-chalet-luxe\/#breadcrumb"},"inLanguage":"fr-FR","potentialAction":[{"@type":"ReadAction","target":["https:\/\/4valleyschaletrental.com\/fr\/your-concierge\/transports-nendaz-chalet-luxe\/"]}]},{"@type":"BreadcrumbList","@id":"https:\/\/4valleyschaletrental.com\/fr\/your-concierge\/transports-nendaz-chalet-luxe\/#breadcrumb","itemListElement":[{"@type":"ListItem","position":1,"name":"Home","item":"https:\/\/4valleyschaletrental.com\/fr\/"},{"@type":"ListItem","position":2,"name":"Votre Concierge","item":"https:\/\/4valleyschaletrental.com\/fr\/your-concierge\/"},{"@type":"ListItem","position":3,"name":"Transports"}]},{"@type":"WebSite","@id":"https:\/\/4valleyschaletrental.com\/fr\/#website","url":"https:\/\/4valleyschaletrental.com\/fr\/","name":"4 Valleys Chalet Rental","description":"Luxury catered &amp; self catered Alpine Chalets","potentialAction":[{"@type":"SearchAction","target":{"@type":"EntryPoint","urlTemplate":"https:\/\/4valleyschaletrental.com\/fr\/?s={search_term_string}"},"query-input":{"@type":"PropertyValueSpecification","valueRequired":true,"valueName":"search_term_string"}}],"inLanguage":"fr-FR"}]}},"_links":{"self":[{"href":"https:\/\/4valleyschaletrental.com\/fr\/wp-json\/wp\/v2\/pages\/1224","targetHints":{"allow":["GET"]}}],"collection":[{"href":"https:\/\/4valleyschaletrental.com\/fr\/wp-json\/wp\/v2\/pages"}],"about":[{"href":"https:\/\/4valleyschaletrental.com\/fr\/wp-json\/wp\/v2\/types\/page"}],"author":[{"embeddable":true,"href":"https:\/\/4valleyschaletrental.com\/fr\/wp-json\/wp\/v2\/users\/1"}],"replies":[{"embeddable":true,"href":"https:\/\/4valleyschaletrental.com\/fr\/wp-json\/wp\/v2\/comments?post=1224"}],"version-history":[{"count":4,"href":"https:\/\/4valleyschaletrental.com\/fr\/wp-json\/wp\/v2\/pages\/1224\/revisions"}],"predecessor-version":[{"id":2442,"href":"https:\/\/4valleyschaletrental.com\/fr\/wp-json\/wp\/v2\/pages\/1224\/revisions\/2442"}],"up":[{"embeddable":true,"href":"https:\/\/4valleyschaletrental.com\/fr\/wp-json\/wp\/v2\/pages\/1220"}],"wp:attachment":[{"href":"https:\/\/4valleyschaletrental.com\/fr\/wp-json\/wp\/v2\/media?parent=1224"}],"curies":[{"name":"wp","href":"https:\/\/api.w.org\/{rel}","templated":true}]}}