{"id":1230,"date":"2019-09-26T08:47:04","date_gmt":"2019-09-26T08:47:04","guid":{"rendered":"https:\/\/4valleyschaletrental.com\/your-concierge\/ski-equipment\/"},"modified":"2019-11-28T20:45:49","modified_gmt":"2019-11-28T20:45:49","slug":"equipement-ski","status":"publish","type":"page","link":"https:\/\/4valleyschaletrental.com\/fr\/your-concierge\/equipement-ski\/","title":{"rendered":"Equipement de Ski"},"content":{"rendered":"<p>[vc_row][vc_column][vc_single_image image=\u00a0\u00bb1231&Prime; img_size=\u00a0\u00bbfull\u00a0\u00bb alignment=\u00a0\u00bbcenter\u00a0\u00bb][\/vc_column][\/vc_row][vc_row][vc_column width=\u00a0\u00bb1\/4&Prime;][vc_wp_custommenu nav_menu=\u00a0\u00bb23&Prime;][\/vc_column][vc_column width=\u00a0\u00bb3\/4&Prime;][vc_column_text]<\/p>\n<h3>Equipement de ski<\/h3>\n<p>Gr\u00e2ce \u00e0 notre partenaire local et un des grands magasins de sports de Nendaz, Mari\u00e9thoz Sports, nous vous garantissons que vous serez entre de bonnes mains pour louer tout le mat\u00e9riel dont vous aurez besoin, quelque soit votre niveau.<\/p>\n<p>Le personnel a de nombreuses ann\u00e9es d\u2019exp\u00e9riences dans ce domaine et sait parfaitement ce qui vous conviendra ou non.<\/p>\n<p>Et si vous d\u00e9cidiez que cette ann\u00e9e, \u00e7a y est, vous alliez acheter une paire de bottes de ski, vous \u00eates d\u00e9finitivement au bon endroit. Etant experts en \u00ab\u00a0bootfitting\u00a0\u00bb (\u00e9tude du pied pour ensuite trouver et r\u00e9gler la chaussure), tous peuvent trouver la chaussure parfaitement adapt\u00e9e \u00e0 son pied.<\/p>\n<p>Tous nos clients ont droit \u00e0 un rabais de 20% sur la location de mat\u00e9riel de ski si vous passez par nous. Veuillez nous contacter pour que nous puissions vous envoyer le lien sp\u00e9cifique apr\u00e8s que votre r\u00e9servation ait \u00e9t\u00e9 confirm\u00e9e.<\/p>\n<h3>Comment \u00e7a marche\u00a0?<\/h3>\n<p>Tout votre \u00e9quipement peut \u00eatre pr\u00e9command\u00e9 et pay\u00e9 \u00e0 l\u2019avance, pour vos premiers jours \u00e0 Nendaz soit plus tranquille. Les prix varient \u00e9norm\u00e9ment d\u00e9pendant de quel type de mat\u00e9riel vous d\u00e9sirez. Attendez-vous \u00e0 payer autour de Chf 250 par semaine pour un set complet. Le mat\u00e9riel dernier cri sera plus cher.<\/p>\n<p>Apr\u00e8s que votre r\u00e9servation avec Alpine Comfort ait \u00e9t\u00e9 confirm\u00e9e, nous vous enverrons le lien qui vous servira \u00e0 tout pr\u00e9commander.<\/p>\n<h3>Casiers de ski<\/h3>\n<p>Pour les clients louant les chalets <a href=\"?p=1639&amp;lang=fr\">Condor<\/a> ou <a href=\"?p=1817&amp;lang=fr\">La Bise<\/a>, nous vous recommandons de louer des casiers situ\u00e9s au d\u00e9part de la T\u00e9l\u00e9cabine. Vous pouvez\u00a0 laisser vos bottes, ski et planches dans ces casiers chauff\u00e9s et marcher jusqu\u2019au chalet dans vos bottes d\u2019hiver normales.<\/p>\n<p>Ces casiers peuvent \u00e9galement \u00eatre lou\u00e9s avec notre partenaire Mariethoz Sports par le biais du m\u00eame lien que pour l\u2019\u00e9quipement.[\/vc_column_text][\/vc_column][\/vc_row]<\/p>\n","protected":false},"excerpt":{"rendered":"<p>[vc_row][vc_column][vc_single_image image=\u00a0\u00bb1231&Prime; img_size=\u00a0\u00bbfull\u00a0\u00bb alignment=\u00a0\u00bbcenter\u00a0\u00bb][\/vc_column][\/vc_row][vc_row][vc_column width=\u00a0\u00bb1\/4&Prime;][vc_wp_custommenu nav_menu=\u00a0\u00bb23&Prime;][\/vc_column][vc_column width=\u00a0\u00bb3\/4&Prime;][vc_column_text] Equipement de ski Gr\u00e2ce \u00e0 notre partenaire local et un des grands magasins de sports de Nendaz, Mari\u00e9thoz Sports, nous vous garantissons que vous serez entre de bonnes mains pour louer tout le mat\u00e9riel dont vous aurez besoin, quelque soit votre niveau. Le personnel a de nombreuses ann\u00e9es [&hellip;]<\/p>\n","protected":false},"author":1,"featured_media":0,"parent":1220,"menu_order":0,"comment_status":"closed","ping_status":"closed","template":"","meta":{"rs_blank_template":"","rs_page_bg_color":"","slide_template_v7":"","_monsterinsights_skip_tracking":false,"_monsterinsights_sitenote_active":false,"_monsterinsights_sitenote_note":"","_monsterinsights_sitenote_category":0,"footnotes":""},"class_list":["post-1230","page","type-page","status-publish","hentry"],"acf":[],"yoast_head":"<!-- This site is optimized with the Yoast SEO plugin v27.2 - https:\/\/yoast.com\/product\/yoast-seo-wordpress\/ -->\n<title>Equipement de ski avec Mari\u00e9thoz Sports \u00e0 Nendaz :: Alpine Comfort<\/title>\n<meta name=\"description\" content=\"La location de mat\u00e9riel de ski peut \u00eatre effectu\u00e9e via Alpine Comfort avec une r\u00e9duction de 20% pour tous nos clients avec Mariethoz Sports \u00e0 Nendaz.\" \/>\n<meta name=\"robots\" content=\"index, follow, max-snippet:-1, max-image-preview:large, max-video-preview:-1\" \/>\n<link rel=\"canonical\" href=\"https:\/\/4valleyschaletrental.com\/fr\/your-concierge\/equipement-ski\/\" \/>\n<meta property=\"og:locale\" content=\"fr_FR\" \/>\n<meta property=\"og:type\" content=\"article\" \/>\n<meta property=\"og:title\" content=\"Equipement de ski avec Mari\u00e9thoz Sports \u00e0 Nendaz :: Alpine Comfort\" \/>\n<meta property=\"og:description\" content=\"La location de mat\u00e9riel de ski peut \u00eatre effectu\u00e9e via Alpine Comfort avec une r\u00e9duction de 20% pour tous nos clients avec Mariethoz Sports \u00e0 Nendaz.\" \/>\n<meta property=\"og:url\" content=\"https:\/\/4valleyschaletrental.com\/fr\/your-concierge\/equipement-ski\/\" \/>\n<meta property=\"og:site_name\" content=\"4 Valleys Chalet Rental\" \/>\n<meta property=\"article:modified_time\" content=\"2019-11-28T20:45:49+00:00\" \/>\n<meta name=\"twitter:card\" content=\"summary_large_image\" \/>\n<meta name=\"twitter:label1\" content=\"Dur\u00e9e de lecture estim\u00e9e\" \/>\n\t<meta name=\"twitter:data1\" content=\"2 minutes\" \/>\n<script type=\"application\/ld+json\" class=\"yoast-schema-graph\">{\"@context\":\"https:\/\/schema.org\",\"@graph\":[{\"@type\":\"WebPage\",\"@id\":\"https:\/\/4valleyschaletrental.com\/fr\/your-concierge\/equipement-ski\/\",\"url\":\"https:\/\/4valleyschaletrental.com\/fr\/your-concierge\/equipement-ski\/\",\"name\":\"Equipement de ski avec Mari\u00e9thoz Sports \u00e0 Nendaz :: Alpine Comfort\",\"isPartOf\":{\"@id\":\"https:\/\/4valleyschaletrental.com\/fr\/#website\"},\"datePublished\":\"2019-09-26T08:47:04+00:00\",\"dateModified\":\"2019-11-28T20:45:49+00:00\",\"description\":\"La location de mat\u00e9riel de ski peut \u00eatre effectu\u00e9e via Alpine Comfort avec une r\u00e9duction de 20% pour tous nos clients avec Mariethoz Sports \u00e0 Nendaz.\",\"breadcrumb\":{\"@id\":\"https:\/\/4valleyschaletrental.com\/fr\/your-concierge\/equipement-ski\/#breadcrumb\"},\"inLanguage\":\"fr-FR\",\"potentialAction\":[{\"@type\":\"ReadAction\",\"target\":[\"https:\/\/4valleyschaletrental.com\/fr\/your-concierge\/equipement-ski\/\"]}]},{\"@type\":\"BreadcrumbList\",\"@id\":\"https:\/\/4valleyschaletrental.com\/fr\/your-concierge\/equipement-ski\/#breadcrumb\",\"itemListElement\":[{\"@type\":\"ListItem\",\"position\":1,\"name\":\"Home\",\"item\":\"https:\/\/4valleyschaletrental.com\/fr\/\"},{\"@type\":\"ListItem\",\"position\":2,\"name\":\"Votre Concierge\",\"item\":\"https:\/\/4valleyschaletrental.com\/fr\/your-concierge\/\"},{\"@type\":\"ListItem\",\"position\":3,\"name\":\"Equipement de Ski\"}]},{\"@type\":\"WebSite\",\"@id\":\"https:\/\/4valleyschaletrental.com\/fr\/#website\",\"url\":\"https:\/\/4valleyschaletrental.com\/fr\/\",\"name\":\"4 Valleys Chalet Rental\",\"description\":\"Luxury catered &amp; self catered Alpine Chalets\",\"potentialAction\":[{\"@type\":\"SearchAction\",\"target\":{\"@type\":\"EntryPoint\",\"urlTemplate\":\"https:\/\/4valleyschaletrental.com\/fr\/?s={search_term_string}\"},\"query-input\":{\"@type\":\"PropertyValueSpecification\",\"valueRequired\":true,\"valueName\":\"search_term_string\"}}],\"inLanguage\":\"fr-FR\"}]}<\/script>\n<!-- \/ Yoast SEO plugin. -->","yoast_head_json":{"title":"Equipement de ski avec Mari\u00e9thoz Sports \u00e0 Nendaz :: Alpine Comfort","description":"La location de mat\u00e9riel de ski peut \u00eatre effectu\u00e9e via Alpine Comfort avec une r\u00e9duction de 20% pour tous nos clients avec Mariethoz Sports \u00e0 Nendaz.","robots":{"index":"index","follow":"follow","max-snippet":"max-snippet:-1","max-image-preview":"max-image-preview:large","max-video-preview":"max-video-preview:-1"},"canonical":"https:\/\/4valleyschaletrental.com\/fr\/your-concierge\/equipement-ski\/","og_locale":"fr_FR","og_type":"article","og_title":"Equipement de ski avec Mari\u00e9thoz Sports \u00e0 Nendaz :: Alpine Comfort","og_description":"La location de mat\u00e9riel de ski peut \u00eatre effectu\u00e9e via Alpine Comfort avec une r\u00e9duction de 20% pour tous nos clients avec Mariethoz Sports \u00e0 Nendaz.","og_url":"https:\/\/4valleyschaletrental.com\/fr\/your-concierge\/equipement-ski\/","og_site_name":"4 Valleys Chalet Rental","article_modified_time":"2019-11-28T20:45:49+00:00","twitter_card":"summary_large_image","twitter_misc":{"Dur\u00e9e de lecture estim\u00e9e":"2 minutes"},"schema":{"@context":"https:\/\/schema.org","@graph":[{"@type":"WebPage","@id":"https:\/\/4valleyschaletrental.com\/fr\/your-concierge\/equipement-ski\/","url":"https:\/\/4valleyschaletrental.com\/fr\/your-concierge\/equipement-ski\/","name":"Equipement de ski avec Mari\u00e9thoz Sports \u00e0 Nendaz :: Alpine Comfort","isPartOf":{"@id":"https:\/\/4valleyschaletrental.com\/fr\/#website"},"datePublished":"2019-09-26T08:47:04+00:00","dateModified":"2019-11-28T20:45:49+00:00","description":"La location de mat\u00e9riel de ski peut \u00eatre effectu\u00e9e via Alpine Comfort avec une r\u00e9duction de 20% pour tous nos clients avec Mariethoz Sports \u00e0 Nendaz.","breadcrumb":{"@id":"https:\/\/4valleyschaletrental.com\/fr\/your-concierge\/equipement-ski\/#breadcrumb"},"inLanguage":"fr-FR","potentialAction":[{"@type":"ReadAction","target":["https:\/\/4valleyschaletrental.com\/fr\/your-concierge\/equipement-ski\/"]}]},{"@type":"BreadcrumbList","@id":"https:\/\/4valleyschaletrental.com\/fr\/your-concierge\/equipement-ski\/#breadcrumb","itemListElement":[{"@type":"ListItem","position":1,"name":"Home","item":"https:\/\/4valleyschaletrental.com\/fr\/"},{"@type":"ListItem","position":2,"name":"Votre Concierge","item":"https:\/\/4valleyschaletrental.com\/fr\/your-concierge\/"},{"@type":"ListItem","position":3,"name":"Equipement de Ski"}]},{"@type":"WebSite","@id":"https:\/\/4valleyschaletrental.com\/fr\/#website","url":"https:\/\/4valleyschaletrental.com\/fr\/","name":"4 Valleys Chalet Rental","description":"Luxury catered &amp; self catered Alpine Chalets","potentialAction":[{"@type":"SearchAction","target":{"@type":"EntryPoint","urlTemplate":"https:\/\/4valleyschaletrental.com\/fr\/?s={search_term_string}"},"query-input":{"@type":"PropertyValueSpecification","valueRequired":true,"valueName":"search_term_string"}}],"inLanguage":"fr-FR"}]}},"_links":{"self":[{"href":"https:\/\/4valleyschaletrental.com\/fr\/wp-json\/wp\/v2\/pages\/1230","targetHints":{"allow":["GET"]}}],"collection":[{"href":"https:\/\/4valleyschaletrental.com\/fr\/wp-json\/wp\/v2\/pages"}],"about":[{"href":"https:\/\/4valleyschaletrental.com\/fr\/wp-json\/wp\/v2\/types\/page"}],"author":[{"embeddable":true,"href":"https:\/\/4valleyschaletrental.com\/fr\/wp-json\/wp\/v2\/users\/1"}],"replies":[{"embeddable":true,"href":"https:\/\/4valleyschaletrental.com\/fr\/wp-json\/wp\/v2\/comments?post=1230"}],"version-history":[{"count":8,"href":"https:\/\/4valleyschaletrental.com\/fr\/wp-json\/wp\/v2\/pages\/1230\/revisions"}],"predecessor-version":[{"id":2572,"href":"https:\/\/4valleyschaletrental.com\/fr\/wp-json\/wp\/v2\/pages\/1230\/revisions\/2572"}],"up":[{"embeddable":true,"href":"https:\/\/4valleyschaletrental.com\/fr\/wp-json\/wp\/v2\/pages\/1220"}],"wp:attachment":[{"href":"https:\/\/4valleyschaletrental.com\/fr\/wp-json\/wp\/v2\/media?parent=1230"}],"curies":[{"name":"wp","href":"https:\/\/api.w.org\/{rel}","templated":true}]}}