{"id":1236,"date":"2019-09-26T08:47:01","date_gmt":"2019-09-26T08:47:01","guid":{"rendered":"https:\/\/4valleyschaletrental.com\/your-concierge\/ski-school-bookings\/"},"modified":"2019-11-28T08:19:17","modified_gmt":"2019-11-28T08:19:17","slug":"reservation-ecole-ski","status":"publish","type":"page","link":"https:\/\/4valleyschaletrental.com\/fr\/your-concierge\/reservation-ecole-ski\/","title":{"rendered":"\u00c9cole de ski"},"content":{"rendered":"<p>[vc_row][vc_column][vc_single_image image=\u00a0\u00bb1237&Prime; img_size=\u00a0\u00bbfull\u00a0\u00bb alignment=\u00a0\u00bbcenter\u00a0\u00bb][\/vc_column][\/vc_row][vc_row][vc_column width=\u00a0\u00bb1\/4&Prime;][vc_wp_custommenu nav_menu=\u00a0\u00bb23&Prime;][\/vc_column][vc_column width=\u00a0\u00bb3\/4&Prime;][vc_column_text]<\/p>\n<h3>\u00c9cole de ski<\/h3>\n<p><a href=\"http:\/\/www.4vallees.ch\" target=\"_blank\" rel=\"noopener\">Les 4 Vall\u00e9es<\/a> sont une destination des Alpes choisies par tous, des d\u00e9butants aux skieurs confirm\u00e9s. Des guides et professeurs de ski, qualifi\u00e9s et passionn\u00e9s, feront en sorte que vos le\u00e7ons vous apportent tout ce dont vous attendez, ou que vos journ\u00e9es \u00e0 ski avec guide dans le <a href=\"?page_id=1398&amp;lang=fr\">domaine des 4 Vall\u00e9es<\/a> incluent la r\u00e9gion de Verbier au c\u0153ur des Alpes suisses.<\/p>\n<p>Votre satisfaction nous tient \u00e0 c\u0153ur, et nous sommes convaincus que s\u2019am\u00e9liorer sur les pistes devrait \u00eatre fait sans stress, et c\u2019est pourquoi nous avons toute confiance et de tr\u00e8s bons rapports avec les \u00e9coles de ski locales.<\/p>\n<p>Pour profiter au maximum de vos vacances, nous vous recommandons vivement de r\u00e9server vos le\u00e7ons et journ\u00e9es avec guide dans les 4 Vall\u00e9es \u00e0 l\u2019avance. Vous n\u2019avez qu\u2019\u00e0 nous dire ce que vous d\u00e9sirez et nous ferons de notre mieux pour l\u2019organiser avec une \u00e9cole de ski locale ou vous mettre en contact avec eux directement.<\/p>\n<p>Nous avons le plaisir de vous annoncer que vous b\u00e9n\u00e9ficiez d\u2019une r\u00e9duction de 10% pour les le\u00e7ons en groupe si celles-ci sont r\u00e9serv\u00e9es par nous.<\/p>\n<p>Veuillez <a href=\"?page_id=1416&amp;lang=fr\">nous contacter<\/a> pour plus d\u2019informations sur les \u00e9coles de ski et leurs r\u00e9servations.[\/vc_column_text][\/vc_column][\/vc_row]<\/p>\n","protected":false},"excerpt":{"rendered":"<p>[vc_row][vc_column][vc_single_image image=\u00a0\u00bb1237&Prime; img_size=\u00a0\u00bbfull\u00a0\u00bb alignment=\u00a0\u00bbcenter\u00a0\u00bb][\/vc_column][\/vc_row][vc_row][vc_column width=\u00a0\u00bb1\/4&Prime;][vc_wp_custommenu nav_menu=\u00a0\u00bb23&Prime;][\/vc_column][vc_column width=\u00a0\u00bb3\/4&Prime;][vc_column_text] \u00c9cole de ski Les 4 Vall\u00e9es sont une destination des Alpes choisies par tous, des d\u00e9butants aux skieurs confirm\u00e9s. Des guides et professeurs de ski, qualifi\u00e9s et passionn\u00e9s, feront en sorte que vos le\u00e7ons vous apportent tout ce dont vous attendez, ou que vos journ\u00e9es \u00e0 ski avec [&hellip;]<\/p>\n","protected":false},"author":1,"featured_media":0,"parent":1220,"menu_order":0,"comment_status":"closed","ping_status":"closed","template":"","meta":{"rs_blank_template":"","rs_page_bg_color":"","slide_template_v7":"","_monsterinsights_skip_tracking":false,"_monsterinsights_sitenote_active":false,"_monsterinsights_sitenote_note":"","_monsterinsights_sitenote_category":0,"footnotes":""},"class_list":["post-1236","page","type-page","status-publish","hentry"],"acf":[],"yoast_head":"<!-- This site is optimized with the Yoast SEO plugin v27.2 - https:\/\/yoast.com\/product\/yoast-seo-wordpress\/ -->\n<title>R\u00e9servation \u00c8cole de ski \u00e0 Nendaz :: Les 4 Vall\u00e9es Suisse<\/title>\n<meta name=\"description\" content=\"R\u00e9servations pour les \u00e9coles de ski avec 10% de r\u00e9duction si vous r\u00e9servez avec Alpine Comfort \u00e0 Nendaz. Domaine skiable des 4 Vall\u00e9es\" \/>\n<meta name=\"robots\" content=\"index, follow, max-snippet:-1, max-image-preview:large, max-video-preview:-1\" \/>\n<link rel=\"canonical\" href=\"https:\/\/4valleyschaletrental.com\/fr\/your-concierge\/reservation-ecole-ski\/\" \/>\n<meta property=\"og:locale\" content=\"fr_FR\" \/>\n<meta property=\"og:type\" content=\"article\" \/>\n<meta property=\"og:title\" content=\"R\u00e9servation \u00c8cole de ski \u00e0 Nendaz :: Les 4 Vall\u00e9es Suisse\" \/>\n<meta property=\"og:description\" content=\"R\u00e9servations pour les \u00e9coles de ski avec 10% de r\u00e9duction si vous r\u00e9servez avec Alpine Comfort \u00e0 Nendaz. Domaine skiable des 4 Vall\u00e9es\" \/>\n<meta property=\"og:url\" content=\"https:\/\/4valleyschaletrental.com\/fr\/your-concierge\/reservation-ecole-ski\/\" \/>\n<meta property=\"og:site_name\" content=\"4 Valleys Chalet Rental\" \/>\n<meta property=\"article:modified_time\" content=\"2019-11-28T08:19:17+00:00\" \/>\n<meta name=\"twitter:card\" content=\"summary_large_image\" \/>\n<meta name=\"twitter:label1\" content=\"Dur\u00e9e de lecture estim\u00e9e\" \/>\n\t<meta name=\"twitter:data1\" content=\"1 minute\" \/>\n<script type=\"application\/ld+json\" class=\"yoast-schema-graph\">{\"@context\":\"https:\/\/schema.org\",\"@graph\":[{\"@type\":\"WebPage\",\"@id\":\"https:\/\/4valleyschaletrental.com\/fr\/your-concierge\/reservation-ecole-ski\/\",\"url\":\"https:\/\/4valleyschaletrental.com\/fr\/your-concierge\/reservation-ecole-ski\/\",\"name\":\"R\u00e9servation \u00c8cole de ski \u00e0 Nendaz :: Les 4 Vall\u00e9es Suisse\",\"isPartOf\":{\"@id\":\"https:\/\/4valleyschaletrental.com\/fr\/#website\"},\"datePublished\":\"2019-09-26T08:47:01+00:00\",\"dateModified\":\"2019-11-28T08:19:17+00:00\",\"description\":\"R\u00e9servations pour les \u00e9coles de ski avec 10% de r\u00e9duction si vous r\u00e9servez avec Alpine Comfort \u00e0 Nendaz. Domaine skiable des 4 Vall\u00e9es\",\"breadcrumb\":{\"@id\":\"https:\/\/4valleyschaletrental.com\/fr\/your-concierge\/reservation-ecole-ski\/#breadcrumb\"},\"inLanguage\":\"fr-FR\",\"potentialAction\":[{\"@type\":\"ReadAction\",\"target\":[\"https:\/\/4valleyschaletrental.com\/fr\/your-concierge\/reservation-ecole-ski\/\"]}]},{\"@type\":\"BreadcrumbList\",\"@id\":\"https:\/\/4valleyschaletrental.com\/fr\/your-concierge\/reservation-ecole-ski\/#breadcrumb\",\"itemListElement\":[{\"@type\":\"ListItem\",\"position\":1,\"name\":\"Home\",\"item\":\"https:\/\/4valleyschaletrental.com\/fr\/\"},{\"@type\":\"ListItem\",\"position\":2,\"name\":\"Votre Concierge\",\"item\":\"https:\/\/4valleyschaletrental.com\/fr\/your-concierge\/\"},{\"@type\":\"ListItem\",\"position\":3,\"name\":\"\u00c9cole de ski\"}]},{\"@type\":\"WebSite\",\"@id\":\"https:\/\/4valleyschaletrental.com\/fr\/#website\",\"url\":\"https:\/\/4valleyschaletrental.com\/fr\/\",\"name\":\"4 Valleys Chalet Rental\",\"description\":\"Luxury catered &amp; self catered Alpine Chalets\",\"potentialAction\":[{\"@type\":\"SearchAction\",\"target\":{\"@type\":\"EntryPoint\",\"urlTemplate\":\"https:\/\/4valleyschaletrental.com\/fr\/?s={search_term_string}\"},\"query-input\":{\"@type\":\"PropertyValueSpecification\",\"valueRequired\":true,\"valueName\":\"search_term_string\"}}],\"inLanguage\":\"fr-FR\"}]}<\/script>\n<!-- \/ Yoast SEO plugin. -->","yoast_head_json":{"title":"R\u00e9servation \u00c8cole de ski \u00e0 Nendaz :: Les 4 Vall\u00e9es Suisse","description":"R\u00e9servations pour les \u00e9coles de ski avec 10% de r\u00e9duction si vous r\u00e9servez avec Alpine Comfort \u00e0 Nendaz. Domaine skiable des 4 Vall\u00e9es","robots":{"index":"index","follow":"follow","max-snippet":"max-snippet:-1","max-image-preview":"max-image-preview:large","max-video-preview":"max-video-preview:-1"},"canonical":"https:\/\/4valleyschaletrental.com\/fr\/your-concierge\/reservation-ecole-ski\/","og_locale":"fr_FR","og_type":"article","og_title":"R\u00e9servation \u00c8cole de ski \u00e0 Nendaz :: Les 4 Vall\u00e9es Suisse","og_description":"R\u00e9servations pour les \u00e9coles de ski avec 10% de r\u00e9duction si vous r\u00e9servez avec Alpine Comfort \u00e0 Nendaz. Domaine skiable des 4 Vall\u00e9es","og_url":"https:\/\/4valleyschaletrental.com\/fr\/your-concierge\/reservation-ecole-ski\/","og_site_name":"4 Valleys Chalet Rental","article_modified_time":"2019-11-28T08:19:17+00:00","twitter_card":"summary_large_image","twitter_misc":{"Dur\u00e9e de lecture estim\u00e9e":"1 minute"},"schema":{"@context":"https:\/\/schema.org","@graph":[{"@type":"WebPage","@id":"https:\/\/4valleyschaletrental.com\/fr\/your-concierge\/reservation-ecole-ski\/","url":"https:\/\/4valleyschaletrental.com\/fr\/your-concierge\/reservation-ecole-ski\/","name":"R\u00e9servation \u00c8cole de ski \u00e0 Nendaz :: Les 4 Vall\u00e9es Suisse","isPartOf":{"@id":"https:\/\/4valleyschaletrental.com\/fr\/#website"},"datePublished":"2019-09-26T08:47:01+00:00","dateModified":"2019-11-28T08:19:17+00:00","description":"R\u00e9servations pour les \u00e9coles de ski avec 10% de r\u00e9duction si vous r\u00e9servez avec Alpine Comfort \u00e0 Nendaz. Domaine skiable des 4 Vall\u00e9es","breadcrumb":{"@id":"https:\/\/4valleyschaletrental.com\/fr\/your-concierge\/reservation-ecole-ski\/#breadcrumb"},"inLanguage":"fr-FR","potentialAction":[{"@type":"ReadAction","target":["https:\/\/4valleyschaletrental.com\/fr\/your-concierge\/reservation-ecole-ski\/"]}]},{"@type":"BreadcrumbList","@id":"https:\/\/4valleyschaletrental.com\/fr\/your-concierge\/reservation-ecole-ski\/#breadcrumb","itemListElement":[{"@type":"ListItem","position":1,"name":"Home","item":"https:\/\/4valleyschaletrental.com\/fr\/"},{"@type":"ListItem","position":2,"name":"Votre Concierge","item":"https:\/\/4valleyschaletrental.com\/fr\/your-concierge\/"},{"@type":"ListItem","position":3,"name":"\u00c9cole de ski"}]},{"@type":"WebSite","@id":"https:\/\/4valleyschaletrental.com\/fr\/#website","url":"https:\/\/4valleyschaletrental.com\/fr\/","name":"4 Valleys Chalet Rental","description":"Luxury catered &amp; self catered Alpine Chalets","potentialAction":[{"@type":"SearchAction","target":{"@type":"EntryPoint","urlTemplate":"https:\/\/4valleyschaletrental.com\/fr\/?s={search_term_string}"},"query-input":{"@type":"PropertyValueSpecification","valueRequired":true,"valueName":"search_term_string"}}],"inLanguage":"fr-FR"}]}},"_links":{"self":[{"href":"https:\/\/4valleyschaletrental.com\/fr\/wp-json\/wp\/v2\/pages\/1236","targetHints":{"allow":["GET"]}}],"collection":[{"href":"https:\/\/4valleyschaletrental.com\/fr\/wp-json\/wp\/v2\/pages"}],"about":[{"href":"https:\/\/4valleyschaletrental.com\/fr\/wp-json\/wp\/v2\/types\/page"}],"author":[{"embeddable":true,"href":"https:\/\/4valleyschaletrental.com\/fr\/wp-json\/wp\/v2\/users\/1"}],"replies":[{"embeddable":true,"href":"https:\/\/4valleyschaletrental.com\/fr\/wp-json\/wp\/v2\/comments?post=1236"}],"version-history":[{"count":9,"href":"https:\/\/4valleyschaletrental.com\/fr\/wp-json\/wp\/v2\/pages\/1236\/revisions"}],"predecessor-version":[{"id":2508,"href":"https:\/\/4valleyschaletrental.com\/fr\/wp-json\/wp\/v2\/pages\/1236\/revisions\/2508"}],"up":[{"embeddable":true,"href":"https:\/\/4valleyschaletrental.com\/fr\/wp-json\/wp\/v2\/pages\/1220"}],"wp:attachment":[{"href":"https:\/\/4valleyschaletrental.com\/fr\/wp-json\/wp\/v2\/media?parent=1236"}],"curies":[{"name":"wp","href":"https:\/\/api.w.org\/{rel}","templated":true}]}}