{"id":1239,"date":"2019-09-26T08:46:57","date_gmt":"2019-09-26T08:46:57","guid":{"rendered":"https:\/\/4valleyschaletrental.com\/your-concierge\/housekeeping\/"},"modified":"2019-11-22T16:49:24","modified_gmt":"2019-11-22T16:49:24","slug":"nettoyage-chalet-luxe-nendaz","status":"publish","type":"page","link":"https:\/\/4valleyschaletrental.com\/fr\/your-concierge\/nettoyage-chalet-luxe-nendaz\/","title":{"rendered":"Service de nettoyage"},"content":{"rendered":"<p>[vc_row][vc_column][vc_single_image image=\u00a0\u00bb1240&Prime; img_size=\u00a0\u00bbfull\u00a0\u00bb alignment=\u00a0\u00bbcenter\u00a0\u00bb][\/vc_column][\/vc_row][vc_row][vc_column width=\u00a0\u00bb1\/4&Prime;][vc_wp_custommenu nav_menu=\u00a0\u00bb23&Prime;][\/vc_column][vc_column width=\u00a0\u00bb3\/4&Prime;][vc_column_text]<\/p>\n<h3>Service de nettoyage<\/h3>\n<p>Lorsque vous quittez le chalet et allez sur les pistes ou sur les chemins de randonn\u00e9es, notre f\u00e9e du logis rangera le chalet pour vous, selon votre besoin et d\u00e9sirs; n\u00e9anmoins, il faudra que ce service soit r\u00e9serv\u00e9 pour au moins deux heures \u00e0 chaque fois. Le tarif pour ce service doit \u00eatre pay\u00e9 sur place et est de CHF45\/h. Veuillez r\u00e9server \u00e0 l\u2019avance lorsque possible pour que nous nous assurions d\u2019avoir assez de personnel disponible.<\/p>\n<p>Veuillez noter que certains de <a href=\"https:\/\/4valleyschaletrental.com\/luxury-chalets\/\">nos chalets<\/a> incluent 2-3h de nettoyage \u00e0 mi-semaine dans le co\u00fbt de la location.<\/p>\n<h3>Changement de serviettes<\/h3>\n<p>Si vous d\u00e9sirez que vos serviettes soient chang\u00e9es quotidiennement ou \u00e0 mi-semaine, veuillez nous le faire savoir et nous ferons en sorte que vous en ayez assez dans le chalet. Notre \u00e9quipe de nettoyage prendra les serviettes usag\u00e9es lors de leur passage \u00e0 mi-semaine. Un set complet de serviettes est de CHF20 par personne par jour.<\/p>\n<h3>Changement de linge de lit<\/h3>\n<p>Nous pouvons changer votre linge de lit \u00e0 mi-semaine, pour CHF50 par personne (comptez 2 personnes pour un lit double).[\/vc_column_text][\/vc_column][\/vc_row]<\/p>\n","protected":false},"excerpt":{"rendered":"<p>[vc_row][vc_column][vc_single_image image=\u00a0\u00bb1240&Prime; img_size=\u00a0\u00bbfull\u00a0\u00bb alignment=\u00a0\u00bbcenter\u00a0\u00bb][\/vc_column][\/vc_row][vc_row][vc_column width=\u00a0\u00bb1\/4&Prime;][vc_wp_custommenu nav_menu=\u00a0\u00bb23&Prime;][\/vc_column][vc_column width=\u00a0\u00bb3\/4&Prime;][vc_column_text] Service de nettoyage Lorsque vous quittez le chalet et allez sur les pistes ou sur les chemins de randonn\u00e9es, notre f\u00e9e du logis rangera le chalet pour vous, selon votre besoin et d\u00e9sirs; n\u00e9anmoins, il faudra que ce service soit r\u00e9serv\u00e9 pour au moins deux heures \u00e0 chaque [&hellip;]<\/p>\n","protected":false},"author":1,"featured_media":0,"parent":1220,"menu_order":0,"comment_status":"closed","ping_status":"closed","template":"","meta":{"rs_blank_template":"","rs_page_bg_color":"","slide_template_v7":"","_monsterinsights_skip_tracking":false,"_monsterinsights_sitenote_active":false,"_monsterinsights_sitenote_note":"","_monsterinsights_sitenote_category":0,"footnotes":""},"class_list":["post-1239","page","type-page","status-publish","hentry"],"acf":[],"yoast_head":"<!-- This site is optimized with the Yoast SEO plugin v27.2 - https:\/\/yoast.com\/product\/yoast-seo-wordpress\/ -->\n<title>Service de Nettoyage :: Suisse Chalet de luxe :: Alpine Comfort<\/title>\n<meta name=\"description\" content=\"Nos chalets de luxe ont tous la possibilit\u00e9 d&#039;inclure un service d&#039;entretien complet. Alpine Comfort propose des nettoyage dans tous les chalets \u00e0 Nendaz\" \/>\n<meta name=\"robots\" content=\"index, follow, max-snippet:-1, max-image-preview:large, max-video-preview:-1\" \/>\n<link rel=\"canonical\" href=\"https:\/\/4valleyschaletrental.com\/fr\/your-concierge\/nettoyage-chalet-luxe-nendaz\/\" \/>\n<meta property=\"og:locale\" content=\"fr_FR\" \/>\n<meta property=\"og:type\" content=\"article\" \/>\n<meta property=\"og:title\" content=\"Service de Nettoyage :: Suisse Chalet de luxe :: Alpine Comfort\" \/>\n<meta property=\"og:description\" content=\"Nos chalets de luxe ont tous la possibilit\u00e9 d&#039;inclure un service d&#039;entretien complet. Alpine Comfort propose des nettoyage dans tous les chalets \u00e0 Nendaz\" \/>\n<meta property=\"og:url\" content=\"https:\/\/4valleyschaletrental.com\/fr\/your-concierge\/nettoyage-chalet-luxe-nendaz\/\" \/>\n<meta property=\"og:site_name\" content=\"4 Valleys Chalet Rental\" \/>\n<meta property=\"article:modified_time\" content=\"2019-11-22T16:49:24+00:00\" \/>\n<meta name=\"twitter:card\" content=\"summary_large_image\" \/>\n<meta name=\"twitter:label1\" content=\"Dur\u00e9e de lecture estim\u00e9e\" \/>\n\t<meta name=\"twitter:data1\" content=\"1 minute\" \/>\n<script type=\"application\/ld+json\" class=\"yoast-schema-graph\">{\"@context\":\"https:\/\/schema.org\",\"@graph\":[{\"@type\":\"WebPage\",\"@id\":\"https:\/\/4valleyschaletrental.com\/fr\/your-concierge\/nettoyage-chalet-luxe-nendaz\/\",\"url\":\"https:\/\/4valleyschaletrental.com\/fr\/your-concierge\/nettoyage-chalet-luxe-nendaz\/\",\"name\":\"Service de Nettoyage :: Suisse Chalet de luxe :: Alpine Comfort\",\"isPartOf\":{\"@id\":\"https:\/\/4valleyschaletrental.com\/fr\/#website\"},\"datePublished\":\"2019-09-26T08:46:57+00:00\",\"dateModified\":\"2019-11-22T16:49:24+00:00\",\"description\":\"Nos chalets de luxe ont tous la possibilit\u00e9 d'inclure un service d'entretien complet. Alpine Comfort propose des nettoyage dans tous les chalets \u00e0 Nendaz\",\"breadcrumb\":{\"@id\":\"https:\/\/4valleyschaletrental.com\/fr\/your-concierge\/nettoyage-chalet-luxe-nendaz\/#breadcrumb\"},\"inLanguage\":\"fr-FR\",\"potentialAction\":[{\"@type\":\"ReadAction\",\"target\":[\"https:\/\/4valleyschaletrental.com\/fr\/your-concierge\/nettoyage-chalet-luxe-nendaz\/\"]}]},{\"@type\":\"BreadcrumbList\",\"@id\":\"https:\/\/4valleyschaletrental.com\/fr\/your-concierge\/nettoyage-chalet-luxe-nendaz\/#breadcrumb\",\"itemListElement\":[{\"@type\":\"ListItem\",\"position\":1,\"name\":\"Home\",\"item\":\"https:\/\/4valleyschaletrental.com\/fr\/\"},{\"@type\":\"ListItem\",\"position\":2,\"name\":\"Votre Concierge\",\"item\":\"https:\/\/4valleyschaletrental.com\/fr\/your-concierge\/\"},{\"@type\":\"ListItem\",\"position\":3,\"name\":\"Service de nettoyage\"}]},{\"@type\":\"WebSite\",\"@id\":\"https:\/\/4valleyschaletrental.com\/fr\/#website\",\"url\":\"https:\/\/4valleyschaletrental.com\/fr\/\",\"name\":\"4 Valleys Chalet Rental\",\"description\":\"Luxury catered &amp; self catered Alpine Chalets\",\"potentialAction\":[{\"@type\":\"SearchAction\",\"target\":{\"@type\":\"EntryPoint\",\"urlTemplate\":\"https:\/\/4valleyschaletrental.com\/fr\/?s={search_term_string}\"},\"query-input\":{\"@type\":\"PropertyValueSpecification\",\"valueRequired\":true,\"valueName\":\"search_term_string\"}}],\"inLanguage\":\"fr-FR\"}]}<\/script>\n<!-- \/ Yoast SEO plugin. -->","yoast_head_json":{"title":"Service de Nettoyage :: Suisse Chalet de luxe :: Alpine Comfort","description":"Nos chalets de luxe ont tous la possibilit\u00e9 d'inclure un service d'entretien complet. Alpine Comfort propose des nettoyage dans tous les chalets \u00e0 Nendaz","robots":{"index":"index","follow":"follow","max-snippet":"max-snippet:-1","max-image-preview":"max-image-preview:large","max-video-preview":"max-video-preview:-1"},"canonical":"https:\/\/4valleyschaletrental.com\/fr\/your-concierge\/nettoyage-chalet-luxe-nendaz\/","og_locale":"fr_FR","og_type":"article","og_title":"Service de Nettoyage :: Suisse Chalet de luxe :: Alpine Comfort","og_description":"Nos chalets de luxe ont tous la possibilit\u00e9 d'inclure un service d'entretien complet. Alpine Comfort propose des nettoyage dans tous les chalets \u00e0 Nendaz","og_url":"https:\/\/4valleyschaletrental.com\/fr\/your-concierge\/nettoyage-chalet-luxe-nendaz\/","og_site_name":"4 Valleys Chalet Rental","article_modified_time":"2019-11-22T16:49:24+00:00","twitter_card":"summary_large_image","twitter_misc":{"Dur\u00e9e de lecture estim\u00e9e":"1 minute"},"schema":{"@context":"https:\/\/schema.org","@graph":[{"@type":"WebPage","@id":"https:\/\/4valleyschaletrental.com\/fr\/your-concierge\/nettoyage-chalet-luxe-nendaz\/","url":"https:\/\/4valleyschaletrental.com\/fr\/your-concierge\/nettoyage-chalet-luxe-nendaz\/","name":"Service de Nettoyage :: Suisse Chalet de luxe :: Alpine Comfort","isPartOf":{"@id":"https:\/\/4valleyschaletrental.com\/fr\/#website"},"datePublished":"2019-09-26T08:46:57+00:00","dateModified":"2019-11-22T16:49:24+00:00","description":"Nos chalets de luxe ont tous la possibilit\u00e9 d'inclure un service d'entretien complet. Alpine Comfort propose des nettoyage dans tous les chalets \u00e0 Nendaz","breadcrumb":{"@id":"https:\/\/4valleyschaletrental.com\/fr\/your-concierge\/nettoyage-chalet-luxe-nendaz\/#breadcrumb"},"inLanguage":"fr-FR","potentialAction":[{"@type":"ReadAction","target":["https:\/\/4valleyschaletrental.com\/fr\/your-concierge\/nettoyage-chalet-luxe-nendaz\/"]}]},{"@type":"BreadcrumbList","@id":"https:\/\/4valleyschaletrental.com\/fr\/your-concierge\/nettoyage-chalet-luxe-nendaz\/#breadcrumb","itemListElement":[{"@type":"ListItem","position":1,"name":"Home","item":"https:\/\/4valleyschaletrental.com\/fr\/"},{"@type":"ListItem","position":2,"name":"Votre Concierge","item":"https:\/\/4valleyschaletrental.com\/fr\/your-concierge\/"},{"@type":"ListItem","position":3,"name":"Service de nettoyage"}]},{"@type":"WebSite","@id":"https:\/\/4valleyschaletrental.com\/fr\/#website","url":"https:\/\/4valleyschaletrental.com\/fr\/","name":"4 Valleys Chalet Rental","description":"Luxury catered &amp; self catered Alpine Chalets","potentialAction":[{"@type":"SearchAction","target":{"@type":"EntryPoint","urlTemplate":"https:\/\/4valleyschaletrental.com\/fr\/?s={search_term_string}"},"query-input":{"@type":"PropertyValueSpecification","valueRequired":true,"valueName":"search_term_string"}}],"inLanguage":"fr-FR"}]}},"_links":{"self":[{"href":"https:\/\/4valleyschaletrental.com\/fr\/wp-json\/wp\/v2\/pages\/1239","targetHints":{"allow":["GET"]}}],"collection":[{"href":"https:\/\/4valleyschaletrental.com\/fr\/wp-json\/wp\/v2\/pages"}],"about":[{"href":"https:\/\/4valleyschaletrental.com\/fr\/wp-json\/wp\/v2\/types\/page"}],"author":[{"embeddable":true,"href":"https:\/\/4valleyschaletrental.com\/fr\/wp-json\/wp\/v2\/users\/1"}],"replies":[{"embeddable":true,"href":"https:\/\/4valleyschaletrental.com\/fr\/wp-json\/wp\/v2\/comments?post=1239"}],"version-history":[{"count":7,"href":"https:\/\/4valleyschaletrental.com\/fr\/wp-json\/wp\/v2\/pages\/1239\/revisions"}],"predecessor-version":[{"id":2397,"href":"https:\/\/4valleyschaletrental.com\/fr\/wp-json\/wp\/v2\/pages\/1239\/revisions\/2397"}],"up":[{"embeddable":true,"href":"https:\/\/4valleyschaletrental.com\/fr\/wp-json\/wp\/v2\/pages\/1220"}],"wp:attachment":[{"href":"https:\/\/4valleyschaletrental.com\/fr\/wp-json\/wp\/v2\/media?parent=1239"}],"curies":[{"name":"wp","href":"https:\/\/api.w.org\/{rel}","templated":true}]}}