{"id":1245,"date":"2019-09-26T08:46:54","date_gmt":"2019-09-26T08:46:54","guid":{"rendered":"https:\/\/4valleyschaletrental.com\/your-concierge\/pre-arrival-shopping\/"},"modified":"2024-07-16T10:55:40","modified_gmt":"2024-07-16T10:55:40","slug":"courses-avant-votre-arrivee","status":"publish","type":"page","link":"https:\/\/4valleyschaletrental.com\/fr\/your-concierge\/courses-avant-votre-arrivee\/","title":{"rendered":"Courses faites avant votre arriv\u00e9e"},"content":{"rendered":"<p>[vc_row][vc_column][vc_single_image image=\u00a0\u00bb1246&Prime; img_size=\u00a0\u00bbfull\u00a0\u00bb alignment=\u00a0\u00bbcenter\u00a0\u00bb][\/vc_column][\/vc_row][vc_row][vc_column width=\u00a0\u00bb1\/4&Prime;][vc_wp_custommenu nav_menu=\u00a0\u00bb23&Prime;][\/vc_column][vc_column width=\u00a0\u00bb3\/4&Prime;][vc_column_text]<\/p>\n<h3>Courses faites avant votre arriv\u00e9e<\/h3>\n<p>Nous sommes tout \u00e0 fait d\u2019accord qu\u2019apr\u00e8s avoir voyag\u00e9 toute la journ\u00e9e, vous adoreriez arriver \u00e0 votre chalet et y trouver toutes vos courses d\u00e9j\u00e0 faites.<\/p>\n<p><strong>Nous vous proposons deux options\u00a0:<\/strong><\/p>\n<ol>\n<li>Vous pouvez commander en ligne via un service de courses en ligne local et les faire livrer \u00e0 notre adresse. Nous ferons la livraison \u00e0 votre chalet avant votre arriv\u00e9e pour CHF 70.<\/li>\n<\/ol>\n<p>Pour ces deux options, veuillez <a href=\"?page_id=1416&amp;lang=fr\">nous contacter<\/a> directement et nous vous enverrons les diff\u00e9rents liens et organiserons parfaitement le jour et l\u2019heure de la livraison.[\/vc_column_text][\/vc_column][\/vc_row]<\/p>\n","protected":false},"excerpt":{"rendered":"<p>[vc_row][vc_column][vc_single_image image=\u00a0\u00bb1246&Prime; img_size=\u00a0\u00bbfull\u00a0\u00bb alignment=\u00a0\u00bbcenter\u00a0\u00bb][\/vc_column][\/vc_row][vc_row][vc_column width=\u00a0\u00bb1\/4&Prime;][vc_wp_custommenu nav_menu=\u00a0\u00bb23&Prime;][\/vc_column][vc_column width=\u00a0\u00bb3\/4&Prime;][vc_column_text] Courses faites avant votre arriv\u00e9e Nous sommes tout \u00e0 fait d\u2019accord qu\u2019apr\u00e8s avoir voyag\u00e9 toute la journ\u00e9e, vous adoreriez arriver \u00e0 votre chalet et y trouver toutes vos courses d\u00e9j\u00e0 faites. Nous vous proposons deux options\u00a0: Vous pouvez commander en ligne via un service de courses en ligne [&hellip;]<\/p>\n","protected":false},"author":1,"featured_media":0,"parent":1220,"menu_order":0,"comment_status":"closed","ping_status":"closed","template":"","meta":{"rs_blank_template":"","rs_page_bg_color":"#ffffff","slide_template_v7":"","_monsterinsights_skip_tracking":false,"_monsterinsights_sitenote_active":false,"_monsterinsights_sitenote_note":"","_monsterinsights_sitenote_category":0,"footnotes":""},"class_list":["post-1245","page","type-page","status-publish","hentry"],"acf":[],"yoast_head":"<!-- This site is optimized with the Yoast SEO plugin v27.2 - https:\/\/yoast.com\/product\/yoast-seo-wordpress\/ -->\n<title>Courses faites avant votre arriv\u00e9e :: Chalet de luxe :: Alpine Comfort<\/title>\n<meta name=\"description\" content=\"Dans tous nos chalets de luxe \u00e0 Nendaz, vous pouvez d\u00e9sormais faire vos achats en ligne. Un d\u00e9but de vacances aussi d\u00e9tendu que possible.\" \/>\n<meta name=\"robots\" content=\"index, follow, max-snippet:-1, max-image-preview:large, max-video-preview:-1\" \/>\n<link rel=\"canonical\" href=\"https:\/\/4valleyschaletrental.com\/fr\/your-concierge\/courses-avant-votre-arrivee\/\" \/>\n<meta property=\"og:locale\" content=\"fr_FR\" \/>\n<meta property=\"og:type\" content=\"article\" \/>\n<meta property=\"og:title\" content=\"Courses faites avant votre arriv\u00e9e :: Chalet de luxe :: Alpine Comfort\" \/>\n<meta property=\"og:description\" content=\"Dans tous nos chalets de luxe \u00e0 Nendaz, vous pouvez d\u00e9sormais faire vos achats en ligne. Un d\u00e9but de vacances aussi d\u00e9tendu que possible.\" \/>\n<meta property=\"og:url\" content=\"https:\/\/4valleyschaletrental.com\/fr\/your-concierge\/courses-avant-votre-arrivee\/\" \/>\n<meta property=\"og:site_name\" content=\"4 Valleys Chalet Rental\" \/>\n<meta property=\"article:modified_time\" content=\"2024-07-16T10:55:40+00:00\" \/>\n<meta name=\"twitter:card\" content=\"summary_large_image\" \/>\n<meta name=\"twitter:label1\" content=\"Dur\u00e9e de lecture estim\u00e9e\" \/>\n\t<meta name=\"twitter:data1\" content=\"1 minute\" \/>\n<script type=\"application\/ld+json\" class=\"yoast-schema-graph\">{\"@context\":\"https:\/\/schema.org\",\"@graph\":[{\"@type\":\"WebPage\",\"@id\":\"https:\/\/4valleyschaletrental.com\/fr\/your-concierge\/courses-avant-votre-arrivee\/\",\"url\":\"https:\/\/4valleyschaletrental.com\/fr\/your-concierge\/courses-avant-votre-arrivee\/\",\"name\":\"Courses faites avant votre arriv\u00e9e :: Chalet de luxe :: Alpine Comfort\",\"isPartOf\":{\"@id\":\"https:\/\/4valleyschaletrental.com\/fr\/#website\"},\"datePublished\":\"2019-09-26T08:46:54+00:00\",\"dateModified\":\"2024-07-16T10:55:40+00:00\",\"description\":\"Dans tous nos chalets de luxe \u00e0 Nendaz, vous pouvez d\u00e9sormais faire vos achats en ligne. Un d\u00e9but de vacances aussi d\u00e9tendu que possible.\",\"breadcrumb\":{\"@id\":\"https:\/\/4valleyschaletrental.com\/fr\/your-concierge\/courses-avant-votre-arrivee\/#breadcrumb\"},\"inLanguage\":\"fr-FR\",\"potentialAction\":[{\"@type\":\"ReadAction\",\"target\":[\"https:\/\/4valleyschaletrental.com\/fr\/your-concierge\/courses-avant-votre-arrivee\/\"]}]},{\"@type\":\"BreadcrumbList\",\"@id\":\"https:\/\/4valleyschaletrental.com\/fr\/your-concierge\/courses-avant-votre-arrivee\/#breadcrumb\",\"itemListElement\":[{\"@type\":\"ListItem\",\"position\":1,\"name\":\"Home\",\"item\":\"https:\/\/4valleyschaletrental.com\/fr\/\"},{\"@type\":\"ListItem\",\"position\":2,\"name\":\"Votre Concierge\",\"item\":\"https:\/\/4valleyschaletrental.com\/fr\/your-concierge\/\"},{\"@type\":\"ListItem\",\"position\":3,\"name\":\"Courses faites avant votre arriv\u00e9e\"}]},{\"@type\":\"WebSite\",\"@id\":\"https:\/\/4valleyschaletrental.com\/fr\/#website\",\"url\":\"https:\/\/4valleyschaletrental.com\/fr\/\",\"name\":\"4 Valleys Chalet Rental\",\"description\":\"Luxury catered &amp; self catered Alpine Chalets\",\"potentialAction\":[{\"@type\":\"SearchAction\",\"target\":{\"@type\":\"EntryPoint\",\"urlTemplate\":\"https:\/\/4valleyschaletrental.com\/fr\/?s={search_term_string}\"},\"query-input\":{\"@type\":\"PropertyValueSpecification\",\"valueRequired\":true,\"valueName\":\"search_term_string\"}}],\"inLanguage\":\"fr-FR\"}]}<\/script>\n<!-- \/ Yoast SEO plugin. -->","yoast_head_json":{"title":"Courses faites avant votre arriv\u00e9e :: Chalet de luxe :: Alpine Comfort","description":"Dans tous nos chalets de luxe \u00e0 Nendaz, vous pouvez d\u00e9sormais faire vos achats en ligne. Un d\u00e9but de vacances aussi d\u00e9tendu que possible.","robots":{"index":"index","follow":"follow","max-snippet":"max-snippet:-1","max-image-preview":"max-image-preview:large","max-video-preview":"max-video-preview:-1"},"canonical":"https:\/\/4valleyschaletrental.com\/fr\/your-concierge\/courses-avant-votre-arrivee\/","og_locale":"fr_FR","og_type":"article","og_title":"Courses faites avant votre arriv\u00e9e :: Chalet de luxe :: Alpine Comfort","og_description":"Dans tous nos chalets de luxe \u00e0 Nendaz, vous pouvez d\u00e9sormais faire vos achats en ligne. Un d\u00e9but de vacances aussi d\u00e9tendu que possible.","og_url":"https:\/\/4valleyschaletrental.com\/fr\/your-concierge\/courses-avant-votre-arrivee\/","og_site_name":"4 Valleys Chalet Rental","article_modified_time":"2024-07-16T10:55:40+00:00","twitter_card":"summary_large_image","twitter_misc":{"Dur\u00e9e de lecture estim\u00e9e":"1 minute"},"schema":{"@context":"https:\/\/schema.org","@graph":[{"@type":"WebPage","@id":"https:\/\/4valleyschaletrental.com\/fr\/your-concierge\/courses-avant-votre-arrivee\/","url":"https:\/\/4valleyschaletrental.com\/fr\/your-concierge\/courses-avant-votre-arrivee\/","name":"Courses faites avant votre arriv\u00e9e :: Chalet de luxe :: Alpine Comfort","isPartOf":{"@id":"https:\/\/4valleyschaletrental.com\/fr\/#website"},"datePublished":"2019-09-26T08:46:54+00:00","dateModified":"2024-07-16T10:55:40+00:00","description":"Dans tous nos chalets de luxe \u00e0 Nendaz, vous pouvez d\u00e9sormais faire vos achats en ligne. Un d\u00e9but de vacances aussi d\u00e9tendu que possible.","breadcrumb":{"@id":"https:\/\/4valleyschaletrental.com\/fr\/your-concierge\/courses-avant-votre-arrivee\/#breadcrumb"},"inLanguage":"fr-FR","potentialAction":[{"@type":"ReadAction","target":["https:\/\/4valleyschaletrental.com\/fr\/your-concierge\/courses-avant-votre-arrivee\/"]}]},{"@type":"BreadcrumbList","@id":"https:\/\/4valleyschaletrental.com\/fr\/your-concierge\/courses-avant-votre-arrivee\/#breadcrumb","itemListElement":[{"@type":"ListItem","position":1,"name":"Home","item":"https:\/\/4valleyschaletrental.com\/fr\/"},{"@type":"ListItem","position":2,"name":"Votre Concierge","item":"https:\/\/4valleyschaletrental.com\/fr\/your-concierge\/"},{"@type":"ListItem","position":3,"name":"Courses faites avant votre arriv\u00e9e"}]},{"@type":"WebSite","@id":"https:\/\/4valleyschaletrental.com\/fr\/#website","url":"https:\/\/4valleyschaletrental.com\/fr\/","name":"4 Valleys Chalet Rental","description":"Luxury catered &amp; self catered Alpine Chalets","potentialAction":[{"@type":"SearchAction","target":{"@type":"EntryPoint","urlTemplate":"https:\/\/4valleyschaletrental.com\/fr\/?s={search_term_string}"},"query-input":{"@type":"PropertyValueSpecification","valueRequired":true,"valueName":"search_term_string"}}],"inLanguage":"fr-FR"}]}},"_links":{"self":[{"href":"https:\/\/4valleyschaletrental.com\/fr\/wp-json\/wp\/v2\/pages\/1245","targetHints":{"allow":["GET"]}}],"collection":[{"href":"https:\/\/4valleyschaletrental.com\/fr\/wp-json\/wp\/v2\/pages"}],"about":[{"href":"https:\/\/4valleyschaletrental.com\/fr\/wp-json\/wp\/v2\/types\/page"}],"author":[{"embeddable":true,"href":"https:\/\/4valleyschaletrental.com\/fr\/wp-json\/wp\/v2\/users\/1"}],"replies":[{"embeddable":true,"href":"https:\/\/4valleyschaletrental.com\/fr\/wp-json\/wp\/v2\/comments?post=1245"}],"version-history":[{"count":16,"href":"https:\/\/4valleyschaletrental.com\/fr\/wp-json\/wp\/v2\/pages\/1245\/revisions"}],"predecessor-version":[{"id":3595,"href":"https:\/\/4valleyschaletrental.com\/fr\/wp-json\/wp\/v2\/pages\/1245\/revisions\/3595"}],"up":[{"embeddable":true,"href":"https:\/\/4valleyschaletrental.com\/fr\/wp-json\/wp\/v2\/pages\/1220"}],"wp:attachment":[{"href":"https:\/\/4valleyschaletrental.com\/fr\/wp-json\/wp\/v2\/media?parent=1245"}],"curies":[{"name":"wp","href":"https:\/\/api.w.org\/{rel}","templated":true}]}}