{"id":1297,"date":"2019-09-26T08:40:31","date_gmt":"2019-09-26T08:40:31","guid":{"rendered":"https:\/\/4valleyschaletrental.com\/food-drinks\/breakfast-service\/"},"modified":"2023-01-24T14:31:40","modified_gmt":"2023-01-24T14:31:40","slug":"service-petit-dejeuner","status":"publish","type":"page","link":"https:\/\/4valleyschaletrental.com\/fr\/food-drinks\/service-petit-dejeuner\/","title":{"rendered":"Service de Traiteur"},"content":{"rendered":"<p>[vc_row][vc_column][vc_single_image image=\u00a0\u00bb1298&Prime; img_size=\u00a0\u00bbfull\u00a0\u00bb alignment=\u00a0\u00bbcenter\u00a0\u00bb][\/vc_column][\/vc_row][vc_row][vc_column width=\u00a0\u00bb1\/4&Prime;][vc_wp_custommenu nav_menu=\u00a0\u00bb22&Prime;][\/vc_column][vc_column width=\u00a0\u00bb3\/4&Prime;][vc_column_text]<\/p>\n<h3>Service de Traiteur<\/h3>\n<p>Nous travaillons en \u00e9troite collaboration avec d&rsquo;excellentes entreprises locales qui fournissent des options de petit-d\u00e9jeuner, de d\u00eener et de r\u00e9chauffage <strong>pour nos clients<\/strong>.<\/p>\n<p>Veuillez <a href=\"?page_id=1416\">nous contacter<\/a> avec ce que vous souhaiteriez faire.[\/vc_column_text][\/vc_column][\/vc_row]<\/p>\n","protected":false},"excerpt":{"rendered":"<p>[vc_row][vc_column][vc_single_image image=\u00a0\u00bb1298&Prime; img_size=\u00a0\u00bbfull\u00a0\u00bb alignment=\u00a0\u00bbcenter\u00a0\u00bb][\/vc_column][\/vc_row][vc_row][vc_column width=\u00a0\u00bb1\/4&Prime;][vc_wp_custommenu nav_menu=\u00a0\u00bb22&Prime;][\/vc_column][vc_column width=\u00a0\u00bb3\/4&Prime;][vc_column_text] Service de Traiteur Nous travaillons en \u00e9troite collaboration avec d&rsquo;excellentes entreprises locales qui fournissent des options de petit-d\u00e9jeuner, de d\u00eener et de r\u00e9chauffage pour nos clients. Veuillez nous contacter avec ce que vous souhaiteriez faire.[\/vc_column_text][\/vc_column][\/vc_row]<\/p>\n","protected":false},"author":1,"featured_media":0,"parent":1292,"menu_order":0,"comment_status":"closed","ping_status":"closed","template":"","meta":{"rs_blank_template":"","rs_page_bg_color":"#ffffff","slide_template_v7":"","_monsterinsights_skip_tracking":false,"_monsterinsights_sitenote_active":false,"_monsterinsights_sitenote_note":"","_monsterinsights_sitenote_category":0,"footnotes":""},"class_list":["post-1297","page","type-page","status-publish","hentry"],"acf":[],"yoast_head":"<!-- This site is optimized with the Yoast SEO plugin v27.2 - https:\/\/yoast.com\/product\/yoast-seo-wordpress\/ -->\n<title>Service de Petit-D\u00e9jeuner :Service dans les chalets de luxe, Apine Comfort<\/title>\n<meta name=\"description\" content=\"Le service de petit-d\u00e9jeuner en chalet pendant vos vacances de ski est un must. Votre h\u00f4te vous pr\u00e9parer du caf\u00e9 frais avec votre petit-dejeuner\" \/>\n<meta name=\"robots\" content=\"index, follow, max-snippet:-1, max-image-preview:large, max-video-preview:-1\" \/>\n<link rel=\"canonical\" href=\"https:\/\/4valleyschaletrental.com\/fr\/food-drinks\/service-petit-dejeuner\/\" \/>\n<meta property=\"og:locale\" content=\"fr_FR\" \/>\n<meta property=\"og:type\" content=\"article\" \/>\n<meta property=\"og:title\" content=\"Service de Petit-D\u00e9jeuner :Service dans les chalets de luxe, Apine Comfort\" \/>\n<meta property=\"og:description\" content=\"Le service de petit-d\u00e9jeuner en chalet pendant vos vacances de ski est un must. Votre h\u00f4te vous pr\u00e9parer du caf\u00e9 frais avec votre petit-dejeuner\" \/>\n<meta property=\"og:url\" content=\"https:\/\/4valleyschaletrental.com\/fr\/food-drinks\/service-petit-dejeuner\/\" \/>\n<meta property=\"og:site_name\" content=\"4 Valleys Chalet Rental\" \/>\n<meta property=\"article:modified_time\" content=\"2023-01-24T14:31:40+00:00\" \/>\n<meta name=\"twitter:card\" content=\"summary_large_image\" \/>\n<meta name=\"twitter:label1\" content=\"Dur\u00e9e de lecture estim\u00e9e\" \/>\n\t<meta name=\"twitter:data1\" content=\"1 minute\" \/>\n<script type=\"application\/ld+json\" class=\"yoast-schema-graph\">{\"@context\":\"https:\/\/schema.org\",\"@graph\":[{\"@type\":\"WebPage\",\"@id\":\"https:\/\/4valleyschaletrental.com\/fr\/food-drinks\/service-petit-dejeuner\/\",\"url\":\"https:\/\/4valleyschaletrental.com\/fr\/food-drinks\/service-petit-dejeuner\/\",\"name\":\"Service de Petit-D\u00e9jeuner :Service dans les chalets de luxe, Apine Comfort\",\"isPartOf\":{\"@id\":\"https:\/\/4valleyschaletrental.com\/fr\/#website\"},\"datePublished\":\"2019-09-26T08:40:31+00:00\",\"dateModified\":\"2023-01-24T14:31:40+00:00\",\"description\":\"Le service de petit-d\u00e9jeuner en chalet pendant vos vacances de ski est un must. Votre h\u00f4te vous pr\u00e9parer du caf\u00e9 frais avec votre petit-dejeuner\",\"breadcrumb\":{\"@id\":\"https:\/\/4valleyschaletrental.com\/fr\/food-drinks\/service-petit-dejeuner\/#breadcrumb\"},\"inLanguage\":\"fr-FR\",\"potentialAction\":[{\"@type\":\"ReadAction\",\"target\":[\"https:\/\/4valleyschaletrental.com\/fr\/food-drinks\/service-petit-dejeuner\/\"]}]},{\"@type\":\"BreadcrumbList\",\"@id\":\"https:\/\/4valleyschaletrental.com\/fr\/food-drinks\/service-petit-dejeuner\/#breadcrumb\",\"itemListElement\":[{\"@type\":\"ListItem\",\"position\":1,\"name\":\"Home\",\"item\":\"https:\/\/4valleyschaletrental.com\/fr\/\"},{\"@type\":\"ListItem\",\"position\":2,\"name\":\"Nourriture &#038; Boissons\",\"item\":\"https:\/\/4valleyschaletrental.com\/fr\/food-drinks\/\"},{\"@type\":\"ListItem\",\"position\":3,\"name\":\"Service de Traiteur\"}]},{\"@type\":\"WebSite\",\"@id\":\"https:\/\/4valleyschaletrental.com\/fr\/#website\",\"url\":\"https:\/\/4valleyschaletrental.com\/fr\/\",\"name\":\"4 Valleys Chalet Rental\",\"description\":\"Luxury catered &amp; self catered Alpine Chalets\",\"potentialAction\":[{\"@type\":\"SearchAction\",\"target\":{\"@type\":\"EntryPoint\",\"urlTemplate\":\"https:\/\/4valleyschaletrental.com\/fr\/?s={search_term_string}\"},\"query-input\":{\"@type\":\"PropertyValueSpecification\",\"valueRequired\":true,\"valueName\":\"search_term_string\"}}],\"inLanguage\":\"fr-FR\"}]}<\/script>\n<!-- \/ Yoast SEO plugin. -->","yoast_head_json":{"title":"Service de Petit-D\u00e9jeuner :Service dans les chalets de luxe, Apine Comfort","description":"Le service de petit-d\u00e9jeuner en chalet pendant vos vacances de ski est un must. Votre h\u00f4te vous pr\u00e9parer du caf\u00e9 frais avec votre petit-dejeuner","robots":{"index":"index","follow":"follow","max-snippet":"max-snippet:-1","max-image-preview":"max-image-preview:large","max-video-preview":"max-video-preview:-1"},"canonical":"https:\/\/4valleyschaletrental.com\/fr\/food-drinks\/service-petit-dejeuner\/","og_locale":"fr_FR","og_type":"article","og_title":"Service de Petit-D\u00e9jeuner :Service dans les chalets de luxe, Apine Comfort","og_description":"Le service de petit-d\u00e9jeuner en chalet pendant vos vacances de ski est un must. Votre h\u00f4te vous pr\u00e9parer du caf\u00e9 frais avec votre petit-dejeuner","og_url":"https:\/\/4valleyschaletrental.com\/fr\/food-drinks\/service-petit-dejeuner\/","og_site_name":"4 Valleys Chalet Rental","article_modified_time":"2023-01-24T14:31:40+00:00","twitter_card":"summary_large_image","twitter_misc":{"Dur\u00e9e de lecture estim\u00e9e":"1 minute"},"schema":{"@context":"https:\/\/schema.org","@graph":[{"@type":"WebPage","@id":"https:\/\/4valleyschaletrental.com\/fr\/food-drinks\/service-petit-dejeuner\/","url":"https:\/\/4valleyschaletrental.com\/fr\/food-drinks\/service-petit-dejeuner\/","name":"Service de Petit-D\u00e9jeuner :Service dans les chalets de luxe, Apine Comfort","isPartOf":{"@id":"https:\/\/4valleyschaletrental.com\/fr\/#website"},"datePublished":"2019-09-26T08:40:31+00:00","dateModified":"2023-01-24T14:31:40+00:00","description":"Le service de petit-d\u00e9jeuner en chalet pendant vos vacances de ski est un must. Votre h\u00f4te vous pr\u00e9parer du caf\u00e9 frais avec votre petit-dejeuner","breadcrumb":{"@id":"https:\/\/4valleyschaletrental.com\/fr\/food-drinks\/service-petit-dejeuner\/#breadcrumb"},"inLanguage":"fr-FR","potentialAction":[{"@type":"ReadAction","target":["https:\/\/4valleyschaletrental.com\/fr\/food-drinks\/service-petit-dejeuner\/"]}]},{"@type":"BreadcrumbList","@id":"https:\/\/4valleyschaletrental.com\/fr\/food-drinks\/service-petit-dejeuner\/#breadcrumb","itemListElement":[{"@type":"ListItem","position":1,"name":"Home","item":"https:\/\/4valleyschaletrental.com\/fr\/"},{"@type":"ListItem","position":2,"name":"Nourriture &#038; Boissons","item":"https:\/\/4valleyschaletrental.com\/fr\/food-drinks\/"},{"@type":"ListItem","position":3,"name":"Service de Traiteur"}]},{"@type":"WebSite","@id":"https:\/\/4valleyschaletrental.com\/fr\/#website","url":"https:\/\/4valleyschaletrental.com\/fr\/","name":"4 Valleys Chalet Rental","description":"Luxury catered &amp; self catered Alpine Chalets","potentialAction":[{"@type":"SearchAction","target":{"@type":"EntryPoint","urlTemplate":"https:\/\/4valleyschaletrental.com\/fr\/?s={search_term_string}"},"query-input":{"@type":"PropertyValueSpecification","valueRequired":true,"valueName":"search_term_string"}}],"inLanguage":"fr-FR"}]}},"_links":{"self":[{"href":"https:\/\/4valleyschaletrental.com\/fr\/wp-json\/wp\/v2\/pages\/1297","targetHints":{"allow":["GET"]}}],"collection":[{"href":"https:\/\/4valleyschaletrental.com\/fr\/wp-json\/wp\/v2\/pages"}],"about":[{"href":"https:\/\/4valleyschaletrental.com\/fr\/wp-json\/wp\/v2\/types\/page"}],"author":[{"embeddable":true,"href":"https:\/\/4valleyschaletrental.com\/fr\/wp-json\/wp\/v2\/users\/1"}],"replies":[{"embeddable":true,"href":"https:\/\/4valleyschaletrental.com\/fr\/wp-json\/wp\/v2\/comments?post=1297"}],"version-history":[{"count":7,"href":"https:\/\/4valleyschaletrental.com\/fr\/wp-json\/wp\/v2\/pages\/1297\/revisions"}],"predecessor-version":[{"id":3147,"href":"https:\/\/4valleyschaletrental.com\/fr\/wp-json\/wp\/v2\/pages\/1297\/revisions\/3147"}],"up":[{"embeddable":true,"href":"https:\/\/4valleyschaletrental.com\/fr\/wp-json\/wp\/v2\/pages\/1292"}],"wp:attachment":[{"href":"https:\/\/4valleyschaletrental.com\/fr\/wp-json\/wp\/v2\/media?parent=1297"}],"curies":[{"name":"wp","href":"https:\/\/api.w.org\/{rel}","templated":true}]}}