{"id":1304,"date":"2019-09-26T08:40:24","date_gmt":"2019-09-26T08:40:24","guid":{"rendered":"https:\/\/4valleyschaletrental.com\/food-drinks\/re-heat-menu-option\/"},"modified":"2019-11-22T21:45:13","modified_gmt":"2019-11-22T21:45:13","slug":"options-menus-rechauffer-nendaz","status":"publish","type":"page","link":"https:\/\/4valleyschaletrental.com\/fr\/food-drinks\/options-menus-rechauffer-nendaz\/","title":{"rendered":"Options de menus \u00e0 r\u00e9chauffer"},"content":{"rendered":"<p>[vc_row][vc_column][vc_single_image image=\u00a0\u00bb1305&Prime; img_size=\u00a0\u00bbfull\u00a0\u00bb alignment=\u00a0\u00bbcenter\u00a0\u00bb][\/vc_column][\/vc_row][vc_row][vc_column width=\u00a0\u00bb1\/4&Prime;][vc_wp_custommenu nav_menu=\u00a0\u00bb22&Prime;][\/vc_column][vc_column width=\u00a0\u00bb3\/4&Prime;][vc_column_text]<\/p>\n<h3>Options de menus \u00e0 r\u00e9chauffer<\/h3>\n<p>Nous comprenons tout \u00e0 fait qu\u2019avoir du personnel dans le chalet n\u2019est pas forc\u00e9ment appr\u00e9ci\u00e9 de tous, mais comprenons \u00e9galement que s\u2019organiser pour faire la cuisine n\u2019est pas facile, et pour \u00eatre honn\u00eate, qui voudrait faire la cuisine pendant des <a href=\"https:\/\/4valleyschaletrental.com\/luxury-chalets\/?lang=fr\">vacances de luxe dans les Alpes<\/a>\u00a0?<\/p>\n<p>C\u2019est pourquoi nous vous avons trouv\u00e9 la solution parfaite. Nous faisons maintenant \u00e9quipe avec un service de traiteur local pour vous faire gagner du temps et profiter au maximum de vos vacances.\u00a0Notre partenaire peut vous pr\u00e9parer des plats d\u00e9licieux \u00e0 l\u2019avance et vous les livre directement \u00e0 votre chalet avec toutes les instructions.<\/p>\n<p>Cette option bien pratique enl\u00e8ve le stress et le temps pass\u00e9 \u00e0 cuisiner, vous permettant de profiter de bons diners entre amis et famille durant vos vacances.<\/p>\n<p>Ce service doit \u00eatre r\u00e9serv\u00e9 et confirm\u00e9 avec un minimum de deux jours \u00e0 l\u2019avance.<\/p>\n<h3>Tarifs pour les options de menus \u00e0 r\u00e9chauffer<\/h3>\n<p>Les tarifs peuvent changer \u00e0 la discr\u00e9tion de la compagnie de service de traiteur.<\/p>\n<p>Veuillez <a href=\"?page_id=1416&#038;lang=fr\">nous contacter<\/a> pour plus d\u2019informations et voir ce qui est disponible. Nous vous aiderons \u00e0 trouver la meilleure option pour votre groupe et vos vacances.[\/vc_column_text][\/vc_column][\/vc_row]<\/p>\n","protected":false},"excerpt":{"rendered":"<p>[vc_row][vc_column][vc_single_image image=\u00a0\u00bb1305&Prime; img_size=\u00a0\u00bbfull\u00a0\u00bb alignment=\u00a0\u00bbcenter\u00a0\u00bb][\/vc_column][\/vc_row][vc_row][vc_column width=\u00a0\u00bb1\/4&Prime;][vc_wp_custommenu nav_menu=\u00a0\u00bb22&Prime;][\/vc_column][vc_column width=\u00a0\u00bb3\/4&Prime;][vc_column_text] Options de menus \u00e0 r\u00e9chauffer Nous comprenons tout \u00e0 fait qu\u2019avoir du personnel dans le chalet n\u2019est pas forc\u00e9ment appr\u00e9ci\u00e9 de tous, mais comprenons \u00e9galement que s\u2019organiser pour faire la cuisine n\u2019est pas facile, et pour \u00eatre honn\u00eate, qui voudrait faire la cuisine pendant des vacances de luxe [&hellip;]<\/p>\n","protected":false},"author":1,"featured_media":0,"parent":1292,"menu_order":0,"comment_status":"closed","ping_status":"closed","template":"","meta":{"rs_blank_template":"","rs_page_bg_color":"","slide_template_v7":"","_monsterinsights_skip_tracking":false,"_monsterinsights_sitenote_active":false,"_monsterinsights_sitenote_note":"","_monsterinsights_sitenote_category":0,"footnotes":""},"class_list":["post-1304","page","type-page","status-publish","hentry"],"acf":[],"yoast_head":"<!-- This site is optimized with the Yoast SEO plugin v27.2 - https:\/\/yoast.com\/product\/yoast-seo-wordpress\/ -->\n<title>Options de menus \u00e0 r\u00e9chauffer pour les chalets \u00e0 Nendaz<\/title>\n<meta name=\"description\" content=\"Options de menus \u00e0 r\u00e9chauffer peuvent maintenant \u00eatre command\u00e9s pour tous les chalets de ski \u00e0 Nendaz en Suisse. Reservez avec Alpine Comfort\" \/>\n<meta name=\"robots\" content=\"index, follow, max-snippet:-1, max-image-preview:large, max-video-preview:-1\" \/>\n<link rel=\"canonical\" href=\"https:\/\/4valleyschaletrental.com\/fr\/food-drinks\/options-menus-rechauffer-nendaz\/\" \/>\n<meta property=\"og:locale\" content=\"fr_FR\" \/>\n<meta property=\"og:type\" content=\"article\" \/>\n<meta property=\"og:title\" content=\"Options de menus \u00e0 r\u00e9chauffer pour les chalets \u00e0 Nendaz\" \/>\n<meta property=\"og:description\" content=\"Options de menus \u00e0 r\u00e9chauffer peuvent maintenant \u00eatre command\u00e9s pour tous les chalets de ski \u00e0 Nendaz en Suisse. Reservez avec Alpine Comfort\" \/>\n<meta property=\"og:url\" content=\"https:\/\/4valleyschaletrental.com\/fr\/food-drinks\/options-menus-rechauffer-nendaz\/\" \/>\n<meta property=\"og:site_name\" content=\"4 Valleys Chalet Rental\" \/>\n<meta property=\"article:modified_time\" content=\"2019-11-22T21:45:13+00:00\" \/>\n<meta name=\"twitter:card\" content=\"summary_large_image\" \/>\n<meta name=\"twitter:label1\" content=\"Dur\u00e9e de lecture estim\u00e9e\" \/>\n\t<meta name=\"twitter:data1\" content=\"1 minute\" \/>\n<script type=\"application\/ld+json\" class=\"yoast-schema-graph\">{\"@context\":\"https:\/\/schema.org\",\"@graph\":[{\"@type\":\"WebPage\",\"@id\":\"https:\/\/4valleyschaletrental.com\/fr\/food-drinks\/options-menus-rechauffer-nendaz\/\",\"url\":\"https:\/\/4valleyschaletrental.com\/fr\/food-drinks\/options-menus-rechauffer-nendaz\/\",\"name\":\"Options de menus \u00e0 r\u00e9chauffer pour les chalets \u00e0 Nendaz\",\"isPartOf\":{\"@id\":\"https:\/\/4valleyschaletrental.com\/fr\/#website\"},\"datePublished\":\"2019-09-26T08:40:24+00:00\",\"dateModified\":\"2019-11-22T21:45:13+00:00\",\"description\":\"Options de menus \u00e0 r\u00e9chauffer peuvent maintenant \u00eatre command\u00e9s pour tous les chalets de ski \u00e0 Nendaz en Suisse. Reservez avec Alpine Comfort\",\"breadcrumb\":{\"@id\":\"https:\/\/4valleyschaletrental.com\/fr\/food-drinks\/options-menus-rechauffer-nendaz\/#breadcrumb\"},\"inLanguage\":\"fr-FR\",\"potentialAction\":[{\"@type\":\"ReadAction\",\"target\":[\"https:\/\/4valleyschaletrental.com\/fr\/food-drinks\/options-menus-rechauffer-nendaz\/\"]}]},{\"@type\":\"BreadcrumbList\",\"@id\":\"https:\/\/4valleyschaletrental.com\/fr\/food-drinks\/options-menus-rechauffer-nendaz\/#breadcrumb\",\"itemListElement\":[{\"@type\":\"ListItem\",\"position\":1,\"name\":\"Home\",\"item\":\"https:\/\/4valleyschaletrental.com\/fr\/\"},{\"@type\":\"ListItem\",\"position\":2,\"name\":\"Nourriture &#038; Boissons\",\"item\":\"https:\/\/4valleyschaletrental.com\/fr\/food-drinks\/\"},{\"@type\":\"ListItem\",\"position\":3,\"name\":\"Options de menus \u00e0 r\u00e9chauffer\"}]},{\"@type\":\"WebSite\",\"@id\":\"https:\/\/4valleyschaletrental.com\/fr\/#website\",\"url\":\"https:\/\/4valleyschaletrental.com\/fr\/\",\"name\":\"4 Valleys Chalet Rental\",\"description\":\"Luxury catered &amp; self catered Alpine Chalets\",\"potentialAction\":[{\"@type\":\"SearchAction\",\"target\":{\"@type\":\"EntryPoint\",\"urlTemplate\":\"https:\/\/4valleyschaletrental.com\/fr\/?s={search_term_string}\"},\"query-input\":{\"@type\":\"PropertyValueSpecification\",\"valueRequired\":true,\"valueName\":\"search_term_string\"}}],\"inLanguage\":\"fr-FR\"}]}<\/script>\n<!-- \/ Yoast SEO plugin. -->","yoast_head_json":{"title":"Options de menus \u00e0 r\u00e9chauffer pour les chalets \u00e0 Nendaz","description":"Options de menus \u00e0 r\u00e9chauffer peuvent maintenant \u00eatre command\u00e9s pour tous les chalets de ski \u00e0 Nendaz en Suisse. Reservez avec Alpine Comfort","robots":{"index":"index","follow":"follow","max-snippet":"max-snippet:-1","max-image-preview":"max-image-preview:large","max-video-preview":"max-video-preview:-1"},"canonical":"https:\/\/4valleyschaletrental.com\/fr\/food-drinks\/options-menus-rechauffer-nendaz\/","og_locale":"fr_FR","og_type":"article","og_title":"Options de menus \u00e0 r\u00e9chauffer pour les chalets \u00e0 Nendaz","og_description":"Options de menus \u00e0 r\u00e9chauffer peuvent maintenant \u00eatre command\u00e9s pour tous les chalets de ski \u00e0 Nendaz en Suisse. Reservez avec Alpine Comfort","og_url":"https:\/\/4valleyschaletrental.com\/fr\/food-drinks\/options-menus-rechauffer-nendaz\/","og_site_name":"4 Valleys Chalet Rental","article_modified_time":"2019-11-22T21:45:13+00:00","twitter_card":"summary_large_image","twitter_misc":{"Dur\u00e9e de lecture estim\u00e9e":"1 minute"},"schema":{"@context":"https:\/\/schema.org","@graph":[{"@type":"WebPage","@id":"https:\/\/4valleyschaletrental.com\/fr\/food-drinks\/options-menus-rechauffer-nendaz\/","url":"https:\/\/4valleyschaletrental.com\/fr\/food-drinks\/options-menus-rechauffer-nendaz\/","name":"Options de menus \u00e0 r\u00e9chauffer pour les chalets \u00e0 Nendaz","isPartOf":{"@id":"https:\/\/4valleyschaletrental.com\/fr\/#website"},"datePublished":"2019-09-26T08:40:24+00:00","dateModified":"2019-11-22T21:45:13+00:00","description":"Options de menus \u00e0 r\u00e9chauffer peuvent maintenant \u00eatre command\u00e9s pour tous les chalets de ski \u00e0 Nendaz en Suisse. Reservez avec Alpine Comfort","breadcrumb":{"@id":"https:\/\/4valleyschaletrental.com\/fr\/food-drinks\/options-menus-rechauffer-nendaz\/#breadcrumb"},"inLanguage":"fr-FR","potentialAction":[{"@type":"ReadAction","target":["https:\/\/4valleyschaletrental.com\/fr\/food-drinks\/options-menus-rechauffer-nendaz\/"]}]},{"@type":"BreadcrumbList","@id":"https:\/\/4valleyschaletrental.com\/fr\/food-drinks\/options-menus-rechauffer-nendaz\/#breadcrumb","itemListElement":[{"@type":"ListItem","position":1,"name":"Home","item":"https:\/\/4valleyschaletrental.com\/fr\/"},{"@type":"ListItem","position":2,"name":"Nourriture &#038; Boissons","item":"https:\/\/4valleyschaletrental.com\/fr\/food-drinks\/"},{"@type":"ListItem","position":3,"name":"Options de menus \u00e0 r\u00e9chauffer"}]},{"@type":"WebSite","@id":"https:\/\/4valleyschaletrental.com\/fr\/#website","url":"https:\/\/4valleyschaletrental.com\/fr\/","name":"4 Valleys Chalet Rental","description":"Luxury catered &amp; self catered Alpine Chalets","potentialAction":[{"@type":"SearchAction","target":{"@type":"EntryPoint","urlTemplate":"https:\/\/4valleyschaletrental.com\/fr\/?s={search_term_string}"},"query-input":{"@type":"PropertyValueSpecification","valueRequired":true,"valueName":"search_term_string"}}],"inLanguage":"fr-FR"}]}},"_links":{"self":[{"href":"https:\/\/4valleyschaletrental.com\/fr\/wp-json\/wp\/v2\/pages\/1304","targetHints":{"allow":["GET"]}}],"collection":[{"href":"https:\/\/4valleyschaletrental.com\/fr\/wp-json\/wp\/v2\/pages"}],"about":[{"href":"https:\/\/4valleyschaletrental.com\/fr\/wp-json\/wp\/v2\/types\/page"}],"author":[{"embeddable":true,"href":"https:\/\/4valleyschaletrental.com\/fr\/wp-json\/wp\/v2\/users\/1"}],"replies":[{"embeddable":true,"href":"https:\/\/4valleyschaletrental.com\/fr\/wp-json\/wp\/v2\/comments?post=1304"}],"version-history":[{"count":4,"href":"https:\/\/4valleyschaletrental.com\/fr\/wp-json\/wp\/v2\/pages\/1304\/revisions"}],"predecessor-version":[{"id":2440,"href":"https:\/\/4valleyschaletrental.com\/fr\/wp-json\/wp\/v2\/pages\/1304\/revisions\/2440"}],"up":[{"embeddable":true,"href":"https:\/\/4valleyschaletrental.com\/fr\/wp-json\/wp\/v2\/pages\/1292"}],"wp:attachment":[{"href":"https:\/\/4valleyschaletrental.com\/fr\/wp-json\/wp\/v2\/media?parent=1304"}],"curies":[{"name":"wp","href":"https:\/\/api.w.org\/{rel}","templated":true}]}}