{"id":1336,"date":"2018-09-12T09:44:02","date_gmt":"2018-09-12T09:44:02","guid":{"rendered":"https:\/\/4valleyschaletrental.com\/activities\/winter-activities-skiing\/"},"modified":"2019-11-28T08:47:10","modified_gmt":"2019-11-28T08:47:10","slug":"activites-hivernales-nendaz","status":"publish","type":"page","link":"https:\/\/4valleyschaletrental.com\/fr\/activities\/activites-hivernales-nendaz\/","title":{"rendered":"Activit\u00e9s Hivernales"},"content":{"rendered":"<p>[vc_row][vc_column][vc_text_separator title=\u00a0\u00bbActivit\u00e9s Hivernales\u00a0\u00bb][vc_column_text]Le village <a href=\"https:\/\/www.nendaz.ch\" target=\"_blank\" rel=\"noopener\">Nendaz<\/a> est l\u2019un des secrets les mieux conserv\u00e9s des <a href=\"?page_id=1398&amp;lang=fr\">4 Vall\u00e9es<\/a>. Au coeur de la Vall\u00e9e du Mont Fort, cette station est un point de d\u00e9part id\u00e9al pour explorer son grand domaine montagneux.<\/p>\n<p>Le territoire de Nendaz s\u2019\u00e9tend de la plaine du Rhone jusqu\u2019aux sommets enneig\u00e9s de 3\u2019330m (10\u2019000 pieds). La station est situ\u00e9e sur un plateau \u00e0 1\u2019350m d\u2019altitude (4\u2019400 pieds) et offre une vue panoramique sur les Alpes Bernoises et Vaudoises.<\/p>\n<p>Le village de Nendaz est plein de charme et propose tout ce que vous attendriez d\u2019un typique village de montagne Suisse et jouit d\u2019une animation dynamique tout au long de l\u2019ann\u00e9e. Vous trouverez une s\u00e9lection de boutiques, bars et restaurants, et d\u00e9couvrirez la chaleur humaine des habitants locaux.[\/vc_column_text][vc_separator][\/vc_column][\/vc_row][vc_row][vc_column width=\u00a0\u00bb1\/2&Prime;][vc_column_text]<\/p>\n<div>\n<h3>Ski et Snowboard<\/h3>\n<p>Le Mont-Fort est le symbole du point culminant du domaine des 4 vall\u00e9es. Les conditions skiables y sont toujours excellentes. Il existe deux niveaux de forfaits Remont\u00e9es m\u00e9caniques: l\u2019un couvre la r\u00e9gion de Printze qui inclut Nendaz, Siviez, Thyon et Veysonnaz; l\u2019autre, le forfait 4 Vall\u00e9es, est n\u00e9cessaire pour utiliser le t\u00e9l\u00e9ph\u00e9rique du Mont-Fort et pour skier \u00e0 Verbier. Il est de plus chaque jour possible de passer du niveau forfait Printze \u00e0 celui des 4 Vall\u00e9es.<\/p>\n<\/div>\n<p><a href=\"https:\/\/www.nendaz.ch\/en\/ski-area-lifts\/useful-information\/interactive-ski-map\/live-map-opening-nvrm.htm\" target=\"_blank\" rel=\"noopener\"><span style=\"color: #800000;\">Domain Skiable <\/span><\/a>\u00a0&amp; <a href=\"https:\/\/nvrm.skipass-4vallees.ch\/fr\/\" target=\"_blank\" rel=\"noopener\"><span style=\"color: #800000;\">Tarifs<\/span><\/a><\/p>\n<div><\/div>\n<div>\n<div><\/div>\n<\/div>\n<p>[\/vc_column_text][\/vc_column][vc_column width=\u00a0\u00bb1\/2&Prime;][vc_single_image image=\u00a0\u00bb1341&Prime; img_size=\u00a0\u00bbfull\u00a0\u00bb alignment=\u00a0\u00bbright\u00a0\u00bb][\/vc_column][\/vc_row][vc_row][vc_column width=\u00a0\u00bb1\/2&Prime;][vc_single_image image=\u00a0\u00bb1344&Prime; img_size=\u00a0\u00bbfull\u00a0\u00bb][\/vc_column][vc_column width=\u00a0\u00bb1\/2&Prime;][vc_column_text]<\/p>\n<div>\n<h3>Les enfant dans la neige<\/h3>\n<p>Nendaz d\u00e9ploie le tapis blanc pour les enfants: Un grand nombre d\u2019activit\u00e9s comme snowtubing, caruselle de neige, et le tapi magique vous attendent, vous et vos enfants gratuitement \u00e0 Tracouet et idem a Siviez.<\/p>\n<\/div>\n<p><a href=\"https:\/\/www.nendaz.ch\/en\/ski-area-lifts\/winter-activities\/snow-gardens\/snow-gardens-listingm-isp64-isp66.html\" target=\"_blank\" rel=\"noopener\">Activiti\u00e9s pour enfants<\/a>[\/vc_column_text][\/vc_column][\/vc_row][vc_row][vc_column width=\u00a0\u00bb1\/2&Prime;][vc_column_text]<\/p>\n<h3>Ecole de ski pour enfants &amp; pour adultes<\/h3>\n<p>Nous faisons \u00e9quipe avec une <a href=\"https:\/\/arcenciel-siviez.ch\/en\/\" target=\"_blank\" rel=\"noopener\">\u00e9cole de ski locale<\/a> formidable, ce qui garantie \u00e0 nos clients des le\u00e7ons amusantes tout en \u00e9tant professionnelles, \u00e0 un prix comp\u00e9titif.<\/p>\n<p>Les professeurs de ski parlent diff\u00e9rentes langues et il est fort conseill\u00e9 de r\u00e9server \u00e0 l\u2019avance pour \u00eatre s\u00fbr d\u2019avoir un professeur qui parle votre langue.<\/p>\n<p>Toutes le\u00e7ons priv\u00e9es pendant la haute saison doivent absolument \u00eatre r\u00e9serv\u00e9es bien \u00e0 l\u2019avance. Pour votre information, les le\u00e7ons l\u2019apr\u00e8s-midi sont en g\u00e9n\u00e9rales moins remplies et sont souvent disponibles pour des r\u00e9servations de derni\u00e8re minute.<\/p>\n<h3><\/h3>\n<p>[\/vc_column_text][\/vc_column][vc_column width=\u00a0\u00bb1\/2&Prime;][vc_single_image image=\u00a0\u00bb1345&Prime; img_size=\u00a0\u00bbfull\u00a0\u00bb alignment=\u00a0\u00bbright\u00a0\u00bb][\/vc_column][\/vc_row][vc_row][vc_column width=\u00a0\u00bb1\/2&Prime;][vc_single_image image=\u00a0\u00bb1339&Prime; img_size=\u00a0\u00bbfull\u00a0\u00bb][\/vc_column][vc_column width=\u00a0\u00bb1\/2&Prime;][vc_column_text]<\/p>\n<div>\n<h3>Freestyle et Parks<\/h3>\n<p>Les freeriders en qu\u00eate de libert\u00e9, de nature intacte et de poudreuse pourront eux aussi y trouver ce qu\u2019ils recherchent. Une excellence 4 Vall\u00e9es activit\u00e9s.<\/p>\n<\/div>\n<p><a href=\"https:\/\/www.nendaz.ch\/fr\/domaine-skiable\/activites-hiver\/freeride\/freeride-listingm-tps16.html\" target=\"_blank\" rel=\"noopener\"><span style=\"color: #800000;\">Information sur le Freeride<\/span><\/a>[\/vc_column_text][\/vc_column][\/vc_row][vc_row][vc_column width=\u00a0\u00bb1\/2&Prime;][vc_column_text]<\/p>\n<div>\n<h3>Luge<\/h3>\n<p>Probl\u00e8mes un des plus dr\u00f4le activit\u00e9s pour tout les \u00e2ges.<\/p>\n<p>Am\u00e9nag\u00e9e \u00e0 l\u2019\u00e9cart de la zone d\u00e9volue au ski, la piste de luge de Tortin, longue de plus de 3km, offre une glissade d\u00e9lirante adapt\u00e9e aux grands comme aux petits. Plaisir en famille garantis tout au long de la saison !<\/p>\n<\/div>\n<p><span style=\"color: #800000;\"><a style=\"color: #800000;\" href=\"https:\/\/www.nendaz.ch\/en\/fppoi-sledge-run-39727.html\" target=\"_blank\" rel=\"noopener\">Location &amp; Plus d\u2019Information<\/a><\/span>[\/vc_column_text][\/vc_column][vc_column width=\u00a0\u00bb1\/2&Prime;][vc_single_image image=\u00a0\u00bb1340&Prime; img_size=\u00a0\u00bbfull\u00a0\u00bb alignment=\u00a0\u00bbright\u00a0\u00bb][\/vc_column][\/vc_row][vc_row][vc_column width=\u00a0\u00bb1\/2&Prime;][vc_single_image image=\u00a0\u00bb1342&Prime; img_size=\u00a0\u00bbfull\u00a0\u00bb][\/vc_column][vc_column width=\u00a0\u00bb1\/2&Prime;][vc_column_text]<\/p>\n<div>\n<h3>Ski de randonn\u00e9e &amp; Raquette<\/h3>\n<p>Une exp\u00e9rience unique est de d\u00e9couvrir les merveilles d\u2019hiver \u00e0 pied. Chemins d\u00e9di\u00e9s et marqu\u00e9 va vous guider \u00e0 travers les bois et le long des paysages magnifique.<\/p>\n<p>Les guides de montagne pour certains circuits les plus avanc\u00e9es disponibles sur demande. R\u00e9servez t\u00f4t essentielles pendant les haute-semaines.<\/p>\n<\/div>\n<p><span style=\"color: #800000;\"><a style=\"color: #800000;\" title=\"Guide valais\" href=\"http:\/\/www.guidesvalais.com\/\" target=\"_blank\" rel=\"noopener noreferrer\">Guides de montagne professionnels<\/a>\u00a0&amp; <a href=\"https:\/\/www.nendaz.ch\/fr\/activites-loisirs\/hiver\/randonnee-en-raquettes\/randonnee-en-raquettes-listingm-trr0-as6.html\" target=\"_blank\" rel=\"noopener\">Raquette<\/a><\/span>[\/vc_column_text][\/vc_column][\/vc_row][vc_row][vc_column width=\u00a0\u00bb1\/2&Prime;][vc_column_text]<\/p>\n<div>\n<h3>Ski de fond<\/h3>\n<p>A Haute-Nendaz, vous trouverez deux parcours empruntant des chemins forestiers: un circuit de 4km pour d\u00e9butants et une boucle de 6km pour fondeurs habitu\u00e9s.<\/p>\n<p>Le r\u00e9seau de ski de fond totalise 10km et est gratuitement mis \u00e0 disposition.<\/p>\n<\/div>\n<p><a href=\"https:\/\/www.nendaz.ch\/fr\/activites-loisirs\/hiver\/ski-de-fond\/ski-de-fond-listingm-as46-tsf0.html\" target=\"_blank\" rel=\"noopener\"><span style=\"color: #800000;\">Savoir en plus\u00a0<\/span><\/a>[\/vc_column_text][\/vc_column][vc_column width=\u00a0\u00bb1\/2&Prime;][vc_single_image image=\u00a0\u00bb1343&Prime; img_size=\u00a0\u00bbfull\u00a0\u00bb alignment=\u00a0\u00bbright\u00a0\u00bb][\/vc_column][\/vc_row]<\/p>\n","protected":false},"excerpt":{"rendered":"<p>[vc_row][vc_column][vc_text_separator title=\u00a0\u00bbActivit\u00e9s Hivernales\u00a0\u00bb][vc_column_text]Le village Nendaz est l\u2019un des secrets les mieux conserv\u00e9s des 4 Vall\u00e9es. Au coeur de la Vall\u00e9e du Mont Fort, cette station est un point de d\u00e9part id\u00e9al pour explorer son grand domaine montagneux. Le territoire de Nendaz s\u2019\u00e9tend de la plaine du Rhone jusqu\u2019aux sommets enneig\u00e9s de 3\u2019330m (10\u2019000 pieds). La [&hellip;]<\/p>\n","protected":false},"author":1,"featured_media":0,"parent":1325,"menu_order":0,"comment_status":"closed","ping_status":"closed","template":"","meta":{"rs_blank_template":"","rs_page_bg_color":"","slide_template_v7":"","_monsterinsights_skip_tracking":false,"_monsterinsights_sitenote_active":false,"_monsterinsights_sitenote_note":"","_monsterinsights_sitenote_category":0,"footnotes":""},"class_list":["post-1336","page","type-page","status-publish","hentry"],"acf":[],"yoast_head":"<!-- This site is optimized with the Yoast SEO plugin v27.2 - https:\/\/yoast.com\/product\/yoast-seo-wordpress\/ -->\n<title>Activit\u00e9s de vacances d&#039;hiver \u00e0 Nendaz :: Chalet Luxueus<\/title>\n<meta name=\"description\" content=\"D\u00e9couvrez une vaste gamme d&#039;activit\u00e9s hivernales dans la r\u00e9gion des 4 Vall\u00e9es \/ Verbier, dans les Alpes Suisses - ski, freeride, luge, raquette. Et plus.\" \/>\n<meta name=\"robots\" content=\"index, follow, max-snippet:-1, max-image-preview:large, max-video-preview:-1\" \/>\n<link rel=\"canonical\" href=\"https:\/\/4valleyschaletrental.com\/fr\/activities\/activites-hivernales-nendaz\/\" \/>\n<meta property=\"og:locale\" content=\"fr_FR\" \/>\n<meta property=\"og:type\" content=\"article\" \/>\n<meta property=\"og:title\" content=\"Activit\u00e9s de vacances d&#039;hiver \u00e0 Nendaz :: Chalet Luxueus\" \/>\n<meta property=\"og:description\" content=\"D\u00e9couvrez une vaste gamme d&#039;activit\u00e9s hivernales dans la r\u00e9gion des 4 Vall\u00e9es \/ Verbier, dans les Alpes Suisses - ski, freeride, luge, raquette. Et plus.\" \/>\n<meta property=\"og:url\" content=\"https:\/\/4valleyschaletrental.com\/fr\/activities\/activites-hivernales-nendaz\/\" \/>\n<meta property=\"og:site_name\" content=\"4 Valleys Chalet Rental\" \/>\n<meta property=\"article:modified_time\" content=\"2019-11-28T08:47:10+00:00\" \/>\n<meta name=\"twitter:card\" content=\"summary_large_image\" \/>\n<meta name=\"twitter:label1\" content=\"Dur\u00e9e de lecture estim\u00e9e\" \/>\n\t<meta name=\"twitter:data1\" content=\"4 minutes\" \/>\n<script type=\"application\/ld+json\" class=\"yoast-schema-graph\">{\"@context\":\"https:\/\/schema.org\",\"@graph\":[{\"@type\":\"WebPage\",\"@id\":\"https:\/\/4valleyschaletrental.com\/fr\/activities\/activites-hivernales-nendaz\/\",\"url\":\"https:\/\/4valleyschaletrental.com\/fr\/activities\/activites-hivernales-nendaz\/\",\"name\":\"Activit\u00e9s de vacances d'hiver \u00e0 Nendaz :: Chalet Luxueus\",\"isPartOf\":{\"@id\":\"https:\/\/4valleyschaletrental.com\/fr\/#website\"},\"datePublished\":\"2018-09-12T09:44:02+00:00\",\"dateModified\":\"2019-11-28T08:47:10+00:00\",\"description\":\"D\u00e9couvrez une vaste gamme d'activit\u00e9s hivernales dans la r\u00e9gion des 4 Vall\u00e9es \/ Verbier, dans les Alpes Suisses - ski, freeride, luge, raquette. Et plus.\",\"breadcrumb\":{\"@id\":\"https:\/\/4valleyschaletrental.com\/fr\/activities\/activites-hivernales-nendaz\/#breadcrumb\"},\"inLanguage\":\"fr-FR\",\"potentialAction\":[{\"@type\":\"ReadAction\",\"target\":[\"https:\/\/4valleyschaletrental.com\/fr\/activities\/activites-hivernales-nendaz\/\"]}]},{\"@type\":\"BreadcrumbList\",\"@id\":\"https:\/\/4valleyschaletrental.com\/fr\/activities\/activites-hivernales-nendaz\/#breadcrumb\",\"itemListElement\":[{\"@type\":\"ListItem\",\"position\":1,\"name\":\"Home\",\"item\":\"https:\/\/4valleyschaletrental.com\/fr\/\"},{\"@type\":\"ListItem\",\"position\":2,\"name\":\"Activit\u00e9s\",\"item\":\"https:\/\/4valleyschaletrental.com\/fr\/activities\/\"},{\"@type\":\"ListItem\",\"position\":3,\"name\":\"Activit\u00e9s Hivernales\"}]},{\"@type\":\"WebSite\",\"@id\":\"https:\/\/4valleyschaletrental.com\/fr\/#website\",\"url\":\"https:\/\/4valleyschaletrental.com\/fr\/\",\"name\":\"4 Valleys Chalet Rental\",\"description\":\"Luxury catered &amp; self catered Alpine Chalets\",\"potentialAction\":[{\"@type\":\"SearchAction\",\"target\":{\"@type\":\"EntryPoint\",\"urlTemplate\":\"https:\/\/4valleyschaletrental.com\/fr\/?s={search_term_string}\"},\"query-input\":{\"@type\":\"PropertyValueSpecification\",\"valueRequired\":true,\"valueName\":\"search_term_string\"}}],\"inLanguage\":\"fr-FR\"}]}<\/script>\n<!-- \/ Yoast SEO plugin. -->","yoast_head_json":{"title":"Activit\u00e9s de vacances d'hiver \u00e0 Nendaz :: Chalet Luxueus","description":"D\u00e9couvrez une vaste gamme d'activit\u00e9s hivernales dans la r\u00e9gion des 4 Vall\u00e9es \/ Verbier, dans les Alpes Suisses - ski, freeride, luge, raquette. Et plus.","robots":{"index":"index","follow":"follow","max-snippet":"max-snippet:-1","max-image-preview":"max-image-preview:large","max-video-preview":"max-video-preview:-1"},"canonical":"https:\/\/4valleyschaletrental.com\/fr\/activities\/activites-hivernales-nendaz\/","og_locale":"fr_FR","og_type":"article","og_title":"Activit\u00e9s de vacances d'hiver \u00e0 Nendaz :: Chalet Luxueus","og_description":"D\u00e9couvrez une vaste gamme d'activit\u00e9s hivernales dans la r\u00e9gion des 4 Vall\u00e9es \/ Verbier, dans les Alpes Suisses - ski, freeride, luge, raquette. Et plus.","og_url":"https:\/\/4valleyschaletrental.com\/fr\/activities\/activites-hivernales-nendaz\/","og_site_name":"4 Valleys Chalet Rental","article_modified_time":"2019-11-28T08:47:10+00:00","twitter_card":"summary_large_image","twitter_misc":{"Dur\u00e9e de lecture estim\u00e9e":"4 minutes"},"schema":{"@context":"https:\/\/schema.org","@graph":[{"@type":"WebPage","@id":"https:\/\/4valleyschaletrental.com\/fr\/activities\/activites-hivernales-nendaz\/","url":"https:\/\/4valleyschaletrental.com\/fr\/activities\/activites-hivernales-nendaz\/","name":"Activit\u00e9s de vacances d'hiver \u00e0 Nendaz :: Chalet Luxueus","isPartOf":{"@id":"https:\/\/4valleyschaletrental.com\/fr\/#website"},"datePublished":"2018-09-12T09:44:02+00:00","dateModified":"2019-11-28T08:47:10+00:00","description":"D\u00e9couvrez une vaste gamme d'activit\u00e9s hivernales dans la r\u00e9gion des 4 Vall\u00e9es \/ Verbier, dans les Alpes Suisses - ski, freeride, luge, raquette. Et plus.","breadcrumb":{"@id":"https:\/\/4valleyschaletrental.com\/fr\/activities\/activites-hivernales-nendaz\/#breadcrumb"},"inLanguage":"fr-FR","potentialAction":[{"@type":"ReadAction","target":["https:\/\/4valleyschaletrental.com\/fr\/activities\/activites-hivernales-nendaz\/"]}]},{"@type":"BreadcrumbList","@id":"https:\/\/4valleyschaletrental.com\/fr\/activities\/activites-hivernales-nendaz\/#breadcrumb","itemListElement":[{"@type":"ListItem","position":1,"name":"Home","item":"https:\/\/4valleyschaletrental.com\/fr\/"},{"@type":"ListItem","position":2,"name":"Activit\u00e9s","item":"https:\/\/4valleyschaletrental.com\/fr\/activities\/"},{"@type":"ListItem","position":3,"name":"Activit\u00e9s Hivernales"}]},{"@type":"WebSite","@id":"https:\/\/4valleyschaletrental.com\/fr\/#website","url":"https:\/\/4valleyschaletrental.com\/fr\/","name":"4 Valleys Chalet Rental","description":"Luxury catered &amp; self catered Alpine Chalets","potentialAction":[{"@type":"SearchAction","target":{"@type":"EntryPoint","urlTemplate":"https:\/\/4valleyschaletrental.com\/fr\/?s={search_term_string}"},"query-input":{"@type":"PropertyValueSpecification","valueRequired":true,"valueName":"search_term_string"}}],"inLanguage":"fr-FR"}]}},"_links":{"self":[{"href":"https:\/\/4valleyschaletrental.com\/fr\/wp-json\/wp\/v2\/pages\/1336","targetHints":{"allow":["GET"]}}],"collection":[{"href":"https:\/\/4valleyschaletrental.com\/fr\/wp-json\/wp\/v2\/pages"}],"about":[{"href":"https:\/\/4valleyschaletrental.com\/fr\/wp-json\/wp\/v2\/types\/page"}],"author":[{"embeddable":true,"href":"https:\/\/4valleyschaletrental.com\/fr\/wp-json\/wp\/v2\/users\/1"}],"replies":[{"embeddable":true,"href":"https:\/\/4valleyschaletrental.com\/fr\/wp-json\/wp\/v2\/comments?post=1336"}],"version-history":[{"count":7,"href":"https:\/\/4valleyschaletrental.com\/fr\/wp-json\/wp\/v2\/pages\/1336\/revisions"}],"predecessor-version":[{"id":2520,"href":"https:\/\/4valleyschaletrental.com\/fr\/wp-json\/wp\/v2\/pages\/1336\/revisions\/2520"}],"up":[{"embeddable":true,"href":"https:\/\/4valleyschaletrental.com\/fr\/wp-json\/wp\/v2\/pages\/1325"}],"wp:attachment":[{"href":"https:\/\/4valleyschaletrental.com\/fr\/wp-json\/wp\/v2\/media?parent=1336"}],"curies":[{"name":"wp","href":"https:\/\/api.w.org\/{rel}","templated":true}]}}