{"id":1363,"date":"2018-09-12T09:43:36","date_gmt":"2018-09-12T09:43:36","guid":{"rendered":"https:\/\/4valleyschaletrental.com\/activities\/summer-activities\/"},"modified":"2019-11-28T19:58:14","modified_gmt":"2019-11-28T19:58:14","slug":"activites-estivales-nendaz","status":"publish","type":"page","link":"https:\/\/4valleyschaletrental.com\/fr\/activities\/activites-estivales-nendaz\/","title":{"rendered":"Activit\u00e9s Estivales"},"content":{"rendered":"<p>[vc_row][vc_column][vc_text_separator title=\u00a0\u00bbActivit\u00e9s Estivales\u00a0\u00bb][vc_column_text]La r\u00e9gion des 4 Vall\u00e9es dans les Alpes Suisses offre d\u2019excellentes possibilit\u00e9s de randonn\u00e9es et VTT.<\/p>\n<p>L\u2019\u00e9tendue des possibilit\u00e9s ne s\u2019arr\u00eate toutefois pas l\u00e0 et vous pourrez profiter de bien d\u2019autres activit\u00e9s lors de votre s\u00e9jour inoubliable \u00e0 Nendaz.<\/p>\n<p>Partez en excursion vers l\u2019un des sommets les plus hauts de Suisse, au-del\u00e0 de 4000m d\u2019altitude, ou explorez une crevasse du c\u00e9l\u00e8bre glacier d\u2019Aletsch\u2026 sans oublier les nombreuses possibilit\u00e9s de pratiquer l\u2019escalade \u00e0 quelques minutes de voiture de votre chalet.<\/p>\n<p>Nous travaillons en \u00e9troite collaboration avec l\u2019un des plus prestigieux guide de montagne en Suisse \u2013 il vous emm\u00e8nera en s\u00e9curit\u00e9 vers les sommets les plus hauts.<\/p>\n<p>Nous sommes toujours disponible pour vous apportez des informations ou de l\u2019aide au Chalet Cygnet, mais nous souhaitons \u00e9galement vous aider \u00e0 pr\u00e9parer un programme d\u2019aventures outdoors dont vous vous rappellerez toute votre vie. C\u2019est notre passion, c\u2019est ce que nous aimons.. pourquoi ne pas le partager?<\/p>\n<p><a href=\"https:\/\/packedagain.com\/easy-hikes-kids-valais-switzerland\/\" target=\"_blank\" rel=\"noopener\">Autres randonn\u00e9es en famille au Valais<\/a>[\/vc_column_text][vc_separator][\/vc_column][\/vc_row][vc_row][vc_column width=\u00a0\u00bb1\/2&Prime;][vc_column_text]<\/p>\n<h3>Promenades et Randonn\u00e9es<\/h3>\n<p>Les possibilit\u00e9s sont immenses. Nous avons une grande quantit\u00e9 d\u2019informations, de cartes, de suggestions qui vous attendent au chalet. La m\u00e9t\u00e9o joue un r\u00f4le important dans la s\u00e9curit\u00e9 et le plaisir des activit\u00e9s, et des changements de derni\u00e8re minutes doivent parfois \u00eatres n\u00e9cessaires. Vous trouverez toujours quelque chose \u00e0 faire!<\/p>\n<p>Nous avons parcouru les sentiers et bisses des 4 Vall\u00e9es de nombreuses fois et pouvons vous conseiller sur les meilleurs itin\u00e9raires en fonction de vos d\u00e9sirs \/ capacit\u00e9s, si vous souhaitez par exemple \u00e9viter des pentes trop raides ou des terrains trop accident\u00e9s.<\/p>\n<p><strong>Exemple de randonn\u00e9es locales<\/strong><\/p>\n<ul>\n<li>Mont\u00e9e \u00e0 La Dent de Nendaz de Tracouet 45min de mont\u00e9e<\/li>\n<li>Mont\u00e9e au barrage de Cleuson et \u00e0 la Cabana St Laurent 2.5h<\/li>\n<li>La Dent de Nendaz, le long de la cr\u00eate vers Plan de Fou, descente vers Siviez. 5h avec collecte \u00e0 Siviez<\/li>\n<li>Siviez, Col de Louvie, Col de la Chaux, Gentianes, Siviez. 6 &#8211; 7 heures. Uniquement possible pendant la saison lorsque les syst\u00e8mes de remont\u00e9es fonctionnent, sinon ce sera une randonn\u00e9e de 8 \u00e0 10h.<\/li>\n<\/ul>\n<p><a href=\"https:\/\/packedagain.com\/easy-hikes-kids-valais-switzerland\/\" target=\"_blank\" rel=\"noopener\">Autres randonn\u00e9es familiales dans les environs<\/a>[\/vc_column_text][\/vc_column][vc_column width=\u00a0\u00bb1\/2&Prime;][vc_single_image image=\u00a0\u00bb1364&Prime; img_size=\u00a0\u00bbfull\u00a0\u00bb alignment=\u00a0\u00bbright\u00a0\u00bb][\/vc_column][\/vc_row][vc_row][vc_column width=\u00a0\u00bb1\/2&Prime;][vc_single_image image=\u00a0\u00bb1367&Prime; img_size=\u00a0\u00bbfull\u00a0\u00bb][\/vc_column][vc_column width=\u00a0\u00bb1\/2&Prime;][vc_column_text]<\/p>\n<h3>Promenades en Famille<\/h3>\n<p>Les anciens bisses vous emm\u00e8neront \u00e0 travers la nature et vers des paysages magnifiques. Plats pour la plupart du parcours, ce sont des sentiers faciles d\u2019acc\u00e8s, id\u00e9aux pour une promenade en famille avec de jeunes enfants. Les marches varient entre 45 minutes et 3-5 heures. Nous pouvons vous emmener dans notre mini-bus priv\u00e9 vers votre point de d\u00e9part d\u00e9sir\u00e9, ainsi vous pouvez marcher en direction du chalet et \u00e9viter de faire un aller-retour.<\/p>\n<p>Exemples <a href=\"https:\/\/www.nendaz.ch\/fr\/portail-bisses-nendaz.htm\" target=\"_blank\" rel=\"noopener\">de Bisses aux alentours de Nendaz<\/a>:<\/p>\n<ul>\n<li>Bisse d\u2019en Bas et Bisse du Milieu, 2.5-3h, d\u00e9part du chalet.<\/li>\n<li>Vieux Bisse combin\u00e9 avec Bisse d\u2019en Bas ou Bisse du Milieu, 3.5-4h, d\u00e9part depuis le Vieux Bisse.<\/li>\n<li>Ancient Bisse de Ch\u00e8vre vers Barrage de Cleuson, 5h sans le t\u00e9l\u00e9si\u00e8ge, 3.5-4h avec acc\u00e8s par t\u00e9l\u00e9si\u00e8ge.<\/li>\n<\/ul>\n<p><a href=\"https:\/\/packedagain.com\/easy-hikes-kids-valais-switzerland\/\" target=\"_blank\" rel=\"noopener\">Autres randonn\u00e9es familiales dans les environs<\/a>[\/vc_column_text][\/vc_column][\/vc_row][vc_row][vc_column width=\u00a0\u00bb1\/2&Prime;][vc_column_text]<\/p>\n<h3>Randonn\u00e9es Alpinist<\/h3>\n<p>Une journ\u00e9e compl\u00e8te d\u2019aventure vous permettra de d\u00e9couvrir des sentiers de montagne hors du commun. Certains d\u00e9butent depuis les chalets, d\u2019autre \u00e0 1h de route. Les possibilit\u00e9s sont sans fin.<\/p>\n<p>Nous fournissons des cartes, des conseils et vous aidons \u00e0 planifier votre journ\u00e9e de mani\u00e8re optimale. Des marches de 4 \u00e0 8h avec ou sans remont\u00e9es m\u00e9caniques, vous m\u00e8neront \u00e0 proximit\u00e9 de magnifiques lacs alpins. Certains sentiers sont munis de cha\u00eenes pour les plus aventureux. Nous pouvons vous montrer o\u00f9 trouver la c\u00e9l\u00e8bre Edelweiss et ou les gracieux capricornes et leur longues cornes peuvent \u00eatre aper\u00e7us.<\/p>\n<p><strong>Exemples de randonn\u00e9es de montagne:<\/strong><\/p>\n<ul>\n<li>Siviez, Col de Louvie, Col de la Chaux, Gentianes, Siviez. 6 \u2013 7 heures. Seulement possible durant la saison quand la remont\u00e9e m\u00e9canique est en marche, sinon la dur\u00e9e devient 8-10h.<\/li>\n<li>Anzere,Audannes, Sanetsch, 6 -7 h<\/li>\n<li>Blatten, Riederfurka, Aletsch glacier, Belalp 5-6.5h<\/li>\n<li>Zermatt, randon\u00e9e des 5 lacs<\/li>\n<li>Verbier, Pierre Avoi<\/li>\n<\/ul>\n<p>[\/vc_column_text][\/vc_column][vc_column width=\u00a0\u00bb1\/2&Prime;][vc_single_image image=\u00a0\u00bb1368&Prime; img_size=\u00a0\u00bbfull\u00a0\u00bb alignment=\u00a0\u00bbright\u00a0\u00bb][\/vc_column][\/vc_row][vc_row][vc_column width=\u00a0\u00bb1\/2&Prime;][vc_single_image image=\u00a0\u00bb1372&Prime; img_size=\u00a0\u00bbfull\u00a0\u00bb][\/vc_column][vc_column width=\u00a0\u00bb1\/2&Prime;][vc_column_text]<\/p>\n<h3>Escalade<\/h3>\n<p>Pr\u00e8s de 30 sites d\u2019escalade avec plus de 1200 voies \u00e9quip\u00e9es vous attendent, avec des niveaux de difficult\u00e9s allant de 3c \u00e0 8c.<\/p>\n<p>Le Valais est la r\u00e9gion principale de Suisse pour pratiquer l\u2019escalade, et la plupart des sites de grimpe sont accessible entre 5 et 90 minutes de route depuis votre chalet. Si vous \u00eates d\u00e9butants et voulez vous initier, les conditions sont id\u00e9ales.<\/p>\n<p>En cas de mauvais temps, le plus grand <a href=\"https:\/\/www.vertic-halle.ch\/en\" target=\"_blank\" rel=\"noopener\">centre d\u2019escalade d\u2019int\u00e9rieur<\/a> du Valais se trouve \u00e0 30 minutes de route des chalets . Plus de 120 voies y sont propos\u00e9es sur une surface de 1500 m2.<\/p>\n<p>La location de mat\u00e9riel de grimpe est disponible aupr\u00e8s du magasin d\u2019escalade local.[\/vc_column_text][\/vc_column][\/vc_row][vc_row][vc_column width=\u00a0\u00bb1\/2&Prime;][vc_column_text]<\/p>\n<h3>Une Journ\u00e9e sur le Glacier<\/h3>\n<p>Vous \u00eates-vous d\u00e9j\u00e0 demand\u00e9 quel effet cela fait de se trouver \u00e0 c\u00f4t\u00e9 d\u2019une crevasse de glacier, de marcher sur la langue glaciaire?<\/p>\n<p>Avec l\u2019aide d\u2019un guide professionnel, vous d\u00e9couvrirez la beaut\u00e9 et apprendrez les dangers en explorant l\u2019un des glaciers les plus c\u00e9l\u00e8bre du monde \u2013 le Glacier d\u2019Aletsch. Une activit\u00e9 accessible \u00e0 tous, d\u00e8s l\u2019\u00e2ge de 5-6 ans.<\/p>\n<p>Compter la journ\u00e9e compl\u00e8te, 1h15 de route depuis le chalet.[\/vc_column_text][\/vc_column][vc_column width=\u00a0\u00bb1\/2&Prime;][vc_single_image image=\u00a0\u00bb1371&Prime; img_size=\u00a0\u00bbfull\u00a0\u00bb alignment=\u00a0\u00bbright\u00a0\u00bb][\/vc_column][\/vc_row][vc_row][vc_column width=\u00a0\u00bb1\/2&Prime;][vc_single_image image=\u00a0\u00bb1370&Prime; img_size=\u00a0\u00bbfull\u00a0\u00bb][\/vc_column][vc_column width=\u00a0\u00bb1\/2&Prime;][vc_column_text]<\/p>\n<h3>Alpinisme vers les Sommets de 4000m<\/h3>\n<p>Combien de fois avez vous lev\u00e9 les yeux vers les montagnes en imaginant un jour vous trouver au sommet? Pourquoi ne pas le faire pour de bon! Il existe plusieurs excursions journali\u00e8res \u00e0 partir du chalet qui vous permettrons de r\u00e9aliser ce r\u00eave.<\/p>\n<p>You will normally return to the starting point in the afternoon. <a href=\"?page_id=1416&amp;lang=fr\">Contact us<\/a> for more information and to find a guide.[\/vc_column_text][\/vc_column][\/vc_row][vc_row][vc_column width=\u00a0\u00bb1\/2&Prime;][vc_column_text]<\/p>\n<h3>Via Ferrata<\/h3>\n<p>Si vous \u00eates \u00e0 la recherche de sensation un peu plus extr\u00eames, mais n\u2019\u00eates pas int\u00e9ress\u00e9s par l\u2019option \u201cescalade\u201d, la via ferrata ou \u201cvoie f\u00e9r\u00e9e\u201d est pour vous!<\/p>\n<p><a href=\"https:\/\/www.nendaz.ch\/fr\/activites-loisirs\/printemps-ete-automne\/via-cordata-via-ferrata\/via-cordata-via-ferrata-listingm-as51-as21-tvc0-tvf0.html\" target=\"_blank\" rel=\"noopener\">La via ferrata<\/a> est une voie de grimpe assur\u00e9e par des plateformes en m\u00e9tal, une main courante et autres syst\u00e8mes de s\u00e9curit\u00e9. Sans avoir besoin de r\u00e9elle exp\u00e9rience, vous pourrez vous aventurer sur des parois rocheuses et profiter des vues incroyables qui vous sont offerte alors que vous \u00e9voluez sur la face.<\/p>\n<p>Autour du chalet, de nombreuses voies de via ferrata sont disponibles, \u00e0 tout au plus 1h de voiture.[\/vc_column_text][\/vc_column][vc_column width=\u00a0\u00bb1\/2&Prime;][vc_single_image image=\u00a0\u00bb1369&Prime; img_size=\u00a0\u00bbfull\u00a0\u00bb alignment=\u00a0\u00bbright\u00a0\u00bb][\/vc_column][\/vc_row][vc_row][vc_column width=\u00a0\u00bb1\/2&Prime;][vc_single_image image=\u00a0\u00bb1373&Prime; img_size=\u00a0\u00bbfull\u00a0\u00bb][\/vc_column][vc_column width=\u00a0\u00bb1\/2&Prime;][vc_column_text]<\/p>\n<h3>VTT<\/h3>\n<p>Nendaz et ses environs offrent une grande vari\u00e9t\u00e9 de pistes VTT avec plus de 200km d\u2019itin\u00e9raires \u00e0 disposition. Durant la saison ou les remont\u00e9es m\u00e9caniques fonctionnent, les v\u00e9los peuvent \u00eatre transport\u00e9s sans frais suppl\u00e9mentaires.<\/p>\n<p>Il existe \u00e9galement de nombreuses pistes de descente entre Nendaz, Verbier ou m\u00eame Crans Montana.<\/p>\n<p>La location de VTT de qualit\u00e9 est possible directement \u00e0 Nendaz.<\/p>\n<p><strong>NOUVEAU<\/strong> \u2013 <a href=\"https:\/\/www.nendaz.ch\/fr\/activites-loisirs\/printemps-ete-automne\/vtt-e-bike\/\/fr\/portail-vtt-ebike.htm\" target=\"_blank\" rel=\"noopener\">Location de v\u00e9los \u00e9lectriques \u00e0 Nendaz<\/a>.[\/vc_column_text][\/vc_column][\/vc_row][vc_row][vc_column width=\u00a0\u00bb1\/2&Prime;][vc_column_text]<\/p>\n<h3>D\u00e9gustation de Vins<\/h3>\n<p>Nendaz se situe au-dessus de centaines de vignobles qui s\u2019\u00e9tendent depuis le Lac L\u00e9man jusqu\u2019\u00e0 Salgesch, la capitale de production de vin en Valais. Visitez un vignoble et d\u00e9couvrez les secrets de la production Suisse de nos fameux vins. Bien-sur, nulle visite n\u2019est compl\u00e8te sans une d\u00e9gustation!<\/p>\n<p>Les vignes se trouvent entre 20 et 45 minutes de voiture depuis <a href=\"https:\/\/4valleyschaletrental.com\/luxury-chalets\/\">les chalets<\/a>, et m\u00e9ritent amplement une visite.<\/p>\n<p>Chaque ann\u00e9e en <strong>Septembre<\/strong>, plus de 35 producteurs de vin de la r\u00e9gion tracent une <a href=\"https:\/\/salgesch.ch\/erlebnis\/wanderungen\/\" target=\"_blank\" rel=\"noopener\">route \u00e0 travers les vignobles<\/a> et proposent des d\u00e9gustations, accompagn\u00e9es d\u2019une raclette et d\u2019autres sp\u00e9cialit\u00e9s du Valais. La route dure 6km et est accessible \u00e0 tous. Contactez-nous pour obtenir une date exacte et plus d\u2019informations.[\/vc_column_text][\/vc_column][vc_column width=\u00a0\u00bb1\/2&Prime;][vc_single_image image=\u00a0\u00bb1374&Prime; img_size=\u00a0\u00bbfull\u00a0\u00bb alignment=\u00a0\u00bbright\u00a0\u00bb][\/vc_column][\/vc_row]<\/p>\n","protected":false},"excerpt":{"rendered":"<p>[vc_row][vc_column][vc_text_separator title=\u00a0\u00bbActivit\u00e9s Estivales\u00a0\u00bb][vc_column_text]La r\u00e9gion des 4 Vall\u00e9es dans les Alpes Suisses offre d\u2019excellentes possibilit\u00e9s de randonn\u00e9es et VTT. L\u2019\u00e9tendue des possibilit\u00e9s ne s\u2019arr\u00eate toutefois pas l\u00e0 et vous pourrez profiter de bien d\u2019autres activit\u00e9s lors de votre s\u00e9jour inoubliable \u00e0 Nendaz. Partez en excursion vers l\u2019un des sommets les plus hauts de Suisse, au-del\u00e0 de [&hellip;]<\/p>\n","protected":false},"author":1,"featured_media":0,"parent":1325,"menu_order":0,"comment_status":"closed","ping_status":"closed","template":"","meta":{"rs_blank_template":"","rs_page_bg_color":"","slide_template_v7":"","_monsterinsights_skip_tracking":false,"_monsterinsights_sitenote_active":false,"_monsterinsights_sitenote_note":"","_monsterinsights_sitenote_category":0,"footnotes":""},"class_list":["post-1363","page","type-page","status-publish","hentry"],"acf":[],"yoast_head":"<!-- This site is optimized with the Yoast SEO plugin v27.2 - https:\/\/yoast.com\/product\/yoast-seo-wordpress\/ -->\n<title>Activit\u00e9s Estivales Nendaz :: Alpine Comfort Chalet de luxe<\/title>\n<meta name=\"description\" content=\"D\u00e9couvrez les activit\u00e9s estivales dans les 4 Vall\u00e9es, y compris les randonn\u00e9es, via ferrata, escalade et VTT, pr\u00eats \u00e0 vous accueillir.\" \/>\n<meta name=\"robots\" content=\"index, follow, max-snippet:-1, max-image-preview:large, max-video-preview:-1\" \/>\n<link rel=\"canonical\" href=\"https:\/\/4valleyschaletrental.com\/fr\/activities\/activites-estivales-nendaz\/\" \/>\n<meta property=\"og:locale\" content=\"fr_FR\" \/>\n<meta property=\"og:type\" content=\"article\" \/>\n<meta property=\"og:title\" content=\"Activit\u00e9s Estivales Nendaz :: Alpine Comfort Chalet de luxe\" \/>\n<meta property=\"og:description\" content=\"D\u00e9couvrez les activit\u00e9s estivales dans les 4 Vall\u00e9es, y compris les randonn\u00e9es, via ferrata, escalade et VTT, pr\u00eats \u00e0 vous accueillir.\" \/>\n<meta property=\"og:url\" content=\"https:\/\/4valleyschaletrental.com\/fr\/activities\/activites-estivales-nendaz\/\" \/>\n<meta property=\"og:site_name\" content=\"4 Valleys Chalet Rental\" \/>\n<meta property=\"article:modified_time\" content=\"2019-11-28T19:58:14+00:00\" \/>\n<meta name=\"twitter:card\" content=\"summary_large_image\" \/>\n<meta name=\"twitter:label1\" content=\"Dur\u00e9e de lecture estim\u00e9e\" \/>\n\t<meta name=\"twitter:data1\" content=\"8 minutes\" \/>\n<script type=\"application\/ld+json\" class=\"yoast-schema-graph\">{\"@context\":\"https:\/\/schema.org\",\"@graph\":[{\"@type\":\"WebPage\",\"@id\":\"https:\/\/4valleyschaletrental.com\/fr\/activities\/activites-estivales-nendaz\/\",\"url\":\"https:\/\/4valleyschaletrental.com\/fr\/activities\/activites-estivales-nendaz\/\",\"name\":\"Activit\u00e9s Estivales Nendaz :: Alpine Comfort Chalet de luxe\",\"isPartOf\":{\"@id\":\"https:\/\/4valleyschaletrental.com\/fr\/#website\"},\"datePublished\":\"2018-09-12T09:43:36+00:00\",\"dateModified\":\"2019-11-28T19:58:14+00:00\",\"description\":\"D\u00e9couvrez les activit\u00e9s estivales dans les 4 Vall\u00e9es, y compris les randonn\u00e9es, via ferrata, escalade et VTT, pr\u00eats \u00e0 vous accueillir.\",\"breadcrumb\":{\"@id\":\"https:\/\/4valleyschaletrental.com\/fr\/activities\/activites-estivales-nendaz\/#breadcrumb\"},\"inLanguage\":\"fr-FR\",\"potentialAction\":[{\"@type\":\"ReadAction\",\"target\":[\"https:\/\/4valleyschaletrental.com\/fr\/activities\/activites-estivales-nendaz\/\"]}]},{\"@type\":\"BreadcrumbList\",\"@id\":\"https:\/\/4valleyschaletrental.com\/fr\/activities\/activites-estivales-nendaz\/#breadcrumb\",\"itemListElement\":[{\"@type\":\"ListItem\",\"position\":1,\"name\":\"Home\",\"item\":\"https:\/\/4valleyschaletrental.com\/fr\/\"},{\"@type\":\"ListItem\",\"position\":2,\"name\":\"Activit\u00e9s\",\"item\":\"https:\/\/4valleyschaletrental.com\/fr\/activities\/\"},{\"@type\":\"ListItem\",\"position\":3,\"name\":\"Activit\u00e9s Estivales\"}]},{\"@type\":\"WebSite\",\"@id\":\"https:\/\/4valleyschaletrental.com\/fr\/#website\",\"url\":\"https:\/\/4valleyschaletrental.com\/fr\/\",\"name\":\"4 Valleys Chalet Rental\",\"description\":\"Luxury catered &amp; self catered Alpine Chalets\",\"potentialAction\":[{\"@type\":\"SearchAction\",\"target\":{\"@type\":\"EntryPoint\",\"urlTemplate\":\"https:\/\/4valleyschaletrental.com\/fr\/?s={search_term_string}\"},\"query-input\":{\"@type\":\"PropertyValueSpecification\",\"valueRequired\":true,\"valueName\":\"search_term_string\"}}],\"inLanguage\":\"fr-FR\"}]}<\/script>\n<!-- \/ Yoast SEO plugin. -->","yoast_head_json":{"title":"Activit\u00e9s Estivales Nendaz :: Alpine Comfort Chalet de luxe","description":"D\u00e9couvrez les activit\u00e9s estivales dans les 4 Vall\u00e9es, y compris les randonn\u00e9es, via ferrata, escalade et VTT, pr\u00eats \u00e0 vous accueillir.","robots":{"index":"index","follow":"follow","max-snippet":"max-snippet:-1","max-image-preview":"max-image-preview:large","max-video-preview":"max-video-preview:-1"},"canonical":"https:\/\/4valleyschaletrental.com\/fr\/activities\/activites-estivales-nendaz\/","og_locale":"fr_FR","og_type":"article","og_title":"Activit\u00e9s Estivales Nendaz :: Alpine Comfort Chalet de luxe","og_description":"D\u00e9couvrez les activit\u00e9s estivales dans les 4 Vall\u00e9es, y compris les randonn\u00e9es, via ferrata, escalade et VTT, pr\u00eats \u00e0 vous accueillir.","og_url":"https:\/\/4valleyschaletrental.com\/fr\/activities\/activites-estivales-nendaz\/","og_site_name":"4 Valleys Chalet Rental","article_modified_time":"2019-11-28T19:58:14+00:00","twitter_card":"summary_large_image","twitter_misc":{"Dur\u00e9e de lecture estim\u00e9e":"8 minutes"},"schema":{"@context":"https:\/\/schema.org","@graph":[{"@type":"WebPage","@id":"https:\/\/4valleyschaletrental.com\/fr\/activities\/activites-estivales-nendaz\/","url":"https:\/\/4valleyschaletrental.com\/fr\/activities\/activites-estivales-nendaz\/","name":"Activit\u00e9s Estivales Nendaz :: Alpine Comfort Chalet de luxe","isPartOf":{"@id":"https:\/\/4valleyschaletrental.com\/fr\/#website"},"datePublished":"2018-09-12T09:43:36+00:00","dateModified":"2019-11-28T19:58:14+00:00","description":"D\u00e9couvrez les activit\u00e9s estivales dans les 4 Vall\u00e9es, y compris les randonn\u00e9es, via ferrata, escalade et VTT, pr\u00eats \u00e0 vous accueillir.","breadcrumb":{"@id":"https:\/\/4valleyschaletrental.com\/fr\/activities\/activites-estivales-nendaz\/#breadcrumb"},"inLanguage":"fr-FR","potentialAction":[{"@type":"ReadAction","target":["https:\/\/4valleyschaletrental.com\/fr\/activities\/activites-estivales-nendaz\/"]}]},{"@type":"BreadcrumbList","@id":"https:\/\/4valleyschaletrental.com\/fr\/activities\/activites-estivales-nendaz\/#breadcrumb","itemListElement":[{"@type":"ListItem","position":1,"name":"Home","item":"https:\/\/4valleyschaletrental.com\/fr\/"},{"@type":"ListItem","position":2,"name":"Activit\u00e9s","item":"https:\/\/4valleyschaletrental.com\/fr\/activities\/"},{"@type":"ListItem","position":3,"name":"Activit\u00e9s Estivales"}]},{"@type":"WebSite","@id":"https:\/\/4valleyschaletrental.com\/fr\/#website","url":"https:\/\/4valleyschaletrental.com\/fr\/","name":"4 Valleys Chalet Rental","description":"Luxury catered &amp; self catered Alpine Chalets","potentialAction":[{"@type":"SearchAction","target":{"@type":"EntryPoint","urlTemplate":"https:\/\/4valleyschaletrental.com\/fr\/?s={search_term_string}"},"query-input":{"@type":"PropertyValueSpecification","valueRequired":true,"valueName":"search_term_string"}}],"inLanguage":"fr-FR"}]}},"_links":{"self":[{"href":"https:\/\/4valleyschaletrental.com\/fr\/wp-json\/wp\/v2\/pages\/1363","targetHints":{"allow":["GET"]}}],"collection":[{"href":"https:\/\/4valleyschaletrental.com\/fr\/wp-json\/wp\/v2\/pages"}],"about":[{"href":"https:\/\/4valleyschaletrental.com\/fr\/wp-json\/wp\/v2\/types\/page"}],"author":[{"embeddable":true,"href":"https:\/\/4valleyschaletrental.com\/fr\/wp-json\/wp\/v2\/users\/1"}],"replies":[{"embeddable":true,"href":"https:\/\/4valleyschaletrental.com\/fr\/wp-json\/wp\/v2\/comments?post=1363"}],"version-history":[{"count":9,"href":"https:\/\/4valleyschaletrental.com\/fr\/wp-json\/wp\/v2\/pages\/1363\/revisions"}],"predecessor-version":[{"id":2564,"href":"https:\/\/4valleyschaletrental.com\/fr\/wp-json\/wp\/v2\/pages\/1363\/revisions\/2564"}],"up":[{"embeddable":true,"href":"https:\/\/4valleyschaletrental.com\/fr\/wp-json\/wp\/v2\/pages\/1325"}],"wp:attachment":[{"href":"https:\/\/4valleyschaletrental.com\/fr\/wp-json\/wp\/v2\/media?parent=1363"}],"curies":[{"name":"wp","href":"https:\/\/api.w.org\/{rel}","templated":true}]}}