{"id":1392,"date":"2019-09-26T08:45:14","date_gmt":"2019-09-26T08:45:14","guid":{"rendered":"https:\/\/4valleyschaletrental.com\/owners\/can-we-help\/"},"modified":"2019-11-28T08:59:48","modified_gmt":"2019-11-28T08:59:48","slug":"can-we-help","status":"publish","type":"page","link":"https:\/\/4valleyschaletrental.com\/fr\/proprietaire-chalet-luxe-nendaz\/can-we-help\/","title":{"rendered":"Comment pouvons-nous vous aider?"},"content":{"rendered":"<p>[vc_row][vc_column][vc_single_image image=\u00a0\u00bb1393&Prime; img_size=\u00a0\u00bbfull\u00a0\u00bb alignment=\u00a0\u00bbcenter\u00a0\u00bb][\/vc_column][\/vc_row][vc_row][vc_column width=\u00a0\u00bb1\/4&Prime;][vc_wp_custommenu nav_menu=\u00a0\u00bb32&Prime;][\/vc_column][vc_column width=\u00a0\u00bb3\/4&Prime;][vc_column_text]<\/p>\n<h3>Comment pouvons-nous vous aider?<\/h3>\n<p>Nous voulons penser que nous sommes plus qu\u2019un service de location. Si notre <a href=\"https:\/\/4valleyschaletrental.com\/luxury-chalets\/?lang=fr\">selection des chalets de luxe<\/a> est aussi incroyable, c\u2019est que nous apportons une touche personnelle dans chacune des relations avec leurs propri\u00e9taires.<\/p>\n<p>Vous nous dites ce que vous attendez de nous, et nous trouvons la solution pour y arriver.<\/p>\n<h3>\u00a0ADAPTE POUR LA LOCATION<\/h3>\n<p>Si vous avez trouv\u00e9 une propri\u00e9t\u00e9 que vous aimeriez acheter et peut \u00eatre mettre en location, nous pouvons faire une \u00e9valuation gratuite de cette propri\u00e9t\u00e9 pour vous aider \u00e0 prendre la meilleure d\u00e9cision.<\/p>\n<p>Veuillez noter que les services mentionn\u00e9s ci-dessous sont propos\u00e9s m\u00eame aux propri\u00e9taires qui ne louent pas leur maison de vacances. Par cons\u00e9quent, d\u00e9pendant de l\u2019\u00e9chelle et l\u2019importance de ces services, nous pouvons facturer les consultations suivant l\u2019\u00e9valuation initiale. <a href=\"?page_id=1416&#038;lang=fr\">Contactez-nous<\/a> pour plus d\u2019informations.<\/p>\n<h3>SERVICES DE NETTOYAGE, LINGES &amp; ENTRETIEN DU BATIMENT<\/h3>\n<p>Une maison n\u2019est magnifique que si elle est bien tenue: trouver la bonne entreprise qui fournirait la maintenance et la gestion de la propri\u00e9t\u00e9, aussi bien \u00e0 l\u2019ext\u00e9rieur qu\u2019\u00e0 l\u2019int\u00e9rieur (<a href=\"?page_id=1239&#038;lang=fr\">nettoyage etc<\/a>) est la cl\u00e9 indispensable pour un bon roulement et fonctionnement d\u2019une maison secondaire. Et c\u2019est pourquoi nous le faisons nous-m\u00eames, ce qui est un grand avantage pour les propri\u00e9taires.<\/p>\n<h3>NOUVELLES CONSTRUCTIONS ET RENOVATIONS<\/h3>\n<p>Toute nouvelle construction et r\u00e9novations prennent beaucoup de temps et d\u2019argent, c\u2019est pourquoi il est important de toujours recevoir les meilleurs conseils. Gr\u00e2ce \u00e0 notre exp\u00e9rience dans ce domaine, nous savons ce qui fonctionne ou non, et nous pouvons vous proposer des informations utiles sur diff\u00e9rents d\u00e9tails, de la configuration architecturale \u00e0 des mat\u00e9riaux pratiques pour les planchers, en passant par l\u2019\u00e9quipement audio-visuel et la d\u00e9coration int\u00e9rieure.<\/p>\n<h3>VOUS CHERCHEZ A ACHETER\u00a0?<\/h3>\n<p>Avant d\u2019acheter une propri\u00e9t\u00e9 de qualit\u00e9 Alpine Comfort, nous pouvons vous conseiller gr\u00e2ce \u00e0 nos connaissances de la location pour vous aider dans votre d\u00e9cision.<\/p>\n<h3>APPAREILS MENAGERS ET LISTES D\u2019ACHATS<\/h3>\n<p>Si vous souhaitez une liste sur laquelle vous baser lors d\u2019achats pour votre nouvelle propri\u00e9t\u00e9, et que vous \u00eates l\u2019un de nos propri\u00e9taires, nous pouvons vous fournir des ressources utiles, telles que des listes d\u2019appareils pour la cuisine et plus encore.<\/p>\n<h3>DECORATION D\u2019INTERIEUR<\/h3>\n<p>Nous ne sommes pas d\u00e9corateurs d\u2019int\u00e9rieur mais nous avons des conseils pratiques et nous pouvons avec plaisir vous mettre en relation avec de tr\u00e8s bons d\u00e9corateurs d\u2019int\u00e9rieur.<\/p>\n<h3>RECOMMANDATIONS DE FOURNISSEURS<\/h3>\n<p>Nous avons travaill\u00e9 avec de nombreux fournisseurs et entrepreneurs de qualit\u00e9 en qui nous avons toute confiance, et nous serions plus que content de vous aider dans divers aspects de votre projet, quelque soit sa taille, ou tout simplement vous mettre en contact avec l\u2019un de ces entrepreneurs.<\/p>\n<h3>CONFORMITE JURIDIQUE<\/h3>\n<p>Nous pouvons vous mettre en relation avec la bonne personne pour tout conseil de plan l\u00e9gal pour la construction ou l\u2019achat.[\/vc_column_text][\/vc_column][\/vc_row]<\/p>\n","protected":false},"excerpt":{"rendered":"<p>[vc_row][vc_column][vc_single_image image=\u00a0\u00bb1393&Prime; img_size=\u00a0\u00bbfull\u00a0\u00bb alignment=\u00a0\u00bbcenter\u00a0\u00bb][\/vc_column][\/vc_row][vc_row][vc_column width=\u00a0\u00bb1\/4&Prime;][vc_wp_custommenu nav_menu=\u00a0\u00bb32&Prime;][\/vc_column][vc_column width=\u00a0\u00bb3\/4&Prime;][vc_column_text] Comment pouvons-nous vous aider? Nous voulons penser que nous sommes plus qu\u2019un service de location. Si notre selection des chalets de luxe est aussi incroyable, c\u2019est que nous apportons une touche personnelle dans chacune des relations avec leurs propri\u00e9taires. Vous nous dites ce que vous attendez de nous, [&hellip;]<\/p>\n","protected":false},"author":1,"featured_media":0,"parent":1351,"menu_order":0,"comment_status":"closed","ping_status":"closed","template":"","meta":{"rs_blank_template":"","rs_page_bg_color":"","slide_template_v7":"","_monsterinsights_skip_tracking":false,"_monsterinsights_sitenote_active":false,"_monsterinsights_sitenote_note":"","_monsterinsights_sitenote_category":0,"footnotes":""},"class_list":["post-1392","page","type-page","status-publish","hentry"],"acf":[],"yoast_head":"<!-- This site is optimized with the Yoast SEO plugin v27.2 - https:\/\/yoast.com\/product\/yoast-seo-wordpress\/ -->\n<title>Service et gestion de chalet :: Alpine Comfort<\/title>\n<meta name=\"description\" content=\"Comment pouvons nous aider? D\u00e9couvrez ce que propose Alpine Comfort, Chalet Service &amp; Management \u00e0 Nendaz, 4 Vall\u00e9es en Suisse.\" \/>\n<meta name=\"robots\" content=\"index, follow, max-snippet:-1, max-image-preview:large, max-video-preview:-1\" \/>\n<link rel=\"canonical\" href=\"https:\/\/4valleyschaletrental.com\/fr\/proprietaire-chalet-luxe-nendaz\/can-we-help\/\" \/>\n<meta property=\"og:locale\" content=\"fr_FR\" \/>\n<meta property=\"og:type\" content=\"article\" \/>\n<meta property=\"og:title\" content=\"Service et gestion de chalet :: Alpine Comfort\" \/>\n<meta property=\"og:description\" content=\"Comment pouvons nous aider? D\u00e9couvrez ce que propose Alpine Comfort, Chalet Service &amp; Management \u00e0 Nendaz, 4 Vall\u00e9es en Suisse.\" \/>\n<meta property=\"og:url\" content=\"https:\/\/4valleyschaletrental.com\/fr\/proprietaire-chalet-luxe-nendaz\/can-we-help\/\" \/>\n<meta property=\"og:site_name\" content=\"4 Valleys Chalet Rental\" \/>\n<meta property=\"article:modified_time\" content=\"2019-11-28T08:59:48+00:00\" \/>\n<meta name=\"twitter:card\" content=\"summary_large_image\" \/>\n<meta name=\"twitter:label1\" content=\"Dur\u00e9e de lecture estim\u00e9e\" \/>\n\t<meta name=\"twitter:data1\" content=\"3 minutes\" \/>\n<script type=\"application\/ld+json\" class=\"yoast-schema-graph\">{\"@context\":\"https:\/\/schema.org\",\"@graph\":[{\"@type\":\"WebPage\",\"@id\":\"https:\/\/4valleyschaletrental.com\/fr\/proprietaire-chalet-luxe-nendaz\/can-we-help\/\",\"url\":\"https:\/\/4valleyschaletrental.com\/fr\/proprietaire-chalet-luxe-nendaz\/can-we-help\/\",\"name\":\"Service et gestion de chalet :: Alpine Comfort\",\"isPartOf\":{\"@id\":\"https:\/\/4valleyschaletrental.com\/fr\/#website\"},\"datePublished\":\"2019-09-26T08:45:14+00:00\",\"dateModified\":\"2019-11-28T08:59:48+00:00\",\"description\":\"Comment pouvons nous aider? D\u00e9couvrez ce que propose Alpine Comfort, Chalet Service & Management \u00e0 Nendaz, 4 Vall\u00e9es en Suisse.\",\"breadcrumb\":{\"@id\":\"https:\/\/4valleyschaletrental.com\/fr\/proprietaire-chalet-luxe-nendaz\/can-we-help\/#breadcrumb\"},\"inLanguage\":\"fr-FR\",\"potentialAction\":[{\"@type\":\"ReadAction\",\"target\":[\"https:\/\/4valleyschaletrental.com\/fr\/proprietaire-chalet-luxe-nendaz\/can-we-help\/\"]}]},{\"@type\":\"BreadcrumbList\",\"@id\":\"https:\/\/4valleyschaletrental.com\/fr\/proprietaire-chalet-luxe-nendaz\/can-we-help\/#breadcrumb\",\"itemListElement\":[{\"@type\":\"ListItem\",\"position\":1,\"name\":\"Home\",\"item\":\"https:\/\/4valleyschaletrental.com\/fr\/\"},{\"@type\":\"ListItem\",\"position\":2,\"name\":\"Proprietaires\",\"item\":\"https:\/\/4valleyschaletrental.com\/fr\/proprietaire-chalet-luxe-nendaz\/\"},{\"@type\":\"ListItem\",\"position\":3,\"name\":\"Comment pouvons-nous vous aider?\"}]},{\"@type\":\"WebSite\",\"@id\":\"https:\/\/4valleyschaletrental.com\/fr\/#website\",\"url\":\"https:\/\/4valleyschaletrental.com\/fr\/\",\"name\":\"4 Valleys Chalet Rental\",\"description\":\"Luxury catered &amp; self catered Alpine Chalets\",\"potentialAction\":[{\"@type\":\"SearchAction\",\"target\":{\"@type\":\"EntryPoint\",\"urlTemplate\":\"https:\/\/4valleyschaletrental.com\/fr\/?s={search_term_string}\"},\"query-input\":{\"@type\":\"PropertyValueSpecification\",\"valueRequired\":true,\"valueName\":\"search_term_string\"}}],\"inLanguage\":\"fr-FR\"}]}<\/script>\n<!-- \/ Yoast SEO plugin. -->","yoast_head_json":{"title":"Service et gestion de chalet :: Alpine Comfort","description":"Comment pouvons nous aider? D\u00e9couvrez ce que propose Alpine Comfort, Chalet Service & Management \u00e0 Nendaz, 4 Vall\u00e9es en Suisse.","robots":{"index":"index","follow":"follow","max-snippet":"max-snippet:-1","max-image-preview":"max-image-preview:large","max-video-preview":"max-video-preview:-1"},"canonical":"https:\/\/4valleyschaletrental.com\/fr\/proprietaire-chalet-luxe-nendaz\/can-we-help\/","og_locale":"fr_FR","og_type":"article","og_title":"Service et gestion de chalet :: Alpine Comfort","og_description":"Comment pouvons nous aider? D\u00e9couvrez ce que propose Alpine Comfort, Chalet Service & Management \u00e0 Nendaz, 4 Vall\u00e9es en Suisse.","og_url":"https:\/\/4valleyschaletrental.com\/fr\/proprietaire-chalet-luxe-nendaz\/can-we-help\/","og_site_name":"4 Valleys Chalet Rental","article_modified_time":"2019-11-28T08:59:48+00:00","twitter_card":"summary_large_image","twitter_misc":{"Dur\u00e9e de lecture estim\u00e9e":"3 minutes"},"schema":{"@context":"https:\/\/schema.org","@graph":[{"@type":"WebPage","@id":"https:\/\/4valleyschaletrental.com\/fr\/proprietaire-chalet-luxe-nendaz\/can-we-help\/","url":"https:\/\/4valleyschaletrental.com\/fr\/proprietaire-chalet-luxe-nendaz\/can-we-help\/","name":"Service et gestion de chalet :: Alpine Comfort","isPartOf":{"@id":"https:\/\/4valleyschaletrental.com\/fr\/#website"},"datePublished":"2019-09-26T08:45:14+00:00","dateModified":"2019-11-28T08:59:48+00:00","description":"Comment pouvons nous aider? D\u00e9couvrez ce que propose Alpine Comfort, Chalet Service & Management \u00e0 Nendaz, 4 Vall\u00e9es en Suisse.","breadcrumb":{"@id":"https:\/\/4valleyschaletrental.com\/fr\/proprietaire-chalet-luxe-nendaz\/can-we-help\/#breadcrumb"},"inLanguage":"fr-FR","potentialAction":[{"@type":"ReadAction","target":["https:\/\/4valleyschaletrental.com\/fr\/proprietaire-chalet-luxe-nendaz\/can-we-help\/"]}]},{"@type":"BreadcrumbList","@id":"https:\/\/4valleyschaletrental.com\/fr\/proprietaire-chalet-luxe-nendaz\/can-we-help\/#breadcrumb","itemListElement":[{"@type":"ListItem","position":1,"name":"Home","item":"https:\/\/4valleyschaletrental.com\/fr\/"},{"@type":"ListItem","position":2,"name":"Proprietaires","item":"https:\/\/4valleyschaletrental.com\/fr\/proprietaire-chalet-luxe-nendaz\/"},{"@type":"ListItem","position":3,"name":"Comment pouvons-nous vous aider?"}]},{"@type":"WebSite","@id":"https:\/\/4valleyschaletrental.com\/fr\/#website","url":"https:\/\/4valleyschaletrental.com\/fr\/","name":"4 Valleys Chalet Rental","description":"Luxury catered &amp; self catered Alpine Chalets","potentialAction":[{"@type":"SearchAction","target":{"@type":"EntryPoint","urlTemplate":"https:\/\/4valleyschaletrental.com\/fr\/?s={search_term_string}"},"query-input":{"@type":"PropertyValueSpecification","valueRequired":true,"valueName":"search_term_string"}}],"inLanguage":"fr-FR"}]}},"_links":{"self":[{"href":"https:\/\/4valleyschaletrental.com\/fr\/wp-json\/wp\/v2\/pages\/1392","targetHints":{"allow":["GET"]}}],"collection":[{"href":"https:\/\/4valleyschaletrental.com\/fr\/wp-json\/wp\/v2\/pages"}],"about":[{"href":"https:\/\/4valleyschaletrental.com\/fr\/wp-json\/wp\/v2\/types\/page"}],"author":[{"embeddable":true,"href":"https:\/\/4valleyschaletrental.com\/fr\/wp-json\/wp\/v2\/users\/1"}],"replies":[{"embeddable":true,"href":"https:\/\/4valleyschaletrental.com\/fr\/wp-json\/wp\/v2\/comments?post=1392"}],"version-history":[{"count":7,"href":"https:\/\/4valleyschaletrental.com\/fr\/wp-json\/wp\/v2\/pages\/1392\/revisions"}],"predecessor-version":[{"id":2523,"href":"https:\/\/4valleyschaletrental.com\/fr\/wp-json\/wp\/v2\/pages\/1392\/revisions\/2523"}],"up":[{"embeddable":true,"href":"https:\/\/4valleyschaletrental.com\/fr\/wp-json\/wp\/v2\/pages\/1351"}],"wp:attachment":[{"href":"https:\/\/4valleyschaletrental.com\/fr\/wp-json\/wp\/v2\/media?parent=1392"}],"curies":[{"name":"wp","href":"https:\/\/api.w.org\/{rel}","templated":true}]}}