{"id":1398,"date":"2018-09-12T09:51:21","date_gmt":"2018-09-12T09:51:21","guid":{"rendered":"https:\/\/4valleyschaletrental.com\/regions\/"},"modified":"2019-11-22T10:37:56","modified_gmt":"2019-11-22T10:37:56","slug":"regions-4-vallees-suisse","status":"publish","type":"page","link":"https:\/\/4valleyschaletrental.com\/fr\/regions-4-vallees-suisse\/","title":{"rendered":"Les 4 Vall\u00e9es"},"content":{"rendered":"<p>[vc_row][vc_column][vc_single_image image=\u00a0\u00bb1399&Prime; img_size=\u00a0\u00bbfull\u00a0\u00bb alignment=\u00a0\u00bbright\u00a0\u00bb][\/vc_column][\/vc_row][vc_row][vc_column][vc_column_text]<\/p>\n<h2>Nendaz :: Les 4 Vall\u00e9es<\/h2>\n<p><a href=\"https:\/\/www.nendaz.ch\">Nendaz<\/a> est un des secrets les mieux gard\u00e9s, au centre <a href=\"http:\/\/www.4vallees.ch\" target=\"_blank\" rel=\"noopener\">des 4 Vall\u00e9es en Suisse<\/a>, et mieux encore, au c\u0153ur de la chaine du Mont Fort. De ce fait, Nendaz est l\u2019endroit de d\u00e9part id\u00e9al pour aller explorer ce gigantesque domaine skiable et de randonn\u00e9es.<\/p>\n<p>La commune de Nendaz s\u2019\u00e9tend depuis la plaine de la vall\u00e9e du Rh\u00f4ne jusqu\u2019aux sommets enneig\u00e9s \u00e0 3300m d\u2019altitude. La station se trouve sur un plateau \u00e0 1450m d\u2019o\u00f9 l\u2019on peut voir les Alpes Vaudoises et Bernoises.<\/p>\n<p>Le village de Nendaz est charmant et poss\u00e8de tout ce que vous pouvez imaginer du village suisse typique des montagnes. Contrairement \u00e0 beaucoup de stations, Nendaz a \u00e9norm\u00e9ment \u00e0 offrir toute l\u2019ann\u00e9e et vit toute l\u2019ann\u00e9e. Vous y trouverez des magasins, des bars, des restaurants et rencontrerez des locaux, accueillants et amicaux.<\/p>\n<p>Si vous voulez des vacances dans un village alpin suisse mais ne voulez pas la foule, le c\u00f4t\u00e9 glamour et haute soci\u00e9t\u00e9, alors Nendaz et nos <a href=\"https:\/\/4valleyschaletrental.com\/luxury-chalets\/?lang=fr\">chalets Alpine Comfort<\/a> sont exactement ce qu\u2019il vous faut.<\/p>\n<p>Nendaz offre de nombreuses <a href=\"https:\/\/www.nendaz.ch\/fr\/destination-infos-pratiques\/famille\/famille.htm\" target=\"_blank\" rel=\"noopener\">activit\u00e9s pour les enfants<\/a>, et le label <strong>\u00ab\u00a0Family destination\u00a0\u00bb<\/strong> a \u00e9t\u00e9 d\u00e9cern\u00e9 par la F\u00e9d\u00e9ration suisse du tourisme. Il y a une cr\u00e8che pour les tous petits, une ludoth\u00e8que pour louer les jouets, des activit\u00e9s de bricolage, des chemins de randonn\u00e9es adapt\u00e9 aux poussettes et des aires de jeux\u00a0: donc vraiment tout pour nos plus petits aventuriers.[\/vc_column_text][\/vc_column][\/vc_row][vc_row][vc_column][vc_separator][\/vc_column][\/vc_row][vc_row][vc_column width=\u00a0\u00bb1\/2&Prime;][vc_column_text]<\/p>\n<h2><span lang=\"FR\">Passer des vacances d\u2019\u00e9t\u00e9 \u00e0 Nendaz<\/span><\/h2>\n<p><span lang=\"FR\">Nos chalets de luxe avec ou sans service h\u00f4telier \u00e0 Nendaz sont certains des secrets les mieux gard\u00e9s et vous offre tout ce que vous pourriez attendre de vacances d\u2019\u00e9t\u00e9 dans les Alpes suisses. Nos propri\u00e9t\u00e9s sont parfaitement situ\u00e9es entre les deux principales remont\u00e9es m\u00e9caniques, qui vous am\u00e8neront vers les plus beaux sites de randonn\u00e9es et activit\u00e9s des 4 Vall\u00e9es, de Nendaz \u00e0 la r\u00e9gion de Verbier.<\/span><\/p>\n<p><span lang=\"FR\">L\u2019office de tourisme de Nendaz offre un vaste choix d\u2019activit\u00e9s pour les familles ou les personnes sportives et actives.<\/span><\/p>\n<p><span lang=\"FR\">Vous serez dans un des plus beaux domaines de randonn\u00e9es et de VTT du monde. Depuis plusieurs des points de vue am\u00e9nag\u00e9s, vous pouvez admirer le Cervin, le Grand Comin et le Mont-Blanc. Le grand nombre d\u2019activit\u00e9s possibles transformeront vos vacances en moments inoubliables.<\/span><\/p>\n<p><span lang=\"FR\">Veuillez faire un tour sur notre site, sur la page des activit\u00e9s d\u2019\u00e9t\u00e9 et n\u2019h\u00e9sitez pas \u00e0 nous demander de l\u2019aide pour organiser des vacances parfaites dans les Alpes suisses.<\/span><\/p>\n<p><span lang=\"FR\">Vous trouverez \u00e9galement bon nombre d\u2019informations sur le site de Nendaz. <\/span>[\/vc_column_text][\/vc_column][vc_column width=\u00a0\u00bb1\/2&Prime;][vc_single_image image=\u00a0\u00bb1402&Prime; img_size=\u00a0\u00bbfull\u00a0\u00bb alignment=\u00a0\u00bbright\u00a0\u00bb][\/vc_column][\/vc_row][vc_row][vc_column width=\u00a0\u00bb1\/2&Prime;][vc_single_image image=\u00a0\u00bb1341&Prime; img_size=\u00a0\u00bbfull\u00a0\u00bb][\/vc_column][vc_column width=\u00a0\u00bb1\/2&Prime;][vc_column_text]<\/p>\n<h2><span lang=\"FR\">Passer des vacances d\u2019hiver \u00e0 Nendaz<\/span><\/h2>\n<p><span lang=\"FR\">Bienvenue dans le plus grand domaine skiable de Suisse \u2013 Les 4 Vall\u00e9es<\/span><\/p>\n<p><span lang=\"FR\">La station de Nendaz et les 4 Vall\u00e9es sont deux perles rares dans les Alpes et une destination parfaite pour des vacances dans un chalet de luxe. La station est au c\u0153ur du secteur entre Verbier et Mont Fort, et un des sept domaines skiables au monde \u00e0 d\u00e9tenir 5 \u00e9toiles d\u2019excellence.<\/span><\/p>\n<p><span lang=\"FR\">Depuis Nendaz, vous avez le choix de prendre le forfait moins cher, le secteur de la Printse, comprenant Veysonnaz et Tyon, ou bien prendre le forfait complet, pour acc\u00e9der au secteur du Mont Fort et Verbier par le t\u00e9l\u00e9ph\u00e9rique de Siviez.<\/span>[\/vc_column_text][\/vc_column][\/vc_row]<\/p>\n","protected":false},"excerpt":{"rendered":"<p>[vc_row][vc_column][vc_single_image image=\u00a0\u00bb1399&Prime; img_size=\u00a0\u00bbfull\u00a0\u00bb alignment=\u00a0\u00bbright\u00a0\u00bb][\/vc_column][\/vc_row][vc_row][vc_column][vc_column_text] Nendaz :: Les 4 Vall\u00e9es Nendaz est un des secrets les mieux gard\u00e9s, au centre des 4 Vall\u00e9es en Suisse, et mieux encore, au c\u0153ur de la chaine du Mont Fort. De ce fait, Nendaz est l\u2019endroit de d\u00e9part id\u00e9al pour aller explorer ce gigantesque domaine skiable et de randonn\u00e9es. La [&hellip;]<\/p>\n","protected":false},"author":1,"featured_media":0,"parent":0,"menu_order":0,"comment_status":"closed","ping_status":"closed","template":"","meta":{"rs_blank_template":"","rs_page_bg_color":"","slide_template_v7":"","_monsterinsights_skip_tracking":false,"_monsterinsights_sitenote_active":false,"_monsterinsights_sitenote_note":"","_monsterinsights_sitenote_category":0,"footnotes":""},"class_list":["post-1398","page","type-page","status-publish","hentry"],"acf":[],"yoast_head":"<!-- This site is optimized with the Yoast SEO plugin v27.2 - https:\/\/yoast.com\/product\/yoast-seo-wordpress\/ -->\n<title>Les 4 Vall\u00e9es : Le plus grand domaine skiable de Suisse: Switzerland<\/title>\n<meta name=\"description\" content=\"Les 4 Vall\u00e9es, 4 Vall\u00e9es est le plus grand domaine skiable de Suisse en Suisse. Mais propose \u00e9galement de superbes vacances d&#039;\u00e9t\u00e9 et bien plus encore.\" \/>\n<meta name=\"robots\" content=\"index, follow, max-snippet:-1, max-image-preview:large, max-video-preview:-1\" \/>\n<link rel=\"canonical\" href=\"https:\/\/4valleyschaletrental.com\/fr\/regions-4-vallees-suisse\/\" \/>\n<meta property=\"og:locale\" content=\"fr_FR\" \/>\n<meta property=\"og:type\" content=\"article\" \/>\n<meta property=\"og:title\" content=\"Les 4 Vall\u00e9es : Le plus grand domaine skiable de Suisse: Switzerland\" \/>\n<meta property=\"og:description\" content=\"Les 4 Vall\u00e9es, 4 Vall\u00e9es est le plus grand domaine skiable de Suisse en Suisse. Mais propose \u00e9galement de superbes vacances d&#039;\u00e9t\u00e9 et bien plus encore.\" \/>\n<meta property=\"og:url\" content=\"https:\/\/4valleyschaletrental.com\/fr\/regions-4-vallees-suisse\/\" \/>\n<meta property=\"og:site_name\" content=\"4 Valleys Chalet Rental\" \/>\n<meta property=\"article:modified_time\" content=\"2019-11-22T10:37:56+00:00\" \/>\n<meta name=\"twitter:card\" content=\"summary_large_image\" \/>\n<meta name=\"twitter:label1\" content=\"Dur\u00e9e de lecture estim\u00e9e\" \/>\n\t<meta name=\"twitter:data1\" content=\"3 minutes\" \/>\n<script type=\"application\/ld+json\" class=\"yoast-schema-graph\">{\"@context\":\"https:\/\/schema.org\",\"@graph\":[{\"@type\":\"WebPage\",\"@id\":\"https:\/\/4valleyschaletrental.com\/fr\/regions-4-vallees-suisse\/\",\"url\":\"https:\/\/4valleyschaletrental.com\/fr\/regions-4-vallees-suisse\/\",\"name\":\"Les 4 Vall\u00e9es : Le plus grand domaine skiable de Suisse: Switzerland\",\"isPartOf\":{\"@id\":\"https:\/\/4valleyschaletrental.com\/fr\/#website\"},\"datePublished\":\"2018-09-12T09:51:21+00:00\",\"dateModified\":\"2019-11-22T10:37:56+00:00\",\"description\":\"Les 4 Vall\u00e9es, 4 Vall\u00e9es est le plus grand domaine skiable de Suisse en Suisse. Mais propose \u00e9galement de superbes vacances d'\u00e9t\u00e9 et bien plus encore.\",\"breadcrumb\":{\"@id\":\"https:\/\/4valleyschaletrental.com\/fr\/regions-4-vallees-suisse\/#breadcrumb\"},\"inLanguage\":\"fr-FR\",\"potentialAction\":[{\"@type\":\"ReadAction\",\"target\":[\"https:\/\/4valleyschaletrental.com\/fr\/regions-4-vallees-suisse\/\"]}]},{\"@type\":\"BreadcrumbList\",\"@id\":\"https:\/\/4valleyschaletrental.com\/fr\/regions-4-vallees-suisse\/#breadcrumb\",\"itemListElement\":[{\"@type\":\"ListItem\",\"position\":1,\"name\":\"Home\",\"item\":\"https:\/\/4valleyschaletrental.com\/fr\/\"},{\"@type\":\"ListItem\",\"position\":2,\"name\":\"Les 4 Vall\u00e9es\"}]},{\"@type\":\"WebSite\",\"@id\":\"https:\/\/4valleyschaletrental.com\/fr\/#website\",\"url\":\"https:\/\/4valleyschaletrental.com\/fr\/\",\"name\":\"4 Valleys Chalet Rental\",\"description\":\"Luxury catered &amp; self catered Alpine Chalets\",\"potentialAction\":[{\"@type\":\"SearchAction\",\"target\":{\"@type\":\"EntryPoint\",\"urlTemplate\":\"https:\/\/4valleyschaletrental.com\/fr\/?s={search_term_string}\"},\"query-input\":{\"@type\":\"PropertyValueSpecification\",\"valueRequired\":true,\"valueName\":\"search_term_string\"}}],\"inLanguage\":\"fr-FR\"}]}<\/script>\n<!-- \/ Yoast SEO plugin. -->","yoast_head_json":{"title":"Les 4 Vall\u00e9es : Le plus grand domaine skiable de Suisse: Switzerland","description":"Les 4 Vall\u00e9es, 4 Vall\u00e9es est le plus grand domaine skiable de Suisse en Suisse. Mais propose \u00e9galement de superbes vacances d'\u00e9t\u00e9 et bien plus encore.","robots":{"index":"index","follow":"follow","max-snippet":"max-snippet:-1","max-image-preview":"max-image-preview:large","max-video-preview":"max-video-preview:-1"},"canonical":"https:\/\/4valleyschaletrental.com\/fr\/regions-4-vallees-suisse\/","og_locale":"fr_FR","og_type":"article","og_title":"Les 4 Vall\u00e9es : Le plus grand domaine skiable de Suisse: Switzerland","og_description":"Les 4 Vall\u00e9es, 4 Vall\u00e9es est le plus grand domaine skiable de Suisse en Suisse. Mais propose \u00e9galement de superbes vacances d'\u00e9t\u00e9 et bien plus encore.","og_url":"https:\/\/4valleyschaletrental.com\/fr\/regions-4-vallees-suisse\/","og_site_name":"4 Valleys Chalet Rental","article_modified_time":"2019-11-22T10:37:56+00:00","twitter_card":"summary_large_image","twitter_misc":{"Dur\u00e9e de lecture estim\u00e9e":"3 minutes"},"schema":{"@context":"https:\/\/schema.org","@graph":[{"@type":"WebPage","@id":"https:\/\/4valleyschaletrental.com\/fr\/regions-4-vallees-suisse\/","url":"https:\/\/4valleyschaletrental.com\/fr\/regions-4-vallees-suisse\/","name":"Les 4 Vall\u00e9es : Le plus grand domaine skiable de Suisse: Switzerland","isPartOf":{"@id":"https:\/\/4valleyschaletrental.com\/fr\/#website"},"datePublished":"2018-09-12T09:51:21+00:00","dateModified":"2019-11-22T10:37:56+00:00","description":"Les 4 Vall\u00e9es, 4 Vall\u00e9es est le plus grand domaine skiable de Suisse en Suisse. Mais propose \u00e9galement de superbes vacances d'\u00e9t\u00e9 et bien plus encore.","breadcrumb":{"@id":"https:\/\/4valleyschaletrental.com\/fr\/regions-4-vallees-suisse\/#breadcrumb"},"inLanguage":"fr-FR","potentialAction":[{"@type":"ReadAction","target":["https:\/\/4valleyschaletrental.com\/fr\/regions-4-vallees-suisse\/"]}]},{"@type":"BreadcrumbList","@id":"https:\/\/4valleyschaletrental.com\/fr\/regions-4-vallees-suisse\/#breadcrumb","itemListElement":[{"@type":"ListItem","position":1,"name":"Home","item":"https:\/\/4valleyschaletrental.com\/fr\/"},{"@type":"ListItem","position":2,"name":"Les 4 Vall\u00e9es"}]},{"@type":"WebSite","@id":"https:\/\/4valleyschaletrental.com\/fr\/#website","url":"https:\/\/4valleyschaletrental.com\/fr\/","name":"4 Valleys Chalet Rental","description":"Luxury catered &amp; self catered Alpine Chalets","potentialAction":[{"@type":"SearchAction","target":{"@type":"EntryPoint","urlTemplate":"https:\/\/4valleyschaletrental.com\/fr\/?s={search_term_string}"},"query-input":{"@type":"PropertyValueSpecification","valueRequired":true,"valueName":"search_term_string"}}],"inLanguage":"fr-FR"}]}},"_links":{"self":[{"href":"https:\/\/4valleyschaletrental.com\/fr\/wp-json\/wp\/v2\/pages\/1398","targetHints":{"allow":["GET"]}}],"collection":[{"href":"https:\/\/4valleyschaletrental.com\/fr\/wp-json\/wp\/v2\/pages"}],"about":[{"href":"https:\/\/4valleyschaletrental.com\/fr\/wp-json\/wp\/v2\/types\/page"}],"author":[{"embeddable":true,"href":"https:\/\/4valleyschaletrental.com\/fr\/wp-json\/wp\/v2\/users\/1"}],"replies":[{"embeddable":true,"href":"https:\/\/4valleyschaletrental.com\/fr\/wp-json\/wp\/v2\/comments?post=1398"}],"version-history":[{"count":7,"href":"https:\/\/4valleyschaletrental.com\/fr\/wp-json\/wp\/v2\/pages\/1398\/revisions"}],"predecessor-version":[{"id":2311,"href":"https:\/\/4valleyschaletrental.com\/fr\/wp-json\/wp\/v2\/pages\/1398\/revisions\/2311"}],"wp:attachment":[{"href":"https:\/\/4valleyschaletrental.com\/fr\/wp-json\/wp\/v2\/media?parent=1398"}],"curies":[{"name":"wp","href":"https:\/\/api.w.org\/{rel}","templated":true}]}}