{"id":1413,"date":"2018-09-12T09:43:11","date_gmt":"2018-09-12T09:43:11","guid":{"rendered":"https:\/\/4valleyschaletrental.com\/about-us-luxury-chalet-rental\/"},"modified":"2019-11-22T10:23:16","modified_gmt":"2019-11-22T10:23:16","slug":"propos-de-nous-luxueux-chalets","status":"publish","type":"page","link":"https:\/\/4valleyschaletrental.com\/fr\/propos-de-nous-luxueux-chalets\/","title":{"rendered":"A propos de nous"},"content":{"rendered":"<p>[vc_row][vc_column][vc_single_image image=\u00a0\u00bb1410&Prime; img_size=\u00a0\u00bbfull\u00a0\u00bb alignment=\u00a0\u00bbcenter\u00a0\u00bb][\/vc_column][\/vc_row][vc_row][vc_column width=\u00a0\u00bb1\/4&Prime;][vc_wp_custommenu nav_menu=\u00a0\u00bb33&Prime;][\/vc_column][vc_column width=\u00a0\u00bb3\/4&Prime;][vc_column_text]<\/p>\n<h3>A propos de nous<\/h3>\n<p><strong>Bienvenue dans nos chalets alpins de luxe<\/strong><\/p>\n<p>Alpine Comfort \u2013 4 Valleys Chalet Rental offre une s\u00e9lection <a href=\"https:\/\/4valleyschaletrental.com\/luxury-chalets\/?lang=fr\">de chalets avec ou sans service h\u00f4telier<\/a>, au c\u0153ur du domaine skiable et de randonn\u00e9es des <a href=\"?page_id=1398&#038;lang=fr\">4 Vall\u00e9es<\/a>, \u00e0 Nendaz, en Suisse, pr\u00e8s de stations telles que Verbier, Veysonnaz, La Tzoumaz et Thyon. En visitant notre catalogue de chalet, vous y trouverez certains des plus beaux et luxueux chalets du village <a href=\"https:\/\/www.nendaz.ch\" target=\"_blank\" rel=\"noopener\">Nendaz<\/a>, qui sont tous appropri\u00e9s pour des s\u00e9jours en famille, entre amis et pour des \u00e9v\u00e9nements d\u2019entreprises.<\/p>\n<p>Veuillez utiliser la barre de recherche pour vous aider dans vos recherches ou <a href=\"?page_id=1416&#038;lang=fr\">contactez<\/a> Alpine Comfort \u2013 4 Valleys Chalet Rental directement pour r\u00e9server votre prochain s\u00e9jour dans un chalet alpin de luxe, sans ou avec service h\u00f4telier.<\/p>\n<h3>Notre histoire<\/h3>\n<p>En 2009, David et sa femme Corina, ont ouvert le <a href=\"?p=1441\">Chalet Cygnet<\/a>, leur 1<sup>er<\/sup> chalet de luxe avec demi-pension. Tr\u00e8s rapidement, leur chalet est devenu la location n\u00b01 dans le Valais et a \u00e9t\u00e9 nomm\u00e9 3<sup>\u00e8me<\/sup> meillru B&amp;B en Suisse sue <a href=\"https:\/\/www.tripadvisor.com\/Hotel_Review-g658753-d1493407-Reviews-Alpine_Comfort-Nendaz_Canton_of_Valais_Swiss_Alps.html#REVIEWS\" target=\"_blank\" rel=\"noopener\">TripAdviser<\/a>.<\/p>\n<p>Le bouche \u00e0 oreille a alors fonctionn\u00e9 et plusieurs propri\u00e9taires de chalets ont contact\u00e9 le couple, voulant des professionnels et des gens dignes de confiance pour les aider \u00e0 mettre leurs chalets de luxe en location.<\/p>\n<p>Peu de temps apr\u00e8s, Alpine Comfort et leur magnifique Chalet Cygnet \u00e9tait \u00e9tabli et <a href=\"https:\/\/4valleyschaletrental.com\/luxury-chalets\/\">4 Valleys Chalet Rental<\/a> est n\u00e9, avec une petite s\u00e9lection des plus beaux et luxueux chalets des Alpes Suisses, tout en offrant le service sans ou avec service h\u00f4telier, au c\u0153ur du magnifique domaine skiable et de randonn\u00e9e des 4 Vall\u00e9es, en Valais, Suisse.[\/vc_column_text][vc_row_inner][vc_column_inner][vc_column_text][\/vc_column_text][\/vc_column_inner][\/vc_row_inner][\/vc_column][\/vc_row]<\/p>\n","protected":false},"excerpt":{"rendered":"<p>[vc_row][vc_column][vc_single_image image=\u00a0\u00bb1410&Prime; img_size=\u00a0\u00bbfull\u00a0\u00bb alignment=\u00a0\u00bbcenter\u00a0\u00bb][\/vc_column][\/vc_row][vc_row][vc_column width=\u00a0\u00bb1\/4&Prime;][vc_wp_custommenu nav_menu=\u00a0\u00bb33&Prime;][\/vc_column][vc_column width=\u00a0\u00bb3\/4&Prime;][vc_column_text] A propos de nous Bienvenue dans nos chalets alpins de luxe Alpine Comfort \u2013 4 Valleys Chalet Rental offre une s\u00e9lection de chalets avec ou sans service h\u00f4telier, au c\u0153ur du domaine skiable et de randonn\u00e9es des 4 Vall\u00e9es, \u00e0 Nendaz, en Suisse, pr\u00e8s de stations telles que [&hellip;]<\/p>\n","protected":false},"author":1,"featured_media":0,"parent":0,"menu_order":0,"comment_status":"closed","ping_status":"closed","template":"","meta":{"rs_blank_template":"","rs_page_bg_color":"","slide_template_v7":"","_monsterinsights_skip_tracking":false,"_monsterinsights_sitenote_active":false,"_monsterinsights_sitenote_note":"","_monsterinsights_sitenote_category":0,"footnotes":""},"class_list":["post-1413","page","type-page","status-publish","hentry"],"acf":[],"yoast_head":"<!-- This site is optimized with the Yoast SEO plugin v27.2 - https:\/\/yoast.com\/product\/yoast-seo-wordpress\/ -->\n<title>4 Valleys Chalet - Luxueux chalets dans la r\u00e9gion des 4 Vall\u00e9es, Suisse<\/title>\n<meta name=\"description\" content=\"Vous recherchez un chalet de luxe \u00e0 Nendaz ? D\u00e9couvrez nos luxueux chalets dans la r\u00e9gion de ski et de randonn\u00e9e des 4 Vall\u00e9es dans les Alpes Suisse.\" \/>\n<meta name=\"robots\" content=\"index, follow, max-snippet:-1, max-image-preview:large, max-video-preview:-1\" \/>\n<link rel=\"canonical\" href=\"https:\/\/4valleyschaletrental.com\/fr\/propos-de-nous-luxueux-chalets\/\" \/>\n<meta property=\"og:locale\" content=\"fr_FR\" \/>\n<meta property=\"og:type\" content=\"article\" \/>\n<meta property=\"og:title\" content=\"4 Valleys Chalet - Luxueux chalets dans la r\u00e9gion des 4 Vall\u00e9es, Suisse\" \/>\n<meta property=\"og:description\" content=\"Vous recherchez un chalet de luxe \u00e0 Nendaz ? D\u00e9couvrez nos luxueux chalets dans la r\u00e9gion de ski et de randonn\u00e9e des 4 Vall\u00e9es dans les Alpes Suisse.\" \/>\n<meta property=\"og:url\" content=\"https:\/\/4valleyschaletrental.com\/fr\/propos-de-nous-luxueux-chalets\/\" \/>\n<meta property=\"og:site_name\" content=\"4 Valleys Chalet Rental\" \/>\n<meta property=\"article:modified_time\" content=\"2019-11-22T10:23:16+00:00\" \/>\n<meta name=\"twitter:card\" content=\"summary_large_image\" \/>\n<meta name=\"twitter:label1\" content=\"Dur\u00e9e de lecture estim\u00e9e\" \/>\n\t<meta name=\"twitter:data1\" content=\"2 minutes\" \/>\n<script type=\"application\/ld+json\" class=\"yoast-schema-graph\">{\"@context\":\"https:\/\/schema.org\",\"@graph\":[{\"@type\":\"WebPage\",\"@id\":\"https:\/\/4valleyschaletrental.com\/fr\/propos-de-nous-luxueux-chalets\/\",\"url\":\"https:\/\/4valleyschaletrental.com\/fr\/propos-de-nous-luxueux-chalets\/\",\"name\":\"4 Valleys Chalet - Luxueux chalets dans la r\u00e9gion des 4 Vall\u00e9es, Suisse\",\"isPartOf\":{\"@id\":\"https:\/\/4valleyschaletrental.com\/fr\/#website\"},\"datePublished\":\"2018-09-12T09:43:11+00:00\",\"dateModified\":\"2019-11-22T10:23:16+00:00\",\"description\":\"Vous recherchez un chalet de luxe \u00e0 Nendaz ? D\u00e9couvrez nos luxueux chalets dans la r\u00e9gion de ski et de randonn\u00e9e des 4 Vall\u00e9es dans les Alpes Suisse.\",\"breadcrumb\":{\"@id\":\"https:\/\/4valleyschaletrental.com\/fr\/propos-de-nous-luxueux-chalets\/#breadcrumb\"},\"inLanguage\":\"fr-FR\",\"potentialAction\":[{\"@type\":\"ReadAction\",\"target\":[\"https:\/\/4valleyschaletrental.com\/fr\/propos-de-nous-luxueux-chalets\/\"]}]},{\"@type\":\"BreadcrumbList\",\"@id\":\"https:\/\/4valleyschaletrental.com\/fr\/propos-de-nous-luxueux-chalets\/#breadcrumb\",\"itemListElement\":[{\"@type\":\"ListItem\",\"position\":1,\"name\":\"Home\",\"item\":\"https:\/\/4valleyschaletrental.com\/fr\/\"},{\"@type\":\"ListItem\",\"position\":2,\"name\":\"A propos de nous\"}]},{\"@type\":\"WebSite\",\"@id\":\"https:\/\/4valleyschaletrental.com\/fr\/#website\",\"url\":\"https:\/\/4valleyschaletrental.com\/fr\/\",\"name\":\"4 Valleys Chalet Rental\",\"description\":\"Luxury catered &amp; self catered Alpine Chalets\",\"potentialAction\":[{\"@type\":\"SearchAction\",\"target\":{\"@type\":\"EntryPoint\",\"urlTemplate\":\"https:\/\/4valleyschaletrental.com\/fr\/?s={search_term_string}\"},\"query-input\":{\"@type\":\"PropertyValueSpecification\",\"valueRequired\":true,\"valueName\":\"search_term_string\"}}],\"inLanguage\":\"fr-FR\"}]}<\/script>\n<!-- \/ Yoast SEO plugin. -->","yoast_head_json":{"title":"4 Valleys Chalet - Luxueux chalets dans la r\u00e9gion des 4 Vall\u00e9es, Suisse","description":"Vous recherchez un chalet de luxe \u00e0 Nendaz ? D\u00e9couvrez nos luxueux chalets dans la r\u00e9gion de ski et de randonn\u00e9e des 4 Vall\u00e9es dans les Alpes Suisse.","robots":{"index":"index","follow":"follow","max-snippet":"max-snippet:-1","max-image-preview":"max-image-preview:large","max-video-preview":"max-video-preview:-1"},"canonical":"https:\/\/4valleyschaletrental.com\/fr\/propos-de-nous-luxueux-chalets\/","og_locale":"fr_FR","og_type":"article","og_title":"4 Valleys Chalet - Luxueux chalets dans la r\u00e9gion des 4 Vall\u00e9es, Suisse","og_description":"Vous recherchez un chalet de luxe \u00e0 Nendaz ? D\u00e9couvrez nos luxueux chalets dans la r\u00e9gion de ski et de randonn\u00e9e des 4 Vall\u00e9es dans les Alpes Suisse.","og_url":"https:\/\/4valleyschaletrental.com\/fr\/propos-de-nous-luxueux-chalets\/","og_site_name":"4 Valleys Chalet Rental","article_modified_time":"2019-11-22T10:23:16+00:00","twitter_card":"summary_large_image","twitter_misc":{"Dur\u00e9e de lecture estim\u00e9e":"2 minutes"},"schema":{"@context":"https:\/\/schema.org","@graph":[{"@type":"WebPage","@id":"https:\/\/4valleyschaletrental.com\/fr\/propos-de-nous-luxueux-chalets\/","url":"https:\/\/4valleyschaletrental.com\/fr\/propos-de-nous-luxueux-chalets\/","name":"4 Valleys Chalet - Luxueux chalets dans la r\u00e9gion des 4 Vall\u00e9es, Suisse","isPartOf":{"@id":"https:\/\/4valleyschaletrental.com\/fr\/#website"},"datePublished":"2018-09-12T09:43:11+00:00","dateModified":"2019-11-22T10:23:16+00:00","description":"Vous recherchez un chalet de luxe \u00e0 Nendaz ? D\u00e9couvrez nos luxueux chalets dans la r\u00e9gion de ski et de randonn\u00e9e des 4 Vall\u00e9es dans les Alpes Suisse.","breadcrumb":{"@id":"https:\/\/4valleyschaletrental.com\/fr\/propos-de-nous-luxueux-chalets\/#breadcrumb"},"inLanguage":"fr-FR","potentialAction":[{"@type":"ReadAction","target":["https:\/\/4valleyschaletrental.com\/fr\/propos-de-nous-luxueux-chalets\/"]}]},{"@type":"BreadcrumbList","@id":"https:\/\/4valleyschaletrental.com\/fr\/propos-de-nous-luxueux-chalets\/#breadcrumb","itemListElement":[{"@type":"ListItem","position":1,"name":"Home","item":"https:\/\/4valleyschaletrental.com\/fr\/"},{"@type":"ListItem","position":2,"name":"A propos de nous"}]},{"@type":"WebSite","@id":"https:\/\/4valleyschaletrental.com\/fr\/#website","url":"https:\/\/4valleyschaletrental.com\/fr\/","name":"4 Valleys Chalet Rental","description":"Luxury catered &amp; self catered Alpine Chalets","potentialAction":[{"@type":"SearchAction","target":{"@type":"EntryPoint","urlTemplate":"https:\/\/4valleyschaletrental.com\/fr\/?s={search_term_string}"},"query-input":{"@type":"PropertyValueSpecification","valueRequired":true,"valueName":"search_term_string"}}],"inLanguage":"fr-FR"}]}},"_links":{"self":[{"href":"https:\/\/4valleyschaletrental.com\/fr\/wp-json\/wp\/v2\/pages\/1413","targetHints":{"allow":["GET"]}}],"collection":[{"href":"https:\/\/4valleyschaletrental.com\/fr\/wp-json\/wp\/v2\/pages"}],"about":[{"href":"https:\/\/4valleyschaletrental.com\/fr\/wp-json\/wp\/v2\/types\/page"}],"author":[{"embeddable":true,"href":"https:\/\/4valleyschaletrental.com\/fr\/wp-json\/wp\/v2\/users\/1"}],"replies":[{"embeddable":true,"href":"https:\/\/4valleyschaletrental.com\/fr\/wp-json\/wp\/v2\/comments?post=1413"}],"version-history":[{"count":5,"href":"https:\/\/4valleyschaletrental.com\/fr\/wp-json\/wp\/v2\/pages\/1413\/revisions"}],"predecessor-version":[{"id":2307,"href":"https:\/\/4valleyschaletrental.com\/fr\/wp-json\/wp\/v2\/pages\/1413\/revisions\/2307"}],"wp:attachment":[{"href":"https:\/\/4valleyschaletrental.com\/fr\/wp-json\/wp\/v2\/media?parent=1413"}],"curies":[{"name":"wp","href":"https:\/\/api.w.org\/{rel}","templated":true}]}}