{"id":1428,"date":"2018-09-10T08:27:33","date_gmt":"2018-09-10T08:27:33","guid":{"rendered":"https:\/\/4valleyschaletrental.com\/4-valleys-luxury-swiss-ski-chalet\/"},"modified":"2023-01-24T14:38:45","modified_gmt":"2023-01-24T14:38:45","slug":"chalets-luxueux-suisse","status":"publish","type":"page","link":"https:\/\/4valleyschaletrental.com\/fr\/","title":{"rendered":"Home"},"content":{"rendered":"<p>[vc_row][vc_column offset=\u00a0\u00bbvc_hidden-sm vc_hidden-xs\u00a0\u00bb]\t<script src=\"https:\/\/www.youtube.com\/iframe_api\"><\/script>\n\n\t\t\t\t<p class=\"rs-p-wp-fix\"><\/p>\n\t\t\t\t<sr7-module data-alias=\"home\" data-id=\"1\" id=\"SR7_1_1\" data-version=\"7.0.6\">\n\t\t\t\t\t<sr7-adjuster><\/sr7-adjuster>\n\t\t\t\t\t<sr7-content>\n\t\t\t\t\t\t<sr7-slide id=\"SR7_1_1-1\" data-key=\"1\">\n\t\t\t\t\t\t\t<sr7-txt id=\"SR7_1_1-1-1\" class=\"sr7-layer\">AN EXCLUSIVE COLLECTION OF<\/sr7-txt>\n\t\t\t\t\t\t\t<sr7-txt id=\"SR7_1_1-1-3\" class=\"sr7-layer\">Luxury Alpine Holiday Chalets<\/sr7-txt>\n\t\t\t\t\t\t<\/sr7-slide>\n\t\t\t\t\t\t<sr7-slide id=\"SR7_1_1-3\" data-key=\"3\">\n\t\t\t\t\t\t<\/sr7-slide>\n\t\t\t\t\t<\/sr7-content>\n\t\t\t\t\t<image_lists style=\"display:none\">\n\t\t\t\t\t\t<img data-src=\"\/\/img.youtube.com\/vi\/DbzRwB_eYxI\/maxresdefault.jpg\" width=\"0\" height=\"0\" data-dbsrc=\"Ly9pbWcueW91dHViZS5jb20vdmkvRGJ6UndCX2VZeEkvbWF4cmVzZGVmYXVsdC5qcGc=\"\/>\n\t\t\t\t\t<\/image_lists>\n\t\t\t\t<\/sr7-module>\n\t\t\t\t<script>\n\t\t\t\t\twindow.SR7??={}; SR7.PMH ??={}; SR7.PMH[\"SR7_1_1\"] = {cn:100,state:false,fn: function() { if (window._tpt!==undefined && window._tpt.prepareModuleHeight !== undefined) {  _tpt.prepareModuleHeight({id:\"SR7_1_1\",el:[620,620,635,960,720],type:'hero',gh:[700,700,768,960,720],gw:[1400,1400,1240,778,480],vpt:['-100px&#039;,&#039;-100px&#039;,&#039;-100px&#039;,&#039;-100px&#039;,&#039;-100px'],size:{fullWidth:true, fullHeight:false},mh:'0',onh:0,onw:0,bg:{color:'{\"orig\":\"transparent\",\"type\":\"solid\",\"string\":\"transparent\"}'},plType:'-1',plColor:'#FFFFFF'});   SR7.PMH[\"SR7_1_1\"].state=true;} else if(SR7.PMH[\"SR7_1_1\"].cn-->0)\tsetTimeout( SR7.PMH[\"SR7_1_1\"].fn,19);}};SR7.PMH[\"SR7_1_1\" ].fn();\n\t\t\t\t<\/script>\n[\/vc_column][\/vc_row][vc_row][vc_column offset=\u00a0\u00bbvc_hidden-lg vc_hidden-md\u00a0\u00bb]\n\t\t\t\t<p class=\"rs-p-wp-fix\"><\/p>\n\t\t\t\t<sr7-module data-alias=\"home-mobile\" data-id=\"2\" id=\"SR7_2_2\" data-version=\"7.0.6\">\n\t\t\t\t\t<sr7-adjuster><\/sr7-adjuster>\n\t\t\t\t\t<sr7-content>\n\t\t\t\t\t\t<sr7-slide id=\"SR7_2_2-2\" data-key=\"2\">\n\t\t\t\t\t\t\t<sr7-txt id=\"SR7_2_2-2-1\" class=\"sr7-layer\">AN EXCLUSIVE<\/sr7-txt>\n\t\t\t\t\t\t\t<sr7-txt id=\"SR7_2_2-2-3\" class=\"sr7-layer\">Holiday Chalets<\/sr7-txt>\n\t\t\t\t\t\t\t<sr7-txt id=\"SR7_2_2-2-5\" class=\"sr7-layer\">COLLECTION OF<\/sr7-txt>\n\t\t\t\t\t\t\t<sr7-txt id=\"SR7_2_2-2-6\" class=\"sr7-layer\">Luxury Alpine<\/sr7-txt>\n\t\t\t\t\t\t<\/sr7-slide>\n\t\t\t\t\t<\/sr7-content>\n\t\t\t\t<\/sr7-module>\n\t\t\t\t<script>\n\t\t\t\t\twindow.SR7??={}; SR7.PMH ??={}; SR7.PMH[\"SR7_2_2\"] = {cn:100,state:false,fn: function() { if (window._tpt!==undefined && window._tpt.prepareModuleHeight !== undefined) {  _tpt.prepareModuleHeight({id:\"SR7_2_2\",type:'hero',gh:[960,960,960,960,720],gw:[778,778,778,778,480],vpt:['-100px'],size:{fullWidth:true, fullHeight:false},mh:'0',onh:0,onw:0,bg:{color:'{\"orig\":\"transparent\",\"type\":\"solid\",\"string\":\"transparent\"}'},plType:'-1',plColor:'#FFFFFF'});   SR7.PMH[\"SR7_2_2\"].state=true;} else if(SR7.PMH[\"SR7_2_2\"].cn-->0)\tsetTimeout( SR7.PMH[\"SR7_2_2\"].fn,19);}};SR7.PMH[\"SR7_2_2\" ].fn();\n\t\t\t\t<\/script>\n[\/vc_column][\/vc_row][vc_row full_width=\u00a0\u00bbstretch_row\u00a0\u00bb css=\u00a0\u00bb.vc_custom_1547387726698{padding-top: 20px !important;padding-bottom: 20px !important;background-color: #e6e6e7 !important;}\u00a0\u00bb][vc_column css=\u00a0\u00bb.vc_custom_1547387719027{margin-top: 0px !important;margin-bottom: 0px !important;padding-top: 0px !important;padding-bottom: 0px !important;}\u00a0\u00bb][vc_column_text css=\u00a0\u00bb.vc_custom_1570567981986{margin-top: 0px !important;margin-bottom: 0px !important;padding-top: 0px !important;padding-bottom: 0px !important;}\u00a0\u00bb]<form action=\"https:\/\/4valleyschaletrental.com\/fr\/luxury-chalets\/\" method=\"get\" autocomplete=\"off\">\n  <h2 class=\"text-center\">V\u00e9rifier les derni\u00e8res disponibilit\u00e9s<\/h2>\n          <div class=\"form-inline justify-content-center\">\n              \n\n\n\n              <label class=\"sr-only\">Date de<\/label>\n              <input type=\"text\" class=\"form-control mb-2 mr-sm-2\" placeholder=\"Date\" name=\"date\" data-toggle=\"datepicker\">\n\n              <label class=\"sr-only\">Nuit\u00e9es<\/label>\n              <select placeholder=\"Nights\" name=\"nights\" class=\"form-control mb-2 mr-sm-2\">\n                <option value=\"\">No de nuits<\/option>\n                <option value=\"1\">1<\/option>\n                <option value=\"2\">2<\/option>\n                <option value=\"3\">3<\/option>\n                <option value=\"4\">4<\/option>\n                <option value=\"5\">5<\/option>\n                <option value=\"6\">6<\/option>\n                <option value=\"7\">7<\/option>\n                <option value=\"8\">8<\/option>\n                <option value=\"9\">9<\/option>\n                <option value=\"10\">10<\/option>\n                <option value=\"11\">11<\/option>\n                <option value=\"12\">12<\/option>\n                <option value=\"13\">13<\/option>\n                <option value=\"14\">14<\/option>\n            <\/select>\n\n              <label class=\"sr-only\">Personnes<\/label>\n              <select placeholder=\"Sleeps\" name=\"sleeps\" class=\"form-control mb-2 mr-sm-2\">\n                <option value=\"\">Personnes<\/option>\n                <option value=\"1\">1<\/option>\n                <option value=\"2\">2<\/option>\n                <option value=\"3\">3<\/option>\n                <option value=\"4\">4<\/option>\n                <option value=\"5\">5<\/option>\n                <option value=\"6\">6<\/option>\n                <option value=\"7\">7<\/option>\n                <option value=\"8\">8<\/option>\n                <option value=\"9\">9<\/option>\n                <option value=\"10\">10<\/option>\n                 <option value=\"11\">11<\/option>\n                  <option value=\"12\">12<\/option>\n                   <option value=\"13\">13<\/option>\n                    <option value=\"14\">14<\/option>\n                     <option value=\"15\">15<\/option>\n                      <option value=\"16\">16<\/option>\n            <\/select>\n\n              <button type=\"submit\" class=\"btn btn-dark mb-2 mr-sm-2\">Chercher<\/button>\n\n          <\/div>\n         \n\n\n        <\/form>[\/vc_column_text][\/vc_column][\/vc_row][vc_row][vc_column][vc_custom_heading text=\u00a0\u00bbNous nous sp\u00e9cialisons dans\u00a0\u00bb font_container=\u00a0\u00bbtag:h2|font_size:2em|text_align:center|color:%23474748&Prime; google_fonts=\u00a0\u00bbfont_family:Dancing%20Script%3Aregular%2C700|font_style:400%20regular%3A400%3Anormal\u00a0\u00bb][vc_custom_heading text=\u00a0\u00bbLes Alpine Chalets luxueux<br \/>\navec un service de vacances exceptionnel\u00a0\u00bb font_container=\u00a0\u00bbtag:h2|font_size:3em|text_align:center|color:%232b3638&Prime; google_fonts=\u00a0\u00bbfont_family:Euphoria%20Script%3Aregular|font_style:400%20regular%3A400%3Anormal\u00a0\u00bb][vc_custom_heading text=\u00a0\u00bb\u00e0 Nendaz, Les 4 Vall\u00e9es, Suisse\u00a0\u00bb font_container=\u00a0\u00bbtag:h5|font_size:1.4em|text_align:center|color:%23474748&Prime; google_fonts=\u00a0\u00bbfont_family:Raleway%3A100%2C200%2C300%2Cregular%2C500%2C600%2C700%2C800%2C900|font_style:100%20light%20regular%3A100%3Anormal\u00a0\u00bb][\/vc_column][\/vc_row][vc_row][vc_column][vc_separator style=\u00a0\u00bbshadow\u00a0\u00bb][\/vc_column][\/vc_row][vc_row][vc_column][vc_column_text]<\/p>\n<p style=\"text-align: center;\">Alpine Comfort \u2013 4 Valleys Chalet Rental offre une s\u00e9lection de <a href=\"https:\/\/4valleyschaletrental.com\/luxury-chalets\/?lang=fr\">chalets<\/a>\u00a0au c\u0153ur du domaine skiable et de randonn\u00e9es des 4 Vall\u00e9es, \u00e0 <a href=\"https:\/\/www.nendaz.ch\/?reset=1\" target=\"_blank\" rel=\"noopener\">Nendaz<\/a>, en Suisse, pr\u00e8s de stations telles que Verbier, Veysonnaz, La Tzoumaz et Thyon. En visitant notre catalogue de chalet, vous y trouverez certains des plus beaux et luxueux chalets du village, qui sont tous appropri\u00e9s pour des s\u00e9jours en famille, entre amis et pour des \u00e9v\u00e9nements d\u2019entreprises.<\/p>\n<p style=\"text-align: center;\">Veuillez utiliser la barre de recherche pour vous aider dans vos recherches ou <a href=\"?page_id=1416\">contactez<\/a> Alpine Comfort \u2013 4 Valleys Chalet Rental directement pour r\u00e9server votre prochain s\u00e9jour dans un chalet alpin de luxe.<\/p>\n<p style=\"text-align: center;\">Bonne journ\u00e9e!<\/p>\n<p>[\/vc_column_text][\/vc_column][\/vc_row]<\/p>\n","protected":false},"excerpt":{"rendered":"<p>[vc_row][vc_column offset=\u00a0\u00bbvc_hidden-sm vc_hidden-xs\u00a0\u00bb][\/vc_column][\/vc_row][vc_row][vc_column offset=\u00a0\u00bbvc_hidden-lg vc_hidden-md\u00a0\u00bb][\/vc_column][\/vc_row][vc_row full_width=\u00a0\u00bbstretch_row\u00a0\u00bb css=\u00a0\u00bb.vc_custom_1547387726698{padding-top: 20px !important;padding-bottom: 20px !important;background-color: #e6e6e7 !important;}\u00a0\u00bb][vc_column css=\u00a0\u00bb.vc_custom_1547387719027{margin-top: 0px !important;margin-bottom: 0px !important;padding-top: 0px !important;padding-bottom: 0px !important;}\u00a0\u00bb][vc_column_text css=\u00a0\u00bb.vc_custom_1570567981986{margin-top: 0px !important;margin-bottom: 0px !important;padding-top: 0px !important;padding-bottom: 0px !important;}\u00a0\u00bb][\/vc_column_text][\/vc_column][\/vc_row][vc_row][vc_column][vc_custom_heading text=\u00a0\u00bbNous nous sp\u00e9cialisons dans\u00a0\u00bb font_container=\u00a0\u00bbtag:h2|font_size:2em|text_align:center|color:%23474748&Prime; google_fonts=\u00a0\u00bbfont_family:Dancing%20Script%3Aregular%2C700|font_style:400%20regular%3A400%3Anormal\u00a0\u00bb][vc_custom_heading text=\u00a0\u00bbLes Alpine Chalets luxueux avec un service de vacances exceptionnel\u00a0\u00bb font_container=\u00a0\u00bbtag:h2|font_size:3em|text_align:center|color:%232b3638&Prime; google_fonts=\u00a0\u00bbfont_family:Euphoria%20Script%3Aregular|font_style:400%20regular%3A400%3Anormal\u00a0\u00bb][vc_custom_heading text=\u00a0\u00bb\u00e0 Nendaz, Les 4 Vall\u00e9es, Suisse\u00a0\u00bb [&hellip;]<\/p>\n","protected":false},"author":1,"featured_media":0,"parent":0,"menu_order":0,"comment_status":"closed","ping_status":"closed","template":"page-home.php","meta":{"rs_blank_template":"","rs_page_bg_color":"#ffffff","slide_template_v7":"","_monsterinsights_skip_tracking":false,"_monsterinsights_sitenote_active":false,"_monsterinsights_sitenote_note":"","_monsterinsights_sitenote_category":0,"footnotes":""},"class_list":["post-1428","page","type-page","status-publish","hentry"],"acf":[],"yoast_head":"<!-- This site is optimized with the Yoast SEO plugin v27.2 - https:\/\/yoast.com\/product\/yoast-seo-wordpress\/ -->\n<title>4 Valleys Chalet - Chalets de Luxe dans les 4 vall\u00e9es<\/title>\n<meta name=\"description\" content=\"Vous etes \u00e0 la recherche de chalets de luxe dans les 4 vall\u00e9es en suisse avec service h\u00f4telier? Alpine Comfort 4 Valleys Chalet Rental les a.\" \/>\n<meta name=\"robots\" content=\"index, follow, max-snippet:-1, max-image-preview:large, max-video-preview:-1\" \/>\n<link rel=\"canonical\" href=\"https:\/\/4valleyschaletrental.com\/fr\/\" \/>\n<meta property=\"og:locale\" content=\"fr_FR\" \/>\n<meta property=\"og:type\" content=\"article\" \/>\n<meta property=\"og:title\" content=\"4 Valleys Chalet - Chalets de Luxe dans les 4 vall\u00e9es\" \/>\n<meta property=\"og:description\" content=\"Vous etes \u00e0 la recherche de chalets de luxe dans les 4 vall\u00e9es en suisse avec service h\u00f4telier? Alpine Comfort 4 Valleys Chalet Rental les a.\" \/>\n<meta property=\"og:url\" content=\"https:\/\/4valleyschaletrental.com\/fr\/\" \/>\n<meta property=\"og:site_name\" content=\"4 Valleys Chalet Rental\" \/>\n<meta property=\"article:modified_time\" content=\"2023-01-24T14:38:45+00:00\" \/>\n<meta name=\"twitter:card\" content=\"summary_large_image\" \/>\n<meta name=\"twitter:label1\" content=\"Dur\u00e9e de lecture estim\u00e9e\" \/>\n\t<meta name=\"twitter:data1\" content=\"1 minute\" \/>\n<script type=\"application\/ld+json\" class=\"yoast-schema-graph\">{\"@context\":\"https:\/\/schema.org\",\"@graph\":[{\"@type\":\"WebPage\",\"@id\":\"https:\/\/4valleyschaletrental.com\/fr\/\",\"url\":\"https:\/\/4valleyschaletrental.com\/fr\/\",\"name\":\"4 Valleys Chalet - Chalets de Luxe dans les 4 vall\u00e9es\",\"isPartOf\":{\"@id\":\"https:\/\/4valleyschaletrental.com\/fr\/#website\"},\"datePublished\":\"2018-09-10T08:27:33+00:00\",\"dateModified\":\"2023-01-24T14:38:45+00:00\",\"description\":\"Vous etes \u00e0 la recherche de chalets de luxe dans les 4 vall\u00e9es en suisse avec service h\u00f4telier? Alpine Comfort 4 Valleys Chalet Rental les a.\",\"breadcrumb\":{\"@id\":\"https:\/\/4valleyschaletrental.com\/fr\/#breadcrumb\"},\"inLanguage\":\"fr-FR\",\"potentialAction\":[{\"@type\":\"ReadAction\",\"target\":[\"https:\/\/4valleyschaletrental.com\/fr\/\"]}]},{\"@type\":\"BreadcrumbList\",\"@id\":\"https:\/\/4valleyschaletrental.com\/fr\/#breadcrumb\",\"itemListElement\":[{\"@type\":\"ListItem\",\"position\":1,\"name\":\"Home\",\"item\":\"https:\/\/4valleyschaletrental.com\/fr\/\"},{\"@type\":\"ListItem\",\"position\":2,\"name\":\"Home\"}]},{\"@type\":\"WebSite\",\"@id\":\"https:\/\/4valleyschaletrental.com\/fr\/#website\",\"url\":\"https:\/\/4valleyschaletrental.com\/fr\/\",\"name\":\"4 Valleys Chalet Rental\",\"description\":\"Luxury catered &amp; self catered Alpine Chalets\",\"potentialAction\":[{\"@type\":\"SearchAction\",\"target\":{\"@type\":\"EntryPoint\",\"urlTemplate\":\"https:\/\/4valleyschaletrental.com\/fr\/?s={search_term_string}\"},\"query-input\":{\"@type\":\"PropertyValueSpecification\",\"valueRequired\":true,\"valueName\":\"search_term_string\"}}],\"inLanguage\":\"fr-FR\"}]}<\/script>\n<!-- \/ Yoast SEO plugin. -->","yoast_head_json":{"title":"4 Valleys Chalet - Chalets de Luxe dans les 4 vall\u00e9es","description":"Vous etes \u00e0 la recherche de chalets de luxe dans les 4 vall\u00e9es en suisse avec service h\u00f4telier? Alpine Comfort 4 Valleys Chalet Rental les a.","robots":{"index":"index","follow":"follow","max-snippet":"max-snippet:-1","max-image-preview":"max-image-preview:large","max-video-preview":"max-video-preview:-1"},"canonical":"https:\/\/4valleyschaletrental.com\/fr\/","og_locale":"fr_FR","og_type":"article","og_title":"4 Valleys Chalet - Chalets de Luxe dans les 4 vall\u00e9es","og_description":"Vous etes \u00e0 la recherche de chalets de luxe dans les 4 vall\u00e9es en suisse avec service h\u00f4telier? Alpine Comfort 4 Valleys Chalet Rental les a.","og_url":"https:\/\/4valleyschaletrental.com\/fr\/","og_site_name":"4 Valleys Chalet Rental","article_modified_time":"2023-01-24T14:38:45+00:00","twitter_card":"summary_large_image","twitter_misc":{"Dur\u00e9e de lecture estim\u00e9e":"1 minute"},"schema":{"@context":"https:\/\/schema.org","@graph":[{"@type":"WebPage","@id":"https:\/\/4valleyschaletrental.com\/fr\/","url":"https:\/\/4valleyschaletrental.com\/fr\/","name":"4 Valleys Chalet - Chalets de Luxe dans les 4 vall\u00e9es","isPartOf":{"@id":"https:\/\/4valleyschaletrental.com\/fr\/#website"},"datePublished":"2018-09-10T08:27:33+00:00","dateModified":"2023-01-24T14:38:45+00:00","description":"Vous etes \u00e0 la recherche de chalets de luxe dans les 4 vall\u00e9es en suisse avec service h\u00f4telier? Alpine Comfort 4 Valleys Chalet Rental les a.","breadcrumb":{"@id":"https:\/\/4valleyschaletrental.com\/fr\/#breadcrumb"},"inLanguage":"fr-FR","potentialAction":[{"@type":"ReadAction","target":["https:\/\/4valleyschaletrental.com\/fr\/"]}]},{"@type":"BreadcrumbList","@id":"https:\/\/4valleyschaletrental.com\/fr\/#breadcrumb","itemListElement":[{"@type":"ListItem","position":1,"name":"Home","item":"https:\/\/4valleyschaletrental.com\/fr\/"},{"@type":"ListItem","position":2,"name":"Home"}]},{"@type":"WebSite","@id":"https:\/\/4valleyschaletrental.com\/fr\/#website","url":"https:\/\/4valleyschaletrental.com\/fr\/","name":"4 Valleys Chalet Rental","description":"Luxury catered &amp; self catered Alpine Chalets","potentialAction":[{"@type":"SearchAction","target":{"@type":"EntryPoint","urlTemplate":"https:\/\/4valleyschaletrental.com\/fr\/?s={search_term_string}"},"query-input":{"@type":"PropertyValueSpecification","valueRequired":true,"valueName":"search_term_string"}}],"inLanguage":"fr-FR"}]}},"_links":{"self":[{"href":"https:\/\/4valleyschaletrental.com\/fr\/wp-json\/wp\/v2\/pages\/1428","targetHints":{"allow":["GET"]}}],"collection":[{"href":"https:\/\/4valleyschaletrental.com\/fr\/wp-json\/wp\/v2\/pages"}],"about":[{"href":"https:\/\/4valleyschaletrental.com\/fr\/wp-json\/wp\/v2\/types\/page"}],"author":[{"embeddable":true,"href":"https:\/\/4valleyschaletrental.com\/fr\/wp-json\/wp\/v2\/users\/1"}],"replies":[{"embeddable":true,"href":"https:\/\/4valleyschaletrental.com\/fr\/wp-json\/wp\/v2\/comments?post=1428"}],"version-history":[{"count":12,"href":"https:\/\/4valleyschaletrental.com\/fr\/wp-json\/wp\/v2\/pages\/1428\/revisions"}],"predecessor-version":[{"id":3151,"href":"https:\/\/4valleyschaletrental.com\/fr\/wp-json\/wp\/v2\/pages\/1428\/revisions\/3151"}],"wp:attachment":[{"href":"https:\/\/4valleyschaletrental.com\/fr\/wp-json\/wp\/v2\/media?parent=1428"}],"curies":[{"name":"wp","href":"https:\/\/api.w.org\/{rel}","templated":true}]}}